{"id":23830,"date":"2025-09-21T13:35:52","date_gmt":"2025-09-21T10:35:52","guid":{"rendered":"https:\/\/ecostera.com\/dk\/product\/udstoppet-dyr\/"},"modified":"2025-09-21T13:36:16","modified_gmt":"2025-09-21T10:36:16","slug":"udstoppet-dyr","status":"publish","type":"product","link":"https:\/\/ecostera.com\/dk\/product\/udstoppet-dyr\/","title":{"rendered":"Udstoppet dyr"},"content":{"rendered":"<p style=\"text-align: center\" data-start=\"119\" data-end=\"187\"><strong data-start=\"119\" data-end=\"182\">Giv Din Lille Den Bl\u00f8deste Og Hyggeligste Lur Nogensinde!<\/strong> \ud83d\udc18<\/p>\n<p style=\"text-align: center\" data-start=\"189\" data-end=\"424\">Dette bed\u00e5rende t\u00f8jdyr er lavet af ultrabl\u00f8dt stof, som g\u00f8r det perfekt til kram, lur og leg. Dets krammevenlige design og blide fornemmelse giver komfort og sikkerhed og hj\u00e6lper b\u00f8rn med at slappe af og sove fredeligt.<\/p>\n<p data-start=\"189\" data-end=\"424\"><img decoding=\"async\" class=\"size-full wp-image-31422 aligncenter\" src=\"https:\/\/keluvo.com\/template\/wp-content\/uploads\/sites\/5\/2025\/08\/Se513a71d75a942d7a8b6fd7fa37010c6c.jpg_960x960q75.jpg_.avif\" alt=\"\" \/><\/p>\n<h2 style=\"text-align: center\" data-start=\"426\" data-end=\"448\">Vigtigste Fordele \ud83c\udf1f<\/h2>\n<p data-start=\"451\" data-end=\"508\">\ud83d\udca4 Ultrabl\u00f8dt og plys &#8211; sk\u00e5nsomt mod f\u00f8lsom hud<\/p>\n<p data-start=\"511\" data-end=\"569\">\ud83d\udc18 S\u00f8dt elefantdesign &#8211; elsket af b\u00f8rn i alle aldre<\/p>\n<p data-start=\"572\" data-end=\"618\">\ud83e\uddfc Let at vaske &#8211; forbliver frisk og ren<\/p>\n<p data-start=\"621\" data-end=\"693\">\ud83c\udf81 Perfekt gave &#8211; fantastisk til f\u00f8dselsdage, babyshowers og ferier<\/p>\n<p data-start=\"696\" data-end=\"755\">\ud83e\udeb6 Let og b\u00e6rbar &#8211; nem at have med overalt<\/p>\n<p data-start=\"696\" data-end=\"755\"><img decoding=\"async\" class=\"size-full wp-image-31423 aligncenter\" src=\"https:\/\/keluvo.com\/template\/wp-content\/uploads\/sites\/5\/2025\/08\/S5a63b711fc5f4ea4b4c9628e5ba29748y.jpg_960x960q75.jpg_.avif\" alt=\"\" \/><\/p>\n<h2 style=\"text-align: center\" data-start=\"757\" data-end=\"776\">S\u00e5dan Bruges \ud83e\ude84<\/h2>\n<ol data-start=\"777\" data-end=\"942\">\n<li data-start=\"777\" data-end=\"834\">\n<p data-start=\"780\" data-end=\"834\">Placer dynen p\u00e5 sengen, sofaen eller legeomr\u00e5det.<\/p>\n<\/li>\n<li data-start=\"835\" data-end=\"885\">\n<p data-start=\"838\" data-end=\"885\">Lad dit barn putte, sove eller lege med det.<\/p>\n<\/li>\n<li data-start=\"886\" data-end=\"942\">\n<p data-start=\"889\" data-end=\"942\">maskinvask efter behov for at holde det bl\u00f8dt og rent.<\/p>\n<\/li>\n<\/ol>\n<h2 style=\"text-align: center\" data-start=\"944\" data-end=\"968\">Produktoplysninger \ud83d\udccb<\/h2>\n<ul data-start=\"969\" data-end=\"1153\">\n<li data-start=\"969\" data-end=\"993\">\n<p data-start=\"971\" data-end=\"993\">St\u00f8rrelse: 40 cm<\/p>\n<\/li>\n<li data-start=\"994\" data-end=\"1037\">\n<p data-start=\"996\" data-end=\"1037\">Materiale: Plysstof og bl\u00f8dt fyld<\/p>\n<\/li>\n<li data-start=\"1038\" data-end=\"1082\">\n<p data-start=\"1040\" data-end=\"1082\">Farver: bl\u00e5, pink, gr\u00e5, gul, lilla<\/p>\n<\/li>\n<li data-start=\"1083\" data-end=\"1153\">\n<p data-start=\"1085\" data-end=\"1153\">Velegnet til: Sm\u00e5b\u00f8rn, b\u00f8rn og endda som en hyggelig pude til voksne<\/p>\n<\/li>\n<\/ul>\n<h2 style=\"text-align: center\" data-start=\"1155\" data-end=\"1180\">Pakken Indeholder \ud83c\udf81<\/h2>\n<ul data-start=\"1181\" data-end=\"1211\">\n<li data-start=\"1181\" data-end=\"1211\">\n<p data-start=\"1183\" data-end=\"1211\">1x udstoppet dyr.<\/p>\n<\/li>\n<\/ul>\n","protected":false},"excerpt":{"rendered":"<p>Giv Din Lille Den Bl\u00f8deste Og Hyggeligste Lur Nogensinde! \ud83d\udc18 Dette bed\u00e5rende t\u00f8jdyr er lavet af ultrabl\u00f8dt stof, som g\u00f8r [&hellip;]<\/p>\n","protected":false},"featured_media":23826,"comment_status":"open","ping_status":"closed","template":"","meta":{"site-sidebar-layout":"default","site-content-layout":"","ast-site-content-layout":"default","site-content-style":"default","site-sidebar-style":"default","ast-global-header-display":"","ast-banner-title-visibility":"","ast-main-header-display":"","ast-hfb-above-header-display":"","ast-hfb-below-header-display":"","ast-hfb-mobile-header-display":"","site-post-title":"","ast-breadcrumbs-content":"","ast-featured-img":"","footer-sml-layout":"","theme-transparent-header-meta":"default","adv-header-id-meta":"","stick-header-meta":"","header-above-stick-meta":"","header-main-stick-meta":"","header-below-stick-meta":"","astra-migrate-meta-layouts":"set","ast-page-background-enabled":"default","ast-page-background-meta":{"desktop":{"background-color":"var(--ast-global-color-5)","background-image":"","background-repeat":"repeat","background-position":"center center","background-size":"auto","background-attachment":"scroll","background-type":"","background-media":"","overlay-type":"","overlay-color":"","overlay-opacity":"","overlay-gradient":""},"tablet":{"background-color":"","background-image":"","background-repeat":"repeat","background-position":"center center","background-size":"auto","background-attachment":"scroll","background-type":"","background-media":"","overlay-type":"","overlay-color":"","overlay-opacity":"","overlay-gradient":""},"mobile":{"background-color":"","background-image":"","background-repeat":"repeat","background-position":"center center","background-size":"auto","background-attachment":"scroll","background-type":"","background-media":"","overlay-type":"","overlay-color":"","overlay-opacity":"","overlay-gradient":""}},"ast-content-background-meta":{"desktop":{"background-color":"var(--ast-global-color-4)","background-image":"","background-repeat":"repeat","background-position":"center center","background-size":"auto","background-attachment":"scroll","background-type":"","background-media":"","overlay-type":"","overlay-color":"","overlay-opacity":"","overlay-gradient":""},"tablet":{"background-color":"var(--ast-global-color-4)","background-image":"","background-repeat":"repeat","background-position":"center center","background-size":"auto","background-attachment":"scroll","background-type":"","background-media":"","overlay-type":"","overlay-color":"","overlay-opacity":"","overlay-gradient":""},"mobile":{"background-color":"var(--ast-global-color-4)","background-image":"","background-repeat":"repeat","background-position":"center center","background-size":"auto","background-attachment":"scroll","background-type":"","background-media":"","overlay-type":"","overlay-color":"","overlay-opacity":"","overlay-gradient":""}}},"product_brand":[],"product_cat":[19],"product_tag":[],"class_list":{"0":"post-23830","1":"product","2":"type-product","3":"status-publish","4":"has-post-thumbnail","6":"product_cat-uncategorized","7":"pa_38322_w1iaj174-blaa","8":"pa_38322_w1iaj174-graa","9":"pa_38322_w1iaj174-gul","10":"pa_38322_w1iaj174-lilla","11":"pa_38322_w1iaj174-lyseroed","12":"desktop-align-left","13":"tablet-align-left","14":"mobile-align-left","16":"first","17":"instock","18":"shipping-taxable","19":"purchasable","20":"product-type-variable"},"_links":{"self":[{"href":"https:\/\/ecostera.com\/dk\/wp-json\/wp\/v2\/product\/23830","targetHints":{"allow":["GET"]}}],"collection":[{"href":"https:\/\/ecostera.com\/dk\/wp-json\/wp\/v2\/product"}],"about":[{"href":"https:\/\/ecostera.com\/dk\/wp-json\/wp\/v2\/types\/product"}],"replies":[{"embeddable":true,"href":"https:\/\/ecostera.com\/dk\/wp-json\/wp\/v2\/comments?post=23830"}],"wp:featuredmedia":[{"embeddable":true,"href":"https:\/\/ecostera.com\/dk\/wp-json\/wp\/v2\/media\/23826"}],"wp:attachment":[{"href":"https:\/\/ecostera.com\/dk\/wp-json\/wp\/v2\/media?parent=23830"}],"wp:term":[{"taxonomy":"product_brand","embeddable":true,"href":"https:\/\/ecostera.com\/dk\/wp-json\/wp\/v2\/product_brand?post=23830"},{"taxonomy":"product_cat","embeddable":true,"href":"https:\/\/ecostera.com\/dk\/wp-json\/wp\/v2\/product_cat?post=23830"},{"taxonomy":"product_tag","embeddable":true,"href":"https:\/\/ecostera.com\/dk\/wp-json\/wp\/v2\/product_tag?post=23830"}],"curies":[{"name":"wp","href":"https:\/\/api.w.org\/{rel}","templated":true}]}}