{"id":23849,"date":"2025-09-21T13:38:04","date_gmt":"2025-09-21T10:38:04","guid":{"rendered":"https:\/\/ecostera.com\/dk\/product\/rygsaek-til-kaeledyr\/"},"modified":"2025-09-21T13:39:11","modified_gmt":"2025-09-21T10:39:11","slug":"rygsaek-til-kaeledyr","status":"publish","type":"product","link":"https:\/\/ecostera.com\/dk\/product\/rygsaek-til-kaeledyr\/","title":{"rendered":"Rygs\u00e6k til k\u00e6ledyr"},"content":{"rendered":"<p style=\"text-align: center\" data-start=\"117\" data-end=\"179\"><strong data-start=\"117\" data-end=\"174\">Tag din pelsede ven med overalt i komfort og stil!<\/strong> \ud83d\udc3e<\/p>\n<p style=\"text-align: center\" data-start=\"181\" data-end=\"429\">Denne k\u00e6ledyrsrygs\u00e6k er designet til at holde dit k\u00e6ledyr t\u00e6t p\u00e5, mens du giver dem en sikker og hyggelig tur. Uanset om du vandrer, shopper eller slentrer gennem parken, er det den perfekte m\u00e5de at nyde eventyr sammen uden at tr\u00e6tte dit k\u00e6ledyr.<span style=\"font-size: 16px;font-style: normal;font-weight: 400\">\ud83c\udf92<\/span><\/p>\n<p data-start=\"181\" data-end=\"429\"><img decoding=\"async\" class=\"size-full wp-image-31534 aligncenter\" src=\"https:\/\/keluvo.com\/template\/wp-content\/uploads\/sites\/5\/2025\/08\/sac-a-dos-pour-chien-transport-presentation-ezgif.com-optimize.webp\" alt=\"\" \/><\/p>\n<h2 style=\"text-align: center\" data-start=\"431\" data-end=\"453\"><strong>Hovedfordele<\/strong> \ud83c\udf1f<\/h2>\n<p data-start=\"456\" data-end=\"528\">\ud83d\udc36 Holder dit k\u00e6ledyr t\u00e6t p\u00e5 &#8211; ideel til sm\u00e5 hunde, hvalpe og katte<\/p>\n<p data-start=\"531\" data-end=\"611\">\ud83c\udfaf Sikker og tryg &#8211; justerbare stropper og sikkerhedskrog for at forhindre spring<\/p>\n<p data-start=\"614\" data-end=\"690\">\ud83c\udf2c \u00c5ndbart design &#8211; netpaneler holder dit k\u00e6ledyr k\u00f8ligt og behageligt<\/p>\n<p data-start=\"693\" data-end=\"772\">\ud83d\udcbc H\u00e5ndfri bekvemmelighed &#8211; b\u00e6r dit k\u00e6ledyr, mens du har begge h\u00e6nder fri<\/p>\n<p data-start=\"775\" data-end=\"847\">\ud83e\uddf3 Perfekt til rejser &#8211; let og sammenklappelig for nem opbevaring<\/p>\n<p data-start=\"775\" data-end=\"847\"><img decoding=\"async\" class=\"size-full wp-image-31533 aligncenter\" src=\"https:\/\/keluvo.com\/template\/wp-content\/uploads\/sites\/5\/2025\/08\/sac-a-dos-pour-chien-bleu-transport-confortable-ezgif.com-optimize.webp\" alt=\"\" \/><\/p>\n<h2 style=\"text-align: center\" data-start=\"849\" data-end=\"868\"><strong>S\u00e5dan Bruges<\/strong> \ud83e\ude84<\/h2>\n<ol data-start=\"869\" data-end=\"1042\">\n<li data-start=\"869\" data-end=\"914\">\n<p data-start=\"872\" data-end=\"914\">Juster stropperne, s\u00e5 de passer komfortabelt.<\/p>\n<\/li>\n<li data-start=\"915\" data-end=\"985\">\n<p data-start=\"918\" data-end=\"985\">Placer dit k\u00e6ledyr forsigtigt indeni, og fastg\u00f8r det med sikkerhedskrogen.<\/p>\n<\/li>\n<li data-start=\"986\" data-end=\"1042\">\n<p data-start=\"989\" data-end=\"1042\">Lyn op, og nyd din g\u00e5tur, vandretur eller rejse sammen.<\/p>\n<\/li>\n<\/ol>\n<h2 style=\"text-align: center\" data-start=\"1044\" data-end=\"1068\"><strong>Produktdetaljer<\/strong> \ud83d\udccb<\/h2>\n<ul data-start=\"1069\" data-end=\"1271\">\n<li data-start=\"1069\" data-end=\"1118\">\n<p data-start=\"1071\" data-end=\"1118\">Materiale: Slidst\u00e6rkt stof med \u00e5ndbart net<\/p>\n<\/li>\n<li data-start=\"1119\" data-end=\"1190\">\n<p data-start=\"1121\" data-end=\"1190\">Velegnet til: Sm\u00e5 hunde, hvalpe, katte<\/p>\n<\/li>\n<li data-start=\"1119\" data-end=\"1190\">\n<p data-start=\"1121\" data-end=\"1190\">St\u00f8rrelse: S til 1-3 kg, M til 3-7 kg og L til 7-12 kg<\/p>\n<\/li>\n<li data-start=\"1221\" data-end=\"1271\">\n<p data-start=\"1223\" data-end=\"1271\">Anvendelse: Udend\u00f8rs g\u00e5ture, rejser, shopping, vandreture<\/p>\n<\/li>\n<\/ul>\n<h2 style=\"text-align: center\" data-start=\"1273\" data-end=\"1298\"><strong>Pakken Indeholder<\/strong> \ud83c\udf81<\/h2>\n<ul data-start=\"1299\" data-end=\"1327\">\n<li data-start=\"1299\" data-end=\"1327\">\n<p data-start=\"1301\" data-end=\"1327\">1x k\u00e6ledyrsrygs\u00e6k.<\/p>\n<\/li>\n<\/ul>\n","protected":false},"excerpt":{"rendered":"<p>Tag din pelsede ven med overalt i komfort og stil! \ud83d\udc3e Denne k\u00e6ledyrsrygs\u00e6k er designet til at holde dit k\u00e6ledyr [&hellip;]<\/p>\n","protected":false},"featured_media":23845,"comment_status":"open","ping_status":"closed","template":"","meta":{"site-sidebar-layout":"default","site-content-layout":"","ast-site-content-layout":"default","site-content-style":"default","site-sidebar-style":"default","ast-global-header-display":"","ast-banner-title-visibility":"","ast-main-header-display":"","ast-hfb-above-header-display":"","ast-hfb-below-header-display":"","ast-hfb-mobile-header-display":"","site-post-title":"","ast-breadcrumbs-content":"","ast-featured-img":"","footer-sml-layout":"","ast-disable-related-posts":"","theme-transparent-header-meta":"default","adv-header-id-meta":"","stick-header-meta":"","header-above-stick-meta":"","header-main-stick-meta":"","header-below-stick-meta":"","astra-migrate-meta-layouts":"set","ast-page-background-enabled":"default","ast-page-background-meta":{"desktop":{"background-color":"var(--ast-global-color-5)","background-image":"","background-repeat":"repeat","background-position":"center center","background-size":"auto","background-attachment":"scroll","background-type":"","background-media":"","overlay-type":"","overlay-color":"","overlay-opacity":"","overlay-gradient":""},"tablet":{"background-color":"","background-image":"","background-repeat":"repeat","background-position":"center center","background-size":"auto","background-attachment":"scroll","background-type":"","background-media":"","overlay-type":"","overlay-color":"","overlay-opacity":"","overlay-gradient":""},"mobile":{"background-color":"","background-image":"","background-repeat":"repeat","background-position":"center center","background-size":"auto","background-attachment":"scroll","background-type":"","background-media":"","overlay-type":"","overlay-color":"","overlay-opacity":"","overlay-gradient":""}},"ast-content-background-meta":{"desktop":{"background-color":"var(--ast-global-color-4)","background-image":"","background-repeat":"repeat","background-position":"center center","background-size":"auto","background-attachment":"scroll","background-type":"","background-media":"","overlay-type":"","overlay-color":"","overlay-opacity":"","overlay-gradient":""},"tablet":{"background-color":"var(--ast-global-color-4)","background-image":"","background-repeat":"repeat","background-position":"center center","background-size":"auto","background-attachment":"scroll","background-type":"","background-media":"","overlay-type":"","overlay-color":"","overlay-opacity":"","overlay-gradient":""},"mobile":{"background-color":"var(--ast-global-color-4)","background-image":"","background-repeat":"repeat","background-position":"center center","background-size":"auto","background-attachment":"scroll","background-type":"","background-media":"","overlay-type":"","overlay-color":"","overlay-opacity":"","overlay-gradient":""}}},"product_brand":[],"product_cat":[19],"product_tag":[],"class_list":{"0":"post-23849","1":"product","2":"type-product","3":"status-publish","4":"has-post-thumbnail","6":"product_cat-uncategorized","7":"pa_21288_7jp3p5z1-blaa","8":"pa_21288_7jp3p5z1-groen","9":"pa_21288_7jp3p5z1-lyseroed","10":"pa_21288_7jp3p5z1-orange","11":"pa_21288_7jp3p5z1-sort","12":"pa_21288_mo5wdb0k-l","13":"pa_21288_mo5wdb0k-m","14":"pa_21288_mo5wdb0k-s","15":"desktop-align-left","16":"tablet-align-left","17":"mobile-align-left","19":"first","20":"instock","21":"shipping-taxable","22":"purchasable","23":"product-type-variable","24":"has-default-attributes"},"_links":{"self":[{"href":"https:\/\/ecostera.com\/dk\/wp-json\/wp\/v2\/product\/23849","targetHints":{"allow":["GET"]}}],"collection":[{"href":"https:\/\/ecostera.com\/dk\/wp-json\/wp\/v2\/product"}],"about":[{"href":"https:\/\/ecostera.com\/dk\/wp-json\/wp\/v2\/types\/product"}],"replies":[{"embeddable":true,"href":"https:\/\/ecostera.com\/dk\/wp-json\/wp\/v2\/comments?post=23849"}],"wp:featuredmedia":[{"embeddable":true,"href":"https:\/\/ecostera.com\/dk\/wp-json\/wp\/v2\/media\/23845"}],"wp:attachment":[{"href":"https:\/\/ecostera.com\/dk\/wp-json\/wp\/v2\/media?parent=23849"}],"wp:term":[{"taxonomy":"product_brand","embeddable":true,"href":"https:\/\/ecostera.com\/dk\/wp-json\/wp\/v2\/product_brand?post=23849"},{"taxonomy":"product_cat","embeddable":true,"href":"https:\/\/ecostera.com\/dk\/wp-json\/wp\/v2\/product_cat?post=23849"},{"taxonomy":"product_tag","embeddable":true,"href":"https:\/\/ecostera.com\/dk\/wp-json\/wp\/v2\/product_tag?post=23849"}],"curies":[{"name":"wp","href":"https:\/\/api.w.org\/{rel}","templated":true}]}}