{"id":23917,"date":"2025-09-21T13:42:50","date_gmt":"2025-09-21T10:42:50","guid":{"rendered":"https:\/\/ecostera.com\/dk\/product\/belysning-af-stier\/"},"modified":"2025-09-21T13:43:32","modified_gmt":"2025-09-21T10:43:32","slug":"belysning-af-stier","status":"publish","type":"product","link":"https:\/\/ecostera.com\/dk\/product\/belysning-af-stier\/","title":{"rendered":"Belysning af stier"},"content":{"rendered":"<p style=\"text-align: center\" data-start=\"126\" data-end=\"189\"><strong data-start=\"126\" data-end=\"184\">Lys Din Have Op Med Yndige, Lysende Poteaftryk!<\/strong> \ud83d\udc3e<\/p>\n<p style=\"text-align: center\" data-start=\"191\" data-end=\"437\">Disse solcelledrevne poteaftrykslamper tilf\u00f8jer en varm, legende charme til din g\u00e5rd, have eller sti. De drives udelukkende af sollys og t\u00e6ndes automatisk om natten for at skabe en magisk gl\u00f8d, der g\u00f8r dit uderum mere indbydende og unikt.<\/p>\n<p data-start=\"191\" data-end=\"437\"><img decoding=\"async\" class=\"size-full wp-image-31443 aligncenter\" src=\"https:\/\/keluvo.com\/template\/wp-content\/uploads\/sites\/5\/2025\/08\/07213-ezgif.com-video-to-webp-converter-1.webp\" alt=\"\" \/><\/p>\n<h2 style=\"text-align: center\" data-start=\"439\" data-end=\"461\">Vigtigste Fordele \ud83c\udf1f<\/h2>\n<p data-start=\"464\" data-end=\"518\">\ud83c\udf1e Solcelledrevet &#8211; ingen ledninger eller batterier n\u00f8dvendige<\/p>\n<p data-start=\"521\" data-end=\"571\">\ud83d\udc3e S\u00f8dt potedesign &#8211; perfekt til dyreelskere<\/p>\n<p data-start=\"574\" data-end=\"647\">\ud83d\udca1 Automatisk belysning &#8211; oplades om dagen og t\u00e6ndes om natten<\/p>\n<p data-start=\"650\" data-end=\"702\">\ud83c\udf27 Vejrbestandig &#8211; fungerer i regn eller solskin<\/p>\n<p data-start=\"705\" data-end=\"768\">\ud83c\udfe1 Nem installation &#8211; s\u00e6t dem blot i jorden<\/p>\n<p data-start=\"705\" data-end=\"768\"><img decoding=\"async\" class=\"size-full wp-image-31441 aligncenter\" src=\"https:\/\/keluvo.com\/template\/wp-content\/uploads\/sites\/5\/2025\/08\/f618c492-8b9c-47ba-ac08-99ce4896dab9.webp\" alt=\"\" \/><\/p>\n<h2 style=\"text-align: center\" data-start=\"770\" data-end=\"789\">S\u00e5dan Bruges \ud83e\ude84<\/h2>\n<ol data-start=\"790\" data-end=\"957\">\n<li data-start=\"790\" data-end=\"843\">\n<p data-start=\"793\" data-end=\"843\">Placer lysene p\u00e5 et solrigt sted om dagen.<\/p>\n<\/li>\n<li data-start=\"844\" data-end=\"888\">\n<p data-start=\"847\" data-end=\"888\">Nyd den varme gl\u00f8d hver aften, n\u00e5r de automatisk lyser op.<\/p>\n<\/li>\n<\/ol>\n<h2 style=\"text-align: center\" data-start=\"959\" data-end=\"983\">Produktdetaljer \ud83d\udccb<\/h2>\n<ul data-start=\"984\" data-end=\"1239\">\n<li data-start=\"984\" data-end=\"1033\">\n<p data-start=\"986\" data-end=\"1033\">Materiale: Holdbar ABS + rustfri st\u00e5lp\u00e6l<\/p>\n<\/li>\n<li data-start=\"1034\" data-end=\"1082\">\n<p data-start=\"1036\" data-end=\"1082\">Effekt: Solpanel med genopladeligt batteri<\/p>\n<\/li>\n<li data-start=\"1112\" data-end=\"1152\">\n<p data-start=\"1114\" data-end=\"1152\">Opladningstid: 6-8 timer i sollys<\/p>\n<\/li>\n<li data-start=\"1153\" data-end=\"1196\">\n<p data-start=\"1155\" data-end=\"1196\">Arbejdstid: Op til 8-10 timer om natten<\/p>\n<\/li>\n<li data-start=\"1197\" data-end=\"1239\">\n<p data-start=\"1199\" data-end=\"1239\">Vandt\u00e6t: IP65-klassificeret til udend\u00f8rs brug<\/p>\n<\/li>\n<\/ul>\n<h2 style=\"text-align: center\" data-start=\"1241\" data-end=\"1266\">Pakken Indeholder \ud83c\udf81<\/h2>\n<ul data-start=\"1267\" data-end=\"1304\">\n<li data-start=\"1267\" data-end=\"1304\">\n<p data-start=\"1269\" data-end=\"1304\">4, 8, 12x pakker med poteaftrykslys.<\/p>\n<\/li>\n<\/ul>\n","protected":false},"excerpt":{"rendered":"<p>Lys Din Have Op Med Yndige, Lysende Poteaftryk! \ud83d\udc3e Disse solcelledrevne poteaftrykslamper tilf\u00f8jer en varm, legende charme til din g\u00e5rd, [&hellip;]<\/p>\n","protected":false},"featured_media":23913,"comment_status":"open","ping_status":"closed","template":"","meta":{"site-sidebar-layout":"default","site-content-layout":"","ast-site-content-layout":"default","site-content-style":"default","site-sidebar-style":"default","ast-global-header-display":"","ast-banner-title-visibility":"","ast-main-header-display":"","ast-hfb-above-header-display":"","ast-hfb-below-header-display":"","ast-hfb-mobile-header-display":"","site-post-title":"","ast-breadcrumbs-content":"","ast-featured-img":"","footer-sml-layout":"","theme-transparent-header-meta":"default","adv-header-id-meta":"","stick-header-meta":"","header-above-stick-meta":"","header-main-stick-meta":"","header-below-stick-meta":"","astra-migrate-meta-layouts":"set","ast-page-background-enabled":"default","ast-page-background-meta":{"desktop":{"background-color":"var(--ast-global-color-5)","background-image":"","background-repeat":"repeat","background-position":"center center","background-size":"auto","background-attachment":"scroll","background-type":"","background-media":"","overlay-type":"","overlay-color":"","overlay-opacity":"","overlay-gradient":""},"tablet":{"background-color":"","background-image":"","background-repeat":"repeat","background-position":"center center","background-size":"auto","background-attachment":"scroll","background-type":"","background-media":"","overlay-type":"","overlay-color":"","overlay-opacity":"","overlay-gradient":""},"mobile":{"background-color":"","background-image":"","background-repeat":"repeat","background-position":"center center","background-size":"auto","background-attachment":"scroll","background-type":"","background-media":"","overlay-type":"","overlay-color":"","overlay-opacity":"","overlay-gradient":""}},"ast-content-background-meta":{"desktop":{"background-color":"var(--ast-global-color-4)","background-image":"","background-repeat":"repeat","background-position":"center center","background-size":"auto","background-attachment":"scroll","background-type":"","background-media":"","overlay-type":"","overlay-color":"","overlay-opacity":"","overlay-gradient":""},"tablet":{"background-color":"var(--ast-global-color-4)","background-image":"","background-repeat":"repeat","background-position":"center center","background-size":"auto","background-attachment":"scroll","background-type":"","background-media":"","overlay-type":"","overlay-color":"","overlay-opacity":"","overlay-gradient":""},"mobile":{"background-color":"var(--ast-global-color-4)","background-image":"","background-repeat":"repeat","background-position":"center center","background-size":"auto","background-attachment":"scroll","background-type":"","background-media":"","overlay-type":"","overlay-color":"","overlay-opacity":"","overlay-gradient":""}}},"product_brand":[],"product_cat":[19],"product_tag":[],"class_list":{"0":"post-23917","1":"product","2":"type-product","3":"status-publish","4":"has-post-thumbnail","6":"product_cat-uncategorized","7":"pa_18591_4vghqxjy-4-stk","8":"pa_18591_4vghqxjy-8-stk","9":"pa_18591_4vghqxjy-12-stk","10":"pa_18591_jl5u438z-flerfarvet","11":"pa_18591_jl5u438z-hvid","12":"pa_18591_jl5u438z-varm-hvid","13":"desktop-align-left","14":"tablet-align-left","15":"mobile-align-left","17":"first","18":"instock","19":"shipping-taxable","20":"purchasable","21":"product-type-variable","22":"has-default-attributes"},"_links":{"self":[{"href":"https:\/\/ecostera.com\/dk\/wp-json\/wp\/v2\/product\/23917","targetHints":{"allow":["GET"]}}],"collection":[{"href":"https:\/\/ecostera.com\/dk\/wp-json\/wp\/v2\/product"}],"about":[{"href":"https:\/\/ecostera.com\/dk\/wp-json\/wp\/v2\/types\/product"}],"replies":[{"embeddable":true,"href":"https:\/\/ecostera.com\/dk\/wp-json\/wp\/v2\/comments?post=23917"}],"wp:featuredmedia":[{"embeddable":true,"href":"https:\/\/ecostera.com\/dk\/wp-json\/wp\/v2\/media\/23913"}],"wp:attachment":[{"href":"https:\/\/ecostera.com\/dk\/wp-json\/wp\/v2\/media?parent=23917"}],"wp:term":[{"taxonomy":"product_brand","embeddable":true,"href":"https:\/\/ecostera.com\/dk\/wp-json\/wp\/v2\/product_brand?post=23917"},{"taxonomy":"product_cat","embeddable":true,"href":"https:\/\/ecostera.com\/dk\/wp-json\/wp\/v2\/product_cat?post=23917"},{"taxonomy":"product_tag","embeddable":true,"href":"https:\/\/ecostera.com\/dk\/wp-json\/wp\/v2\/product_tag?post=23917"}],"curies":[{"name":"wp","href":"https:\/\/api.w.org\/{rel}","templated":true}]}}