{"id":2404,"date":"2025-07-15T13:04:25","date_gmt":"2025-07-15T13:04:25","guid":{"rendered":"https:\/\/ecostera.com\/dk\/product\/beroligende-legetoej-til-oddere\/"},"modified":"2025-07-15T13:04:32","modified_gmt":"2025-07-15T13:04:32","slug":"beroligende-legetoej-til-oddere","status":"publish","type":"product","link":"https:\/\/ecostera.com\/dk\/product\/beroligende-legetoej-til-oddere\/","title":{"rendered":"Beroligende leget\u00f8j til oddere"},"content":{"rendered":"<h2 style=\"text-align: center\" data-start=\"0\" data-end=\"29\">Blid Vejrtr\u00e6kningsbev\u00e6gelse<\/h2>\n<p class=\"\" style=\"text-align: center\" data-start=\"30\" data-end=\"239\">Det beroligende odderleget\u00f8j bev\u00e6ger sig p\u00e5 en bl\u00f8d, rytmisk m\u00e5de, der efterligner naturlig vejrtr\u00e6kning. Denne blide bev\u00e6gelse hj\u00e6lper babyer med at f\u00f8le sig afslappede og trygge. Det giver komfort og g\u00f8r det lettere for de sm\u00e5 at falde i s\u00f8vn.<\/p>\n<p data-start=\"30\" data-end=\"239\"><img decoding=\"async\" class=\"alignnone size-medium wp-image-13348 aligncenter\" src=\"https:\/\/keluvo.com\/template\/wp-content\/uploads\/sites\/5\/2025\/04\/Sa336660e4a5247879b6bc12d4eda87d9K.jpeg\" alt=\"\" \/><\/p>\n<h2 style=\"text-align: center\" data-start=\"241\" data-end=\"268\">Bl\u00f8d Musik Og Lys<\/h2>\n<p class=\"\" style=\"text-align: center\" data-start=\"269\" data-end=\"523\">Dette beroligende odderleget\u00f8j spiller beroligende musik og udsender et bl\u00f8dt lys for at skabe en fredelig atmosf\u00e6re ved sengetid. Kombinationen af blide lyde og d\u00e6mpet belysning hj\u00e6lper med at berolige babyer. Den er designet til at g\u00f8re aftenrutinerne nemmere for for\u00e6ldre og b\u00f8rn.<\/p>\n<p data-start=\"269\" data-end=\"523\"><img decoding=\"async\" class=\"alignnone size-medium wp-image-13345 aligncenter\" src=\"https:\/\/keluvo.com\/template\/wp-content\/uploads\/sites\/5\/2025\/04\/S76ffac1e92254918b1dff825ebf660a5b.jpeg\" alt=\"\" \/><\/p>\n","protected":false},"excerpt":{"rendered":"<p>Blid Vejrtr\u00e6kningsbev\u00e6gelse Det beroligende odderleget\u00f8j bev\u00e6ger sig p\u00e5 en bl\u00f8d, rytmisk m\u00e5de, der efterligner naturlig vejrtr\u00e6kning. Denne blide bev\u00e6gelse hj\u00e6lper [&hellip;]<\/p>\n","protected":false},"featured_media":2400,"comment_status":"open","ping_status":"closed","template":"","meta":{"site-sidebar-layout":"default","site-content-layout":"","ast-site-content-layout":"default","site-content-style":"default","site-sidebar-style":"default","ast-global-header-display":"","ast-banner-title-visibility":"","ast-main-header-display":"","ast-hfb-above-header-display":"","ast-hfb-below-header-display":"","ast-hfb-mobile-header-display":"","site-post-title":"","ast-breadcrumbs-content":"","ast-featured-img":"","footer-sml-layout":"","theme-transparent-header-meta":"default","adv-header-id-meta":"","stick-header-meta":"","header-above-stick-meta":"","header-main-stick-meta":"","header-below-stick-meta":"","astra-migrate-meta-layouts":"set","ast-page-background-enabled":"default","ast-page-background-meta":{"desktop":{"background-color":"var(--ast-global-color-5)","background-image":"","background-repeat":"repeat","background-position":"center center","background-size":"auto","background-attachment":"scroll","background-type":"","background-media":"","overlay-type":"","overlay-color":"","overlay-opacity":"","overlay-gradient":""},"tablet":{"background-color":"","background-image":"","background-repeat":"repeat","background-position":"center center","background-size":"auto","background-attachment":"scroll","background-type":"","background-media":"","overlay-type":"","overlay-color":"","overlay-opacity":"","overlay-gradient":""},"mobile":{"background-color":"","background-image":"","background-repeat":"repeat","background-position":"center center","background-size":"auto","background-attachment":"scroll","background-type":"","background-media":"","overlay-type":"","overlay-color":"","overlay-opacity":"","overlay-gradient":""}},"ast-content-background-meta":{"desktop":{"background-color":"var(--ast-global-color-4)","background-image":"","background-repeat":"repeat","background-position":"center center","background-size":"auto","background-attachment":"scroll","background-type":"","background-media":"","overlay-type":"","overlay-color":"","overlay-opacity":"","overlay-gradient":""},"tablet":{"background-color":"var(--ast-global-color-4)","background-image":"","background-repeat":"repeat","background-position":"center center","background-size":"auto","background-attachment":"scroll","background-type":"","background-media":"","overlay-type":"","overlay-color":"","overlay-opacity":"","overlay-gradient":""},"mobile":{"background-color":"var(--ast-global-color-4)","background-image":"","background-repeat":"repeat","background-position":"center center","background-size":"auto","background-attachment":"scroll","background-type":"","background-media":"","overlay-type":"","overlay-color":"","overlay-opacity":"","overlay-gradient":""}}},"product_brand":[],"product_cat":[19],"product_tag":[],"class_list":{"0":"post-2404","1":"product","2":"type-product","3":"status-publish","4":"has-post-thumbnail","6":"product_cat-uncategorized","7":"pa_29989_3jhocqov-blaa","8":"pa_29989_3jhocqov-graa","9":"pa_29989_3jhocqov-lyseroed","10":"desktop-align-left","11":"tablet-align-left","12":"mobile-align-left","14":"first","15":"instock","16":"shipping-taxable","17":"purchasable","18":"product-type-variable"},"_links":{"self":[{"href":"https:\/\/ecostera.com\/dk\/wp-json\/wp\/v2\/product\/2404","targetHints":{"allow":["GET"]}}],"collection":[{"href":"https:\/\/ecostera.com\/dk\/wp-json\/wp\/v2\/product"}],"about":[{"href":"https:\/\/ecostera.com\/dk\/wp-json\/wp\/v2\/types\/product"}],"replies":[{"embeddable":true,"href":"https:\/\/ecostera.com\/dk\/wp-json\/wp\/v2\/comments?post=2404"}],"wp:featuredmedia":[{"embeddable":true,"href":"https:\/\/ecostera.com\/dk\/wp-json\/wp\/v2\/media\/2400"}],"wp:attachment":[{"href":"https:\/\/ecostera.com\/dk\/wp-json\/wp\/v2\/media?parent=2404"}],"wp:term":[{"taxonomy":"product_brand","embeddable":true,"href":"https:\/\/ecostera.com\/dk\/wp-json\/wp\/v2\/product_brand?post=2404"},{"taxonomy":"product_cat","embeddable":true,"href":"https:\/\/ecostera.com\/dk\/wp-json\/wp\/v2\/product_cat?post=2404"},{"taxonomy":"product_tag","embeddable":true,"href":"https:\/\/ecostera.com\/dk\/wp-json\/wp\/v2\/product_tag?post=2404"}],"curies":[{"name":"wp","href":"https:\/\/api.w.org\/{rel}","templated":true}]}}