{"id":24046,"date":"2025-09-22T09:25:49","date_gmt":"2025-09-22T06:25:49","guid":{"rendered":"https:\/\/ecostera.com\/dk\/product\/taljeforlaenger\/"},"modified":"2025-10-14T18:38:01","modified_gmt":"2025-10-14T15:38:01","slug":"taljeforlaenger","status":"publish","type":"product","link":"https:\/\/ecostera.com\/dk\/product\/taljeforlaenger\/","title":{"rendered":"Taljeforl\u00e6nger"},"content":{"rendered":"<p style=\"text-align: center\" data-start=\"124\" data-end=\"182\"><strong data-start=\"124\" data-end=\"177\">F\u00e5 \u00d8jeblikkelig Komfort Og Ekstra Plads I Dine Jeans!<\/strong> \ud83d\udc56<\/p>\n<p style=\"text-align: center\" data-start=\"184\" data-end=\"488\">Denne jeans waist extender er den hurtige og nemme m\u00e5de at f\u00e5 dine yndlingsjeans, -nederdele eller -bukser til at sidde mere behageligt. Uanset om du har taget lidt p\u00e5, venter barn eller bare vil have mere fleksibilitet efter et m\u00e5ltid, giver denne extender dig ekstra luft uden at k\u00f8be nyt t\u00f8j. \u2728<\/p>\n<p data-start=\"184\" data-end=\"488\"><img decoding=\"async\" class=\"size-full wp-image-31493 aligncenter\" src=\"https:\/\/keluvo.com\/template\/wp-content\/uploads\/sites\/5\/2025\/08\/midjeforlangare-5.jpg\" alt=\"\" \/><\/p>\n<h2 style=\"text-align: center\" data-start=\"490\" data-end=\"512\">Hovedfordele \ud83c\udf1f<\/h2>\n<p data-start=\"515\" data-end=\"596\">\ud83d\udee0 \u00d8jeblikkelig st\u00f8rrelsesjustering \u2013 tilf\u00f8jer ekstra plads til din linning p\u00e5 f\u00e5 sekunder<\/p>\n<p data-start=\"599\" data-end=\"663\">\ud83d\udc4c Nem at bruge \u2013 s\u00e6t den blot over din eksisterende knap<\/p>\n<p data-start=\"666\" data-end=\"734\">\ud83d\udcaa Slidst\u00e6rkt denimstof \u2013 falder naturligt ind i dine jeans<\/p>\n<p data-start=\"737\" data-end=\"807\">\ud83e\uddf3 B\u00e6rbar og genanvendelig \u2013 tag den med dig og brug den n\u00e5r som helst<\/p>\n<p data-start=\"810\" data-end=\"887\">\ud83c\udfaf Perfekt til alle lejligheder \u2013 arbejde, rejse, graviditet eller fritidst\u00f8j<\/p>\n<p data-start=\"810\" data-end=\"887\"><img decoding=\"async\" class=\"size-full wp-image-31491 aligncenter\" src=\"https:\/\/keluvo.com\/template\/wp-content\/uploads\/sites\/5\/2025\/08\/midjeforlangare-12.jpg\" alt=\"\" \/><\/p>\n<h2 style=\"text-align: center\" data-start=\"889\" data-end=\"908\">S\u00e5dan Bruges \ud83e\ude84<\/h2>\n<ol data-start=\"909\" data-end=\"1056\">\n<li data-start=\"909\" data-end=\"969\">\n<p data-start=\"912\" data-end=\"969\">S\u00e6t forl\u00e6ngerens knaphul fast p\u00e5 dine buksers knap.<\/p>\n<\/li>\n<li data-start=\"970\" data-end=\"1021\">\n<p data-start=\"973\" data-end=\"1021\">S\u00e6t bukserne fast ved hj\u00e6lp af extenderens knap.<\/p>\n<\/li>\n<li data-start=\"1022\" data-end=\"1056\">\n<p data-start=\"1025\" data-end=\"1056\">Juster efter behov, s\u00e5 det er behageligt at have p\u00e5.<\/p>\n<\/li>\n<\/ol>\n<h2 style=\"text-align: center\" data-start=\"1058\" data-end=\"1082\">Produktdetaljer \ud83d\udccb<\/h2>\n<ul data-start=\"1083\" data-end=\"1268\">\n<li data-start=\"1083\" data-end=\"1119\">\n<p data-start=\"1085\" data-end=\"1119\">Materiale: Denim og metalknap<\/p>\n<\/li>\n<li data-start=\"1120\" data-end=\"1166\">\n<p data-start=\"1122\" data-end=\"1166\">Farver: sort, m\u00f8rkebl\u00e5, lysebl\u00e5, navy<\/p>\n<\/li>\n<li data-start=\"1167\" data-end=\"1217\">\n<p data-start=\"1169\" data-end=\"1217\">St\u00f8rrelse: Standard pasform til de fleste jeans og bukser<\/p>\n<\/li>\n<li data-start=\"1218\" data-end=\"1268\">\n<p data-start=\"1220\" data-end=\"1268\">Brug: Jeans, nederdele, bukser, ventet\u00f8j<\/p>\n<\/li>\n<\/ul>\n<h2 style=\"text-align: center\" data-start=\"1270\" data-end=\"1295\">Pakken Indeholder \ud83c\udf81<\/h2>\n<ul data-start=\"1296\" data-end=\"1331\">\n<li data-start=\"1296\" data-end=\"1331\">\n<p data-start=\"1298\" data-end=\"1331\">1, 2, 4x taljeforl\u00e6nger.<\/p>\n<\/li>\n<\/ul>\n","protected":false},"excerpt":{"rendered":"<p>F\u00e5 \u00d8jeblikkelig Komfort Og Ekstra Plads I Dine Jeans! \ud83d\udc56 Denne jeans waist extender er den hurtige og nemme m\u00e5de [&hellip;]<\/p>\n","protected":false},"featured_media":24042,"comment_status":"open","ping_status":"closed","template":"","meta":{"site-sidebar-layout":"default","site-content-layout":"","ast-site-content-layout":"default","site-content-style":"default","site-sidebar-style":"default","ast-global-header-display":"","ast-banner-title-visibility":"","ast-main-header-display":"","ast-hfb-above-header-display":"","ast-hfb-below-header-display":"","ast-hfb-mobile-header-display":"","site-post-title":"","ast-breadcrumbs-content":"","ast-featured-img":"","footer-sml-layout":"","theme-transparent-header-meta":"default","adv-header-id-meta":"","stick-header-meta":"","header-above-stick-meta":"","header-main-stick-meta":"","header-below-stick-meta":"","astra-migrate-meta-layouts":"set","ast-page-background-enabled":"default","ast-page-background-meta":{"desktop":{"background-color":"var(--ast-global-color-5)","background-image":"","background-repeat":"repeat","background-position":"center center","background-size":"auto","background-attachment":"scroll","background-type":"","background-media":"","overlay-type":"","overlay-color":"","overlay-opacity":"","overlay-gradient":""},"tablet":{"background-color":"","background-image":"","background-repeat":"repeat","background-position":"center center","background-size":"auto","background-attachment":"scroll","background-type":"","background-media":"","overlay-type":"","overlay-color":"","overlay-opacity":"","overlay-gradient":""},"mobile":{"background-color":"","background-image":"","background-repeat":"repeat","background-position":"center center","background-size":"auto","background-attachment":"scroll","background-type":"","background-media":"","overlay-type":"","overlay-color":"","overlay-opacity":"","overlay-gradient":""}},"ast-content-background-meta":{"desktop":{"background-color":"var(--ast-global-color-4)","background-image":"","background-repeat":"repeat","background-position":"center center","background-size":"auto","background-attachment":"scroll","background-type":"","background-media":"","overlay-type":"","overlay-color":"","overlay-opacity":"","overlay-gradient":""},"tablet":{"background-color":"var(--ast-global-color-4)","background-image":"","background-repeat":"repeat","background-position":"center center","background-size":"auto","background-attachment":"scroll","background-type":"","background-media":"","overlay-type":"","overlay-color":"","overlay-opacity":"","overlay-gradient":""},"mobile":{"background-color":"var(--ast-global-color-4)","background-image":"","background-repeat":"repeat","background-position":"center center","background-size":"auto","background-attachment":"scroll","background-type":"","background-media":"","overlay-type":"","overlay-color":"","overlay-opacity":"","overlay-gradient":""}}},"product_brand":[],"product_cat":[19],"product_tag":[],"class_list":{"0":"post-24046","1":"product","2":"type-product","3":"status-publish","4":"has-post-thumbnail","6":"product_cat-uncategorized","7":"pa_16317_2j9a6ehv-1-stk","8":"pa_16317_2j9a6ehv-2-stk","9":"pa_16317_2j9a6ehv-4-stk","10":"pa_16317_eyxypdpi-flaaden","11":"pa_16317_eyxypdpi-lyseblaa","12":"pa_16317_eyxypdpi-moerkeblaa","13":"pa_16317_eyxypdpi-sort","14":"desktop-align-left","15":"tablet-align-left","16":"mobile-align-left","18":"first","19":"instock","20":"shipping-taxable","21":"purchasable","22":"product-type-variable","23":"has-default-attributes"},"_links":{"self":[{"href":"https:\/\/ecostera.com\/dk\/wp-json\/wp\/v2\/product\/24046","targetHints":{"allow":["GET"]}}],"collection":[{"href":"https:\/\/ecostera.com\/dk\/wp-json\/wp\/v2\/product"}],"about":[{"href":"https:\/\/ecostera.com\/dk\/wp-json\/wp\/v2\/types\/product"}],"replies":[{"embeddable":true,"href":"https:\/\/ecostera.com\/dk\/wp-json\/wp\/v2\/comments?post=24046"}],"wp:featuredmedia":[{"embeddable":true,"href":"https:\/\/ecostera.com\/dk\/wp-json\/wp\/v2\/media\/24042"}],"wp:attachment":[{"href":"https:\/\/ecostera.com\/dk\/wp-json\/wp\/v2\/media?parent=24046"}],"wp:term":[{"taxonomy":"product_brand","embeddable":true,"href":"https:\/\/ecostera.com\/dk\/wp-json\/wp\/v2\/product_brand?post=24046"},{"taxonomy":"product_cat","embeddable":true,"href":"https:\/\/ecostera.com\/dk\/wp-json\/wp\/v2\/product_cat?post=24046"},{"taxonomy":"product_tag","embeddable":true,"href":"https:\/\/ecostera.com\/dk\/wp-json\/wp\/v2\/product_tag?post=24046"}],"curies":[{"name":"wp","href":"https:\/\/api.w.org\/{rel}","templated":true}]}}