{"id":24092,"date":"2025-09-22T09:31:05","date_gmt":"2025-09-22T06:31:05","guid":{"rendered":"https:\/\/ecostera.com\/dk\/product\/adapter\/"},"modified":"2025-11-11T11:48:57","modified_gmt":"2025-11-11T09:48:57","slug":"adapter","status":"publish","type":"product","link":"https:\/\/ecostera.com\/dk\/product\/adapter\/","title":{"rendered":"Adapter"},"content":{"rendered":"<p style=\"text-align: center\" data-start=\"118\" data-end=\"179\">S\u00e6t stikket i hvor som helst uden besv\u00e6ret med trange pladsforhold! \ud83d\udd0c<\/p>\n<p style=\"text-align: center\" data-start=\"181\" data-end=\"451\">Denne roterbare stikd\u00e5seadapter kan drejes i tre retninger, s\u00e5 du kan tilslutte dine enheder selv p\u00e5 vanskelige steder bag m\u00f8bler eller apparater. Det er den perfekte l\u00f8sning til at spare plads, forhindre kabelbelastning og holde din elektriske ops\u00e6tning p\u00e6n og tilg\u00e6ngelig. \ud83d\udecb<\/p>\n<p data-start=\"181\" data-end=\"451\"><img decoding=\"async\" class=\"size-full wp-image-31590 aligncenter\" src=\"https:\/\/keluvo.com\/template\/wp-content\/uploads\/sites\/5\/2025\/08\/43ede01c55574b108b15156daaa63caf2d12df1e.gif\" alt=\"\" \/><\/p>\n<h2 style=\"text-align: center\" data-start=\"453\" data-end=\"475\"><strong>Hovedfordele<\/strong> \ud83c\udf1f<\/h2>\n<p data-start=\"478\" data-end=\"549\">\ud83d\udd04 Roterer i tre retninger &#8211; kan nemt justeres, s\u00e5 den passer til din plads<\/p>\n<p data-start=\"552\" data-end=\"624\">\ud83c\udfe0 Perfekt til trange steder &#8211; ikke mere besv\u00e6r bag m\u00f8bler<\/p>\n<p data-start=\"627\" data-end=\"689\">\ud83d\udcaa Holdbart design &#8211; lavet af kvalitetsplast og -metal<\/p>\n<p data-start=\"692\" data-end=\"742\">\ud83d\udee1 Sikker at bruge &#8211; underst\u00f8tter op til 1000 W str\u00f8m<\/p>\n<p data-start=\"745\" data-end=\"804\">\ud83c\udfaf Alsidig brug &#8211; perfekt til hjemmet, kontoret eller p\u00e5 rejsen<\/p>\n<p data-start=\"745\" data-end=\"804\"><img decoding=\"async\" class=\"size-full wp-image-31589 aligncenter\" src=\"https:\/\/keluvo.com\/template\/wp-content\/uploads\/sites\/5\/2025\/08\/20c9319b66c570041d23ed25a05b653567c3fd2f.webp\" alt=\"\" \/><\/p>\n<h2 style=\"text-align: center\" data-start=\"806\" data-end=\"825\">S\u00e5dan bruges den \ud83e\ude84<\/h2>\n<ol data-start=\"826\" data-end=\"975\">\n<li data-start=\"826\" data-end=\"879\">\n<p data-start=\"829\" data-end=\"879\">S\u00e6t den drejelige adapter i din stikkontakt.<\/p>\n<\/li>\n<li data-start=\"880\" data-end=\"927\">\n<p data-start=\"883\" data-end=\"927\">Drej til den \u00f8nskede vinkel for dit stik.<\/p>\n<\/li>\n<li data-start=\"928\" data-end=\"975\">\n<p data-start=\"931\" data-end=\"975\">Tilslut din enhed, og nyd den nemme adgang.<\/p>\n<\/li>\n<\/ol>\n<h2 style=\"text-align: center\" data-start=\"977\" data-end=\"1001\"><strong>Produktoplysninger<\/strong> \ud83d\udccb<\/h2>\n<ul data-start=\"1002\" data-end=\"1145\">\n<li data-start=\"1002\" data-end=\"1031\">\n<p data-start=\"1004\" data-end=\"1031\">Materiale: Plast + metal<\/p>\n<\/li>\n<li data-start=\"1032\" data-end=\"1048\">\n<p data-start=\"1034\" data-end=\"1048\">V\u00e6gt: 43 g<\/p>\n<\/li>\n<li data-start=\"1049\" data-end=\"1087\">\n<p data-start=\"1051\" data-end=\"1087\">Farver: Bl\u00e5, pink, hvid og sort<\/p>\n<\/li>\n<li data-start=\"1088\" data-end=\"1110\">\n<p data-start=\"1090\" data-end=\"1110\">Normativ str\u00f8m: 6A<\/p>\n<\/li>\n<li data-start=\"1111\" data-end=\"1127\">\n<p data-start=\"1113\" data-end=\"1127\">Peffekt: 1500W<\/p>\n<\/li>\n<li data-start=\"1128\" data-end=\"1145\">\n<p data-start=\"1130\" data-end=\"1145\">Sp\u00e6nding: 250V<\/p>\n<\/li>\n<\/ul>\n<h2 style=\"text-align: center\" data-start=\"1147\" data-end=\"1172\"><strong>Pakken indeholder<\/strong> \ud83c\udf81<\/h2>\n<ul data-start=\"1173\" data-end=\"1202\">\n<li data-start=\"1173\" data-end=\"1202\">\n<p data-start=\"1175\" data-end=\"1202\">1, 2, 3x adapter.<\/p>\n<\/li>\n<\/ul>\n","protected":false},"excerpt":{"rendered":"<p>S\u00e6t stikket i hvor som helst uden besv\u00e6ret med trange pladsforhold! \ud83d\udd0c Denne roterbare stikd\u00e5seadapter kan drejes i tre retninger, [&hellip;]<\/p>\n","protected":false},"featured_media":24088,"comment_status":"open","ping_status":"closed","template":"","meta":{"site-sidebar-layout":"default","site-content-layout":"","ast-site-content-layout":"default","site-content-style":"default","site-sidebar-style":"default","ast-global-header-display":"","ast-banner-title-visibility":"","ast-main-header-display":"","ast-hfb-above-header-display":"","ast-hfb-below-header-display":"","ast-hfb-mobile-header-display":"","site-post-title":"","ast-breadcrumbs-content":"","ast-featured-img":"","footer-sml-layout":"","theme-transparent-header-meta":"default","adv-header-id-meta":"","stick-header-meta":"","header-above-stick-meta":"","header-main-stick-meta":"","header-below-stick-meta":"","astra-migrate-meta-layouts":"set","ast-page-background-enabled":"default","ast-page-background-meta":{"desktop":{"background-color":"var(--ast-global-color-5)","background-image":"","background-repeat":"repeat","background-position":"center center","background-size":"auto","background-attachment":"scroll","background-type":"","background-media":"","overlay-type":"","overlay-color":"","overlay-opacity":"","overlay-gradient":""},"tablet":{"background-color":"","background-image":"","background-repeat":"repeat","background-position":"center center","background-size":"auto","background-attachment":"scroll","background-type":"","background-media":"","overlay-type":"","overlay-color":"","overlay-opacity":"","overlay-gradient":""},"mobile":{"background-color":"","background-image":"","background-repeat":"repeat","background-position":"center center","background-size":"auto","background-attachment":"scroll","background-type":"","background-media":"","overlay-type":"","overlay-color":"","overlay-opacity":"","overlay-gradient":""}},"ast-content-background-meta":{"desktop":{"background-color":"var(--ast-global-color-4)","background-image":"","background-repeat":"repeat","background-position":"center center","background-size":"auto","background-attachment":"scroll","background-type":"","background-media":"","overlay-type":"","overlay-color":"","overlay-opacity":"","overlay-gradient":""},"tablet":{"background-color":"var(--ast-global-color-4)","background-image":"","background-repeat":"repeat","background-position":"center center","background-size":"auto","background-attachment":"scroll","background-type":"","background-media":"","overlay-type":"","overlay-color":"","overlay-opacity":"","overlay-gradient":""},"mobile":{"background-color":"var(--ast-global-color-4)","background-image":"","background-repeat":"repeat","background-position":"center center","background-size":"auto","background-attachment":"scroll","background-type":"","background-media":"","overlay-type":"","overlay-color":"","overlay-opacity":"","overlay-gradient":""}}},"product_brand":[],"product_cat":[19],"product_tag":[],"class_list":{"0":"post-24092","1":"product","2":"type-product","3":"status-publish","4":"has-post-thumbnail","6":"product_cat-uncategorized","7":"pa_21200_754u38i4-1-stk","8":"pa_21200_754u38i4-2-stk","9":"pa_21200_754u38i4-3-stk","10":"pa_21200_dzzd53yx-blaa","11":"pa_21200_dzzd53yx-hvid","12":"pa_21200_dzzd53yx-lyseroed","13":"pa_21200_dzzd53yx-sort","14":"desktop-align-left","15":"tablet-align-left","16":"mobile-align-left","18":"first","19":"instock","20":"shipping-taxable","21":"purchasable","22":"product-type-variable","23":"has-default-attributes"},"_links":{"self":[{"href":"https:\/\/ecostera.com\/dk\/wp-json\/wp\/v2\/product\/24092","targetHints":{"allow":["GET"]}}],"collection":[{"href":"https:\/\/ecostera.com\/dk\/wp-json\/wp\/v2\/product"}],"about":[{"href":"https:\/\/ecostera.com\/dk\/wp-json\/wp\/v2\/types\/product"}],"replies":[{"embeddable":true,"href":"https:\/\/ecostera.com\/dk\/wp-json\/wp\/v2\/comments?post=24092"}],"wp:featuredmedia":[{"embeddable":true,"href":"https:\/\/ecostera.com\/dk\/wp-json\/wp\/v2\/media\/24088"}],"wp:attachment":[{"href":"https:\/\/ecostera.com\/dk\/wp-json\/wp\/v2\/media?parent=24092"}],"wp:term":[{"taxonomy":"product_brand","embeddable":true,"href":"https:\/\/ecostera.com\/dk\/wp-json\/wp\/v2\/product_brand?post=24092"},{"taxonomy":"product_cat","embeddable":true,"href":"https:\/\/ecostera.com\/dk\/wp-json\/wp\/v2\/product_cat?post=24092"},{"taxonomy":"product_tag","embeddable":true,"href":"https:\/\/ecostera.com\/dk\/wp-json\/wp\/v2\/product_tag?post=24092"}],"curies":[{"name":"wp","href":"https:\/\/api.w.org\/{rel}","templated":true}]}}