{"id":24125,"date":"2025-09-22T09:33:34","date_gmt":"2025-09-22T06:33:34","guid":{"rendered":"https:\/\/ecostera.com\/dk\/product\/flaskeaabner\/"},"modified":"2025-09-30T11:06:17","modified_gmt":"2025-09-30T08:06:17","slug":"flaskeaabner","status":"publish","type":"product","link":"https:\/\/ecostera.com\/dk\/product\/flaskeaabner\/","title":{"rendered":"Flaske\u00e5bner"},"content":{"rendered":"<p style=\"text-align: center\" data-start=\"123\" data-end=\"175\"><strong data-start=\"123\" data-end=\"170\">\u00c5bn Krukker Og D\u00e5ser Uden Besv\u00e6r Hver Gang!<\/strong> \ud83e\udd6b<\/p>\n<p style=\"text-align: center\" data-start=\"177\" data-end=\"411\">Denne multifunktionelle oplukker er den perfekte k\u00f8kkenhj\u00e6lper til alle, der k\u00e6mper med stramme l\u00e5g. Dens smarte design g\u00f8r det nemt at \u00e5bne krukker, d\u00e5ser og flasker uden at anstrenge sig &#8211; og sparer dine h\u00e6nder og h\u00e5ndled for ubehag. <span style=\"font-size: 16px;font-style: normal;font-weight: 400\">\ud83d\udee0<\/span><\/p>\n<p data-start=\"177\" data-end=\"411\"><img decoding=\"async\" class=\"size-full wp-image-31620 aligncenter\" src=\"https:\/\/keluvo.com\/template\/wp-content\/uploads\/sites\/5\/2025\/08\/giphy_4bc2d185-5811-4079-918e-ff307f4b8a7b_480x480.webp\" alt=\"\" \/><\/p>\n<h2 style=\"text-align: center\" data-start=\"413\" data-end=\"435\"><strong>Hovedfordele<\/strong> \ud83c\udf1f<\/h2>\n<p data-start=\"438\" data-end=\"509\">\ud83d\udcaa \u00c5bner nemt stramme l\u00e5g &#8211; perfekt til krukker, d\u00e5ser, og flasker<\/p>\n<p data-start=\"512\" data-end=\"597\">\ud83c\udfe0 Ideel til alle aldre &#8211; fantastisk til seniorer eller alle med nedsat grebsstyrke<\/p>\n<p data-start=\"600\" data-end=\"667\">\ud83c\udfaf Design til flere form\u00e5l &#8211; fungerer p\u00e5 forskellige l\u00e5gst\u00f8rrelser og -typer<\/p>\n<p data-start=\"670\" data-end=\"728\">\ud83e\uddfc Let at reng\u00f8re &#8211; bare skyl under vand efter brug<\/p>\n<p data-start=\"731\" data-end=\"802\">\ud83d\udee1 Holdbar og robust &#8211; lavet til at holde med materialer af h\u00f8j kvalitet<\/p>\n<p data-start=\"731\" data-end=\"802\"><img decoding=\"async\" class=\"size-full wp-image-31623 aligncenter\" src=\"https:\/\/keluvo.com\/template\/wp-content\/uploads\/sites\/5\/2025\/08\/giphy-2_ec73fc15-f118-4667-b7db-83f0409aff65_480x480.webp\" alt=\"\" \/><\/p>\n<h2 style=\"text-align: center\" data-start=\"804\" data-end=\"823\"><strong>S\u00e5dan Bruges Den<\/strong> \ud83e\ude84<\/h2>\n<ol data-start=\"824\" data-end=\"927\">\n<li data-start=\"824\" data-end=\"857\">\n<p data-start=\"827\" data-end=\"857\">S\u00e6t oplukkeren p\u00e5 l\u00e5get.<\/p>\n<\/li>\n<li data-start=\"858\" data-end=\"886\">\n<p data-start=\"861\" data-end=\"886\">Drej for at l\u00f8sne og tage l\u00e5get af.<\/p>\n<\/li>\n<\/ol>\n<h2 style=\"text-align: center\" data-start=\"929\" data-end=\"953\"><strong>Produktdetaljer<\/strong> \ud83d\udccb<\/h2>\n<ul data-start=\"954\" data-end=\"1105\">\n<li data-start=\"954\" data-end=\"989\">\n<p data-start=\"956\" data-end=\"989\">Materiale: Plast + rustfrit st\u00e5l<\/p>\n<\/li>\n<li data-start=\"990\" data-end=\"1035\">\n<p data-start=\"992\" data-end=\"1035\">St\u00f8rrelse: Kan justeres, s\u00e5 den passer til forskellige l\u00e5gst\u00f8rrelser<\/p>\n<\/li>\n<li data-start=\"1036\" data-end=\"1070\">\n<p data-start=\"1038\" data-end=\"1070\">Anvendelse: Krukker, d\u00e5ser og flasker<\/p>\n<\/li>\n<li data-start=\"1071\" data-end=\"1105\">\n<p data-start=\"1073\" data-end=\"1105\">Dimensioner: 21 x 6 x 3 cm<\/p>\n<\/li>\n<li data-start=\"1071\" data-end=\"1105\">V\u00e6gt: 250 g.<\/li>\n<\/ul>\n<h2 style=\"text-align: center\" data-start=\"1107\" data-end=\"1132\"><strong>Pakken Indeholder<\/strong> \ud83c\udf81<\/h2>\n<ul data-start=\"1133\" data-end=\"1167\">\n<li data-start=\"1133\" data-end=\"1167\">\n<p data-start=\"1135\" data-end=\"1167\">1x multifunktionel oplukker.<\/p>\n<\/li>\n<\/ul>\n","protected":false},"excerpt":{"rendered":"<p>\u00c5bn Krukker Og D\u00e5ser Uden Besv\u00e6r Hver Gang! \ud83e\udd6b Denne multifunktionelle oplukker er den perfekte k\u00f8kkenhj\u00e6lper til alle, der k\u00e6mper [&hellip;]<\/p>\n","protected":false},"featured_media":24121,"comment_status":"open","ping_status":"closed","template":"","meta":{"site-sidebar-layout":"default","site-content-layout":"","ast-site-content-layout":"default","site-content-style":"default","site-sidebar-style":"default","ast-global-header-display":"","ast-banner-title-visibility":"","ast-main-header-display":"","ast-hfb-above-header-display":"","ast-hfb-below-header-display":"","ast-hfb-mobile-header-display":"","site-post-title":"","ast-breadcrumbs-content":"","ast-featured-img":"","footer-sml-layout":"","theme-transparent-header-meta":"default","adv-header-id-meta":"","stick-header-meta":"","header-above-stick-meta":"","header-main-stick-meta":"","header-below-stick-meta":"","astra-migrate-meta-layouts":"set","ast-page-background-enabled":"default","ast-page-background-meta":{"desktop":{"background-color":"var(--ast-global-color-5)","background-image":"","background-repeat":"repeat","background-position":"center center","background-size":"auto","background-attachment":"scroll","background-type":"","background-media":"","overlay-type":"","overlay-color":"","overlay-opacity":"","overlay-gradient":""},"tablet":{"background-color":"","background-image":"","background-repeat":"repeat","background-position":"center center","background-size":"auto","background-attachment":"scroll","background-type":"","background-media":"","overlay-type":"","overlay-color":"","overlay-opacity":"","overlay-gradient":""},"mobile":{"background-color":"","background-image":"","background-repeat":"repeat","background-position":"center center","background-size":"auto","background-attachment":"scroll","background-type":"","background-media":"","overlay-type":"","overlay-color":"","overlay-opacity":"","overlay-gradient":""}},"ast-content-background-meta":{"desktop":{"background-color":"var(--ast-global-color-4)","background-image":"","background-repeat":"repeat","background-position":"center center","background-size":"auto","background-attachment":"scroll","background-type":"","background-media":"","overlay-type":"","overlay-color":"","overlay-opacity":"","overlay-gradient":""},"tablet":{"background-color":"var(--ast-global-color-4)","background-image":"","background-repeat":"repeat","background-position":"center center","background-size":"auto","background-attachment":"scroll","background-type":"","background-media":"","overlay-type":"","overlay-color":"","overlay-opacity":"","overlay-gradient":""},"mobile":{"background-color":"var(--ast-global-color-4)","background-image":"","background-repeat":"repeat","background-position":"center center","background-size":"auto","background-attachment":"scroll","background-type":"","background-media":"","overlay-type":"","overlay-color":"","overlay-opacity":"","overlay-gradient":""}}},"product_brand":[],"product_cat":[19],"product_tag":[],"class_list":{"0":"post-24125","1":"product","2":"type-product","3":"status-publish","4":"has-post-thumbnail","6":"product_cat-uncategorized","7":"pa_23608_spmgzy4q-blaa","8":"pa_23608_spmgzy4q-hvid","9":"pa_23608_spmgzy4q-roed","10":"pa_23608_spmgzy4q-sort","11":"desktop-align-left","12":"tablet-align-left","13":"mobile-align-left","15":"first","16":"instock","17":"shipping-taxable","18":"purchasable","19":"product-type-variable"},"_links":{"self":[{"href":"https:\/\/ecostera.com\/dk\/wp-json\/wp\/v2\/product\/24125","targetHints":{"allow":["GET"]}}],"collection":[{"href":"https:\/\/ecostera.com\/dk\/wp-json\/wp\/v2\/product"}],"about":[{"href":"https:\/\/ecostera.com\/dk\/wp-json\/wp\/v2\/types\/product"}],"replies":[{"embeddable":true,"href":"https:\/\/ecostera.com\/dk\/wp-json\/wp\/v2\/comments?post=24125"}],"wp:featuredmedia":[{"embeddable":true,"href":"https:\/\/ecostera.com\/dk\/wp-json\/wp\/v2\/media\/24121"}],"wp:attachment":[{"href":"https:\/\/ecostera.com\/dk\/wp-json\/wp\/v2\/media?parent=24125"}],"wp:term":[{"taxonomy":"product_brand","embeddable":true,"href":"https:\/\/ecostera.com\/dk\/wp-json\/wp\/v2\/product_brand?post=24125"},{"taxonomy":"product_cat","embeddable":true,"href":"https:\/\/ecostera.com\/dk\/wp-json\/wp\/v2\/product_cat?post=24125"},{"taxonomy":"product_tag","embeddable":true,"href":"https:\/\/ecostera.com\/dk\/wp-json\/wp\/v2\/product_tag?post=24125"}],"curies":[{"name":"wp","href":"https:\/\/api.w.org\/{rel}","templated":true}]}}