{"id":2415,"date":"2025-07-15T13:04:54","date_gmt":"2025-07-15T13:04:54","guid":{"rendered":"https:\/\/ecostera.com\/dk\/product\/halskaede-med-syv-chakraer\/"},"modified":"2025-07-15T13:04:58","modified_gmt":"2025-07-15T13:04:58","slug":"halskaede-med-syv-chakraer","status":"publish","type":"product","link":"https:\/\/ecostera.com\/dk\/product\/halskaede-med-syv-chakraer\/","title":{"rendered":"Halsk\u00e6de med syv chakraer"},"content":{"rendered":"<h2 style=\"text-align: center\" data-start=\"0\" data-end=\"25\"><strong>Balancer Din Energi<\/strong><\/h2>\n<p class=\"\" style=\"text-align: center\" data-start=\"26\" data-end=\"235\">Halsk\u00e6den med de syv chakraer er designet til at hj\u00e6lpe med at balancere din krops energi. Hver sten repr\u00e6senterer et af de syv chakraer og fremmer harmoni og velv\u00e6re. Brug den dagligt for at f\u00f8le dig mere centreret og forbundet.<\/p>\n<p style=\"text-align: center\" data-start=\"26\" data-end=\"235\"><img decoding=\"async\" class=\"alignnone size-medium wp-image-13384\" src=\"https:\/\/keluvo.com\/template\/wp-content\/uploads\/sites\/5\/2025\/04\/S37da8be7e5b44a0f9dffd0ec7fcac9a40.jpg_960x960q75.jpg_.jpeg\" alt=\"\" \/><\/p>\n<h2 style=\"text-align: center\" data-start=\"237\" data-end=\"274\"><strong>Smukt Og Meningsfuldt Design<\/strong><\/h2>\n<p class=\"\" style=\"text-align: center\" data-start=\"275\" data-end=\"491\">Denne halsk\u00e6de har et delikat design med omhyggeligt udvalgte sten. Farverne og arrangementet skaber et stilfuldt look, samtidig med at det har en dyb spirituel betydning. Den er perfekt til hverdagsbrug eller s\u00e6rlige lejligheder.<\/p>\n<p data-start=\"275\" data-end=\"491\"><img decoding=\"async\" class=\"alignnone size-medium wp-image-13386 aligncenter\" src=\"https:\/\/keluvo.com\/template\/wp-content\/uploads\/sites\/5\/2025\/04\/Sa3e7c657909449c7adbf3c339b15e004s.jpg_960x960q75.jpg_.jpeg\" alt=\"\" \/><\/p>\n","protected":false},"excerpt":{"rendered":"<p>Balancer Din Energi Halsk\u00e6den med de syv chakraer er designet til at hj\u00e6lpe med at balancere din krops energi. Hver [&hellip;]<\/p>\n","protected":false},"featured_media":2411,"comment_status":"open","ping_status":"closed","template":"","meta":{"site-sidebar-layout":"default","site-content-layout":"","ast-site-content-layout":"default","site-content-style":"default","site-sidebar-style":"default","ast-global-header-display":"","ast-banner-title-visibility":"","ast-main-header-display":"","ast-hfb-above-header-display":"","ast-hfb-below-header-display":"","ast-hfb-mobile-header-display":"","site-post-title":"","ast-breadcrumbs-content":"","ast-featured-img":"","footer-sml-layout":"","theme-transparent-header-meta":"default","adv-header-id-meta":"","stick-header-meta":"","header-above-stick-meta":"","header-main-stick-meta":"","header-below-stick-meta":"","astra-migrate-meta-layouts":"set","ast-page-background-enabled":"default","ast-page-background-meta":{"desktop":{"background-color":"var(--ast-global-color-5)","background-image":"","background-repeat":"repeat","background-position":"center center","background-size":"auto","background-attachment":"scroll","background-type":"","background-media":"","overlay-type":"","overlay-color":"","overlay-opacity":"","overlay-gradient":""},"tablet":{"background-color":"","background-image":"","background-repeat":"repeat","background-position":"center center","background-size":"auto","background-attachment":"scroll","background-type":"","background-media":"","overlay-type":"","overlay-color":"","overlay-opacity":"","overlay-gradient":""},"mobile":{"background-color":"","background-image":"","background-repeat":"repeat","background-position":"center center","background-size":"auto","background-attachment":"scroll","background-type":"","background-media":"","overlay-type":"","overlay-color":"","overlay-opacity":"","overlay-gradient":""}},"ast-content-background-meta":{"desktop":{"background-color":"var(--ast-global-color-4)","background-image":"","background-repeat":"repeat","background-position":"center center","background-size":"auto","background-attachment":"scroll","background-type":"","background-media":"","overlay-type":"","overlay-color":"","overlay-opacity":"","overlay-gradient":""},"tablet":{"background-color":"var(--ast-global-color-4)","background-image":"","background-repeat":"repeat","background-position":"center center","background-size":"auto","background-attachment":"scroll","background-type":"","background-media":"","overlay-type":"","overlay-color":"","overlay-opacity":"","overlay-gradient":""},"mobile":{"background-color":"var(--ast-global-color-4)","background-image":"","background-repeat":"repeat","background-position":"center center","background-size":"auto","background-attachment":"scroll","background-type":"","background-media":"","overlay-type":"","overlay-color":"","overlay-opacity":"","overlay-gradient":""}}},"product_brand":[],"product_cat":[19],"product_tag":[],"class_list":{"0":"post-2415","1":"product","2":"type-product","3":"status-publish","4":"has-post-thumbnail","6":"product_cat-uncategorized","7":"pa_34487_z3lcrlpp-guld","8":"pa_34487_z3lcrlpp-soelv","9":"desktop-align-left","10":"tablet-align-left","11":"mobile-align-left","13":"first","14":"instock","15":"shipping-taxable","16":"purchasable","17":"product-type-variable"},"_links":{"self":[{"href":"https:\/\/ecostera.com\/dk\/wp-json\/wp\/v2\/product\/2415","targetHints":{"allow":["GET"]}}],"collection":[{"href":"https:\/\/ecostera.com\/dk\/wp-json\/wp\/v2\/product"}],"about":[{"href":"https:\/\/ecostera.com\/dk\/wp-json\/wp\/v2\/types\/product"}],"replies":[{"embeddable":true,"href":"https:\/\/ecostera.com\/dk\/wp-json\/wp\/v2\/comments?post=2415"}],"wp:featuredmedia":[{"embeddable":true,"href":"https:\/\/ecostera.com\/dk\/wp-json\/wp\/v2\/media\/2411"}],"wp:attachment":[{"href":"https:\/\/ecostera.com\/dk\/wp-json\/wp\/v2\/media?parent=2415"}],"wp:term":[{"taxonomy":"product_brand","embeddable":true,"href":"https:\/\/ecostera.com\/dk\/wp-json\/wp\/v2\/product_brand?post=2415"},{"taxonomy":"product_cat","embeddable":true,"href":"https:\/\/ecostera.com\/dk\/wp-json\/wp\/v2\/product_cat?post=2415"},{"taxonomy":"product_tag","embeddable":true,"href":"https:\/\/ecostera.com\/dk\/wp-json\/wp\/v2\/product_tag?post=2415"}],"curies":[{"name":"wp","href":"https:\/\/api.w.org\/{rel}","templated":true}]}}