{"id":24157,"date":"2025-09-22T09:36:12","date_gmt":"2025-09-22T06:36:12","guid":{"rendered":"https:\/\/ecostera.com\/dk\/product\/stoevboerste\/"},"modified":"2025-09-22T09:36:12","modified_gmt":"2025-09-22T06:36:12","slug":"stoevboerste","status":"publish","type":"product","link":"https:\/\/ecostera.com\/dk\/product\/stoevboerste\/","title":{"rendered":"St\u00f8vb\u00f8rste"},"content":{"rendered":"<p style=\"text-align: center\" data-start=\"118\" data-end=\"169\"><strong data-start=\"118\" data-end=\"164\">G\u00f8r Nemt Rent I Hvert Hj\u00f8rne Af Dit Hjem!<\/strong> \ud83e\uddf9<\/p>\n<p style=\"text-align: center\" data-start=\"171\" data-end=\"430\">Denne mikrofiberst\u00f8vb\u00f8rste g\u00f8r reng\u00f8ringen hurtigere, nemmere og mere effektiv. Dens bl\u00f8de b\u00f8rsteh\u00e5r tiltr\u00e6kker og fanger st\u00f8v, snavs og h\u00e5r uden at sprede det rundt. Med et udtr\u00e6kkeligt h\u00e5ndtag kan den nemt n\u00e5 h\u00f8jt til loftet, p\u00e5 hylder og i trange rum. <span style=\"font-size: 16px;font-style: normal;font-weight: 400\">\u2728<\/span><\/p>\n<p data-start=\"171\" data-end=\"430\"><img decoding=\"async\" class=\"size-full wp-image-31683 aligncenter\" src=\"https:\/\/keluvo.com\/template\/wp-content\/uploads\/sites\/5\/2025\/08\/07216-ezgif.com-video-to-webp-converter.webp\" alt=\"\" \/><\/p>\n<h2 style=\"text-align: center\" data-start=\"432\" data-end=\"454\">Hovedfordele \ud83c\udf1f<\/h2>\n<p data-start=\"457\" data-end=\"524\">\ud83c\udf1f Mikrofiber i h\u00f8j kvalitet &#8211; fanger st\u00f8v og snavs effektivt<\/p>\n<p data-start=\"527\" data-end=\"600\">\ud83e\ude9c Ekstra r\u00e6kkevidde &#8211; udtr\u00e6kkeligt h\u00e5ndtag til h\u00f8je eller sv\u00e6rt tilg\u00e6ngelige steder<\/p>\n<p data-start=\"603\" data-end=\"683\">\ud83d\udecb Alsidig reng\u00f8ring &#8211; perfekt til gulve, m\u00f8bler, gardiner og meget mere<\/p>\n<p data-start=\"686\" data-end=\"742\">\ud83d\udca6 V\u00e5d og t\u00f8r brug &#8211; reng\u00f8r effektivt p\u00e5 begge m\u00e5der<\/p>\n<p data-start=\"745\" data-end=\"801\">\ud83e\uddf3 Nem at opbevare &#8211; let og kompakt design<\/p>\n<p data-start=\"745\" data-end=\"801\"><img decoding=\"async\" class=\"size-full wp-image-31685 aligncenter\" src=\"https:\/\/keluvo.com\/template\/wp-content\/uploads\/sites\/5\/2025\/08\/2023-Telescopic-Cleaning-Duster-Brush-Extended-Long-Crevice-Spider-Web-Microfiber-Brushes-Bendable-Household-Dust-Clean_jpg.webp\" alt=\"\" \/><\/p>\n<h2 style=\"text-align: center\" data-start=\"803\" data-end=\"822\">S\u00e5dan Bruges \ud83e\ude84<\/h2>\n<ol data-start=\"823\" data-end=\"981\">\n<li data-start=\"823\" data-end=\"867\">\n<p data-start=\"826\" data-end=\"867\">Juster h\u00e5ndtaget til den n\u00f8dvendige l\u00e6ngde.<\/p>\n<\/li>\n<li data-start=\"868\" data-end=\"918\">\n<p data-start=\"871\" data-end=\"918\">Fej over overflader for at opsamle st\u00f8v og snavs.<\/p>\n<\/li>\n<li data-start=\"919\" data-end=\"981\">\n<p data-start=\"922\" data-end=\"981\">Vask b\u00f8rstehovedet, n\u00e5r det er n\u00f8dvendigt, og lad det t\u00f8rre, s\u00e5 det kan genbruges.<\/p>\n<\/li>\n<\/ol>\n<h2 style=\"text-align: center\" data-start=\"983\" data-end=\"1007\">Produktdetaljer \ud83d\udccb<\/h2>\n<ul data-start=\"1008\" data-end=\"1208\">\n<li data-start=\"1008\" data-end=\"1050\">\n<p data-start=\"1010\" data-end=\"1050\">Materiale: Mikrofiber + rustfrit st\u00e5l<\/p>\n<\/li>\n<li data-start=\"1051\" data-end=\"1103\">\n<p data-start=\"1053\" data-end=\"1103\">St\u00f8rrelse: 2,5 m og 1,4 m (80 cm f\u00f8r udfoldning, 250 cm efter udfoldning)<\/p>\n<\/li>\n<li data-start=\"1104\" data-end=\"1163\">\n<p data-start=\"1106\" data-end=\"1163\">Anvendelse: Gulve, hylder, lofter, m\u00f8bler, apparater<\/p>\n<\/li>\n<li data-start=\"1164\" data-end=\"1208\">\n<p data-start=\"1166\" data-end=\"1208\">Funktioner: Genanvendelig, vaskbar, udtr\u00e6kkelig<\/p>\n<\/li>\n<\/ul>\n<h2 style=\"text-align: center\" data-start=\"1210\" data-end=\"1235\">Pakken Indeholder \ud83c\udf81<\/h2>\n<ul data-start=\"1236\" data-end=\"1308\">\n<li data-start=\"1236\" data-end=\"1308\">\n<p data-start=\"1238\" data-end=\"1308\">1x mikrofiber-st\u00f8vb\u00f8rstes\u00e6t (3 b\u00f8rstehoveder).<\/p>\n<\/li>\n<\/ul>\n","protected":false},"excerpt":{"rendered":"<p>G\u00f8r Nemt Rent I Hvert Hj\u00f8rne Af Dit Hjem! \ud83e\uddf9 Denne mikrofiberst\u00f8vb\u00f8rste g\u00f8r reng\u00f8ringen hurtigere, nemmere og mere effektiv. Dens [&hellip;]<\/p>\n","protected":false},"featured_media":24153,"comment_status":"open","ping_status":"closed","template":"","meta":{"site-sidebar-layout":"default","site-content-layout":"","ast-site-content-layout":"default","site-content-style":"default","site-sidebar-style":"default","ast-global-header-display":"","ast-banner-title-visibility":"","ast-main-header-display":"","ast-hfb-above-header-display":"","ast-hfb-below-header-display":"","ast-hfb-mobile-header-display":"","site-post-title":"","ast-breadcrumbs-content":"","ast-featured-img":"","footer-sml-layout":"","theme-transparent-header-meta":"default","adv-header-id-meta":"","stick-header-meta":"","header-above-stick-meta":"","header-main-stick-meta":"","header-below-stick-meta":"","astra-migrate-meta-layouts":"set","ast-page-background-enabled":"default","ast-page-background-meta":{"desktop":{"background-color":"var(--ast-global-color-5)","background-image":"","background-repeat":"repeat","background-position":"center center","background-size":"auto","background-attachment":"scroll","background-type":"","background-media":"","overlay-type":"","overlay-color":"","overlay-opacity":"","overlay-gradient":""},"tablet":{"background-color":"","background-image":"","background-repeat":"repeat","background-position":"center center","background-size":"auto","background-attachment":"scroll","background-type":"","background-media":"","overlay-type":"","overlay-color":"","overlay-opacity":"","overlay-gradient":""},"mobile":{"background-color":"","background-image":"","background-repeat":"repeat","background-position":"center center","background-size":"auto","background-attachment":"scroll","background-type":"","background-media":"","overlay-type":"","overlay-color":"","overlay-opacity":"","overlay-gradient":""}},"ast-content-background-meta":{"desktop":{"background-color":"var(--ast-global-color-4)","background-image":"","background-repeat":"repeat","background-position":"center center","background-size":"auto","background-attachment":"scroll","background-type":"","background-media":"","overlay-type":"","overlay-color":"","overlay-opacity":"","overlay-gradient":""},"tablet":{"background-color":"var(--ast-global-color-4)","background-image":"","background-repeat":"repeat","background-position":"center center","background-size":"auto","background-attachment":"scroll","background-type":"","background-media":"","overlay-type":"","overlay-color":"","overlay-opacity":"","overlay-gradient":""},"mobile":{"background-color":"var(--ast-global-color-4)","background-image":"","background-repeat":"repeat","background-position":"center center","background-size":"auto","background-attachment":"scroll","background-type":"","background-media":"","overlay-type":"","overlay-color":"","overlay-opacity":"","overlay-gradient":""}}},"product_brand":[],"product_cat":[19],"product_tag":[],"class_list":{"0":"post-24157","1":"product","2":"type-product","3":"status-publish","4":"has-post-thumbnail","6":"product_cat-uncategorized","7":"desktop-align-left","8":"tablet-align-left","9":"mobile-align-left","11":"first","12":"instock","13":"shipping-taxable","14":"purchasable","15":"product-type-simple"},"_links":{"self":[{"href":"https:\/\/ecostera.com\/dk\/wp-json\/wp\/v2\/product\/24157","targetHints":{"allow":["GET"]}}],"collection":[{"href":"https:\/\/ecostera.com\/dk\/wp-json\/wp\/v2\/product"}],"about":[{"href":"https:\/\/ecostera.com\/dk\/wp-json\/wp\/v2\/types\/product"}],"replies":[{"embeddable":true,"href":"https:\/\/ecostera.com\/dk\/wp-json\/wp\/v2\/comments?post=24157"}],"wp:featuredmedia":[{"embeddable":true,"href":"https:\/\/ecostera.com\/dk\/wp-json\/wp\/v2\/media\/24153"}],"wp:attachment":[{"href":"https:\/\/ecostera.com\/dk\/wp-json\/wp\/v2\/media?parent=24157"}],"wp:term":[{"taxonomy":"product_brand","embeddable":true,"href":"https:\/\/ecostera.com\/dk\/wp-json\/wp\/v2\/product_brand?post=24157"},{"taxonomy":"product_cat","embeddable":true,"href":"https:\/\/ecostera.com\/dk\/wp-json\/wp\/v2\/product_cat?post=24157"},{"taxonomy":"product_tag","embeddable":true,"href":"https:\/\/ecostera.com\/dk\/wp-json\/wp\/v2\/product_tag?post=24157"}],"curies":[{"name":"wp","href":"https:\/\/api.w.org\/{rel}","templated":true}]}}