{"id":24166,"date":"2025-09-22T09:37:12","date_gmt":"2025-09-22T06:37:12","guid":{"rendered":"https:\/\/ecostera.com\/dk\/product\/clips-til-flere-formaal\/"},"modified":"2025-09-22T09:37:25","modified_gmt":"2025-09-22T06:37:25","slug":"clips-til-flere-formaal","status":"publish","type":"product","link":"https:\/\/ecostera.com\/dk\/product\/clips-til-flere-formaal\/","title":{"rendered":"Clips til flere form\u00e5l"},"content":{"rendered":"<p style=\"text-align: center\" data-start=\"0\" data-end=\"94\"><strong data-start=\"0\" data-end=\"94\">Organiser, fastg\u00f8r og ryd op i din bil eller dit hjem med disse alsidige clips til flere form\u00e5l! \ud83e\uddf0<\/strong><\/p>\n<p style=\"text-align: center\" data-start=\"96\" data-end=\"420\">Disse multifunktionelle clips er perfekte til at holde bilens gulvm\u00e5tter p\u00e5 plads og fungerer ogs\u00e5 som st\u00e6rke kroge til at holde tasker, snacks eller andre sm\u00e5ting. Uanset om du rydder op i din bil eller tilf\u00f8jer ekstra opbevaring i dit k\u00f8kken, badev\u00e6relse eller stue, er disse genanvendelige clips en ren og praktisk l\u00f8sning.<\/p>\n<p data-start=\"96\" data-end=\"420\"><img decoding=\"async\" class=\"size-full wp-image-31696 aligncenter\" src=\"https:\/\/keluvo.com\/template\/wp-content\/uploads\/sites\/5\/2025\/08\/07217-ezgif.com-video-to-webp-converter-1.webp\" alt=\"\" \/><\/p>\n<h2 style=\"text-align: center\" data-start=\"427\" data-end=\"449\"><strong>Vigtigste Fordele<\/strong><\/h2>\n<p data-start=\"452\" data-end=\"522\">\ud83d\ude97 Fastg\u00f8r gulvm\u00e5tter &#8211; forhindrer, at de glider og bev\u00e6ger sig i bilen<\/p>\n<p data-start=\"525\" data-end=\"601\">\ud83e\uddf0 Kan bruges til flere form\u00e5l &#8211; fungerer som en clips eller krog til oph\u00e6ngning af sm\u00e5ting<\/p>\n<p data-start=\"604\" data-end=\"681\">\ud83d\udca7 Vandt\u00e6t &amp; holdbar &#8211; fremstillet af robust PP-plast til langvarig brug<\/p>\n<p data-start=\"684\" data-end=\"762\">\ud83e\uddfd Rydder op i dit rum &#8211; ideel til biler, k\u00f8kkener, badev\u00e6relser og meget mere<\/p>\n<p data-start=\"765\" data-end=\"833\">\ud83d\udd01 Genanvendeligt kl\u00e6bemiddel &#8211; tr\u00e6k af, s\u00e6t fast og flyt efter behov<\/p>\n<p data-start=\"765\" data-end=\"833\"><img decoding=\"async\" class=\"size-full wp-image-31697 aligncenter\" src=\"https:\/\/keluvo.com\/template\/wp-content\/uploads\/sites\/5\/2025\/08\/5b50d048-01c7-4480-adb1-d3e47270a396.gif\" alt=\"\" \/><\/p>\n<h2 style=\"text-align: center\" data-start=\"840\" data-end=\"859\"><strong>S\u00e5dan Bruges<\/strong><\/h2>\n<ol data-start=\"860\" data-end=\"1209\">\n<li data-start=\"860\" data-end=\"926\">\n<p data-start=\"863\" data-end=\"926\">Reng\u00f8r og t\u00f8r den overflade, hvor du vil montere clipsen.<\/p>\n<\/li>\n<li data-start=\"927\" data-end=\"995\">\n<p data-start=\"930\" data-end=\"995\">Tr\u00e6k den selvkl\u00e6bende bagside af (r\u00f8r ikke direkte ved limen).<\/p>\n<\/li>\n<li data-start=\"996\" data-end=\"1067\">\n<p data-start=\"999\" data-end=\"1067\">tryk clipsen fast p\u00e5 overfladen, og hold den i et par sekunder.<\/p>\n<\/li>\n<li data-start=\"1068\" data-end=\"1138\">\n<p data-start=\"1071\" data-end=\"1138\">lad den sidde i kort tid, f\u00f8r du fastg\u00f8r genstande eller gulvm\u00e5tter.<\/p>\n<\/li>\n<li data-start=\"1139\" data-end=\"1209\">\n<p data-start=\"1142\" data-end=\"1209\">undg\u00e5 at tr\u00e6kke i den umiddelbart efter montering for at opn\u00e5 de bedste resultater.<\/p>\n<\/li>\n<\/ol>\n<h2 style=\"text-align: center\" data-start=\"1216\" data-end=\"1240\"><strong>Produktdetaljer<\/strong><\/h2>\n<ul data-start=\"1241\" data-end=\"1508\">\n<li data-start=\"1241\" data-end=\"1278\">\n<p data-start=\"1243\" data-end=\"1278\">Materiale: PP-plast af h\u00f8j kvalitet<\/p>\n<\/li>\n<li data-start=\"1279\" data-end=\"1323\">\n<p data-start=\"1281\" data-end=\"1323\">Clipst\u00f8rrelse: 50 mm x 450 mm x 1,2 m (ca.)<\/p>\n<\/li>\n<li data-start=\"1341\" data-end=\"1392\">\n<p data-start=\"1343\" data-end=\"1392\">Montering: Selvkl\u00e6bende (kr\u00e6ver ikke v\u00e6rkt\u00f8j)<\/p>\n<\/li>\n<li data-start=\"1438\" data-end=\"1508\">\n<p data-start=\"1440\" data-end=\"1508\">Anvendelse: Fastg\u00f8relse af bilens gulvm\u00e5tte, oph\u00e6ngning af snacks, tasker eller opbevaring i hjemmet<\/p>\n<\/li>\n<\/ul>\n<h2 style=\"text-align: center\" data-start=\"1515\" data-end=\"1540\"><strong>Pakken Indeholder<\/strong><\/h2>\n<ul data-start=\"1541\" data-end=\"1600\">\n<li data-start=\"1541\" data-end=\"1600\">\n<p data-start=\"1543\" data-end=\"1600\">10, 20, 30x multifunktionelle clips.<\/p>\n<\/li>\n<\/ul>\n","protected":false},"excerpt":{"rendered":"<p>Organiser, fastg\u00f8r og ryd op i din bil eller dit hjem med disse alsidige clips til flere form\u00e5l! \ud83e\uddf0 Disse [&hellip;]<\/p>\n","protected":false},"featured_media":24162,"comment_status":"open","ping_status":"closed","template":"","meta":{"site-sidebar-layout":"default","site-content-layout":"","ast-site-content-layout":"default","site-content-style":"default","site-sidebar-style":"default","ast-global-header-display":"","ast-banner-title-visibility":"","ast-main-header-display":"","ast-hfb-above-header-display":"","ast-hfb-below-header-display":"","ast-hfb-mobile-header-display":"","site-post-title":"","ast-breadcrumbs-content":"","ast-featured-img":"","footer-sml-layout":"","theme-transparent-header-meta":"default","adv-header-id-meta":"","stick-header-meta":"","header-above-stick-meta":"","header-main-stick-meta":"","header-below-stick-meta":"","astra-migrate-meta-layouts":"set","ast-page-background-enabled":"default","ast-page-background-meta":{"desktop":{"background-color":"var(--ast-global-color-5)","background-image":"","background-repeat":"repeat","background-position":"center center","background-size":"auto","background-attachment":"scroll","background-type":"","background-media":"","overlay-type":"","overlay-color":"","overlay-opacity":"","overlay-gradient":""},"tablet":{"background-color":"","background-image":"","background-repeat":"repeat","background-position":"center center","background-size":"auto","background-attachment":"scroll","background-type":"","background-media":"","overlay-type":"","overlay-color":"","overlay-opacity":"","overlay-gradient":""},"mobile":{"background-color":"","background-image":"","background-repeat":"repeat","background-position":"center center","background-size":"auto","background-attachment":"scroll","background-type":"","background-media":"","overlay-type":"","overlay-color":"","overlay-opacity":"","overlay-gradient":""}},"ast-content-background-meta":{"desktop":{"background-color":"var(--ast-global-color-4)","background-image":"","background-repeat":"repeat","background-position":"center center","background-size":"auto","background-attachment":"scroll","background-type":"","background-media":"","overlay-type":"","overlay-color":"","overlay-opacity":"","overlay-gradient":""},"tablet":{"background-color":"var(--ast-global-color-4)","background-image":"","background-repeat":"repeat","background-position":"center center","background-size":"auto","background-attachment":"scroll","background-type":"","background-media":"","overlay-type":"","overlay-color":"","overlay-opacity":"","overlay-gradient":""},"mobile":{"background-color":"var(--ast-global-color-4)","background-image":"","background-repeat":"repeat","background-position":"center center","background-size":"auto","background-attachment":"scroll","background-type":"","background-media":"","overlay-type":"","overlay-color":"","overlay-opacity":"","overlay-gradient":""}}},"product_brand":[],"product_cat":[19],"product_tag":[],"class_list":{"0":"post-24166","1":"product","2":"type-product","3":"status-publish","4":"has-post-thumbnail","6":"product_cat-uncategorized","7":"pa_32237_3kp57ogg-10-stk","8":"pa_32237_3kp57ogg-20-stk","9":"pa_32237_3kp57ogg-30-stk","10":"desktop-align-left","11":"tablet-align-left","12":"mobile-align-left","14":"first","15":"instock","16":"shipping-taxable","17":"purchasable","18":"product-type-variable"},"_links":{"self":[{"href":"https:\/\/ecostera.com\/dk\/wp-json\/wp\/v2\/product\/24166","targetHints":{"allow":["GET"]}}],"collection":[{"href":"https:\/\/ecostera.com\/dk\/wp-json\/wp\/v2\/product"}],"about":[{"href":"https:\/\/ecostera.com\/dk\/wp-json\/wp\/v2\/types\/product"}],"replies":[{"embeddable":true,"href":"https:\/\/ecostera.com\/dk\/wp-json\/wp\/v2\/comments?post=24166"}],"wp:featuredmedia":[{"embeddable":true,"href":"https:\/\/ecostera.com\/dk\/wp-json\/wp\/v2\/media\/24162"}],"wp:attachment":[{"href":"https:\/\/ecostera.com\/dk\/wp-json\/wp\/v2\/media?parent=24166"}],"wp:term":[{"taxonomy":"product_brand","embeddable":true,"href":"https:\/\/ecostera.com\/dk\/wp-json\/wp\/v2\/product_brand?post=24166"},{"taxonomy":"product_cat","embeddable":true,"href":"https:\/\/ecostera.com\/dk\/wp-json\/wp\/v2\/product_cat?post=24166"},{"taxonomy":"product_tag","embeddable":true,"href":"https:\/\/ecostera.com\/dk\/wp-json\/wp\/v2\/product_tag?post=24166"}],"curies":[{"name":"wp","href":"https:\/\/api.w.org\/{rel}","templated":true}]}}