{"id":24199,"date":"2025-09-22T09:39:43","date_gmt":"2025-09-22T06:39:43","guid":{"rendered":"https:\/\/ecostera.com\/dk\/product\/skuldertaske-6\/"},"modified":"2025-09-22T09:39:51","modified_gmt":"2025-09-22T06:39:51","slug":"skuldertaske-6","status":"publish","type":"product","link":"https:\/\/ecostera.com\/dk\/product\/skuldertaske-6\/","title":{"rendered":"Skuldertaske"},"content":{"rendered":"<p style=\"text-align: center\" data-start=\"149\" data-end=\"199\"><strong data-start=\"149\" data-end=\"194\">G\u00e5 Ud Med Stil Og Tidl\u00f8s Elegance!<\/strong> \ud83d\udc5c<\/p>\n<p style=\"text-align: center\" data-start=\"201\" data-end=\"449\">Denne h\u00e5ndtaske blander luksus og funktionalitet, hvilket g\u00f8r den til det perfekte tilbeh\u00f8r til enhver lejlighed. Dens f\u00f8rsteklasses materialer og raffinerede design g\u00f8r den til et alsidigt valg &#8211; uanset om du skal p\u00e5 arbejde, shoppe eller i byen.<span style=\"font-size: 16px;font-style: normal;font-weight: 400\">\u2728<\/span><\/p>\n<p data-start=\"201\" data-end=\"449\"><img decoding=\"async\" class=\"size-full wp-image-31706 aligncenter\" src=\"https:\/\/keluvo.com\/template\/wp-content\/uploads\/sites\/5\/2025\/08\/SMWNrwV6fhmtmLk3jVlh.jpg\" alt=\"\" \/><\/p>\n<h2 style=\"text-align: center\" data-start=\"451\" data-end=\"473\">Hovedfordele \ud83c\udf1f<\/h2>\n<p data-start=\"476\" data-end=\"547\">\ud83d\udcbc Elegant design &#8211; tilf\u00f8jer et strejf af raffinement til ethvert outfit<\/p>\n<p data-start=\"550\" data-end=\"624\">\ud83e\uddf5 Materialer af h\u00f8j kvalitet &#8211; lavet til at holde med f\u00f8rsteklasses h\u00e5ndv\u00e6rk<\/p>\n<p data-start=\"627\" data-end=\"713\">\ud83c\udfaf Praktisk og stilfuld &#8211; rummelig nok til de vigtigste ting, mens den forbliver kompakt<\/p>\n<p data-start=\"716\" data-end=\"774\">\ud83c\udf80 Komfortabel rem &#8211; justerbar for en perfekt pasform<\/p>\n<p data-start=\"777\" data-end=\"846\">\ud83e\uddf3 Alsidig brug &#8211; ideel til afslappet, forretnings- eller aftenbrug<\/p>\n<p data-start=\"777\" data-end=\"846\"><img decoding=\"async\" class=\"size-full wp-image-31711 aligncenter\" src=\"https:\/\/keluvo.com\/template\/wp-content\/uploads\/sites\/5\/2025\/08\/Sc2ce0ad63cba4ecd9c83ca27f4be1c72M.jpg_960x960q75.jpg_.avif\" alt=\"\" \/><\/p>\n<h2 style=\"text-align: center\" data-start=\"848\" data-end=\"867\">S\u00e5dan Bruges \ud83e\ude84<\/h2>\n<ol data-start=\"868\" data-end=\"1045\">\n<li data-start=\"868\" data-end=\"915\">\n<p data-start=\"871\" data-end=\"915\">Juster remmen til din foretrukne l\u00e6ngde.<\/p>\n<\/li>\n<li data-start=\"916\" data-end=\"979\">\n<p data-start=\"919\" data-end=\"979\">Opbevar dine vigtigste ting som telefon, pung og n\u00f8gler inden i.<\/p>\n<\/li>\n<li data-start=\"980\" data-end=\"1045\">\n<p data-start=\"983\" data-end=\"1045\">B\u00e6r den p\u00e5 skulderen eller crossbody for ubesv\u00e6ret stil.<\/p>\n<\/li>\n<\/ol>\n<h2 style=\"text-align: center\" data-start=\"1047\" data-end=\"1071\">Produktoplysninger \ud83d\udccb<\/h2>\n<ul data-start=\"1072\" data-end=\"1233\">\n<li data-start=\"1072\" data-end=\"1101\">\n<p data-start=\"1074\" data-end=\"1101\">Materiale: Premium l\u00e6der<\/p>\n<\/li>\n<li data-start=\"1102\" data-end=\"1118\">\n<p data-start=\"1104\" data-end=\"1118\">Farve: Kaffe og beige<\/p>\n<\/li>\n<li data-start=\"1119\" data-end=\"1152\">\n<p data-start=\"1121\" data-end=\"1152\">Stil: Skulder\/crossbody-taske<\/p>\n<\/li>\n<li data-start=\"1153\" data-end=\"1233\">\n<p data-start=\"1155\" data-end=\"1233\">Funktioner: Justerbar rem, rummeligt hovedrum, sikker lynl\u00e5slukning<\/p>\n<\/li>\n<li data-start=\"1153\" data-end=\"1233\">St\u00f8rrelse: 22 x 14 x 5 cm.<\/li>\n<\/ul>\n<h2 style=\"text-align: center\" data-start=\"1235\" data-end=\"1260\">Pakken Indeholder \ud83c\udf81<\/h2>\n<ul data-start=\"1261\" data-end=\"1321\">\n<li data-start=\"1261\" data-end=\"1321\">\n<p data-start=\"1263\" data-end=\"1321\">1x skulder\/crossbody-taske.<\/p>\n<\/li>\n<\/ul>\n","protected":false},"excerpt":{"rendered":"<p>G\u00e5 Ud Med Stil Og Tidl\u00f8s Elegance! \ud83d\udc5c Denne h\u00e5ndtaske blander luksus og funktionalitet, hvilket g\u00f8r den til det perfekte [&hellip;]<\/p>\n","protected":false},"featured_media":24195,"comment_status":"open","ping_status":"closed","template":"","meta":{"site-sidebar-layout":"default","site-content-layout":"","ast-site-content-layout":"default","site-content-style":"default","site-sidebar-style":"default","ast-global-header-display":"","ast-banner-title-visibility":"","ast-main-header-display":"","ast-hfb-above-header-display":"","ast-hfb-below-header-display":"","ast-hfb-mobile-header-display":"","site-post-title":"","ast-breadcrumbs-content":"","ast-featured-img":"","footer-sml-layout":"","theme-transparent-header-meta":"default","adv-header-id-meta":"","stick-header-meta":"","header-above-stick-meta":"","header-main-stick-meta":"","header-below-stick-meta":"","astra-migrate-meta-layouts":"set","ast-page-background-enabled":"default","ast-page-background-meta":{"desktop":{"background-color":"var(--ast-global-color-5)","background-image":"","background-repeat":"repeat","background-position":"center center","background-size":"auto","background-attachment":"scroll","background-type":"","background-media":"","overlay-type":"","overlay-color":"","overlay-opacity":"","overlay-gradient":""},"tablet":{"background-color":"","background-image":"","background-repeat":"repeat","background-position":"center center","background-size":"auto","background-attachment":"scroll","background-type":"","background-media":"","overlay-type":"","overlay-color":"","overlay-opacity":"","overlay-gradient":""},"mobile":{"background-color":"","background-image":"","background-repeat":"repeat","background-position":"center center","background-size":"auto","background-attachment":"scroll","background-type":"","background-media":"","overlay-type":"","overlay-color":"","overlay-opacity":"","overlay-gradient":""}},"ast-content-background-meta":{"desktop":{"background-color":"var(--ast-global-color-4)","background-image":"","background-repeat":"repeat","background-position":"center center","background-size":"auto","background-attachment":"scroll","background-type":"","background-media":"","overlay-type":"","overlay-color":"","overlay-opacity":"","overlay-gradient":""},"tablet":{"background-color":"var(--ast-global-color-4)","background-image":"","background-repeat":"repeat","background-position":"center center","background-size":"auto","background-attachment":"scroll","background-type":"","background-media":"","overlay-type":"","overlay-color":"","overlay-opacity":"","overlay-gradient":""},"mobile":{"background-color":"var(--ast-global-color-4)","background-image":"","background-repeat":"repeat","background-position":"center center","background-size":"auto","background-attachment":"scroll","background-type":"","background-media":"","overlay-type":"","overlay-color":"","overlay-opacity":"","overlay-gradient":""}}},"product_brand":[],"product_cat":[19],"product_tag":[],"class_list":{"0":"post-24199","1":"product","2":"type-product","3":"status-publish","4":"has-post-thumbnail","6":"product_cat-uncategorized","7":"pa_35091_ynbty58p-beige","8":"pa_35091_ynbty58p-kaffe","9":"desktop-align-left","10":"tablet-align-left","11":"mobile-align-left","13":"first","14":"instock","15":"shipping-taxable","16":"purchasable","17":"product-type-variable"},"_links":{"self":[{"href":"https:\/\/ecostera.com\/dk\/wp-json\/wp\/v2\/product\/24199","targetHints":{"allow":["GET"]}}],"collection":[{"href":"https:\/\/ecostera.com\/dk\/wp-json\/wp\/v2\/product"}],"about":[{"href":"https:\/\/ecostera.com\/dk\/wp-json\/wp\/v2\/types\/product"}],"replies":[{"embeddable":true,"href":"https:\/\/ecostera.com\/dk\/wp-json\/wp\/v2\/comments?post=24199"}],"wp:featuredmedia":[{"embeddable":true,"href":"https:\/\/ecostera.com\/dk\/wp-json\/wp\/v2\/media\/24195"}],"wp:attachment":[{"href":"https:\/\/ecostera.com\/dk\/wp-json\/wp\/v2\/media?parent=24199"}],"wp:term":[{"taxonomy":"product_brand","embeddable":true,"href":"https:\/\/ecostera.com\/dk\/wp-json\/wp\/v2\/product_brand?post=24199"},{"taxonomy":"product_cat","embeddable":true,"href":"https:\/\/ecostera.com\/dk\/wp-json\/wp\/v2\/product_cat?post=24199"},{"taxonomy":"product_tag","embeddable":true,"href":"https:\/\/ecostera.com\/dk\/wp-json\/wp\/v2\/product_tag?post=24199"}],"curies":[{"name":"wp","href":"https:\/\/api.w.org\/{rel}","templated":true}]}}