{"id":2431,"date":"2025-07-15T13:06:19","date_gmt":"2025-07-15T13:06:19","guid":{"rendered":"https:\/\/ecostera.com\/dk\/product\/elektrisk-oererenser\/"},"modified":"2025-09-15T12:51:28","modified_gmt":"2025-09-15T09:51:28","slug":"elektrisk-oererenser","status":"publish","type":"product","link":"https:\/\/ecostera.com\/dk\/product\/elektrisk-oererenser\/","title":{"rendered":"Elektrisk \u00f8rerenser"},"content":{"rendered":"<h2 style=\"text-align: center\">\ud83d\ude0a Sk\u00e5nsom, nem og sikker for alle<\/h2>\n<p class=\"\" style=\"text-align: center\" data-start=\"64\" data-end=\"183\"><span class=\"relative -mx-px my-[-0.2rem] rounded px-px py-[0.2rem] transition-colors duration-100 ease-in-out\">Hold dine \u00f8rer rene og glade med vores elektriske \u00f8rerenser!<\/span> <span class=\"relative -mx-px my-[-0.2rem] rounded px-px py-[0.2rem] transition-colors duration-100 ease-in-out\">Den er nem at bruge, bl\u00f8d at r\u00f8re ved og fungerer godt til b\u00e5de b\u00f8rn og voksne.<\/span>\u200b<\/p>\n<p><img decoding=\"async\" class=\"size-full wp-image-14410 aligncenter\" src=\"https:\/\/keluvo.com\/template\/wp-content\/uploads\/sites\/5\/2025\/04\/electricearcleanervideo-ezgif.com-gif-to-webp-converter.webp\" alt=\"\" \/><\/p>\n<h2 style=\"text-align: center\" data-start=\"190\" data-end=\"215\">\ud83c\udf1f Hvorfor du vil elske den:<\/h2>\n<ul data-start=\"217\" data-end=\"732\">\n<li class=\"\" data-start=\"217\" data-end=\"321\">\n<p class=\"\" data-start=\"219\" data-end=\"321\"><strong data-start=\"219\" data-end=\"238\">Bl\u00f8d Og Sk\u00e5nsom<\/strong>: <span class=\"relative -mx-px my-[-0.2rem] rounded px-px py-[0.2rem] transition-colors duration-100 ease-in-out\">Spidsen er lavet af bl\u00f8dt, b\u00f8jeligt materiale, som f\u00f8les rart i \u00f8ret.<\/span><\/p>\n<\/li>\n<li class=\"\" data-start=\"322\" data-end=\"424\">\n<p class=\"\" data-start=\"324\" data-end=\"424\"><strong data-start=\"324\" data-end=\"341\">Sikker For B\u00f8rn<\/strong>: <span class=\"relative -mx-px my-[-0.2rem] rounded px-px py-[0.2rem] transition-colors duration-100 ease-in-out\">Den er designet til at v\u00e6re sk\u00e5nsom, s\u00e5 den ogs\u00e5 er sikker for sm\u00e5 \u00f8rer.<\/span>\u200b<\/p>\n<\/li>\n<li class=\"\" data-start=\"425\" data-end=\"525\">\n<p class=\"\" data-start=\"427\" data-end=\"525\"><strong>Nem At Bruge<\/strong>: <span class=\"relative -mx-px my-[-0.2rem] rounded px-px py-[0.2rem] transition-colors duration-100 ease-in-out\">Bare t\u00e6nd for den, og s\u00e6t den forsigtigt ind i \u00f8ret. Apparatet vil begynde at suge \u00f8revoksen ud.<\/span>\u200b<\/p>\n<\/li>\n<li class=\"\" data-start=\"526\" data-end=\"624\">\n<p class=\"\" data-start=\"528\" data-end=\"624\"><strong data-start=\"528\" data-end=\"539\">Intet Rod<\/strong>: <span class=\"relative -mx-px my-[-0.2rem] rounded px-px py-[0.2rem] transition-colors duration-100 ease-in-out\">Den s\u00e6rlige spids hj\u00e6lper med at fjerne voks rent uden at skubbe det dybere.<\/span>\u200b<\/p>\n<\/li>\n<li class=\"\" data-start=\"625\" data-end=\"732\">\n<p class=\"\" data-start=\"627\" data-end=\"732\"><strong data-start=\"627\" data-end=\"645\">Hurtig Reng\u00f8ring<\/strong>: Klaret p\u00e5 f\u00e5 minutter!<\/p>\n<\/li>\n<\/ul>\n<p><img decoding=\"async\" class=\"size-full wp-image-14412 aligncenter\" src=\"https:\/\/keluvo.com\/template\/wp-content\/uploads\/sites\/5\/2025\/04\/c6e5d421-35a4-465f-84b9-ea5bb58f2bfd.webp\" alt=\"\" \/><\/p>\n<h2 style=\"text-align: center\" data-start=\"739\" data-end=\"762\">\ud83d\udee0\ufe0f Produktdetaljer<\/h2>\n<ul data-start=\"764\" data-end=\"1177\">\n<li class=\"\" data-start=\"764\" data-end=\"861\">\n<p class=\"\" data-start=\"766\" data-end=\"861\"><strong data-start=\"766\" data-end=\"774\">St\u00f8rrelse<\/strong>: <span class=\"relative -mx-px my-[-0.2rem] rounded px-px py-[0.2rem] transition-colors duration-100 ease-in-out\">13 cm lang, vejer kun 71 gram &#8211; nem at holde i.<\/span><\/p>\n<\/li>\n<li class=\"\" data-start=\"862\" data-end=\"965\">\n<p class=\"\" data-start=\"864\" data-end=\"965\"><strong data-start=\"864\" data-end=\"878\">Spidsl\u00e6ngde<\/strong>: <span class=\"relative -mx-px my-[-0.2rem] rounded px-px py-[0.2rem] transition-colors duration-100 ease-in-out\">Ca. 2,5 cm &#8211; lige til at reng\u00f8re sikkert.<\/span>\u200b<\/p>\n<\/li>\n<li class=\"\" data-start=\"966\" data-end=\"1072\">\n<p class=\"\" data-start=\"968\" data-end=\"1072\"><strong data-start=\"968\" data-end=\"985\">Nem At Reng\u00f8re<\/strong>: <span class=\"relative -mx-px my-[-0.2rem] rounded px-px py-[0.2rem] transition-colors duration-100 ease-in-out\">Vask spidsen med vand efter brug.<\/span>\u200b<\/p>\n<\/li>\n<li class=\"\" data-start=\"1073\" data-end=\"1177\">\n<p class=\"\" data-start=\"1075\" data-end=\"1177\"><strong data-start=\"1075\" data-end=\"1090\">Ekstra V\u00e6rkt\u00f8j<\/strong>: <span class=\"relative -mx-px my-[-0.2rem] rounded px-px py-[0.2rem] transition-colors duration-100 ease-in-out\">Leveres med en lille b\u00f8rste til at reng\u00f8re filteret.<\/span><\/p>\n<\/li>\n<\/ul>\n<p class=\"\" style=\"text-align: center\" data-start=\"1184\" data-end=\"1309\"><span class=\"relative -mx-px my-[-0.2rem] rounded px-px py-[0.2rem] transition-colors duration-100 ease-in-out\">Perfekt til brug derhjemme, i bilen eller p\u00e5 kontoret.<\/span> <span class=\"relative -mx-px my-[-0.2rem] rounded px-px py-[0.2rem] transition-colors duration-100 ease-in-out\">Uanset om du bruger det som bils\u00e6debetr\u00e6k, stoleunderlag, sofabetr\u00e6k eller endda et hyggeligt t\u00e6ppe, tilf\u00f8jer det komfort, uanset hvor du placerer det.<\/span>\u200b<\/p>\n<div class=\"absolute h-[60px]\">\n<div class=\"flex flex-row-reverse\">\n<div class=\"border-token-main-surface-primary bg-token-main-surface-primary flex items-center overflow-hidden rounded-full -ms-1 first:me-0 border-2 group-hover\/footnote:border-token-main-surface-secondary relative\"><\/div>\n<\/div>\n<\/div>\n<p class=\"\" data-start=\"1075\" data-end=\"1177\">\u200b<\/p>\n","protected":false},"excerpt":{"rendered":"<p>\ud83d\ude0a Sk\u00e5nsom, nem og sikker for alle Hold dine \u00f8rer rene og glade med vores elektriske \u00f8rerenser! Den er nem [&hellip;]<\/p>\n","protected":false},"featured_media":2425,"comment_status":"open","ping_status":"closed","template":"","meta":{"site-sidebar-layout":"default","site-content-layout":"","ast-site-content-layout":"default","site-content-style":"default","site-sidebar-style":"default","ast-global-header-display":"","ast-banner-title-visibility":"","ast-main-header-display":"","ast-hfb-above-header-display":"","ast-hfb-below-header-display":"","ast-hfb-mobile-header-display":"","site-post-title":"","ast-breadcrumbs-content":"","ast-featured-img":"","footer-sml-layout":"","theme-transparent-header-meta":"default","adv-header-id-meta":"","stick-header-meta":"","header-above-stick-meta":"","header-main-stick-meta":"","header-below-stick-meta":"","astra-migrate-meta-layouts":"set","ast-page-background-enabled":"default","ast-page-background-meta":{"desktop":{"background-color":"var(--ast-global-color-5)","background-image":"","background-repeat":"repeat","background-position":"center center","background-size":"auto","background-attachment":"scroll","background-type":"","background-media":"","overlay-type":"","overlay-color":"","overlay-opacity":"","overlay-gradient":""},"tablet":{"background-color":"","background-image":"","background-repeat":"repeat","background-position":"center center","background-size":"auto","background-attachment":"scroll","background-type":"","background-media":"","overlay-type":"","overlay-color":"","overlay-opacity":"","overlay-gradient":""},"mobile":{"background-color":"","background-image":"","background-repeat":"repeat","background-position":"center center","background-size":"auto","background-attachment":"scroll","background-type":"","background-media":"","overlay-type":"","overlay-color":"","overlay-opacity":"","overlay-gradient":""}},"ast-content-background-meta":{"desktop":{"background-color":"var(--ast-global-color-4)","background-image":"","background-repeat":"repeat","background-position":"center center","background-size":"auto","background-attachment":"scroll","background-type":"","background-media":"","overlay-type":"","overlay-color":"","overlay-opacity":"","overlay-gradient":""},"tablet":{"background-color":"var(--ast-global-color-4)","background-image":"","background-repeat":"repeat","background-position":"center center","background-size":"auto","background-attachment":"scroll","background-type":"","background-media":"","overlay-type":"","overlay-color":"","overlay-opacity":"","overlay-gradient":""},"mobile":{"background-color":"var(--ast-global-color-4)","background-image":"","background-repeat":"repeat","background-position":"center center","background-size":"auto","background-attachment":"scroll","background-type":"","background-media":"","overlay-type":"","overlay-color":"","overlay-opacity":"","overlay-gradient":""}}},"product_brand":[],"product_cat":[19],"product_tag":[],"class_list":{"0":"post-2431","1":"product","2":"type-product","3":"status-publish","4":"has-post-thumbnail","6":"product_cat-uncategorized","7":"desktop-align-left","8":"tablet-align-left","9":"mobile-align-left","11":"first","12":"instock","13":"shipping-taxable","14":"purchasable","15":"product-type-simple"},"_links":{"self":[{"href":"https:\/\/ecostera.com\/dk\/wp-json\/wp\/v2\/product\/2431","targetHints":{"allow":["GET"]}}],"collection":[{"href":"https:\/\/ecostera.com\/dk\/wp-json\/wp\/v2\/product"}],"about":[{"href":"https:\/\/ecostera.com\/dk\/wp-json\/wp\/v2\/types\/product"}],"replies":[{"embeddable":true,"href":"https:\/\/ecostera.com\/dk\/wp-json\/wp\/v2\/comments?post=2431"}],"wp:featuredmedia":[{"embeddable":true,"href":"https:\/\/ecostera.com\/dk\/wp-json\/wp\/v2\/media\/2425"}],"wp:attachment":[{"href":"https:\/\/ecostera.com\/dk\/wp-json\/wp\/v2\/media?parent=2431"}],"wp:term":[{"taxonomy":"product_brand","embeddable":true,"href":"https:\/\/ecostera.com\/dk\/wp-json\/wp\/v2\/product_brand?post=2431"},{"taxonomy":"product_cat","embeddable":true,"href":"https:\/\/ecostera.com\/dk\/wp-json\/wp\/v2\/product_cat?post=2431"},{"taxonomy":"product_tag","embeddable":true,"href":"https:\/\/ecostera.com\/dk\/wp-json\/wp\/v2\/product_tag?post=2431"}],"curies":[{"name":"wp","href":"https:\/\/api.w.org\/{rel}","templated":true}]}}