{"id":2436,"date":"2025-07-15T13:06:54","date_gmt":"2025-07-15T13:06:54","guid":{"rendered":"https:\/\/ecostera.com\/dk\/product\/hjerte-armbaand\/"},"modified":"2025-07-15T13:07:00","modified_gmt":"2025-07-15T13:07:00","slug":"hjerte-armbaand","status":"publish","type":"product","link":"https:\/\/ecostera.com\/dk\/product\/hjerte-armbaand\/","title":{"rendered":"Hjerte-armb\u00e5nd"},"content":{"rendered":"<h2 style=\"text-align: center\" data-start=\"0\" data-end=\"33\"><strong>Elegant Og Tidl\u00f8st Design<\/strong><\/h2>\n<p class=\"\" style=\"text-align: center\" data-start=\"34\" data-end=\"273\">Hjertearmb\u00e5ndet har et fint hjertevedh\u00e6ng p\u00e5 en stilfuld k\u00e6de. Det enkle, men elegante look g\u00f8r det perfekt til hverdagsbrug eller s\u00e6rlige lejligheder. Det er designet til at supplere ethvert outfit og tilf\u00f8jer et strejf af charme og raffinement.<\/p>\n<p data-start=\"34\" data-end=\"273\"><img decoding=\"async\" class=\"alignnone size-medium wp-image-13365 aligncenter\" src=\"https:\/\/keluvo.com\/template\/wp-content\/uploads\/sites\/5\/2025\/04\/S01d8263efabe45319dbaf53f3ec50f22t.jpg_960x960q75.jpg_.jpeg\" alt=\"\" \/><\/p>\n<h2 style=\"text-align: center\" data-start=\"275\" data-end=\"313\"><strong>Holdbart Materiale I Rustfrit St\u00e5l<\/strong><\/h2>\n<p class=\"\" style=\"text-align: center\" data-start=\"314\" data-end=\"559\">Hjertearmb\u00e5ndet er fremstillet af rustfrit st\u00e5l af h\u00f8j kvalitet og er modstandsdygtigt over for falmning og anl\u00f8bning. Det bevarer sin glans selv efter kontakt med vand, hvilket sikrer langvarig sk\u00f8nhed. Det allergivenlige materiale g\u00f8r det sikkert for f\u00f8lsom hud.<\/p>\n<p style=\"text-align: center\" data-start=\"314\" data-end=\"559\"><img decoding=\"async\" class=\"alignnone size-medium wp-image-13367\" src=\"https:\/\/keluvo.com\/template\/wp-content\/uploads\/sites\/5\/2025\/04\/S0368b2f9269c41b78b92917256a36278U.jpg_960x960q75.jpg_.jpeg\" alt=\"\" \/><\/p>\n","protected":false},"excerpt":{"rendered":"<p>Elegant Og Tidl\u00f8st Design Hjertearmb\u00e5ndet har et fint hjertevedh\u00e6ng p\u00e5 en stilfuld k\u00e6de. Det enkle, men elegante look g\u00f8r det [&hellip;]<\/p>\n","protected":false},"featured_media":2432,"comment_status":"open","ping_status":"closed","template":"","meta":{"site-sidebar-layout":"default","site-content-layout":"","ast-site-content-layout":"default","site-content-style":"default","site-sidebar-style":"default","ast-global-header-display":"","ast-banner-title-visibility":"","ast-main-header-display":"","ast-hfb-above-header-display":"","ast-hfb-below-header-display":"","ast-hfb-mobile-header-display":"","site-post-title":"","ast-breadcrumbs-content":"","ast-featured-img":"","footer-sml-layout":"","theme-transparent-header-meta":"default","adv-header-id-meta":"","stick-header-meta":"","header-above-stick-meta":"","header-main-stick-meta":"","header-below-stick-meta":"","astra-migrate-meta-layouts":"set","ast-page-background-enabled":"default","ast-page-background-meta":{"desktop":{"background-color":"var(--ast-global-color-5)","background-image":"","background-repeat":"repeat","background-position":"center center","background-size":"auto","background-attachment":"scroll","background-type":"","background-media":"","overlay-type":"","overlay-color":"","overlay-opacity":"","overlay-gradient":""},"tablet":{"background-color":"","background-image":"","background-repeat":"repeat","background-position":"center center","background-size":"auto","background-attachment":"scroll","background-type":"","background-media":"","overlay-type":"","overlay-color":"","overlay-opacity":"","overlay-gradient":""},"mobile":{"background-color":"","background-image":"","background-repeat":"repeat","background-position":"center center","background-size":"auto","background-attachment":"scroll","background-type":"","background-media":"","overlay-type":"","overlay-color":"","overlay-opacity":"","overlay-gradient":""}},"ast-content-background-meta":{"desktop":{"background-color":"var(--ast-global-color-4)","background-image":"","background-repeat":"repeat","background-position":"center center","background-size":"auto","background-attachment":"scroll","background-type":"","background-media":"","overlay-type":"","overlay-color":"","overlay-opacity":"","overlay-gradient":""},"tablet":{"background-color":"var(--ast-global-color-4)","background-image":"","background-repeat":"repeat","background-position":"center center","background-size":"auto","background-attachment":"scroll","background-type":"","background-media":"","overlay-type":"","overlay-color":"","overlay-opacity":"","overlay-gradient":""},"mobile":{"background-color":"var(--ast-global-color-4)","background-image":"","background-repeat":"repeat","background-position":"center center","background-size":"auto","background-attachment":"scroll","background-type":"","background-media":"","overlay-type":"","overlay-color":"","overlay-opacity":"","overlay-gradient":""}}},"product_brand":[],"product_cat":[19],"product_tag":[],"class_list":{"0":"post-2436","1":"product","2":"type-product","3":"status-publish","4":"has-post-thumbnail","6":"product_cat-uncategorized","7":"pa_47202_92hcuzlh-guld","8":"pa_47202_92hcuzlh-soelv","9":"desktop-align-left","10":"tablet-align-left","11":"mobile-align-left","13":"first","14":"instock","15":"shipping-taxable","16":"purchasable","17":"product-type-variable"},"_links":{"self":[{"href":"https:\/\/ecostera.com\/dk\/wp-json\/wp\/v2\/product\/2436","targetHints":{"allow":["GET"]}}],"collection":[{"href":"https:\/\/ecostera.com\/dk\/wp-json\/wp\/v2\/product"}],"about":[{"href":"https:\/\/ecostera.com\/dk\/wp-json\/wp\/v2\/types\/product"}],"replies":[{"embeddable":true,"href":"https:\/\/ecostera.com\/dk\/wp-json\/wp\/v2\/comments?post=2436"}],"wp:featuredmedia":[{"embeddable":true,"href":"https:\/\/ecostera.com\/dk\/wp-json\/wp\/v2\/media\/2432"}],"wp:attachment":[{"href":"https:\/\/ecostera.com\/dk\/wp-json\/wp\/v2\/media?parent=2436"}],"wp:term":[{"taxonomy":"product_brand","embeddable":true,"href":"https:\/\/ecostera.com\/dk\/wp-json\/wp\/v2\/product_brand?post=2436"},{"taxonomy":"product_cat","embeddable":true,"href":"https:\/\/ecostera.com\/dk\/wp-json\/wp\/v2\/product_cat?post=2436"},{"taxonomy":"product_tag","embeddable":true,"href":"https:\/\/ecostera.com\/dk\/wp-json\/wp\/v2\/product_tag?post=2436"}],"curies":[{"name":"wp","href":"https:\/\/api.w.org\/{rel}","templated":true}]}}