{"id":24375,"date":"2025-09-22T09:52:26","date_gmt":"2025-09-22T06:52:26","guid":{"rendered":"https:\/\/ecostera.com\/dk\/product\/barbermaskine-2\/"},"modified":"2025-09-22T09:52:26","modified_gmt":"2025-09-22T06:52:26","slug":"barbermaskine-2","status":"publish","type":"product","link":"https:\/\/ecostera.com\/dk\/product\/barbermaskine-2\/","title":{"rendered":"Barbermaskine"},"content":{"rendered":"<p style=\"text-align: center\" data-start=\"0\" data-end=\"72\"><strong data-start=\"0\" data-end=\"70\">V\u00e5d- Og T\u00f8rbarbermaskine Til Hele Kroppen &#8211; Glat Barbering N\u00e5r Som Helst Og Hvor Som Helst \ud83d\udc88<\/strong><\/p>\n<p style=\"text-align: center\" data-start=\"74\" data-end=\"358\">Nyd en hurtig, sikker og behagelig barbering med denne vandt\u00e6tte barbermaskine til hele kroppen. Den er designet med et skarpt, hudvenligt blad og et ergonomisk h\u00e5ndtag, s\u00e5 du kan trimme, barbere og style uden snits\u00e5r eller irritation. Perfekt til ansigt, bryst, armhuler, arme, ben og endda intime omr\u00e5der.<\/p>\n<p data-start=\"74\" data-end=\"358\"><img decoding=\"async\" class=\"size-full wp-image-31930 aligncenter\" src=\"https:\/\/keluvo.com\/template\/wp-content\/uploads\/sites\/5\/2025\/08\/448039164_2208997589441178_5144188689537068992_n_1.webp\" alt=\"\" \/><\/p>\n<h2 style=\"text-align: center\" data-start=\"365\" data-end=\"387\"><strong>Hovedfordele<\/strong><\/h2>\n<p data-start=\"390\" data-end=\"445\">\ud83e\ude92 Giver dig en glat barbering uden snit eller ridser<\/p>\n<p data-start=\"448\" data-end=\"497\">\ud83d\udca7 Fungerer b\u00e5de v\u00e5dt og t\u00f8rt for total fleksibilitet<\/p>\n<p data-start=\"500\" data-end=\"546\">\ud83d\udd0b USB-opladelig for ledningsfri bekvemmelighed<\/p>\n<p data-start=\"549\" data-end=\"599\">\ud83d\udd07 St\u00f8jsvagt design for en behagelig oplevelse<\/p>\n<p data-start=\"602\" data-end=\"641\">\ud83e\uddfc Let at reng\u00f8re og helt vandt\u00e6t<\/p>\n<p data-start=\"602\" data-end=\"641\"><img decoding=\"async\" class=\"size-full wp-image-31931 aligncenter\" src=\"https:\/\/keluvo.com\/template\/wp-content\/uploads\/sites\/5\/2025\/08\/448039164_2208997589441178_5144188689537068992_n.webp\" alt=\"\" \/><\/p>\n<h2 style=\"text-align: center\" data-start=\"648\" data-end=\"669\"><strong>S\u00e5dan Fungerer Det<\/strong><\/h2>\n<ol data-start=\"670\" data-end=\"907\">\n<li data-start=\"670\" data-end=\"721\">\n<p data-start=\"673\" data-end=\"721\">Lad shaveren op med det medf\u00f8lgende USB-kabel.<\/p>\n<\/li>\n<li data-start=\"722\" data-end=\"786\">\n<p data-start=\"725\" data-end=\"786\">T\u00e6nd for den, og v\u00e6lg det omr\u00e5de, du vil trimme eller barbere dig i.<\/p>\n<\/li>\n<li data-start=\"787\" data-end=\"845\">\n<p data-start=\"790\" data-end=\"845\">Brug den p\u00e5 v\u00e5d eller t\u00f8r hud for et rent, glat resultat.<\/p>\n<\/li>\n<li data-start=\"846\" data-end=\"907\">\n<p data-start=\"849\" data-end=\"907\">Skyl hovedet under vand efter brug for hurtig reng\u00f8ring.<\/p>\n<\/li>\n<\/ol>\n<h2 style=\"text-align: center\" data-start=\"914\" data-end=\"938\"><strong>Produktdetaljer<\/strong><\/h2>\n<ul data-start=\"939\" data-end=\"1093\">\n<li data-start=\"965\" data-end=\"981\">\n<p data-start=\"967\" data-end=\"981\">V\u00e6gt: 200 g<\/p>\n<\/li>\n<li data-start=\"982\" data-end=\"1017\">\n<p data-start=\"984\" data-end=\"1017\">St\u00f8rrelse: 17 cm l\u00e6ngde x 3,7 cm bredde<\/p>\n<\/li>\n<li data-start=\"1018\" data-end=\"1045\">\n<p data-start=\"1020\" data-end=\"1045\">Vandt\u00e6t klassificering: IPX5<\/p>\n<\/li>\n<li data-start=\"1046\" data-end=\"1093\">\n<p data-start=\"1048\" data-end=\"1093\">Blad: hudvenligt, allergivenligt design<\/p>\n<\/li>\n<\/ul>\n<h2 style=\"text-align: center\" data-start=\"1100\" data-end=\"1125\"><strong>Pakken Indeholder<\/strong><\/h2>\n<ul data-start=\"1126\" data-end=\"1172\">\n<li data-start=\"1126\" data-end=\"1140\">\n<p data-start=\"1128\" data-end=\"1140\">1x barbermaskine<\/p>\n<\/li>\n<li data-start=\"1126\" data-end=\"1140\">\n<p data-start=\"1128\" data-end=\"1140\"><span dir=\"auto\"><span dir=\"auto\">4x afgr\u00e6nsningskam<\/span><\/span><\/p>\n<\/li>\n<li data-start=\"1141\" data-end=\"1158\">\n<p data-start=\"1143\" data-end=\"1158\">1x USB-kabel<\/p>\n<\/li>\n<li data-start=\"1159\" data-end=\"1172\">\n<p data-start=\"1161\" data-end=\"1172\">1x b\u00f8rste.<\/p>\n<\/li>\n<\/ul>\n","protected":false},"excerpt":{"rendered":"<p>V\u00e5d- Og T\u00f8rbarbermaskine Til Hele Kroppen &#8211; Glat Barbering N\u00e5r Som Helst Og Hvor Som Helst \ud83d\udc88 Nyd en hurtig, [&hellip;]<\/p>\n","protected":false},"featured_media":24371,"comment_status":"open","ping_status":"closed","template":"","meta":{"site-sidebar-layout":"default","site-content-layout":"","ast-site-content-layout":"default","site-content-style":"default","site-sidebar-style":"default","ast-global-header-display":"","ast-banner-title-visibility":"","ast-main-header-display":"","ast-hfb-above-header-display":"","ast-hfb-below-header-display":"","ast-hfb-mobile-header-display":"","site-post-title":"","ast-breadcrumbs-content":"","ast-featured-img":"","footer-sml-layout":"","theme-transparent-header-meta":"default","adv-header-id-meta":"","stick-header-meta":"","header-above-stick-meta":"","header-main-stick-meta":"","header-below-stick-meta":"","astra-migrate-meta-layouts":"set","ast-page-background-enabled":"default","ast-page-background-meta":{"desktop":{"background-color":"var(--ast-global-color-5)","background-image":"","background-repeat":"repeat","background-position":"center center","background-size":"auto","background-attachment":"scroll","background-type":"","background-media":"","overlay-type":"","overlay-color":"","overlay-opacity":"","overlay-gradient":""},"tablet":{"background-color":"","background-image":"","background-repeat":"repeat","background-position":"center center","background-size":"auto","background-attachment":"scroll","background-type":"","background-media":"","overlay-type":"","overlay-color":"","overlay-opacity":"","overlay-gradient":""},"mobile":{"background-color":"","background-image":"","background-repeat":"repeat","background-position":"center center","background-size":"auto","background-attachment":"scroll","background-type":"","background-media":"","overlay-type":"","overlay-color":"","overlay-opacity":"","overlay-gradient":""}},"ast-content-background-meta":{"desktop":{"background-color":"var(--ast-global-color-4)","background-image":"","background-repeat":"repeat","background-position":"center center","background-size":"auto","background-attachment":"scroll","background-type":"","background-media":"","overlay-type":"","overlay-color":"","overlay-opacity":"","overlay-gradient":""},"tablet":{"background-color":"var(--ast-global-color-4)","background-image":"","background-repeat":"repeat","background-position":"center center","background-size":"auto","background-attachment":"scroll","background-type":"","background-media":"","overlay-type":"","overlay-color":"","overlay-opacity":"","overlay-gradient":""},"mobile":{"background-color":"var(--ast-global-color-4)","background-image":"","background-repeat":"repeat","background-position":"center center","background-size":"auto","background-attachment":"scroll","background-type":"","background-media":"","overlay-type":"","overlay-color":"","overlay-opacity":"","overlay-gradient":""}}},"product_brand":[],"product_cat":[19],"product_tag":[],"class_list":{"0":"post-24375","1":"product","2":"type-product","3":"status-publish","4":"has-post-thumbnail","6":"product_cat-uncategorized","7":"desktop-align-left","8":"tablet-align-left","9":"mobile-align-left","11":"first","12":"instock","13":"shipping-taxable","14":"purchasable","15":"product-type-simple"},"_links":{"self":[{"href":"https:\/\/ecostera.com\/dk\/wp-json\/wp\/v2\/product\/24375","targetHints":{"allow":["GET"]}}],"collection":[{"href":"https:\/\/ecostera.com\/dk\/wp-json\/wp\/v2\/product"}],"about":[{"href":"https:\/\/ecostera.com\/dk\/wp-json\/wp\/v2\/types\/product"}],"replies":[{"embeddable":true,"href":"https:\/\/ecostera.com\/dk\/wp-json\/wp\/v2\/comments?post=24375"}],"wp:featuredmedia":[{"embeddable":true,"href":"https:\/\/ecostera.com\/dk\/wp-json\/wp\/v2\/media\/24371"}],"wp:attachment":[{"href":"https:\/\/ecostera.com\/dk\/wp-json\/wp\/v2\/media?parent=24375"}],"wp:term":[{"taxonomy":"product_brand","embeddable":true,"href":"https:\/\/ecostera.com\/dk\/wp-json\/wp\/v2\/product_brand?post=24375"},{"taxonomy":"product_cat","embeddable":true,"href":"https:\/\/ecostera.com\/dk\/wp-json\/wp\/v2\/product_cat?post=24375"},{"taxonomy":"product_tag","embeddable":true,"href":"https:\/\/ecostera.com\/dk\/wp-json\/wp\/v2\/product_tag?post=24375"}],"curies":[{"name":"wp","href":"https:\/\/api.w.org\/{rel}","templated":true}]}}