{"id":24385,"date":"2025-09-22T09:53:47","date_gmt":"2025-09-22T06:53:47","guid":{"rendered":"https:\/\/ecostera.com\/dk\/product\/solcellelampe\/"},"modified":"2025-09-22T09:54:17","modified_gmt":"2025-09-22T06:54:17","slug":"solcellelampe","status":"publish","type":"product","link":"https:\/\/ecostera.com\/dk\/product\/solcellelampe\/","title":{"rendered":"Solcellelampe"},"content":{"rendered":"<p style=\"text-align: center\" data-start=\"0\" data-end=\"73\"><strong data-start=\"0\" data-end=\"71\">Solcellelamper Til Jorden &#8211; Oplys Din Have Med Gratis Solenergi \ud83c\udf1e<\/strong><\/p>\n<p style=\"text-align: center\" data-start=\"75\" data-end=\"395\">Lys dine udend\u00f8rsarealer op uden besv\u00e6r med disse energibesparende solcellelamper. Drevet af solen oplades de i l\u00f8bet af dagen og lyser automatisk om natten, hvilket skaber en varm og indbydende atmosf\u00e6re i din have, p\u00e5 din sti eller i din g\u00e5rd. De er bygget til at klare alle vejrforhold og er perfekte til brug \u00e5ret rundt.<\/p>\n<p data-start=\"75\" data-end=\"395\"><img decoding=\"async\" class=\"size-full wp-image-31940 aligncenter\" src=\"https:\/\/keluvo.com\/template\/wp-content\/uploads\/sites\/5\/2025\/08\/072114-ezgif.com-video-to-webp-converter-1.webp\" alt=\"\" \/><\/p>\n<h2 style=\"text-align: center\" data-start=\"402\" data-end=\"424\"><strong>Main Benefits<\/strong><\/h2>\n<p data-start=\"427\" data-end=\"491\">\u2600\ufe0f Opladning med solenergi &#8211; ingen ledninger eller elektricitet n\u00f8dvendig<\/p>\n<p data-start=\"494\" data-end=\"549\">\ud83d\udca1 T\u00e6nder automatisk om natten og slukker ved solopgang<\/p>\n<p data-start=\"552\" data-end=\"605\">\ud83c\udf27 Vandt\u00e6t og vejrbestandig til alle \u00e5rstider<\/p>\n<p data-start=\"608\" data-end=\"666\">\ud83c\udfe1 Tilf\u00f8jer et stilfuldt pr\u00e6g til haver, gangstier og terrasser<\/p>\n<p data-start=\"669\" data-end=\"731\">\ud83d\udd0b Langvarige LED-lys for klar, p\u00e5lidelig belysning<\/p>\n<p data-start=\"669\" data-end=\"731\"><img decoding=\"async\" class=\"size-full wp-image-31939 aligncenter\" src=\"https:\/\/keluvo.com\/template\/wp-content\/uploads\/sites\/5\/2025\/08\/Sff01485be18c4640b25c4fabd48ced98R.jpg\" alt=\"\" \/><\/p>\n<h2 style=\"text-align: center\" data-start=\"738\" data-end=\"759\"><strong>How To Use<\/strong><\/h2>\n<ol data-start=\"760\" data-end=\"929\">\n<li data-start=\"760\" data-end=\"807\">\n<p data-start=\"763\" data-end=\"807\">Saml lyset ved at fastg\u00f8re p\u00e6len.<\/p>\n<\/li>\n<li data-start=\"808\" data-end=\"847\">\n<p data-start=\"811\" data-end=\"847\">Lad den oplade i l\u00f8bet af dagen.<\/p>\n<\/li>\n<li data-start=\"848\" data-end=\"882\">\n<p data-start=\"851\" data-end=\"882\">Lad den oplade i l\u00f8bet af dagen.<\/p>\n<\/li>\n<li data-start=\"883\" data-end=\"929\">\n<p data-start=\"886\" data-end=\"929\">Se den automatisk lyse op om natten.<\/p>\n<\/li>\n<\/ol>\n<h2 style=\"text-align: center\" data-start=\"936\" data-end=\"960\"><strong>Product Details<\/strong><\/h2>\n<ul data-start=\"961\" data-end=\"1236\">\n<li data-start=\"961\" data-end=\"996\">\n<p data-start=\"963\" data-end=\"996\">Materiale: rustfrit st\u00e5l + ABS<\/p>\n<\/li>\n<li data-start=\"997\" data-end=\"1062\">\n<p data-start=\"999\" data-end=\"1062\">Lysfarve: varm hvid \/ k\u00f8lig hvid (afh\u00e6ngigt af valg)<\/p>\n<\/li>\n<li data-start=\"1063\" data-end=\"1111\">\n<p data-start=\"1065\" data-end=\"1111\">Opladningstid: ca. 6-8 timer i sollys<\/p>\n<\/li>\n<li data-start=\"1112\" data-end=\"1155\">\n<p data-start=\"1114\" data-end=\"1155\">Arbejdstid: op til 8-10 timer om natten<\/p>\n<\/li>\n<li data-start=\"1156\" data-end=\"1183\">\n<p data-start=\"1158\" data-end=\"1183\">Vandt\u00e6thedsklasse: IP65<\/p>\n<\/li>\n<li data-start=\"1184\" data-end=\"1236\">\n<p data-start=\"1186\" data-end=\"1236\">St\u00f8rrelse: 12 cm diameter x 13 cm h\u00f8jde (med p\u00e6l)<\/p>\n<\/li>\n<\/ul>\n<h2 style=\"text-align: center\" data-start=\"1243\" data-end=\"1268\"><strong>Package Includes<\/strong><\/h2>\n<ul data-start=\"1269\" data-end=\"1356\">\n<li data-start=\"1269\" data-end=\"1322\">\n<p data-start=\"1271\" data-end=\"1322\">2, 4, 8x solcellelamper til jorden<\/p>\n<\/li>\n<li data-start=\"1323\" data-end=\"1340\">\n<p data-start=\"1325\" data-end=\"1340\">2, 4, 8x jordp\u00e6le<\/p>\n<\/li>\n<li data-start=\"1341\" data-end=\"1356\">\n<p data-start=\"1343\" data-end=\"1356\">Brugsanvisning.<\/p>\n<\/li>\n<\/ul>\n","protected":false},"excerpt":{"rendered":"<p>Solcellelamper Til Jorden &#8211; Oplys Din Have Med Gratis Solenergi \ud83c\udf1e Lys dine udend\u00f8rsarealer op uden besv\u00e6r med disse energibesparende [&hellip;]<\/p>\n","protected":false},"featured_media":24381,"comment_status":"open","ping_status":"closed","template":"","meta":{"site-sidebar-layout":"default","site-content-layout":"","ast-site-content-layout":"default","site-content-style":"default","site-sidebar-style":"default","ast-global-header-display":"","ast-banner-title-visibility":"","ast-main-header-display":"","ast-hfb-above-header-display":"","ast-hfb-below-header-display":"","ast-hfb-mobile-header-display":"","site-post-title":"","ast-breadcrumbs-content":"","ast-featured-img":"","footer-sml-layout":"","theme-transparent-header-meta":"default","adv-header-id-meta":"","stick-header-meta":"","header-above-stick-meta":"","header-main-stick-meta":"","header-below-stick-meta":"","astra-migrate-meta-layouts":"set","ast-page-background-enabled":"default","ast-page-background-meta":{"desktop":{"background-color":"var(--ast-global-color-5)","background-image":"","background-repeat":"repeat","background-position":"center center","background-size":"auto","background-attachment":"scroll","background-type":"","background-media":"","overlay-type":"","overlay-color":"","overlay-opacity":"","overlay-gradient":""},"tablet":{"background-color":"","background-image":"","background-repeat":"repeat","background-position":"center center","background-size":"auto","background-attachment":"scroll","background-type":"","background-media":"","overlay-type":"","overlay-color":"","overlay-opacity":"","overlay-gradient":""},"mobile":{"background-color":"","background-image":"","background-repeat":"repeat","background-position":"center center","background-size":"auto","background-attachment":"scroll","background-type":"","background-media":"","overlay-type":"","overlay-color":"","overlay-opacity":"","overlay-gradient":""}},"ast-content-background-meta":{"desktop":{"background-color":"var(--ast-global-color-4)","background-image":"","background-repeat":"repeat","background-position":"center center","background-size":"auto","background-attachment":"scroll","background-type":"","background-media":"","overlay-type":"","overlay-color":"","overlay-opacity":"","overlay-gradient":""},"tablet":{"background-color":"var(--ast-global-color-4)","background-image":"","background-repeat":"repeat","background-position":"center center","background-size":"auto","background-attachment":"scroll","background-type":"","background-media":"","overlay-type":"","overlay-color":"","overlay-opacity":"","overlay-gradient":""},"mobile":{"background-color":"var(--ast-global-color-4)","background-image":"","background-repeat":"repeat","background-position":"center center","background-size":"auto","background-attachment":"scroll","background-type":"","background-media":"","overlay-type":"","overlay-color":"","overlay-opacity":"","overlay-gradient":""}}},"product_brand":[],"product_cat":[19],"product_tag":[],"class_list":{"0":"post-24385","1":"product","2":"type-product","3":"status-publish","4":"has-post-thumbnail","6":"product_cat-uncategorized","7":"pa_42472_li2myfaw-hvid","8":"pa_42472_li2myfaw-varm-hvid","9":"pa_42472_lkzpgi5g-2-stk","10":"pa_42472_lkzpgi5g-4-stk","11":"pa_42472_lkzpgi5g-8-stk","12":"desktop-align-left","13":"tablet-align-left","14":"mobile-align-left","16":"first","17":"instock","18":"shipping-taxable","19":"purchasable","20":"product-type-variable","21":"has-default-attributes"},"_links":{"self":[{"href":"https:\/\/ecostera.com\/dk\/wp-json\/wp\/v2\/product\/24385","targetHints":{"allow":["GET"]}}],"collection":[{"href":"https:\/\/ecostera.com\/dk\/wp-json\/wp\/v2\/product"}],"about":[{"href":"https:\/\/ecostera.com\/dk\/wp-json\/wp\/v2\/types\/product"}],"replies":[{"embeddable":true,"href":"https:\/\/ecostera.com\/dk\/wp-json\/wp\/v2\/comments?post=24385"}],"wp:featuredmedia":[{"embeddable":true,"href":"https:\/\/ecostera.com\/dk\/wp-json\/wp\/v2\/media\/24381"}],"wp:attachment":[{"href":"https:\/\/ecostera.com\/dk\/wp-json\/wp\/v2\/media?parent=24385"}],"wp:term":[{"taxonomy":"product_brand","embeddable":true,"href":"https:\/\/ecostera.com\/dk\/wp-json\/wp\/v2\/product_brand?post=24385"},{"taxonomy":"product_cat","embeddable":true,"href":"https:\/\/ecostera.com\/dk\/wp-json\/wp\/v2\/product_cat?post=24385"},{"taxonomy":"product_tag","embeddable":true,"href":"https:\/\/ecostera.com\/dk\/wp-json\/wp\/v2\/product_tag?post=24385"}],"curies":[{"name":"wp","href":"https:\/\/api.w.org\/{rel}","templated":true}]}}