{"id":24406,"date":"2025-09-22T09:55:17","date_gmt":"2025-09-22T06:55:17","guid":{"rendered":"https:\/\/ecostera.com\/dk\/product\/holder-til-brusehoved\/"},"modified":"2025-09-22T09:55:35","modified_gmt":"2025-09-22T06:55:35","slug":"holder-til-brusehoved","status":"publish","type":"product","link":"https:\/\/ecostera.com\/dk\/product\/holder-til-brusehoved\/","title":{"rendered":"Holder til brusehoved"},"content":{"rendered":"<p style=\"text-align: center\" data-start=\"0\" data-end=\"73\"><strong data-start=\"0\" data-end=\"71\">Selvkl\u00e6bende Brusehovedholder \u2013 Nem, Borefri Installation \ud83d\udebf<\/strong><\/p>\n<p style=\"text-align: center\" data-start=\"75\" data-end=\"368\">Opgrader din bruser med det samme med denne selvkl\u00e6bende brusehovedholder, der sidder sikkert fast p\u00e5 enhver glat overflade. Ingen boring, intet v\u00e6rkt\u00f8j og ingen skader p\u00e5 dine v\u00e6gge. Den er justerbar og vandt\u00e6t og holder dit brusehoved lige der, hvor du har brug for det, s\u00e5 du f\u00e5r en mere behagelig og praktisk badeoplevelse.<\/p>\n<p data-start=\"75\" data-end=\"368\"><img decoding=\"async\" class=\"size-full wp-image-31956 aligncenter\" src=\"https:\/\/keluvo.com\/template\/wp-content\/uploads\/sites\/5\/2025\/08\/69d2f4aba3072dad89c35f19f55d46c55b4ce6fa.gif\" alt=\"\" \/><\/p>\n<h2 style=\"text-align: center\" data-start=\"375\" data-end=\"397\">\ud83c\udf1f Vigtigste Fordele<\/h2>\n<p data-start=\"400\" data-end=\"455\">\ud83d\udee0 Installeres p\u00e5 f\u00e5 sekunder &#8211; ingen boring eller skruer er n\u00f8dvendige<\/p>\n<p data-start=\"458\" data-end=\"513\">\ud83d\udca7 Vandt\u00e6t og fugtbestandig til langvarig brug<\/p>\n<p data-start=\"516\" data-end=\"569\">\ud83d\udd04 Justerbar vinkel for den perfekte vandretning<\/p>\n<p data-start=\"572\" data-end=\"632\">\ud83c\udfe0 Fungerer p\u00e5 fliser, glas, metal og andre glatte overflader<\/p>\n<p data-start=\"635\" data-end=\"676\">\ud83e\uddfc Let at fjerne uden at efterlade m\u00e6rker<\/p>\n<p data-start=\"635\" data-end=\"676\"><img decoding=\"async\" class=\"size-full wp-image-31955 aligncenter\" src=\"https:\/\/keluvo.com\/template\/wp-content\/uploads\/sites\/5\/2025\/08\/836f0b7ed52cafa29b8064cee7f8a19a32b0167d.avif\" alt=\"\" \/><\/p>\n<h2 style=\"text-align: center\">\ud83d\udccc S\u00e5dan Bruges<\/h2>\n<ol data-start=\"705\" data-end=\"891\">\n<li data-start=\"705\" data-end=\"736\">\n<p data-start=\"708\" data-end=\"736\">Reng\u00f8r og t\u00f8r overfladen.<\/p>\n<\/li>\n<li data-start=\"737\" data-end=\"793\">\n<p data-start=\"740\" data-end=\"793\">Tr\u00e6k beskyttelsesfilmen af kl\u00e6bepuden.<\/p>\n<\/li>\n<li data-start=\"794\" data-end=\"840\">\n<p data-start=\"797\" data-end=\"840\">Tryk holderen fast p\u00e5 overfladen.<\/p>\n<\/li>\n<li data-start=\"841\" data-end=\"891\">\n<p data-start=\"844\" data-end=\"891\">S\u00e6t brusehovedet i, og juster vinklen.<\/p>\n<\/li>\n<\/ol>\n<h2 style=\"text-align: center\" data-start=\"898\" data-end=\"922\">\ud83d\udccf Produktdetaljer<\/h2>\n<ul data-start=\"923\" data-end=\"1085\">\n<li data-start=\"923\" data-end=\"966\">\n<p data-start=\"925\" data-end=\"966\">Materiale: ABS + st\u00e6rk selvkl\u00e6bende bagside<\/p>\n<\/li>\n<li data-start=\"967\" data-end=\"1012\">\n<p data-start=\"969\" data-end=\"1012\">St\u00f8rrelse: ca. 7 x 7 cm base, 10 cm h\u00f8jde<\/p>\n<\/li>\n<li data-start=\"1013\" data-end=\"1038\">\n<p data-start=\"1015\" data-end=\"1038\">Farve: s\u00f8lv + sort<\/p>\n<\/li>\n<li data-start=\"1039\" data-end=\"1085\">\n<p data-start=\"1041\" data-end=\"1085\">Kompatibel med de fleste h\u00e5ndholdte brusehoveder<\/p>\n<\/li>\n<\/ul>\n<h2 style=\"text-align: center\" data-start=\"1092\" data-end=\"1117\">\ud83d\udce6 Pakken Indeholder<\/h2>\n<ul data-start=\"1118\" data-end=\"1158\">\n<li data-start=\"1118\" data-end=\"1158\">\n<p data-start=\"1120\" data-end=\"1158\">1, 2, 3x selvkl\u00e6bende brusehovedholder.<\/p>\n<\/li>\n<\/ul>\n","protected":false},"excerpt":{"rendered":"<p>Selvkl\u00e6bende Brusehovedholder \u2013 Nem, Borefri Installation \ud83d\udebf Opgrader din bruser med det samme med denne selvkl\u00e6bende brusehovedholder, der sidder sikkert [&hellip;]<\/p>\n","protected":false},"featured_media":24402,"comment_status":"open","ping_status":"closed","template":"","meta":{"site-sidebar-layout":"default","site-content-layout":"","ast-site-content-layout":"default","site-content-style":"default","site-sidebar-style":"default","ast-global-header-display":"","ast-banner-title-visibility":"","ast-main-header-display":"","ast-hfb-above-header-display":"","ast-hfb-below-header-display":"","ast-hfb-mobile-header-display":"","site-post-title":"","ast-breadcrumbs-content":"","ast-featured-img":"","footer-sml-layout":"","theme-transparent-header-meta":"default","adv-header-id-meta":"","stick-header-meta":"","header-above-stick-meta":"","header-main-stick-meta":"","header-below-stick-meta":"","astra-migrate-meta-layouts":"set","ast-page-background-enabled":"default","ast-page-background-meta":{"desktop":{"background-color":"var(--ast-global-color-5)","background-image":"","background-repeat":"repeat","background-position":"center center","background-size":"auto","background-attachment":"scroll","background-type":"","background-media":"","overlay-type":"","overlay-color":"","overlay-opacity":"","overlay-gradient":""},"tablet":{"background-color":"","background-image":"","background-repeat":"repeat","background-position":"center center","background-size":"auto","background-attachment":"scroll","background-type":"","background-media":"","overlay-type":"","overlay-color":"","overlay-opacity":"","overlay-gradient":""},"mobile":{"background-color":"","background-image":"","background-repeat":"repeat","background-position":"center center","background-size":"auto","background-attachment":"scroll","background-type":"","background-media":"","overlay-type":"","overlay-color":"","overlay-opacity":"","overlay-gradient":""}},"ast-content-background-meta":{"desktop":{"background-color":"var(--ast-global-color-4)","background-image":"","background-repeat":"repeat","background-position":"center center","background-size":"auto","background-attachment":"scroll","background-type":"","background-media":"","overlay-type":"","overlay-color":"","overlay-opacity":"","overlay-gradient":""},"tablet":{"background-color":"var(--ast-global-color-4)","background-image":"","background-repeat":"repeat","background-position":"center center","background-size":"auto","background-attachment":"scroll","background-type":"","background-media":"","overlay-type":"","overlay-color":"","overlay-opacity":"","overlay-gradient":""},"mobile":{"background-color":"var(--ast-global-color-4)","background-image":"","background-repeat":"repeat","background-position":"center center","background-size":"auto","background-attachment":"scroll","background-type":"","background-media":"","overlay-type":"","overlay-color":"","overlay-opacity":"","overlay-gradient":""}}},"product_brand":[],"product_cat":[19],"product_tag":[],"class_list":{"0":"post-24406","1":"product","2":"type-product","3":"status-publish","4":"has-post-thumbnail","6":"product_cat-uncategorized","7":"pa_30053_uoyx5ld5-1-stk","8":"pa_30053_uoyx5ld5-2-stk","9":"pa_30053_uoyx5ld5-3-stk","10":"desktop-align-left","11":"tablet-align-left","12":"mobile-align-left","14":"first","15":"instock","16":"shipping-taxable","17":"purchasable","18":"product-type-variable"},"_links":{"self":[{"href":"https:\/\/ecostera.com\/dk\/wp-json\/wp\/v2\/product\/24406","targetHints":{"allow":["GET"]}}],"collection":[{"href":"https:\/\/ecostera.com\/dk\/wp-json\/wp\/v2\/product"}],"about":[{"href":"https:\/\/ecostera.com\/dk\/wp-json\/wp\/v2\/types\/product"}],"replies":[{"embeddable":true,"href":"https:\/\/ecostera.com\/dk\/wp-json\/wp\/v2\/comments?post=24406"}],"wp:featuredmedia":[{"embeddable":true,"href":"https:\/\/ecostera.com\/dk\/wp-json\/wp\/v2\/media\/24402"}],"wp:attachment":[{"href":"https:\/\/ecostera.com\/dk\/wp-json\/wp\/v2\/media?parent=24406"}],"wp:term":[{"taxonomy":"product_brand","embeddable":true,"href":"https:\/\/ecostera.com\/dk\/wp-json\/wp\/v2\/product_brand?post=24406"},{"taxonomy":"product_cat","embeddable":true,"href":"https:\/\/ecostera.com\/dk\/wp-json\/wp\/v2\/product_cat?post=24406"},{"taxonomy":"product_tag","embeddable":true,"href":"https:\/\/ecostera.com\/dk\/wp-json\/wp\/v2\/product_tag?post=24406"}],"curies":[{"name":"wp","href":"https:\/\/api.w.org\/{rel}","templated":true}]}}