{"id":24435,"date":"2025-09-22T09:57:45","date_gmt":"2025-09-22T06:57:45","guid":{"rendered":"https:\/\/ecostera.com\/dk\/product\/saet-med-pensler\/"},"modified":"2025-09-22T09:58:10","modified_gmt":"2025-09-22T06:58:10","slug":"saet-med-pensler","status":"publish","type":"product","link":"https:\/\/ecostera.com\/dk\/product\/saet-med-pensler\/","title":{"rendered":"S\u00e6t med pensler"},"content":{"rendered":"<p style=\"text-align: center\" data-start=\"0\" data-end=\"70\"><strong data-start=\"0\" data-end=\"68\">Pensels\u00e6t Til Fine Detaljer &#8211; Pr\u00e6cision Til Ethvert Mesterv\u00e6rk \ud83c\udfa8<\/strong><\/p>\n<p style=\"text-align: center\" data-start=\"72\" data-end=\"328\">Bring din kunst til live med dette f\u00f8rsteklasses pensels\u00e6t til fine detaljer. Disse pensler er designet til n\u00f8jagtighed og kontrol og er perfekte til indviklede designs, miniaturemaleri, modeldetaljer og ethvert projekt, der kr\u00e6ver en rolig h\u00e5nd og j\u00e6vne str\u00f8g.<\/p>\n<p data-start=\"72\" data-end=\"328\"><img decoding=\"async\" class=\"size-full wp-image-31987 aligncenter\" src=\"https:\/\/keluvo.com\/template\/wp-content\/uploads\/sites\/5\/2025\/08\/072117-ezgif.com-video-to-webp-converter-1.webp\" alt=\"\" \/><\/p>\n<h2 style=\"text-align: center\" data-start=\"335\" data-end=\"357\"><strong>Vigtigste Fordele<\/strong><\/h2>\n<p data-start=\"360\" data-end=\"435\">\ud83d\udd8c Flere st\u00f8rrelser til alle detaljer &#8211; fra ultrafine linjer til sm\u00e5 udfyldninger<\/p>\n<p data-start=\"438\" data-end=\"493\">\u2728 F\u00f8rsteklasses syntetiske h\u00e5r giver en j\u00e6vn og glat p\u00e5f\u00f8ring<\/p>\n<p data-start=\"496\" data-end=\"554\">\ud83e\udeb5 Behagelige tr\u00e6h\u00e5ndtag til lange malesessioner<\/p>\n<p data-start=\"557\" data-end=\"618\">\ud83c\udfaf Perfekt til akryl, akvarel, gouache og olie paints<\/p>\n<p data-start=\"621\" data-end=\"685\">\ud83d\udc69\u200d\ud83c\udfa8 Ideel til begyndere, hobbyfolk og professionelle kunstnere<\/p>\n<p data-start=\"621\" data-end=\"685\"><img decoding=\"async\" class=\"size-full wp-image-31989 aligncenter\" src=\"https:\/\/keluvo.com\/template\/wp-content\/uploads\/sites\/5\/2025\/08\/fa9a736735d83af618174ab70f93e54.jpg\" alt=\"\" \/><\/p>\n<h2 style=\"text-align: center\" data-start=\"692\" data-end=\"711\"><strong>S\u00e5dan Bruges<\/strong><\/h2>\n<ol data-start=\"712\" data-end=\"932\">\n<li data-start=\"712\" data-end=\"766\">\n<p data-start=\"715\" data-end=\"766\">V\u00e6lg den penselst\u00f8rrelse, der passer til dit detaljearbejde.<\/p>\n<\/li>\n<li data-start=\"767\" data-end=\"818\">\n<p data-start=\"770\" data-end=\"818\">Dyp i din foretrukne maling, og fjern det overskydende.<\/p>\n<\/li>\n<li data-start=\"819\" data-end=\"875\">\n<p data-start=\"822\" data-end=\"875\">p\u00e5f\u00f8r med lette, j\u00e6vne str\u00f8g for at f\u00e5 et rent resultat.<\/p>\n<\/li>\n<li data-start=\"876\" data-end=\"932\">\n<p data-start=\"879\" data-end=\"932\">reng\u00f8r efter hver brug for at holde b\u00f8rsterne i topform.<\/p>\n<\/li>\n<\/ol>\n<h2 style=\"text-align: center\" data-start=\"939\" data-end=\"963\"><strong>Produktdetaljer<\/strong><\/h2>\n<ul data-start=\"964\" data-end=\"1161\">\n<li data-start=\"964\" data-end=\"1022\">\n<p data-start=\"966\" data-end=\"1022\">Materiale: syntetiske b\u00f8rster + polerede tr\u00e6h\u00e5ndtag<\/p>\n<\/li>\n<li data-start=\"1023\" data-end=\"1082\">\n<p data-start=\"1025\" data-end=\"1082\">St\u00f8rrelser: 0000 til 7 (forskellige til forskellige detaljeringsbehov)<\/p>\n<\/li>\n<li data-start=\"1083\" data-end=\"1112\">\n<p data-start=\"1085\" data-end=\"1112\">Form: runde spidse spidser<\/p>\n<\/li>\n<li data-start=\"1113\" data-end=\"1161\">\n<p data-start=\"1115\" data-end=\"1161\">Slidst\u00e6rke hylstre for at forhindre, at b\u00f8rsterne falder af<\/p>\n<\/li>\n<\/ul>\n<h2 style=\"text-align: center\" data-start=\"1168\" data-end=\"1193\"><strong>Pakken Indeholder<\/strong><\/h2>\n<ul data-start=\"1194\" data-end=\"1244\">\n<li data-start=\"1194\" data-end=\"1244\">\n<p data-start=\"1196\" data-end=\"1244\">11x malerpensler.<\/p>\n<\/li>\n<\/ul>\n","protected":false},"excerpt":{"rendered":"<p>Pensels\u00e6t Til Fine Detaljer &#8211; Pr\u00e6cision Til Ethvert Mesterv\u00e6rk \ud83c\udfa8 Bring din kunst til live med dette f\u00f8rsteklasses pensels\u00e6t til [&hellip;]<\/p>\n","protected":false},"featured_media":24431,"comment_status":"open","ping_status":"closed","template":"","meta":{"site-sidebar-layout":"default","site-content-layout":"","ast-site-content-layout":"default","site-content-style":"default","site-sidebar-style":"default","ast-global-header-display":"","ast-banner-title-visibility":"","ast-main-header-display":"","ast-hfb-above-header-display":"","ast-hfb-below-header-display":"","ast-hfb-mobile-header-display":"","site-post-title":"","ast-breadcrumbs-content":"","ast-featured-img":"","footer-sml-layout":"","theme-transparent-header-meta":"default","adv-header-id-meta":"","stick-header-meta":"","header-above-stick-meta":"","header-main-stick-meta":"","header-below-stick-meta":"","astra-migrate-meta-layouts":"set","ast-page-background-enabled":"default","ast-page-background-meta":{"desktop":{"background-color":"var(--ast-global-color-5)","background-image":"","background-repeat":"repeat","background-position":"center center","background-size":"auto","background-attachment":"scroll","background-type":"","background-media":"","overlay-type":"","overlay-color":"","overlay-opacity":"","overlay-gradient":""},"tablet":{"background-color":"","background-image":"","background-repeat":"repeat","background-position":"center center","background-size":"auto","background-attachment":"scroll","background-type":"","background-media":"","overlay-type":"","overlay-color":"","overlay-opacity":"","overlay-gradient":""},"mobile":{"background-color":"","background-image":"","background-repeat":"repeat","background-position":"center center","background-size":"auto","background-attachment":"scroll","background-type":"","background-media":"","overlay-type":"","overlay-color":"","overlay-opacity":"","overlay-gradient":""}},"ast-content-background-meta":{"desktop":{"background-color":"var(--ast-global-color-4)","background-image":"","background-repeat":"repeat","background-position":"center center","background-size":"auto","background-attachment":"scroll","background-type":"","background-media":"","overlay-type":"","overlay-color":"","overlay-opacity":"","overlay-gradient":""},"tablet":{"background-color":"var(--ast-global-color-4)","background-image":"","background-repeat":"repeat","background-position":"center center","background-size":"auto","background-attachment":"scroll","background-type":"","background-media":"","overlay-type":"","overlay-color":"","overlay-opacity":"","overlay-gradient":""},"mobile":{"background-color":"var(--ast-global-color-4)","background-image":"","background-repeat":"repeat","background-position":"center center","background-size":"auto","background-attachment":"scroll","background-type":"","background-media":"","overlay-type":"","overlay-color":"","overlay-opacity":"","overlay-gradient":""}}},"product_brand":[],"product_cat":[19],"product_tag":[],"class_list":{"0":"post-24435","1":"product","2":"type-product","3":"status-publish","4":"has-post-thumbnail","6":"product_cat-uncategorized","7":"pa_28851_rduzgu6j-graa","8":"pa_28851_rduzgu6j-hvid","9":"pa_28851_rduzgu6j-roed","10":"pa_28851_rduzgu6j-sort","11":"pa_28851_rduzgu6j-traefarve","12":"desktop-align-left","13":"tablet-align-left","14":"mobile-align-left","16":"first","17":"instock","18":"shipping-taxable","19":"purchasable","20":"product-type-variable"},"_links":{"self":[{"href":"https:\/\/ecostera.com\/dk\/wp-json\/wp\/v2\/product\/24435","targetHints":{"allow":["GET"]}}],"collection":[{"href":"https:\/\/ecostera.com\/dk\/wp-json\/wp\/v2\/product"}],"about":[{"href":"https:\/\/ecostera.com\/dk\/wp-json\/wp\/v2\/types\/product"}],"replies":[{"embeddable":true,"href":"https:\/\/ecostera.com\/dk\/wp-json\/wp\/v2\/comments?post=24435"}],"wp:featuredmedia":[{"embeddable":true,"href":"https:\/\/ecostera.com\/dk\/wp-json\/wp\/v2\/media\/24431"}],"wp:attachment":[{"href":"https:\/\/ecostera.com\/dk\/wp-json\/wp\/v2\/media?parent=24435"}],"wp:term":[{"taxonomy":"product_brand","embeddable":true,"href":"https:\/\/ecostera.com\/dk\/wp-json\/wp\/v2\/product_brand?post=24435"},{"taxonomy":"product_cat","embeddable":true,"href":"https:\/\/ecostera.com\/dk\/wp-json\/wp\/v2\/product_cat?post=24435"},{"taxonomy":"product_tag","embeddable":true,"href":"https:\/\/ecostera.com\/dk\/wp-json\/wp\/v2\/product_tag?post=24435"}],"curies":[{"name":"wp","href":"https:\/\/api.w.org\/{rel}","templated":true}]}}