{"id":24454,"date":"2025-09-22T09:59:11","date_gmt":"2025-09-22T06:59:11","guid":{"rendered":"https:\/\/ecostera.com\/dk\/product\/fjernelse-af-dyrehaar\/"},"modified":"2025-09-22T09:59:23","modified_gmt":"2025-09-22T06:59:23","slug":"fjernelse-af-dyrehaar","status":"publish","type":"product","link":"https:\/\/ecostera.com\/dk\/product\/fjernelse-af-dyrehaar\/","title":{"rendered":"Fjernelse af dyreh\u00e5r"},"content":{"rendered":"<p style=\"text-align: center\" data-start=\"120\" data-end=\"180\"><strong data-start=\"120\" data-end=\"175\">Fjern Nemt K\u00e6ledyrsh\u00e5r Fra Enhver Overflade P\u00e5 F\u00e5 Sekunder!<\/strong> \ud83d\udc3e<\/p>\n<p style=\"text-align: center\" data-start=\"182\" data-end=\"423\">Denne rulle til fjernelse af k\u00e6ledyrsh\u00e5r g\u00f8r det hurtigt og nemt at rydde op efter dine pelsede venner. Dens genanvendelige design betyder ingen kl\u00e6brige ark eller genopfyldninger &#8211; bare rul, t\u00f8m og brug igen! Perfekt til sofaer, t\u00f8j, t\u00e6pper og bils\u00e6der.<span style=\"font-size: 16px;font-style: normal;font-weight: 400\">\u00a0<\/span><span style=\"font-size: 16px;font-style: normal;font-weight: 400\">\ud83e\uddf9<\/span><\/p>\n<p data-start=\"182\" data-end=\"423\"><img decoding=\"async\" class=\"size-full wp-image-31577 aligncenter\" src=\"https:\/\/keluvo.com\/template\/wp-content\/uploads\/sites\/5\/2025\/08\/1_2_480x480_a1df4c0b-16c9-404a-ac05-2e2882ebea75_480x480.webp\" alt=\"\" \/><\/p>\n<h2 style=\"text-align: center\" data-start=\"425\" data-end=\"447\"><strong>Hovedfordele<\/strong> \ud83c\udf1f<\/h2>\n<p data-start=\"450\" data-end=\"526\">\ud83d\udc15 Fjerner k\u00e6ledyrsh\u00e5r med det samme &#8211; virker p\u00e5 m\u00f8bler, t\u00f8j og meget mere<\/p>\n<p data-start=\"529\" data-end=\"621\">\ud83d\udd04 Genanvendelig og milj\u00f8venlig &#8211; ingen batterier, elektricitet, eller reservedele<\/p>\n<p data-start=\"624\" data-end=\"708\">\ud83d\udcaa Holdbart design &#8211; fremstillet af friktionsbestandig plast til langvarig brug<\/p>\n<p data-start=\"711\" data-end=\"773\">\ud83c\udf2c Sk\u00e5nsom mod tekstiler &#8211; renser uden at beskadige overflader<\/p>\n<p data-start=\"776\" data-end=\"855\">\ud83e\uddf3 B\u00e6rbar og nem at opbevare &#8211; tag den med overalt, hvor du har brug for hurtig reng\u00f8ring<\/p>\n<p data-start=\"776\" data-end=\"855\"><img decoding=\"async\" class=\"size-full wp-image-31576 aligncenter\" src=\"https:\/\/keluvo.com\/template\/wp-content\/uploads\/sites\/5\/2025\/08\/2_2_480x480_b535ff3d-cb2f-4377-92be-ee1164b0bf5d_480x480.webp\" alt=\"\" \/><\/p>\n<h2 style=\"text-align: center\" data-start=\"857\" data-end=\"876\"><strong>S\u00e5dan Bruges<\/strong> \ud83e\ude84<\/h2>\n<ol data-start=\"877\" data-end=\"1073\">\n<li data-start=\"877\" data-end=\"940\">\n<p data-start=\"880\" data-end=\"940\">Rul v\u00e6rkt\u00f8jet frem og tilbage p\u00e5 overfladen med dyreh\u00e5r.<\/p>\n<\/li>\n<li data-start=\"941\" data-end=\"1013\">\n<p data-start=\"944\" data-end=\"1013\">Tryk p\u00e5 knappen for at \u00e5bne rummet og fjerne det opsamlede h\u00e5r.<\/p>\n<\/li>\n<li data-start=\"1014\" data-end=\"1073\">\n<p data-start=\"1017\" data-end=\"1073\">Luk rummet, og den er klar til n\u00e6ste brug.<\/p>\n<\/li>\n<\/ol>\n<h2 style=\"text-align: center\" data-start=\"1075\" data-end=\"1099\"><strong>Produktdetaljer<\/strong> \ud83d\udccb<\/h2>\n<ul data-start=\"1100\" data-end=\"1227\">\n<li data-start=\"1100\" data-end=\"1124\">\n<p data-start=\"1102\" data-end=\"1124\">Materiale: PP-plast<\/p>\n<\/li>\n<li data-start=\"1125\" data-end=\"1147\">\n<p data-start=\"1127\" data-end=\"1147\">Farver: R\u00f8d, gr\u00f8n og gul<\/p>\n<\/li>\n<li data-start=\"1148\" data-end=\"1171\">\n<p data-start=\"1150\" data-end=\"1171\">St\u00f8rrelse: 24,9 \u00d7 5,4 cm<\/p>\n<\/li>\n<li data-start=\"1172\" data-end=\"1227\">\n<p data-start=\"1174\" data-end=\"1227\">Anvendelse: T\u00f8j, sofaer, t\u00e6pper, bils\u00e6der, k\u00e6ledyrssenge<\/p>\n<\/li>\n<\/ul>\n<h2 style=\"text-align: center\" data-start=\"1229\" data-end=\"1254\"><strong>Pakken Indeholder<\/strong> \ud83c\udf81<\/h2>\n<ul data-start=\"1255\" data-end=\"1286\">\n<li data-start=\"1255\" data-end=\"1286\">\n<p data-start=\"1257\" data-end=\"1286\">1x rulle til fjernelse af k\u00e6ledyrsh\u00e5r.<\/p>\n<\/li>\n<\/ul>\n","protected":false},"excerpt":{"rendered":"<p>Fjern Nemt K\u00e6ledyrsh\u00e5r Fra Enhver Overflade P\u00e5 F\u00e5 Sekunder! \ud83d\udc3e Denne rulle til fjernelse af k\u00e6ledyrsh\u00e5r g\u00f8r det hurtigt og [&hellip;]<\/p>\n","protected":false},"featured_media":24450,"comment_status":"open","ping_status":"closed","template":"","meta":{"site-sidebar-layout":"default","site-content-layout":"","ast-site-content-layout":"default","site-content-style":"default","site-sidebar-style":"default","ast-global-header-display":"","ast-banner-title-visibility":"","ast-main-header-display":"","ast-hfb-above-header-display":"","ast-hfb-below-header-display":"","ast-hfb-mobile-header-display":"","site-post-title":"","ast-breadcrumbs-content":"","ast-featured-img":"","footer-sml-layout":"","theme-transparent-header-meta":"default","adv-header-id-meta":"","stick-header-meta":"","header-above-stick-meta":"","header-main-stick-meta":"","header-below-stick-meta":"","astra-migrate-meta-layouts":"set","ast-page-background-enabled":"default","ast-page-background-meta":{"desktop":{"background-color":"var(--ast-global-color-5)","background-image":"","background-repeat":"repeat","background-position":"center center","background-size":"auto","background-attachment":"scroll","background-type":"","background-media":"","overlay-type":"","overlay-color":"","overlay-opacity":"","overlay-gradient":""},"tablet":{"background-color":"","background-image":"","background-repeat":"repeat","background-position":"center center","background-size":"auto","background-attachment":"scroll","background-type":"","background-media":"","overlay-type":"","overlay-color":"","overlay-opacity":"","overlay-gradient":""},"mobile":{"background-color":"","background-image":"","background-repeat":"repeat","background-position":"center center","background-size":"auto","background-attachment":"scroll","background-type":"","background-media":"","overlay-type":"","overlay-color":"","overlay-opacity":"","overlay-gradient":""}},"ast-content-background-meta":{"desktop":{"background-color":"var(--ast-global-color-4)","background-image":"","background-repeat":"repeat","background-position":"center center","background-size":"auto","background-attachment":"scroll","background-type":"","background-media":"","overlay-type":"","overlay-color":"","overlay-opacity":"","overlay-gradient":""},"tablet":{"background-color":"var(--ast-global-color-4)","background-image":"","background-repeat":"repeat","background-position":"center center","background-size":"auto","background-attachment":"scroll","background-type":"","background-media":"","overlay-type":"","overlay-color":"","overlay-opacity":"","overlay-gradient":""},"mobile":{"background-color":"var(--ast-global-color-4)","background-image":"","background-repeat":"repeat","background-position":"center center","background-size":"auto","background-attachment":"scroll","background-type":"","background-media":"","overlay-type":"","overlay-color":"","overlay-opacity":"","overlay-gradient":""}}},"product_brand":[],"product_cat":[19],"product_tag":[],"class_list":{"0":"post-24454","1":"product","2":"type-product","3":"status-publish","4":"has-post-thumbnail","6":"product_cat-uncategorized","7":"pa_21579_aps7w8pg-groen","8":"pa_21579_aps7w8pg-gul","9":"pa_21579_aps7w8pg-roed","10":"desktop-align-left","11":"tablet-align-left","12":"mobile-align-left","14":"first","15":"instock","16":"shipping-taxable","17":"purchasable","18":"product-type-variable"},"_links":{"self":[{"href":"https:\/\/ecostera.com\/dk\/wp-json\/wp\/v2\/product\/24454","targetHints":{"allow":["GET"]}}],"collection":[{"href":"https:\/\/ecostera.com\/dk\/wp-json\/wp\/v2\/product"}],"about":[{"href":"https:\/\/ecostera.com\/dk\/wp-json\/wp\/v2\/types\/product"}],"replies":[{"embeddable":true,"href":"https:\/\/ecostera.com\/dk\/wp-json\/wp\/v2\/comments?post=24454"}],"wp:featuredmedia":[{"embeddable":true,"href":"https:\/\/ecostera.com\/dk\/wp-json\/wp\/v2\/media\/24450"}],"wp:attachment":[{"href":"https:\/\/ecostera.com\/dk\/wp-json\/wp\/v2\/media?parent=24454"}],"wp:term":[{"taxonomy":"product_brand","embeddable":true,"href":"https:\/\/ecostera.com\/dk\/wp-json\/wp\/v2\/product_brand?post=24454"},{"taxonomy":"product_cat","embeddable":true,"href":"https:\/\/ecostera.com\/dk\/wp-json\/wp\/v2\/product_cat?post=24454"},{"taxonomy":"product_tag","embeddable":true,"href":"https:\/\/ecostera.com\/dk\/wp-json\/wp\/v2\/product_tag?post=24454"}],"curies":[{"name":"wp","href":"https:\/\/api.w.org\/{rel}","templated":true}]}}