{"id":24503,"date":"2025-09-22T10:03:38","date_gmt":"2025-09-22T07:03:38","guid":{"rendered":"https:\/\/ecostera.com\/dk\/product\/toiletskammel\/"},"modified":"2025-09-22T10:03:54","modified_gmt":"2025-09-22T07:03:54","slug":"toiletskammel","status":"publish","type":"product","link":"https:\/\/ecostera.com\/dk\/product\/toiletskammel\/","title":{"rendered":"Toiletskammel"},"content":{"rendered":"<p style=\"text-align: center\" data-start=\"0\" data-end=\"59\"><strong data-start=\"0\" data-end=\"57\">Toiletskammel &#8211; Forbedr Ford\u00f8jelsen P\u00e5 Den Naturlige M\u00e5de \ud83d\udebd\ud83c\udf3f<\/strong><\/p>\n<p style=\"text-align: center\" data-start=\"61\" data-end=\"343\">Transformer din badev\u00e6relsesrutine med denne ergonomiske toiletskammel, der er designet til at hj\u00e6lpe dig med at sidde i den naturlige 35\u00b0 hugsiddende stilling. Ved at h\u00e6ve dine ben slapper du af i tarmen, reducerer belastningen og fremmer en hurtigere og sundere aff\u00f8ring. Enkel, effektiv og anbefalet af l\u00e6gen.<\/p>\n<p data-start=\"61\" data-end=\"343\"><img decoding=\"async\" class=\"size-full wp-image-32331 aligncenter\" src=\"https:\/\/keluvo.com\/template\/wp-content\/uploads\/sites\/5\/2025\/08\/072110-ezgif.com-video-to-webp-converter-2.webp\" alt=\"\" \/><\/p>\n<h2 style=\"text-align: center\" data-start=\"350\" data-end=\"372\">\ud83c\udf3f Vigtigste Fordele<\/h2>\n<p data-start=\"375\" data-end=\"425\">\ud83c\udf3f Fremmer naturlig kropsholdning for lettere ford\u00f8jelse<\/p>\n<p data-start=\"428\" data-end=\"484\">\ud83d\udebd Hj\u00e6lper med at lindre forstoppelse, oppustethed og anstrengelse<\/p>\n<p data-start=\"487\" data-end=\"542\">\ud83e\ude91 Ergonomisk U-form passer perfekt rundt om ethvert toilet<\/p>\n<p data-start=\"545\" data-end=\"598\">\ud83d\udcaa St\u00e6rkt og holdbart design med skridsikkert underlag<\/p>\n<p data-start=\"601\" data-end=\"640\">\ud83d\udc68\u200d\ud83d\udc69\u200d\ud83d\udc66 Velegnet til voksne og b\u00f8rn<\/p>\n<p data-start=\"601\" data-end=\"640\"><img decoding=\"async\" class=\"size-full wp-image-32335 aligncenter\" src=\"https:\/\/keluvo.com\/template\/wp-content\/uploads\/sites\/5\/2025\/08\/S950febc40cdc41d7ad635501390a82fa2.jpg_960x960q75.jpg_.avif\" alt=\"\" \/><\/p>\n<h2 style=\"text-align: center\" data-start=\"647\" data-end=\"668\">\ud83d\udccc S\u00e5dan Bruges<\/h2>\n<ol data-start=\"669\" data-end=\"841\">\n<li data-start=\"669\" data-end=\"717\">\n<p data-start=\"672\" data-end=\"717\">Placer taburetten i bunden af dit toilet.<\/p>\n<\/li>\n<li data-start=\"718\" data-end=\"773\">\n<p data-start=\"721\" data-end=\"773\">S\u00e6t dig p\u00e5 toilettet og hvil f\u00f8dderne p\u00e5 skamlen.<\/p>\n<\/li>\n<li data-start=\"774\" data-end=\"841\">\n<p data-start=\"777\" data-end=\"841\">Nyd den forbedrede vinkel p\u00e5 35\u00b0, som g\u00f8r det lettere at komme af med vandet.<\/p>\n<\/li>\n<\/ol>\n<h2 style=\"text-align: center\" data-start=\"848\" data-end=\"872\">\ud83d\udccf Produktdetaljer<\/h2>\n<ul data-start=\"873\" data-end=\"1021\">\n<li data-start=\"873\" data-end=\"910\">\n<p data-start=\"875\" data-end=\"910\">Materiale: milj\u00f8venlig PP-plast<\/p>\n<\/li>\n<li data-start=\"911\" data-end=\"950\">\n<p data-start=\"913\" data-end=\"950\">St\u00f8rrelse: ca. 39 cm x 26 cm x 17 cm<\/p>\n<\/li>\n<li data-start=\"951\" data-end=\"984\">\n<p data-start=\"953\" data-end=\"984\">V\u00e6gtkapacitet: op til 150 kg<\/p>\n<\/li>\n<li data-start=\"985\" data-end=\"1021\">\n<p data-start=\"987\" data-end=\"1021\">Farver: Hvid, gr\u00f8n, pink, bl\u00e5<\/p>\n<\/li>\n<\/ul>\n<h2 style=\"text-align: center\" data-start=\"1028\" data-end=\"1053\">\ud83d\udce6 Pakken Indeholder<\/h2>\n<ul data-start=\"1054\" data-end=\"1074\">\n<li data-start=\"1054\" data-end=\"1074\">\n<p data-start=\"1056\" data-end=\"1074\">1x toiletstol.<\/p>\n<\/li>\n<\/ul>\n","protected":false},"excerpt":{"rendered":"<p>Toiletskammel &#8211; Forbedr Ford\u00f8jelsen P\u00e5 Den Naturlige M\u00e5de \ud83d\udebd\ud83c\udf3f Transformer din badev\u00e6relsesrutine med denne ergonomiske toiletskammel, der er designet til [&hellip;]<\/p>\n","protected":false},"featured_media":24499,"comment_status":"open","ping_status":"closed","template":"","meta":{"site-sidebar-layout":"default","site-content-layout":"","ast-site-content-layout":"default","site-content-style":"default","site-sidebar-style":"default","ast-global-header-display":"","ast-banner-title-visibility":"","ast-main-header-display":"","ast-hfb-above-header-display":"","ast-hfb-below-header-display":"","ast-hfb-mobile-header-display":"","site-post-title":"","ast-breadcrumbs-content":"","ast-featured-img":"","footer-sml-layout":"","theme-transparent-header-meta":"default","adv-header-id-meta":"","stick-header-meta":"","header-above-stick-meta":"","header-main-stick-meta":"","header-below-stick-meta":"","astra-migrate-meta-layouts":"set","ast-page-background-enabled":"default","ast-page-background-meta":{"desktop":{"background-color":"var(--ast-global-color-5)","background-image":"","background-repeat":"repeat","background-position":"center center","background-size":"auto","background-attachment":"scroll","background-type":"","background-media":"","overlay-type":"","overlay-color":"","overlay-opacity":"","overlay-gradient":""},"tablet":{"background-color":"","background-image":"","background-repeat":"repeat","background-position":"center center","background-size":"auto","background-attachment":"scroll","background-type":"","background-media":"","overlay-type":"","overlay-color":"","overlay-opacity":"","overlay-gradient":""},"mobile":{"background-color":"","background-image":"","background-repeat":"repeat","background-position":"center center","background-size":"auto","background-attachment":"scroll","background-type":"","background-media":"","overlay-type":"","overlay-color":"","overlay-opacity":"","overlay-gradient":""}},"ast-content-background-meta":{"desktop":{"background-color":"var(--ast-global-color-4)","background-image":"","background-repeat":"repeat","background-position":"center center","background-size":"auto","background-attachment":"scroll","background-type":"","background-media":"","overlay-type":"","overlay-color":"","overlay-opacity":"","overlay-gradient":""},"tablet":{"background-color":"var(--ast-global-color-4)","background-image":"","background-repeat":"repeat","background-position":"center center","background-size":"auto","background-attachment":"scroll","background-type":"","background-media":"","overlay-type":"","overlay-color":"","overlay-opacity":"","overlay-gradient":""},"mobile":{"background-color":"var(--ast-global-color-4)","background-image":"","background-repeat":"repeat","background-position":"center center","background-size":"auto","background-attachment":"scroll","background-type":"","background-media":"","overlay-type":"","overlay-color":"","overlay-opacity":"","overlay-gradient":""}}},"product_brand":[],"product_cat":[19],"product_tag":[],"class_list":{"0":"post-24503","1":"product","2":"type-product","3":"status-publish","4":"has-post-thumbnail","6":"product_cat-uncategorized","7":"pa_42941_rgsww3ko-blaa","8":"pa_42941_rgsww3ko-groen","9":"pa_42941_rgsww3ko-hvid","10":"pa_42941_rgsww3ko-lyseroed","11":"desktop-align-left","12":"tablet-align-left","13":"mobile-align-left","15":"first","16":"instock","17":"shipping-taxable","18":"purchasable","19":"product-type-variable"},"_links":{"self":[{"href":"https:\/\/ecostera.com\/dk\/wp-json\/wp\/v2\/product\/24503","targetHints":{"allow":["GET"]}}],"collection":[{"href":"https:\/\/ecostera.com\/dk\/wp-json\/wp\/v2\/product"}],"about":[{"href":"https:\/\/ecostera.com\/dk\/wp-json\/wp\/v2\/types\/product"}],"replies":[{"embeddable":true,"href":"https:\/\/ecostera.com\/dk\/wp-json\/wp\/v2\/comments?post=24503"}],"wp:featuredmedia":[{"embeddable":true,"href":"https:\/\/ecostera.com\/dk\/wp-json\/wp\/v2\/media\/24499"}],"wp:attachment":[{"href":"https:\/\/ecostera.com\/dk\/wp-json\/wp\/v2\/media?parent=24503"}],"wp:term":[{"taxonomy":"product_brand","embeddable":true,"href":"https:\/\/ecostera.com\/dk\/wp-json\/wp\/v2\/product_brand?post=24503"},{"taxonomy":"product_cat","embeddable":true,"href":"https:\/\/ecostera.com\/dk\/wp-json\/wp\/v2\/product_cat?post=24503"},{"taxonomy":"product_tag","embeddable":true,"href":"https:\/\/ecostera.com\/dk\/wp-json\/wp\/v2\/product_tag?post=24503"}],"curies":[{"name":"wp","href":"https:\/\/api.w.org\/{rel}","templated":true}]}}