{"id":2461,"date":"2025-07-15T13:08:07","date_gmt":"2025-07-15T13:08:07","guid":{"rendered":"https:\/\/ecostera.com\/dk\/product\/frituregryde-i-rustfrit-staal\/"},"modified":"2025-08-25T16:18:34","modified_gmt":"2025-08-25T13:18:34","slug":"frituregryde-i-rustfrit-staal","status":"publish","type":"product","link":"https:\/\/ecostera.com\/dk\/product\/frituregryde-i-rustfrit-staal\/","title":{"rendered":"Frituregryde i rustfrit st\u00e5l"},"content":{"rendered":"<h2 style=\"text-align: center\"><strong>Rustfrit St\u00e5l I H\u00f8j Kvalitet<\/strong><\/h2>\n<p style=\"text-align: center\">Frituregryden i rustfrit st\u00e5l er fremstillet af holdbart 304 rustfrit st\u00e5l, som sikrer langvarig brug. Dette materiale er sikkert, hygiejnisk og modstandsdygtigt over for rust, hvilket g\u00f8r det ideelt til daglig madlavning.<\/p>\n<p><img decoding=\"async\" class=\"alignnone size-medium wp-image-11656 aligncenter\" src=\"https:\/\/keluvo.com\/template\/wp-content\/uploads\/sites\/5\/2025\/02\/S9a757397e1cc4c6ea1f7b0224f3a83d4a.jpeg\" alt=\"\" \/><\/p>\n<h2 style=\"text-align: center\"><strong>Perfekt Til At Stege Alt, Hvad Du \u00d8nsker<\/strong><\/h2>\n<p style=\"text-align: center\">Denne frituregryde er velegnet til at lave spr\u00f8dstegte f\u00f8devarer som kyllingevinger, pommes frites, tempura og meget mere. Uanset om du tilbereder snacks eller hele m\u00e5ltider, hj\u00e6lper den med at opn\u00e5 l\u00e6kre resultater hver gang.<\/p>\n<p><img decoding=\"async\" class=\"alignnone size-medium wp-image-11659 aligncenter\" src=\"https:\/\/keluvo.com\/template\/wp-content\/uploads\/sites\/5\/2025\/02\/Sed04757c62f346149f976dd3cfd4b65ar.jpeg\" alt=\"\" \/><\/p>\n","protected":false},"excerpt":{"rendered":"<p>Rustfrit St\u00e5l I H\u00f8j Kvalitet Frituregryden i rustfrit st\u00e5l er fremstillet af holdbart 304 rustfrit st\u00e5l, som sikrer langvarig brug. [&hellip;]<\/p>\n","protected":false},"featured_media":2457,"comment_status":"open","ping_status":"closed","template":"","meta":{"site-sidebar-layout":"default","site-content-layout":"","ast-site-content-layout":"default","site-content-style":"default","site-sidebar-style":"default","ast-global-header-display":"","ast-banner-title-visibility":"","ast-main-header-display":"","ast-hfb-above-header-display":"","ast-hfb-below-header-display":"","ast-hfb-mobile-header-display":"","site-post-title":"","ast-breadcrumbs-content":"","ast-featured-img":"","footer-sml-layout":"","theme-transparent-header-meta":"default","adv-header-id-meta":"","stick-header-meta":"","header-above-stick-meta":"","header-main-stick-meta":"","header-below-stick-meta":"","astra-migrate-meta-layouts":"set","ast-page-background-enabled":"default","ast-page-background-meta":{"desktop":{"background-color":"var(--ast-global-color-5)","background-image":"","background-repeat":"repeat","background-position":"center center","background-size":"auto","background-attachment":"scroll","background-type":"","background-media":"","overlay-type":"","overlay-color":"","overlay-opacity":"","overlay-gradient":""},"tablet":{"background-color":"","background-image":"","background-repeat":"repeat","background-position":"center center","background-size":"auto","background-attachment":"scroll","background-type":"","background-media":"","overlay-type":"","overlay-color":"","overlay-opacity":"","overlay-gradient":""},"mobile":{"background-color":"","background-image":"","background-repeat":"repeat","background-position":"center center","background-size":"auto","background-attachment":"scroll","background-type":"","background-media":"","overlay-type":"","overlay-color":"","overlay-opacity":"","overlay-gradient":""}},"ast-content-background-meta":{"desktop":{"background-color":"var(--ast-global-color-4)","background-image":"","background-repeat":"repeat","background-position":"center center","background-size":"auto","background-attachment":"scroll","background-type":"","background-media":"","overlay-type":"","overlay-color":"","overlay-opacity":"","overlay-gradient":""},"tablet":{"background-color":"var(--ast-global-color-4)","background-image":"","background-repeat":"repeat","background-position":"center center","background-size":"auto","background-attachment":"scroll","background-type":"","background-media":"","overlay-type":"","overlay-color":"","overlay-opacity":"","overlay-gradient":""},"mobile":{"background-color":"var(--ast-global-color-4)","background-image":"","background-repeat":"repeat","background-position":"center center","background-size":"auto","background-attachment":"scroll","background-type":"","background-media":"","overlay-type":"","overlay-color":"","overlay-opacity":"","overlay-gradient":""}}},"product_brand":[],"product_cat":[19],"product_tag":[],"class_list":{"0":"post-2461","1":"product","2":"type-product","3":"status-publish","4":"has-post-thumbnail","6":"product_cat-uncategorized","7":"desktop-align-left","8":"tablet-align-left","9":"mobile-align-left","11":"first","12":"instock","13":"shipping-taxable","14":"purchasable","15":"product-type-simple"},"_links":{"self":[{"href":"https:\/\/ecostera.com\/dk\/wp-json\/wp\/v2\/product\/2461","targetHints":{"allow":["GET"]}}],"collection":[{"href":"https:\/\/ecostera.com\/dk\/wp-json\/wp\/v2\/product"}],"about":[{"href":"https:\/\/ecostera.com\/dk\/wp-json\/wp\/v2\/types\/product"}],"replies":[{"embeddable":true,"href":"https:\/\/ecostera.com\/dk\/wp-json\/wp\/v2\/comments?post=2461"}],"wp:featuredmedia":[{"embeddable":true,"href":"https:\/\/ecostera.com\/dk\/wp-json\/wp\/v2\/media\/2457"}],"wp:attachment":[{"href":"https:\/\/ecostera.com\/dk\/wp-json\/wp\/v2\/media?parent=2461"}],"wp:term":[{"taxonomy":"product_brand","embeddable":true,"href":"https:\/\/ecostera.com\/dk\/wp-json\/wp\/v2\/product_brand?post=2461"},{"taxonomy":"product_cat","embeddable":true,"href":"https:\/\/ecostera.com\/dk\/wp-json\/wp\/v2\/product_cat?post=2461"},{"taxonomy":"product_tag","embeddable":true,"href":"https:\/\/ecostera.com\/dk\/wp-json\/wp\/v2\/product_tag?post=2461"}],"curies":[{"name":"wp","href":"https:\/\/api.w.org\/{rel}","templated":true}]}}