{"id":24616,"date":"2025-09-22T10:14:52","date_gmt":"2025-09-22T07:14:52","guid":{"rendered":"https:\/\/ecostera.com\/dk\/product\/hjaelpemiddel-til-golftraening\/"},"modified":"2025-09-22T10:14:52","modified_gmt":"2025-09-22T07:14:52","slug":"hjaelpemiddel-til-golftraening","status":"publish","type":"product","link":"https:\/\/ecostera.com\/dk\/product\/hjaelpemiddel-til-golftraening\/","title":{"rendered":"Hj\u00e6lpemiddel til golftr\u00e6ning"},"content":{"rendered":"<p style=\"text-align: center\" data-start=\"115\" data-end=\"147\"><strong>Tr\u00e6n Dit Sving Som En Professionel \u26f3<\/strong><\/p>\n<p style=\"text-align: center\" data-start=\"149\" data-end=\"372\">Dette golftr\u00e6ningsredskab hj\u00e6lper dig med at perfektionere din form, timing og rytme ved hver tr\u00e6ningssession. Uanset om du er nybegynder eller ved at sk\u00e6rpe dine f\u00e6rdigheder, er det det ultimative tr\u00e6ningsv\u00e6rkt\u00f8j til at opbygge muskelhukommelse og konsistens.<\/p>\n<p data-start=\"149\" data-end=\"372\"><img decoding=\"async\" class=\"size-full wp-image-32432 aligncenter\" src=\"https:\/\/keluvo.com\/template\/wp-content\/uploads\/sites\/5\/2025\/08\/20230111167341617527184.gif\" alt=\"\" \/><\/p>\n<h2 style=\"text-align: center\" data-start=\"374\" data-end=\"395\"><strong>Main Benefits \u2705<\/strong><\/h2>\n<p data-start=\"398\" data-end=\"448\">\u26f3 Underviser i korrekt svingholdning og armposition<\/p>\n<p data-start=\"451\" data-end=\"501\">\ud83e\udde0 Opbygger muskelhukommelse for et mere naturligt sving<\/p>\n<p data-start=\"504\" data-end=\"547\">\ud83d\udd01 Hj\u00e6lper med at udvikle svingrytme og balance<\/p>\n<p data-start=\"550\" data-end=\"604\">\ud83c\udfcc\ufe0f Reducerer almindelige svingfejl fejl som flyvende albuer<\/p>\n<p data-start=\"550\" data-end=\"604\">\ud83d\udcaa Styrker vigtige golfmuskler under practice<\/p>\n<p data-start=\"659\" data-end=\"705\">\ud83d\udee0\ufe0f Let at s\u00e6tte p\u00e5 og tage af &#8211; tr\u00e6n hvor som helst<\/p>\n<p data-start=\"659\" data-end=\"705\"><img decoding=\"async\" class=\"size-full wp-image-32431 aligncenter\" src=\"https:\/\/keluvo.com\/template\/wp-content\/uploads\/sites\/5\/2025\/08\/20230111167341617885299.gif\" alt=\"\" \/><\/p>\n<h2 style=\"text-align: center\" data-start=\"707\" data-end=\"733\"><strong>How To Use It \ud83c\udfcc\ufe0f\u200d\u2642\ufe0f<\/strong><\/h2>\n<ol data-start=\"734\" data-end=\"950\">\n<li data-start=\"734\" data-end=\"779\">\n<p data-start=\"737\" data-end=\"779\">Attach Svingtr\u00e6neren til din golfk\u00f8lle.<\/p>\n<\/li>\n<li data-start=\"780\" data-end=\"840\">\n<p data-start=\"783\" data-end=\"840\">Hold grebet, og placer armene gennem styrene.<\/p>\n<\/li>\n<li data-start=\"841\" data-end=\"892\">\n<p data-start=\"844\" data-end=\"892\">\u00f8v sving, mens du holder den korrekte form.<\/p>\n<\/li>\n<li data-start=\"893\" data-end=\"950\">\n<p data-start=\"896\" data-end=\"950\">brug regelm\u00e6ssigt for at opbygge konsistens og muskelhukommelse.<\/p>\n<\/li>\n<\/ol>\n<h2 style=\"text-align: center\" data-start=\"952\" data-end=\"976\"><strong>Product Details \ud83d\udccf<\/strong><\/h2>\n<ul data-start=\"977\" data-end=\"1114\">\n<li data-start=\"977\" data-end=\"994\">\n<p data-start=\"979\" data-end=\"994\">L\u00e6ngde: 59 cm<\/p>\n<\/li>\n<li data-start=\"995\" data-end=\"1018\">\n<p data-start=\"997\" data-end=\"1018\">H\u00e5ndtagsbredde: 13 cm<\/p>\n<\/li>\n<li data-start=\"1019\" data-end=\"1063\">\n<p data-start=\"1021\" data-end=\"1063\">Designet til b\u00e5de indend\u00f8rs og udend\u00f8rs brug<\/p>\n<\/li>\n<li data-start=\"1064\" data-end=\"1114\">\n<p data-start=\"1066\" data-end=\"1114\">Velegnet til begyndere og erfarne golfspillere<\/p>\n<\/li>\n<\/ul>\n<h2 style=\"text-align: center\" data-start=\"1116\" data-end=\"1141\"><strong>Package Includes \ud83d\udcec<\/strong><\/h2>\n<ul data-start=\"1142\" data-end=\"1178\">\n<li data-start=\"1142\" data-end=\"1178\">\n<p data-start=\"1144\" data-end=\"1178\">1x golftr\u00e6ningshj\u00e6lpemiddel.<\/p>\n<\/li>\n<\/ul>\n","protected":false},"excerpt":{"rendered":"<p>Tr\u00e6n Dit Sving Som En Professionel \u26f3 Dette golftr\u00e6ningsredskab hj\u00e6lper dig med at perfektionere din form, timing og rytme ved [&hellip;]<\/p>\n","protected":false},"featured_media":24612,"comment_status":"open","ping_status":"closed","template":"","meta":{"site-sidebar-layout":"default","site-content-layout":"","ast-site-content-layout":"default","site-content-style":"default","site-sidebar-style":"default","ast-global-header-display":"","ast-banner-title-visibility":"","ast-main-header-display":"","ast-hfb-above-header-display":"","ast-hfb-below-header-display":"","ast-hfb-mobile-header-display":"","site-post-title":"","ast-breadcrumbs-content":"","ast-featured-img":"","footer-sml-layout":"","theme-transparent-header-meta":"default","adv-header-id-meta":"","stick-header-meta":"","header-above-stick-meta":"","header-main-stick-meta":"","header-below-stick-meta":"","astra-migrate-meta-layouts":"set","ast-page-background-enabled":"default","ast-page-background-meta":{"desktop":{"background-color":"var(--ast-global-color-5)","background-image":"","background-repeat":"repeat","background-position":"center center","background-size":"auto","background-attachment":"scroll","background-type":"","background-media":"","overlay-type":"","overlay-color":"","overlay-opacity":"","overlay-gradient":""},"tablet":{"background-color":"","background-image":"","background-repeat":"repeat","background-position":"center center","background-size":"auto","background-attachment":"scroll","background-type":"","background-media":"","overlay-type":"","overlay-color":"","overlay-opacity":"","overlay-gradient":""},"mobile":{"background-color":"","background-image":"","background-repeat":"repeat","background-position":"center center","background-size":"auto","background-attachment":"scroll","background-type":"","background-media":"","overlay-type":"","overlay-color":"","overlay-opacity":"","overlay-gradient":""}},"ast-content-background-meta":{"desktop":{"background-color":"var(--ast-global-color-4)","background-image":"","background-repeat":"repeat","background-position":"center center","background-size":"auto","background-attachment":"scroll","background-type":"","background-media":"","overlay-type":"","overlay-color":"","overlay-opacity":"","overlay-gradient":""},"tablet":{"background-color":"var(--ast-global-color-4)","background-image":"","background-repeat":"repeat","background-position":"center center","background-size":"auto","background-attachment":"scroll","background-type":"","background-media":"","overlay-type":"","overlay-color":"","overlay-opacity":"","overlay-gradient":""},"mobile":{"background-color":"var(--ast-global-color-4)","background-image":"","background-repeat":"repeat","background-position":"center center","background-size":"auto","background-attachment":"scroll","background-type":"","background-media":"","overlay-type":"","overlay-color":"","overlay-opacity":"","overlay-gradient":""}}},"product_brand":[],"product_cat":[19],"product_tag":[],"class_list":{"0":"post-24616","1":"product","2":"type-product","3":"status-publish","4":"has-post-thumbnail","6":"product_cat-uncategorized","7":"desktop-align-left","8":"tablet-align-left","9":"mobile-align-left","11":"first","12":"instock","13":"shipping-taxable","14":"purchasable","15":"product-type-simple"},"_links":{"self":[{"href":"https:\/\/ecostera.com\/dk\/wp-json\/wp\/v2\/product\/24616","targetHints":{"allow":["GET"]}}],"collection":[{"href":"https:\/\/ecostera.com\/dk\/wp-json\/wp\/v2\/product"}],"about":[{"href":"https:\/\/ecostera.com\/dk\/wp-json\/wp\/v2\/types\/product"}],"replies":[{"embeddable":true,"href":"https:\/\/ecostera.com\/dk\/wp-json\/wp\/v2\/comments?post=24616"}],"wp:featuredmedia":[{"embeddable":true,"href":"https:\/\/ecostera.com\/dk\/wp-json\/wp\/v2\/media\/24612"}],"wp:attachment":[{"href":"https:\/\/ecostera.com\/dk\/wp-json\/wp\/v2\/media?parent=24616"}],"wp:term":[{"taxonomy":"product_brand","embeddable":true,"href":"https:\/\/ecostera.com\/dk\/wp-json\/wp\/v2\/product_brand?post=24616"},{"taxonomy":"product_cat","embeddable":true,"href":"https:\/\/ecostera.com\/dk\/wp-json\/wp\/v2\/product_cat?post=24616"},{"taxonomy":"product_tag","embeddable":true,"href":"https:\/\/ecostera.com\/dk\/wp-json\/wp\/v2\/product_tag?post=24616"}],"curies":[{"name":"wp","href":"https:\/\/api.w.org\/{rel}","templated":true}]}}