{"id":24626,"date":"2025-09-22T10:17:22","date_gmt":"2025-09-22T07:17:22","guid":{"rendered":"https:\/\/ecostera.com\/dk\/product\/halskaede-4\/"},"modified":"2025-09-22T10:18:26","modified_gmt":"2025-09-22T07:18:26","slug":"halskaede-4","status":"publish","type":"product","link":"https:\/\/ecostera.com\/dk\/product\/halskaede-4\/","title":{"rendered":"Halsk\u00e6de"},"content":{"rendered":"<p style=\"text-align: center\" data-start=\"117\" data-end=\"162\"><strong>En Unik Halsk\u00e6de, Der Fort\u00e6ller Din Historie \ud83d\udc96<\/strong><\/p>\n<p style=\"text-align: center\" data-start=\"164\" data-end=\"352\">Denne elegante halsk\u00e6de kan tilpasses med den f\u00f8dselssten, du \u00f8nsker at repr\u00e6sentere dine k\u00e6re, hvilket g\u00f8r den til en meningsfuld og personlig gave til f\u00f8dselsdage, mors dag, enhver s\u00e6rlig lejlighed eller endda til dig selv.<\/p>\n<p data-start=\"164\" data-end=\"352\"><img decoding=\"async\" class=\"size-full wp-image-32443 aligncenter\" src=\"https:\/\/keluvo.com\/template\/wp-content\/uploads\/sites\/5\/2025\/08\/S77d7cf018f64474685f85b28fed03387X.jpg_960x960q75.jpg_.avif\" alt=\"\" \/><\/p>\n<h2 style=\"text-align: center\">Hovedfordele \u2705<\/h2>\n<p data-start=\"378\" data-end=\"435\">\ud83d\udc8e Personligg\u00f8r den med den f\u00f8dselssten, du \u00f8nsker<\/p>\n<p data-start=\"438\" data-end=\"485\">\ud83c\udf1f Elegant og minimalt design, der passer til ethvert outfit<\/p>\n<p data-start=\"488\" data-end=\"536\">\ud83e\uddf7 Dobbelt krog for sikker og behagelig brug<\/p>\n<p data-start=\"539\" data-end=\"586\">\ud83d\udd17 Flere k\u00e6del\u00e6ngder for perfekt pasform<\/p>\n<p data-start=\"589\" data-end=\"648\">\ud83c\udf81 En bet\u00e6nksom gave til m\u00f8dre, d\u00f8tre, bedste venner eller endda til dig selv<\/p>\n<p data-start=\"589\" data-end=\"648\"><img decoding=\"async\" class=\"size-full wp-image-32438 aligncenter\" src=\"https:\/\/keluvo.com\/template\/wp-content\/uploads\/sites\/5\/2025\/08\/S360718505a0a4fc49d90673e1aa59331G.webp\" alt=\"\" \/><\/p>\n<h2 style=\"text-align: center\" data-start=\"650\" data-end=\"672\">S\u00e5dan Bruges Den \ud83c\udf80<\/h2>\n<ol data-start=\"673\" data-end=\"850\">\n<li data-start=\"673\" data-end=\"714\">\n<p data-start=\"676\" data-end=\"714\">V\u00e6lg den f\u00f8dselssten, du \u00f8nsker, efter f\u00f8dselsm\u00e5ned.<\/p>\n<\/li>\n<li data-start=\"795\" data-end=\"850\">\n<p data-start=\"798\" data-end=\"850\">Brug det alene eller sammen med dine yndlingssmykker.<\/p>\n<\/li>\n<\/ol>\n<h2 style=\"text-align: center\" data-start=\"852\" data-end=\"876\">Produktoplysninger \ud83d\udccf<\/h2>\n<ul data-start=\"877\" data-end=\"1090\">\n<li data-start=\"877\" data-end=\"921\">\n<p data-start=\"879\" data-end=\"921\">Anh\u00e6ngets st\u00f8rrelse: 2,2 x 1,5 cm<\/p>\n<\/li>\n<li data-start=\"922\" data-end=\"986\">\n<p data-start=\"924\" data-end=\"986\">Materiale: Kunstige \u00e6delsten\/semi-\u00e6delsten<\/p>\n<\/li>\n<li data-start=\"987\" data-end=\"1034\">\n<p data-start=\"989\" data-end=\"1034\">K\u00e6del\u00e6ngde: 45 cm<\/p>\n<\/li>\n<li data-start=\"1035\" data-end=\"1062\">\n<p data-start=\"1037\" data-end=\"1062\">K\u00e6destil: Curb-k\u00e6de<\/p>\n<\/li>\n<li data-start=\"1063\" data-end=\"1090\">\n<p data-start=\"1065\" data-end=\"1090\">Krogstil: Dobbelt krog<\/p>\n<\/li>\n<li data-start=\"1063\" data-end=\"1090\">Steiner: 5<\/li>\n<\/ul>\n<h2 style=\"text-align: center\" data-start=\"1092\" data-end=\"1117\">Pakken Indeholder \ud83d\udcec<\/h2>\n<ul data-start=\"1118\" data-end=\"1209\">\n<li data-start=\"1118\" data-end=\"1177\">\n<p data-start=\"1120\" data-end=\"1177\">1x halsk\u00e6de.<\/p>\n<\/li>\n<\/ul>\n","protected":false},"excerpt":{"rendered":"<p>En Unik Halsk\u00e6de, Der Fort\u00e6ller Din Historie \ud83d\udc96 Denne elegante halsk\u00e6de kan tilpasses med den f\u00f8dselssten, du \u00f8nsker at repr\u00e6sentere [&hellip;]<\/p>\n","protected":false},"featured_media":24622,"comment_status":"open","ping_status":"closed","template":"","meta":{"site-sidebar-layout":"default","site-content-layout":"","ast-site-content-layout":"default","site-content-style":"default","site-sidebar-style":"default","ast-global-header-display":"","ast-banner-title-visibility":"","ast-main-header-display":"","ast-hfb-above-header-display":"","ast-hfb-below-header-display":"","ast-hfb-mobile-header-display":"","site-post-title":"","ast-breadcrumbs-content":"","ast-featured-img":"","footer-sml-layout":"","theme-transparent-header-meta":"default","adv-header-id-meta":"","stick-header-meta":"","header-above-stick-meta":"","header-main-stick-meta":"","header-below-stick-meta":"","astra-migrate-meta-layouts":"set","ast-page-background-enabled":"default","ast-page-background-meta":{"desktop":{"background-color":"var(--ast-global-color-5)","background-image":"","background-repeat":"repeat","background-position":"center center","background-size":"auto","background-attachment":"scroll","background-type":"","background-media":"","overlay-type":"","overlay-color":"","overlay-opacity":"","overlay-gradient":""},"tablet":{"background-color":"","background-image":"","background-repeat":"repeat","background-position":"center center","background-size":"auto","background-attachment":"scroll","background-type":"","background-media":"","overlay-type":"","overlay-color":"","overlay-opacity":"","overlay-gradient":""},"mobile":{"background-color":"","background-image":"","background-repeat":"repeat","background-position":"center center","background-size":"auto","background-attachment":"scroll","background-type":"","background-media":"","overlay-type":"","overlay-color":"","overlay-opacity":"","overlay-gradient":""}},"ast-content-background-meta":{"desktop":{"background-color":"var(--ast-global-color-4)","background-image":"","background-repeat":"repeat","background-position":"center center","background-size":"auto","background-attachment":"scroll","background-type":"","background-media":"","overlay-type":"","overlay-color":"","overlay-opacity":"","overlay-gradient":""},"tablet":{"background-color":"var(--ast-global-color-4)","background-image":"","background-repeat":"repeat","background-position":"center center","background-size":"auto","background-attachment":"scroll","background-type":"","background-media":"","overlay-type":"","overlay-color":"","overlay-opacity":"","overlay-gradient":""},"mobile":{"background-color":"var(--ast-global-color-4)","background-image":"","background-repeat":"repeat","background-position":"center center","background-size":"auto","background-attachment":"scroll","background-type":"","background-media":"","overlay-type":"","overlay-color":"","overlay-opacity":"","overlay-gradient":""}}},"product_brand":[],"product_cat":[19],"product_tag":[],"class_list":{"0":"post-24626","1":"product","2":"type-product","3":"status-publish","4":"has-post-thumbnail","6":"product_cat-uncategorized","7":"pa_36052_ux8jwg5w-april","8":"pa_36052_ux8jwg5w-august","9":"pa_36052_ux8jwg5w-december","10":"pa_36052_ux8jwg5w-februar","11":"pa_36052_ux8jwg5w-januar","12":"pa_36052_ux8jwg5w-juli","13":"pa_36052_ux8jwg5w-juni","14":"pa_36052_ux8jwg5w-maj","15":"pa_36052_ux8jwg5w-marts","16":"pa_36052_ux8jwg5w-november","17":"pa_36052_ux8jwg5w-oktober","18":"pa_36052_ux8jwg5w-september","19":"desktop-align-left","20":"tablet-align-left","21":"mobile-align-left","23":"first","24":"instock","25":"shipping-taxable","26":"purchasable","27":"product-type-variable"},"_links":{"self":[{"href":"https:\/\/ecostera.com\/dk\/wp-json\/wp\/v2\/product\/24626","targetHints":{"allow":["GET"]}}],"collection":[{"href":"https:\/\/ecostera.com\/dk\/wp-json\/wp\/v2\/product"}],"about":[{"href":"https:\/\/ecostera.com\/dk\/wp-json\/wp\/v2\/types\/product"}],"replies":[{"embeddable":true,"href":"https:\/\/ecostera.com\/dk\/wp-json\/wp\/v2\/comments?post=24626"}],"wp:featuredmedia":[{"embeddable":true,"href":"https:\/\/ecostera.com\/dk\/wp-json\/wp\/v2\/media\/24622"}],"wp:attachment":[{"href":"https:\/\/ecostera.com\/dk\/wp-json\/wp\/v2\/media?parent=24626"}],"wp:term":[{"taxonomy":"product_brand","embeddable":true,"href":"https:\/\/ecostera.com\/dk\/wp-json\/wp\/v2\/product_brand?post=24626"},{"taxonomy":"product_cat","embeddable":true,"href":"https:\/\/ecostera.com\/dk\/wp-json\/wp\/v2\/product_cat?post=24626"},{"taxonomy":"product_tag","embeddable":true,"href":"https:\/\/ecostera.com\/dk\/wp-json\/wp\/v2\/product_tag?post=24626"}],"curies":[{"name":"wp","href":"https:\/\/api.w.org\/{rel}","templated":true}]}}