{"id":24659,"date":"2025-09-22T10:20:05","date_gmt":"2025-09-22T07:20:05","guid":{"rendered":"https:\/\/ecostera.com\/dk\/product\/solbriller-2\/"},"modified":"2025-09-22T10:20:56","modified_gmt":"2025-09-22T07:20:56","slug":"solbriller-2","status":"publish","type":"product","link":"https:\/\/ecostera.com\/dk\/product\/solbriller-2\/","title":{"rendered":"Solbriller"},"content":{"rendered":"<p style=\"text-align: center\" data-start=\"99\" data-end=\"149\"><strong>Hold dig skarp og beskyttet p\u00e5 alle eventyr \ud83d\udd76\ufe0f<\/strong><\/p>\n<p style=\"text-align: center\" data-start=\"151\" data-end=\"310\">These Robuste, polariserede sportssolbriller giver fuld \u00f8jenbeskyttelse, komfort og stil &#8211; perfekt til cykling, vandring, vandsport eller bare afslapning i solen.<\/p>\n<p data-start=\"151\" data-end=\"310\"><img decoding=\"async\" class=\"size-full wp-image-32472 aligncenter\" src=\"https:\/\/keluvo.com\/template\/wp-content\/uploads\/sites\/5\/2025\/08\/bf2b04025f52a80547a32c49845e690e791d2c42_3000x3000.webp\" alt=\"\" \/><\/p>\n<h2 style=\"text-align: center\" data-start=\"312\" data-end=\"333\">Hovedfordele \u2705<\/h2>\n<p data-start=\"336\" data-end=\"396\">\ud83d\udee1\ufe0f Polariserede TAC-linser blokerer bl\u00e6nding og reducerer belastningen af \u00f8jnene<\/p>\n<p data-start=\"399\" data-end=\"452\">\ud83c\udf1e 100% UV-beskyttelse holder dine \u00f8jne sikre udend\u00f8rs<\/p>\n<p data-start=\"455\" data-end=\"516\">\ud83d\udca7 Hydrofobisk og antireflekterende bel\u00e6gning for klart syn<\/p>\n<p data-start=\"519\" data-end=\"565\">\ud83e\uddf1 Ridsefaste og brudsikre linser<\/p>\n<p data-start=\"568\" data-end=\"619\">\ud83d\udcaa Holdbart stel bygget til sport og udend\u00f8rs brug<\/p>\n<p data-start=\"622\" data-end=\"688\">\ud83e\udea2 Inkluderer justerbar strop til at holde dem sikre under aktivitet<\/p>\n<p data-start=\"622\" data-end=\"688\"><img decoding=\"async\" class=\"size-full wp-image-32471 aligncenter\" src=\"https:\/\/keluvo.com\/template\/wp-content\/uploads\/sites\/5\/2025\/08\/1862316fa057199d77764591750a0b4f45f1aa30_3000x3000.webp\" alt=\"\" \/><\/p>\n<h2 style=\"text-align: center\" data-start=\"690\" data-end=\"712\">S\u00e5dan Bruges\ud83e\udde2<\/h2>\n<ol data-start=\"713\" data-end=\"935\">\n<li data-start=\"713\" data-end=\"768\">\n<p data-start=\"716\" data-end=\"768\">V\u00e6lg din farve, og juster stroppen for komfort.<\/p>\n<\/li>\n<li data-start=\"769\" data-end=\"813\">\n<p data-start=\"772\" data-end=\"813\">Tag dem p\u00e5 f\u00f8r enhver udend\u00f8rs aktivitet.<\/p>\n<\/li>\n<li data-start=\"814\" data-end=\"876\">\n<p data-start=\"817\" data-end=\"876\">Nyd bl\u00e6ndfrit, beskyttet syn i lyse omgivelser.<\/p>\n<\/li>\n<li data-start=\"877\" data-end=\"935\">\n<p data-start=\"880\" data-end=\"935\">Reng\u00f8r med en bl\u00f8d klud efter brug for at bevare klarheden.<\/p>\n<\/li>\n<\/ol>\n<h2 style=\"text-align: center\" data-start=\"937\" data-end=\"961\">Produktdetaljer \ud83d\udccf<\/h2>\n<ul data-start=\"962\" data-end=\"1125\">\n<li data-start=\"962\" data-end=\"1006\">\n<p data-start=\"964\" data-end=\"1006\">Polariseret TAC-glas med UV400-beskyttelse<\/p>\n<\/li>\n<li data-start=\"1007\" data-end=\"1051\">\n<p data-start=\"1009\" data-end=\"1051\">Vandafvisende og ridsefast bel\u00e6gning<\/p>\n<\/li>\n<li data-start=\"1052\" data-end=\"1088\">\n<p data-start=\"1054\" data-end=\"1088\">Sportsfit-stel for sikkert greb<\/p>\n<\/li>\n<li data-start=\"1089\" data-end=\"1125\">\n<p data-start=\"1091\" data-end=\"1125\">Inkluderer justerbar sportsstrop<\/p>\n<\/li>\n<\/ul>\n<h2 style=\"text-align: center\" data-start=\"1127\" data-end=\"1152\">Pakken Indeholder \ud83d\udcec<\/h2>\n<ul data-start=\"1153\" data-end=\"1229\">\n<li data-start=\"1153\" data-end=\"1200\">\n<p data-start=\"1155\" data-end=\"1200\">1x par solbriller<\/p>\n<\/li>\n<li data-start=\"1201\" data-end=\"1229\">\n<p data-start=\"1203\" data-end=\"1229\">1x justerbar sportsstrop.<\/p>\n<\/li>\n<\/ul>\n","protected":false},"excerpt":{"rendered":"<p>Hold dig skarp og beskyttet p\u00e5 alle eventyr \ud83d\udd76\ufe0f These Robuste, polariserede sportssolbriller giver fuld \u00f8jenbeskyttelse, komfort og stil &#8211; [&hellip;]<\/p>\n","protected":false},"featured_media":24655,"comment_status":"open","ping_status":"closed","template":"","meta":{"site-sidebar-layout":"default","site-content-layout":"","ast-site-content-layout":"default","site-content-style":"default","site-sidebar-style":"default","ast-global-header-display":"","ast-banner-title-visibility":"","ast-main-header-display":"","ast-hfb-above-header-display":"","ast-hfb-below-header-display":"","ast-hfb-mobile-header-display":"","site-post-title":"","ast-breadcrumbs-content":"","ast-featured-img":"","footer-sml-layout":"","theme-transparent-header-meta":"default","adv-header-id-meta":"","stick-header-meta":"","header-above-stick-meta":"","header-main-stick-meta":"","header-below-stick-meta":"","astra-migrate-meta-layouts":"set","ast-page-background-enabled":"default","ast-page-background-meta":{"desktop":{"background-color":"var(--ast-global-color-5)","background-image":"","background-repeat":"repeat","background-position":"center center","background-size":"auto","background-attachment":"scroll","background-type":"","background-media":"","overlay-type":"","overlay-color":"","overlay-opacity":"","overlay-gradient":""},"tablet":{"background-color":"","background-image":"","background-repeat":"repeat","background-position":"center center","background-size":"auto","background-attachment":"scroll","background-type":"","background-media":"","overlay-type":"","overlay-color":"","overlay-opacity":"","overlay-gradient":""},"mobile":{"background-color":"","background-image":"","background-repeat":"repeat","background-position":"center center","background-size":"auto","background-attachment":"scroll","background-type":"","background-media":"","overlay-type":"","overlay-color":"","overlay-opacity":"","overlay-gradient":""}},"ast-content-background-meta":{"desktop":{"background-color":"var(--ast-global-color-4)","background-image":"","background-repeat":"repeat","background-position":"center center","background-size":"auto","background-attachment":"scroll","background-type":"","background-media":"","overlay-type":"","overlay-color":"","overlay-opacity":"","overlay-gradient":""},"tablet":{"background-color":"var(--ast-global-color-4)","background-image":"","background-repeat":"repeat","background-position":"center center","background-size":"auto","background-attachment":"scroll","background-type":"","background-media":"","overlay-type":"","overlay-color":"","overlay-opacity":"","overlay-gradient":""},"mobile":{"background-color":"var(--ast-global-color-4)","background-image":"","background-repeat":"repeat","background-position":"center center","background-size":"auto","background-attachment":"scroll","background-type":"","background-media":"","overlay-type":"","overlay-color":"","overlay-opacity":"","overlay-gradient":""}}},"product_brand":[],"product_cat":[19],"product_tag":[],"class_list":{"0":"post-24659","1":"product","2":"type-product","3":"status-publish","4":"has-post-thumbnail","6":"product_cat-uncategorized","7":"pa_22050_a8t8yypc-a","8":"pa_22050_a8t8yypc-b","9":"pa_22050_a8t8yypc-c","10":"pa_22050_a8t8yypc-d","11":"pa_22050_a8t8yypc-e","12":"pa_22050_a8t8yypc-f","13":"pa_22050_a8t8yypc-g","14":"pa_22050_a8t8yypc-h","15":"desktop-align-left","16":"tablet-align-left","17":"mobile-align-left","19":"first","20":"instock","21":"shipping-taxable","22":"purchasable","23":"product-type-variable"},"_links":{"self":[{"href":"https:\/\/ecostera.com\/dk\/wp-json\/wp\/v2\/product\/24659","targetHints":{"allow":["GET"]}}],"collection":[{"href":"https:\/\/ecostera.com\/dk\/wp-json\/wp\/v2\/product"}],"about":[{"href":"https:\/\/ecostera.com\/dk\/wp-json\/wp\/v2\/types\/product"}],"replies":[{"embeddable":true,"href":"https:\/\/ecostera.com\/dk\/wp-json\/wp\/v2\/comments?post=24659"}],"wp:featuredmedia":[{"embeddable":true,"href":"https:\/\/ecostera.com\/dk\/wp-json\/wp\/v2\/media\/24655"}],"wp:attachment":[{"href":"https:\/\/ecostera.com\/dk\/wp-json\/wp\/v2\/media?parent=24659"}],"wp:term":[{"taxonomy":"product_brand","embeddable":true,"href":"https:\/\/ecostera.com\/dk\/wp-json\/wp\/v2\/product_brand?post=24659"},{"taxonomy":"product_cat","embeddable":true,"href":"https:\/\/ecostera.com\/dk\/wp-json\/wp\/v2\/product_cat?post=24659"},{"taxonomy":"product_tag","embeddable":true,"href":"https:\/\/ecostera.com\/dk\/wp-json\/wp\/v2\/product_tag?post=24659"}],"curies":[{"name":"wp","href":"https:\/\/api.w.org\/{rel}","templated":true}]}}