{"id":2466,"date":"2025-07-15T13:08:31","date_gmt":"2025-07-15T13:08:31","guid":{"rendered":"https:\/\/ecostera.com\/dk\/product\/hylde-til-badevaerelset\/"},"modified":"2025-07-15T13:08:36","modified_gmt":"2025-07-15T13:08:36","slug":"hylde-til-badevaerelset","status":"publish","type":"product","link":"https:\/\/ecostera.com\/dk\/product\/hylde-til-badevaerelset\/","title":{"rendered":"Hylde til badev\u00e6relset"},"content":{"rendered":"<h2 style=\"text-align: center\"><strong>Holdbar Aluminiumskonstruktion<\/strong><\/h2>\n<p style=\"text-align: center\">Hylden til badev\u00e6relset er lavet af aluminium af h\u00f8j kvalitet, hvilket giver holdbarhed og modstandsdygtighed over for fugt. Dens robuste design sikrer langvarig brug, hvilket g\u00f8r den til en p\u00e5lidelig tilf\u00f8jelse til dit badev\u00e6relse.<\/p>\n<p><img decoding=\"async\" class=\"alignnone size-medium wp-image-9623 aligncenter\" src=\"https:\/\/keluvo.com\/template\/wp-content\/uploads\/sites\/5\/2025\/01\/S0bde3800b22747da8dfbebc48cd1ef50H.jpg_960x960q75.jpg_.jpeg\" alt=\"\" \/><\/p>\n<h2 style=\"text-align: center\"><strong>Nem V\u00e6gmontering<\/strong><\/h2>\n<p style=\"text-align: center\">Designet med en sugende v\u00e6gmontering, denne badev\u00e6relseshylde fastg\u00f8res sikkert til din v\u00e6g uden at glide. Den perforeringsfri konstruktion sikrer, at der ikke sker skade p\u00e5 dine v\u00e6gge, hvilket g\u00f8r monteringen hurtig og problemfri.<\/p>\n<p><img decoding=\"async\" class=\"alignnone size-medium wp-image-9620 aligncenter\" src=\"https:\/\/keluvo.com\/template\/wp-content\/uploads\/sites\/5\/2025\/01\/Sc39e257d196a409591beb701fb1f583ar.jpeg\" alt=\"\" \/><\/p>\n","protected":false},"excerpt":{"rendered":"<p>Holdbar Aluminiumskonstruktion Hylden til badev\u00e6relset er lavet af aluminium af h\u00f8j kvalitet, hvilket giver holdbarhed og modstandsdygtighed over for fugt. [&hellip;]<\/p>\n","protected":false},"featured_media":2462,"comment_status":"open","ping_status":"closed","template":"","meta":{"site-sidebar-layout":"default","site-content-layout":"","ast-site-content-layout":"default","site-content-style":"default","site-sidebar-style":"default","ast-global-header-display":"","ast-banner-title-visibility":"","ast-main-header-display":"","ast-hfb-above-header-display":"","ast-hfb-below-header-display":"","ast-hfb-mobile-header-display":"","site-post-title":"","ast-breadcrumbs-content":"","ast-featured-img":"","footer-sml-layout":"","theme-transparent-header-meta":"default","adv-header-id-meta":"","stick-header-meta":"","header-above-stick-meta":"","header-main-stick-meta":"","header-below-stick-meta":"","astra-migrate-meta-layouts":"set","ast-page-background-enabled":"default","ast-page-background-meta":{"desktop":{"background-color":"var(--ast-global-color-5)","background-image":"","background-repeat":"repeat","background-position":"center center","background-size":"auto","background-attachment":"scroll","background-type":"","background-media":"","overlay-type":"","overlay-color":"","overlay-opacity":"","overlay-gradient":""},"tablet":{"background-color":"","background-image":"","background-repeat":"repeat","background-position":"center center","background-size":"auto","background-attachment":"scroll","background-type":"","background-media":"","overlay-type":"","overlay-color":"","overlay-opacity":"","overlay-gradient":""},"mobile":{"background-color":"","background-image":"","background-repeat":"repeat","background-position":"center center","background-size":"auto","background-attachment":"scroll","background-type":"","background-media":"","overlay-type":"","overlay-color":"","overlay-opacity":"","overlay-gradient":""}},"ast-content-background-meta":{"desktop":{"background-color":"var(--ast-global-color-4)","background-image":"","background-repeat":"repeat","background-position":"center center","background-size":"auto","background-attachment":"scroll","background-type":"","background-media":"","overlay-type":"","overlay-color":"","overlay-opacity":"","overlay-gradient":""},"tablet":{"background-color":"var(--ast-global-color-4)","background-image":"","background-repeat":"repeat","background-position":"center center","background-size":"auto","background-attachment":"scroll","background-type":"","background-media":"","overlay-type":"","overlay-color":"","overlay-opacity":"","overlay-gradient":""},"mobile":{"background-color":"var(--ast-global-color-4)","background-image":"","background-repeat":"repeat","background-position":"center center","background-size":"auto","background-attachment":"scroll","background-type":"","background-media":"","overlay-type":"","overlay-color":"","overlay-opacity":"","overlay-gradient":""}}},"product_brand":[],"product_cat":[19],"product_tag":[],"class_list":{"0":"post-2466","1":"product","2":"type-product","3":"status-publish","4":"has-post-thumbnail","6":"product_cat-uncategorized","7":"pa_43009_j2pk79oe-soelv","8":"pa_43009_j2pk79oe-sort","9":"desktop-align-left","10":"tablet-align-left","11":"mobile-align-left","13":"first","14":"instock","15":"shipping-taxable","16":"purchasable","17":"product-type-variable"},"_links":{"self":[{"href":"https:\/\/ecostera.com\/dk\/wp-json\/wp\/v2\/product\/2466","targetHints":{"allow":["GET"]}}],"collection":[{"href":"https:\/\/ecostera.com\/dk\/wp-json\/wp\/v2\/product"}],"about":[{"href":"https:\/\/ecostera.com\/dk\/wp-json\/wp\/v2\/types\/product"}],"replies":[{"embeddable":true,"href":"https:\/\/ecostera.com\/dk\/wp-json\/wp\/v2\/comments?post=2466"}],"wp:featuredmedia":[{"embeddable":true,"href":"https:\/\/ecostera.com\/dk\/wp-json\/wp\/v2\/media\/2462"}],"wp:attachment":[{"href":"https:\/\/ecostera.com\/dk\/wp-json\/wp\/v2\/media?parent=2466"}],"wp:term":[{"taxonomy":"product_brand","embeddable":true,"href":"https:\/\/ecostera.com\/dk\/wp-json\/wp\/v2\/product_brand?post=2466"},{"taxonomy":"product_cat","embeddable":true,"href":"https:\/\/ecostera.com\/dk\/wp-json\/wp\/v2\/product_cat?post=2466"},{"taxonomy":"product_tag","embeddable":true,"href":"https:\/\/ecostera.com\/dk\/wp-json\/wp\/v2\/product_tag?post=2466"}],"curies":[{"name":"wp","href":"https:\/\/api.w.org\/{rel}","templated":true}]}}