{"id":24718,"date":"2025-09-22T10:25:51","date_gmt":"2025-09-22T07:25:51","guid":{"rendered":"https:\/\/ecostera.com\/dk\/product\/skaereudstyr-til-metal\/"},"modified":"2025-09-30T11:06:15","modified_gmt":"2025-09-30T08:06:15","slug":"skaereudstyr-til-metal","status":"publish","type":"product","link":"https:\/\/ecostera.com\/dk\/product\/skaereudstyr-til-metal\/","title":{"rendered":"Sk\u00e6reudstyr til metal"},"content":{"rendered":"<p style=\"text-align: center\" data-start=\"93\" data-end=\"145\"><strong>Forvandl Din Boremaskine Til En Kraftfuld Metalsk\u00e6rer \u2699\ufe0f\ud83d\udd27<\/strong><\/p>\n<p style=\"text-align: center\" data-start=\"147\" data-end=\"344\">Denne metalsk\u00e6reforsats forvandler \u00f8jeblikkeligt din elektriske boremaskine til en pr\u00e6cis metalsk\u00e6rer. Den er perfekt til g\u00f8r-det-selv-folk, mekanikere eller andre, der har brug for rene, hurtige snit i metal, plast eller andet.<\/p>\n<p data-start=\"147\" data-end=\"344\"><img decoding=\"async\" class=\"size-full wp-image-32540 aligncenter\" src=\"https:\/\/keluvo.com\/template\/wp-content\/uploads\/sites\/5\/2025\/08\/072114-ezgif.com-video-to-webp-converter-2.webp\" alt=\"\" \/><\/p>\n<h2 style=\"text-align: center\" data-start=\"346\" data-end=\"367\"><strong>Vigtigste Fordele \u2705<\/strong><\/h2>\n<p data-start=\"370\" data-end=\"422\">\u2702\ufe0f Sk\u00e6rer gennem metal, plast, aluminium og meget mere<\/p>\n<p data-start=\"425\" data-end=\"476\">\ud83d\udd04 Sk\u00e6rehoved til glatte og alsidige use<\/p>\n<p data-start=\"479\" data-end=\"524\">\u2699\ufe0f Fungerer med de fleste almindelige elektriske boremaskiner<\/p>\n<p data-start=\"527\" data-end=\"570\">\ud83d\udd0d Laver rene, gratfrie snit p\u00e5 f\u00e5 sekunder<\/p>\n<p data-start=\"573\" data-end=\"617\">\ud83e\udeb6 Let og kompakt &#8211; nem at control<\/p>\n<p data-start=\"620\" data-end=\"670\">\ud83d\udee0\ufe0f Ideel til g\u00f8r-det-selv-, reparations- eller v\u00e6rkstedsprojekter<\/p>\n<p data-start=\"620\" data-end=\"670\"><img decoding=\"async\" class=\"size-full wp-image-32543 aligncenter\" src=\"https:\/\/keluvo.com\/template\/wp-content\/uploads\/sites\/5\/2025\/08\/cortador-latas-Metal-Cutter-Tool-03.webp\" alt=\"\" \/><\/p>\n<h2 style=\"text-align: center\" data-start=\"672\" data-end=\"694\"><strong>S\u00e5dan Bruges Den \ud83e\uddf0<\/strong><\/h2>\n<ol data-start=\"695\" data-end=\"906\">\n<li data-start=\"695\" data-end=\"740\">\n<p data-start=\"698\" data-end=\"740\">S\u00e6t mundstykket p\u00e5 din elektriske boremaskine.<\/p>\n<\/li>\n<li data-start=\"741\" data-end=\"784\">\n<p data-start=\"744\" data-end=\"784\">Fastg\u00f8r og placer pladematerialet.<\/p>\n<\/li>\n<li data-start=\"785\" data-end=\"852\">\n<p data-start=\"788\" data-end=\"852\">t\u00e6nd for boremaskinen, og f\u00f8r fr\u00e6seren langs den \u00f8nskede bane.<\/p>\n<\/li>\n<li data-start=\"853\" data-end=\"906\">\n<p data-start=\"856\" data-end=\"906\">skab nemt kurver, hj\u00f8rner eller lige linjer.<\/p>\n<\/li>\n<\/ol>\n<h2 style=\"text-align: center\" data-start=\"908\" data-end=\"932\"><strong>Produktdetaljer \ud83d\udccf<\/strong><\/h2>\n<ul data-start=\"933\" data-end=\"1158\">\n<li data-start=\"933\" data-end=\"962\">\n<p data-start=\"935\" data-end=\"962\">Materiale: St\u00e5l + plast<\/p>\n<\/li>\n<li data-start=\"963\" data-end=\"1017\">\n<p data-start=\"965\" data-end=\"1017\">Sk\u00e6retykkelse: Op til 2 mm (afh\u00e6nger af materialet)<\/p>\n<\/li>\n<li data-start=\"1018\" data-end=\"1058\">\n<p data-start=\"1020\" data-end=\"1058\">Kompatibel med 1500-3000 RPM-boremaskiner<\/p>\n<\/li>\n<li data-start=\"1107\" data-end=\"1158\">\n<p data-start=\"1109\" data-end=\"1158\">St\u00f8rrelse: Kompakt og let for nem h\u00e5ndtering<\/p>\n<\/li>\n<\/ul>\n<h2 style=\"text-align: center\" data-start=\"1160\" data-end=\"1185\"><strong>Pakken Indeholder \ud83d\udcec<\/strong><\/h2>\n<ul data-start=\"1186\" data-end=\"1284\">\n<li data-start=\"1186\" data-end=\"1219\">\n<p data-start=\"1188\" data-end=\"1219\">1x metalsk\u00e6reforsats<\/p>\n<\/li>\n<li data-start=\"1220\" data-end=\"1243\">\n<p data-start=\"1222\" data-end=\"1243\">1x ekstra h\u00e5ndtag<\/p>\n<\/li>\n<li data-start=\"1244\" data-end=\"1257\">\n<p data-start=\"1246\" data-end=\"1257\">1x skruen\u00f8gle.<\/p>\n<\/li>\n<\/ul>\n","protected":false},"excerpt":{"rendered":"<p>Forvandl Din Boremaskine Til En Kraftfuld Metalsk\u00e6rer \u2699\ufe0f\ud83d\udd27 Denne metalsk\u00e6reforsats forvandler \u00f8jeblikkeligt din elektriske boremaskine til en pr\u00e6cis metalsk\u00e6rer. Den [&hellip;]<\/p>\n","protected":false},"featured_media":24714,"comment_status":"open","ping_status":"closed","template":"","meta":{"site-sidebar-layout":"default","site-content-layout":"","ast-site-content-layout":"default","site-content-style":"default","site-sidebar-style":"default","ast-global-header-display":"","ast-banner-title-visibility":"","ast-main-header-display":"","ast-hfb-above-header-display":"","ast-hfb-below-header-display":"","ast-hfb-mobile-header-display":"","site-post-title":"","ast-breadcrumbs-content":"","ast-featured-img":"","footer-sml-layout":"","theme-transparent-header-meta":"default","adv-header-id-meta":"","stick-header-meta":"","header-above-stick-meta":"","header-main-stick-meta":"","header-below-stick-meta":"","astra-migrate-meta-layouts":"set","ast-page-background-enabled":"default","ast-page-background-meta":{"desktop":{"background-color":"var(--ast-global-color-5)","background-image":"","background-repeat":"repeat","background-position":"center center","background-size":"auto","background-attachment":"scroll","background-type":"","background-media":"","overlay-type":"","overlay-color":"","overlay-opacity":"","overlay-gradient":""},"tablet":{"background-color":"","background-image":"","background-repeat":"repeat","background-position":"center center","background-size":"auto","background-attachment":"scroll","background-type":"","background-media":"","overlay-type":"","overlay-color":"","overlay-opacity":"","overlay-gradient":""},"mobile":{"background-color":"","background-image":"","background-repeat":"repeat","background-position":"center center","background-size":"auto","background-attachment":"scroll","background-type":"","background-media":"","overlay-type":"","overlay-color":"","overlay-opacity":"","overlay-gradient":""}},"ast-content-background-meta":{"desktop":{"background-color":"var(--ast-global-color-4)","background-image":"","background-repeat":"repeat","background-position":"center center","background-size":"auto","background-attachment":"scroll","background-type":"","background-media":"","overlay-type":"","overlay-color":"","overlay-opacity":"","overlay-gradient":""},"tablet":{"background-color":"var(--ast-global-color-4)","background-image":"","background-repeat":"repeat","background-position":"center center","background-size":"auto","background-attachment":"scroll","background-type":"","background-media":"","overlay-type":"","overlay-color":"","overlay-opacity":"","overlay-gradient":""},"mobile":{"background-color":"var(--ast-global-color-4)","background-image":"","background-repeat":"repeat","background-position":"center center","background-size":"auto","background-attachment":"scroll","background-type":"","background-media":"","overlay-type":"","overlay-color":"","overlay-opacity":"","overlay-gradient":""}}},"product_brand":[],"product_cat":[19],"product_tag":[],"class_list":{"0":"post-24718","1":"product","2":"type-product","3":"status-publish","4":"has-post-thumbnail","6":"product_cat-uncategorized","7":"pa_24213_xx0lo648-blaa","8":"pa_24213_xx0lo648-graa","9":"pa_24213_xx0lo648-roed","10":"desktop-align-left","11":"tablet-align-left","12":"mobile-align-left","14":"first","15":"instock","16":"shipping-taxable","17":"purchasable","18":"product-type-variable"},"_links":{"self":[{"href":"https:\/\/ecostera.com\/dk\/wp-json\/wp\/v2\/product\/24718","targetHints":{"allow":["GET"]}}],"collection":[{"href":"https:\/\/ecostera.com\/dk\/wp-json\/wp\/v2\/product"}],"about":[{"href":"https:\/\/ecostera.com\/dk\/wp-json\/wp\/v2\/types\/product"}],"replies":[{"embeddable":true,"href":"https:\/\/ecostera.com\/dk\/wp-json\/wp\/v2\/comments?post=24718"}],"wp:featuredmedia":[{"embeddable":true,"href":"https:\/\/ecostera.com\/dk\/wp-json\/wp\/v2\/media\/24714"}],"wp:attachment":[{"href":"https:\/\/ecostera.com\/dk\/wp-json\/wp\/v2\/media?parent=24718"}],"wp:term":[{"taxonomy":"product_brand","embeddable":true,"href":"https:\/\/ecostera.com\/dk\/wp-json\/wp\/v2\/product_brand?post=24718"},{"taxonomy":"product_cat","embeddable":true,"href":"https:\/\/ecostera.com\/dk\/wp-json\/wp\/v2\/product_cat?post=24718"},{"taxonomy":"product_tag","embeddable":true,"href":"https:\/\/ecostera.com\/dk\/wp-json\/wp\/v2\/product_tag?post=24718"}],"curies":[{"name":"wp","href":"https:\/\/api.w.org\/{rel}","templated":true}]}}