{"id":24733,"date":"2025-09-22T10:28:14","date_gmt":"2025-09-22T07:28:14","guid":{"rendered":"https:\/\/ecostera.com\/dk\/product\/spotlight-med-bevaegelse\/"},"modified":"2025-09-22T10:28:48","modified_gmt":"2025-09-22T07:28:48","slug":"spotlight-med-bevaegelse","status":"publish","type":"product","link":"https:\/\/ecostera.com\/dk\/product\/spotlight-med-bevaegelse\/","title":{"rendered":"Spotlight med bev\u00e6gelse"},"content":{"rendered":"<p style=\"text-align: center\" data-start=\"102\" data-end=\"156\"><strong>Lys Dine V\u00e6gge Op Med Stil\u2014Ingen Ledninger, Intet Besv\u00e6r \ud83d\udca1<\/strong><\/p>\n<p style=\"text-align: center\" data-start=\"158\" data-end=\"361\">Denne bev\u00e6gelsesspotlight tilf\u00f8jer \u00f8jeblikkelig elegance og bekvemmelighed til ethvert rum. Med sin bev\u00e6gelsessensor og magnetiske base er den perfekt til at belyse kunstv\u00e6rker, hylder, gange eller sovev\u00e6relser &#8211; automatisk.<\/p>\n<p data-start=\"158\" data-end=\"361\"><img decoding=\"async\" class=\"size-full wp-image-32553 aligncenter\" src=\"https:\/\/keluvo.com\/template\/wp-content\/uploads\/sites\/5\/2025\/08\/download_2.webp\" alt=\"\" \/><\/p>\n<h2 style=\"text-align: center\" data-start=\"363\" data-end=\"384\">Hovedfordele \u2705<\/h2>\n<p data-start=\"387\" data-end=\"453\">\ud83d\udd75\ufe0f\u200d\u2642\ufe0f Indbygget bev\u00e6gelsessensor t\u00e6nder, n\u00e5r der registreres bev\u00e6gelse<\/p>\n<p data-start=\"456\" data-end=\"522\">\ud83e\uddf2 Magnetisk base g\u00f8r det nemt at justere eller fjerne lyset<\/p>\n<p data-start=\"525\" data-end=\"578\">\ud83d\udd0b USB-opladelig &#8211; intet behov for batterier eller ledninger<\/p>\n<p data-start=\"581\" data-end=\"629\">\ud83c\udf19 Bl\u00f8dt, varmt lys skaber en hyggelig, moderne vibe<\/p>\n<p data-start=\"632\" data-end=\"698\">\ud83d\udecb\ufe0f Ideel til stuer, gange, kunstv\u00e6rker, hylder og meget mere<\/p>\n<p data-start=\"632\" data-end=\"698\"><img decoding=\"async\" class=\"size-full wp-image-32552 aligncenter\" src=\"https:\/\/keluvo.com\/template\/wp-content\/uploads\/sites\/5\/2025\/08\/download_3.webp\" alt=\"\" \/><\/p>\n<h2 style=\"text-align: center\" data-start=\"700\" data-end=\"725\">S\u00e5dan Bruges \ud83e\uddd1\u200d\ud83d\udd27<\/h2>\n<ol data-start=\"726\" data-end=\"911\">\n<li data-start=\"726\" data-end=\"779\">\n<p data-start=\"729\" data-end=\"779\">Stick den magnetiske base, hvor du vil have lyset.<\/p>\n<\/li>\n<li data-start=\"780\" data-end=\"819\">\n<p data-start=\"783\" data-end=\"819\">Oplad via USB, n\u00e5r det er n\u00f8dvendigt.<\/p>\n<\/li>\n<li data-start=\"820\" data-end=\"851\">\n<p data-start=\"823\" data-end=\"851\">Nyd den automatiske belysning, hver gang der registreres bev\u00e6gelse.<\/p>\n<\/li>\n<\/ol>\n<h2 style=\"text-align: center\" data-start=\"913\" data-end=\"937\">Produktdetaljer \ud83d\udccf<\/h2>\n<ul data-start=\"938\" data-end=\"1138\">\n<li data-start=\"938\" data-end=\"965\">\n<p data-start=\"940\" data-end=\"965\">Lysfarve: 3 farver, varmt lys, varmt hvidt lys, hvidt lys<\/p>\n<\/li>\n<li data-start=\"966\" data-end=\"1001\">\n<p data-start=\"968\" data-end=\"1001\">Power: USB genopladeligt batteri<\/p>\n<\/li>\n<li data-start=\"1002\" data-end=\"1047\">\n<p data-start=\"1004\" data-end=\"1047\">Installation: Magnetisk og selvkl\u00e6bende montering<\/p>\n<\/li>\n<li data-start=\"1048\" data-end=\"1084\">\n<p data-start=\"1050\" data-end=\"1084\">Bev\u00e6gelsessensorens r\u00e6kkevidde: ~3\u20135 meter<\/p>\n<\/li>\n<li data-start=\"1048\" data-end=\"1084\">\n<p data-start=\"1050\" data-end=\"1084\">Batterikapacitet: 1200mah<\/p>\n<\/li>\n<li data-start=\"1085\" data-end=\"1138\">\n<p data-start=\"1087\" data-end=\"1138\">Automatisk slukning: Efter 15\u201320 sekunder uden bev\u00e6gelse<\/p>\n<\/li>\n<li data-start=\"1085\" data-end=\"1138\">St\u00f8rrelse: 82 x 82 x 188mm<\/li>\n<\/ul>\n<h2 style=\"text-align: center\" data-start=\"1140\" data-end=\"1165\">Pakken Indeholder \ud83d\udcec<\/h2>\n<ul data-start=\"1166\" data-end=\"1264\">\n<li data-start=\"1166\" data-end=\"1208\">\n<p data-start=\"1168\" data-end=\"1208\">1x bev\u00e6gelsesspot<\/p>\n<\/li>\n<li data-start=\"1166\" data-end=\"1208\">\n<p data-start=\"1168\" data-end=\"1208\"><span style=\"font-size: 16px\">1x beslag<\/span><\/p>\n<\/li>\n<li data-start=\"1166\" data-end=\"1208\">\n<p data-start=\"1168\" data-end=\"1208\"><span style=\"font-size: 16px\">1x skruetilbeh\u00f8r<\/span><\/p>\n<\/li>\n<li data-start=\"1166\" data-end=\"1208\">\n<p data-start=\"1168\" data-end=\"1208\"><span style=\"font-size: 16px\">1x kl\u00e6beb\u00e5nd<\/span><\/p>\n<\/li>\n<li data-start=\"1239\" data-end=\"1264\">\n<p data-start=\"1241\" data-end=\"1264\">1x USB-opladerkabel.<\/p>\n<\/li>\n<\/ul>\n","protected":false},"excerpt":{"rendered":"<p>Lys Dine V\u00e6gge Op Med Stil\u2014Ingen Ledninger, Intet Besv\u00e6r \ud83d\udca1 Denne bev\u00e6gelsesspotlight tilf\u00f8jer \u00f8jeblikkelig elegance og bekvemmelighed til ethvert rum. [&hellip;]<\/p>\n","protected":false},"featured_media":24729,"comment_status":"open","ping_status":"closed","template":"","meta":{"site-sidebar-layout":"default","site-content-layout":"","ast-site-content-layout":"default","site-content-style":"default","site-sidebar-style":"default","ast-global-header-display":"","ast-banner-title-visibility":"","ast-main-header-display":"","ast-hfb-above-header-display":"","ast-hfb-below-header-display":"","ast-hfb-mobile-header-display":"","site-post-title":"","ast-breadcrumbs-content":"","ast-featured-img":"","footer-sml-layout":"","theme-transparent-header-meta":"default","adv-header-id-meta":"","stick-header-meta":"","header-above-stick-meta":"","header-main-stick-meta":"","header-below-stick-meta":"","astra-migrate-meta-layouts":"set","ast-page-background-enabled":"default","ast-page-background-meta":{"desktop":{"background-color":"var(--ast-global-color-5)","background-image":"","background-repeat":"repeat","background-position":"center center","background-size":"auto","background-attachment":"scroll","background-type":"","background-media":"","overlay-type":"","overlay-color":"","overlay-opacity":"","overlay-gradient":""},"tablet":{"background-color":"","background-image":"","background-repeat":"repeat","background-position":"center center","background-size":"auto","background-attachment":"scroll","background-type":"","background-media":"","overlay-type":"","overlay-color":"","overlay-opacity":"","overlay-gradient":""},"mobile":{"background-color":"","background-image":"","background-repeat":"repeat","background-position":"center center","background-size":"auto","background-attachment":"scroll","background-type":"","background-media":"","overlay-type":"","overlay-color":"","overlay-opacity":"","overlay-gradient":""}},"ast-content-background-meta":{"desktop":{"background-color":"var(--ast-global-color-4)","background-image":"","background-repeat":"repeat","background-position":"center center","background-size":"auto","background-attachment":"scroll","background-type":"","background-media":"","overlay-type":"","overlay-color":"","overlay-opacity":"","overlay-gradient":""},"tablet":{"background-color":"var(--ast-global-color-4)","background-image":"","background-repeat":"repeat","background-position":"center center","background-size":"auto","background-attachment":"scroll","background-type":"","background-media":"","overlay-type":"","overlay-color":"","overlay-opacity":"","overlay-gradient":""},"mobile":{"background-color":"var(--ast-global-color-4)","background-image":"","background-repeat":"repeat","background-position":"center center","background-size":"auto","background-attachment":"scroll","background-type":"","background-media":"","overlay-type":"","overlay-color":"","overlay-opacity":"","overlay-gradient":""}}},"product_brand":[],"product_cat":[19],"product_tag":[],"class_list":{"0":"post-24733","1":"product","2":"type-product","3":"status-publish","4":"has-post-thumbnail","6":"product_cat-uncategorized","7":"pa_31437_aobfr2wo-hvid","8":"pa_31437_aobfr2wo-sort","9":"pa_31437_unbwoovr-1-stk","10":"pa_31437_unbwoovr-2-stk","11":"pa_31437_unbwoovr-3-stk","12":"desktop-align-left","13":"tablet-align-left","14":"mobile-align-left","16":"first","17":"instock","18":"shipping-taxable","19":"purchasable","20":"product-type-variable","21":"has-default-attributes"},"_links":{"self":[{"href":"https:\/\/ecostera.com\/dk\/wp-json\/wp\/v2\/product\/24733","targetHints":{"allow":["GET"]}}],"collection":[{"href":"https:\/\/ecostera.com\/dk\/wp-json\/wp\/v2\/product"}],"about":[{"href":"https:\/\/ecostera.com\/dk\/wp-json\/wp\/v2\/types\/product"}],"replies":[{"embeddable":true,"href":"https:\/\/ecostera.com\/dk\/wp-json\/wp\/v2\/comments?post=24733"}],"wp:featuredmedia":[{"embeddable":true,"href":"https:\/\/ecostera.com\/dk\/wp-json\/wp\/v2\/media\/24729"}],"wp:attachment":[{"href":"https:\/\/ecostera.com\/dk\/wp-json\/wp\/v2\/media?parent=24733"}],"wp:term":[{"taxonomy":"product_brand","embeddable":true,"href":"https:\/\/ecostera.com\/dk\/wp-json\/wp\/v2\/product_brand?post=24733"},{"taxonomy":"product_cat","embeddable":true,"href":"https:\/\/ecostera.com\/dk\/wp-json\/wp\/v2\/product_cat?post=24733"},{"taxonomy":"product_tag","embeddable":true,"href":"https:\/\/ecostera.com\/dk\/wp-json\/wp\/v2\/product_tag?post=24733"}],"curies":[{"name":"wp","href":"https:\/\/api.w.org\/{rel}","templated":true}]}}