{"id":24754,"date":"2025-09-22T10:29:55","date_gmt":"2025-09-22T07:29:55","guid":{"rendered":"https:\/\/ecostera.com\/dk\/product\/vaadservietter-til-pletfjerning\/"},"modified":"2025-09-22T10:30:13","modified_gmt":"2025-09-22T07:30:13","slug":"vaadservietter-til-pletfjerning","status":"publish","type":"product","link":"https:\/\/ecostera.com\/dk\/product\/vaadservietter-til-pletfjerning\/","title":{"rendered":"V\u00e5dservietter til pletfjerning"},"content":{"rendered":"<p style=\"text-align: center\" data-start=\"98\" data-end=\"150\"><strong>T\u00f8r \u00d8jeblikkeligt Pletter V\u00e6k N\u00e5r Som Helst Og Hvor Som Helst \ud83e\uddfc\ud83d\udc5f<\/strong><\/p>\n<p style=\"text-align: center\" data-start=\"152\" data-end=\"340\">Disse kraftige v\u00e5dservietter til pletfjerning fjerner snavs, olie og pletter fra t\u00f8j og sko p\u00e5 f\u00e5 sekunder. De er kompakte og nemme at have med og er perfekte til snavs p\u00e5 farten eller hurtig opfriskning.<\/p>\n<p data-start=\"152\" data-end=\"340\"><img decoding=\"async\" class=\"size-full wp-image-32577 aligncenter\" src=\"https:\/\/keluvo.com\/template\/wp-content\/uploads\/sites\/5\/2025\/08\/SP_791D1_1_480x480.webp\" alt=\"\" \/><\/p>\n<h2 style=\"text-align: center\" data-start=\"342\" data-end=\"363\">Vigtigste Fordele \u2705<\/h2>\n<p data-start=\"366\" data-end=\"408\">\ud83e\uddfd Fjerner 10+ typer pletter med det samme<\/p>\n<p data-start=\"411\" data-end=\"467\">\ud83d\udc55 Sikker til bomuld, denim, vandt\u00e6t stof og meget mere<\/p>\n<p data-start=\"470\" data-end=\"524\">\u2728 Rig p\u00e5 8 dekontamineringsmidler til dybdereng\u00f8ring<\/p>\n<p data-start=\"527\" data-end=\"584\">\ud83d\udc5f Perfekt til aft\u00f8rring af sko, kraver, manchetter og T-shirts<\/p>\n<p data-start=\"587\" data-end=\"647\">\ud83d\udc5c Lommeformat og individuelt pakket &#8211; tag dem med overalt<\/p>\n<p data-start=\"587\" data-end=\"647\"><img decoding=\"async\" class=\"size-full wp-image-32576 aligncenter\" src=\"https:\/\/keluvo.com\/template\/wp-content\/uploads\/sites\/5\/2025\/08\/1aadae45aca030c60b26cb4f50b44de7c3cbe3d993a8cdad34e5617b9bcb16aa_480x480.webp\" alt=\"\" \/><\/p>\n<h2 style=\"text-align: center\" data-start=\"649\" data-end=\"671\">S\u00e5dan Bruges \ud83e\uddf4<\/h2>\n<ol data-start=\"672\" data-end=\"829\">\n<li data-start=\"672\" data-end=\"712\">\n<p data-start=\"675\" data-end=\"712\">\u00c5bn pakken, og tag en serviet ud.<\/p>\n<\/li>\n<li data-start=\"713\" data-end=\"748\">\n<p data-start=\"716\" data-end=\"748\">Gnid forsigtigt p\u00e5 det plettede omr\u00e5de.<\/p>\n<\/li>\n<li data-start=\"749\" data-end=\"784\">\n<p data-start=\"752\" data-end=\"784\">lad det t\u00f8rre &#8211; ingen skylning n\u00f8dvendig.<\/p>\n<\/li>\n<li data-start=\"785\" data-end=\"829\">\n<p data-start=\"788\" data-end=\"829\">bortskaf den brugte serviet efter reng\u00f8ring.<\/p>\n<\/li>\n<\/ol>\n<h2 style=\"text-align: center\" data-start=\"831\" data-end=\"855\">Produktoplysninger \ud83d\udccf<\/h2>\n<ul data-start=\"856\" data-end=\"996\">\n<li data-start=\"856\" data-end=\"896\">\n<p data-start=\"858\" data-end=\"896\">Form: Forfugtede engangsservietter<\/p>\n<\/li>\n<li data-start=\"897\" data-end=\"940\">\n<p data-start=\"899\" data-end=\"940\">Sikkert til: Stof, sko, tasker og meget mere<\/p>\n<\/li>\n<li data-start=\"941\" data-end=\"996\">\n<p data-start=\"943\" data-end=\"996\">Holdbarhed: Langvarig og klar, n\u00e5r du har brug for det<\/p>\n<\/li>\n<li data-start=\"941\" data-end=\"996\">1 pakke: 20 stk<\/li>\n<\/ul>\n<h2 style=\"text-align: center\" data-start=\"998\" data-end=\"1023\">Pakken Indeholder \ud83d\udcec<\/h2>\n<ul data-start=\"1024\" data-end=\"1100\">\n<li data-start=\"1024\" data-end=\"1100\">\n<p data-start=\"1026\" data-end=\"1100\">1, 2, 3x pakke v\u00e5dservietter til pletfjerning.<\/p>\n<\/li>\n<\/ul>\n","protected":false},"excerpt":{"rendered":"<p>T\u00f8r \u00d8jeblikkeligt Pletter V\u00e6k N\u00e5r Som Helst Og Hvor Som Helst \ud83e\uddfc\ud83d\udc5f Disse kraftige v\u00e5dservietter til pletfjerning fjerner snavs, olie [&hellip;]<\/p>\n","protected":false},"featured_media":24750,"comment_status":"open","ping_status":"closed","template":"","meta":{"site-sidebar-layout":"default","site-content-layout":"","ast-site-content-layout":"default","site-content-style":"default","site-sidebar-style":"default","ast-global-header-display":"","ast-banner-title-visibility":"","ast-main-header-display":"","ast-hfb-above-header-display":"","ast-hfb-below-header-display":"","ast-hfb-mobile-header-display":"","site-post-title":"","ast-breadcrumbs-content":"","ast-featured-img":"","footer-sml-layout":"","theme-transparent-header-meta":"default","adv-header-id-meta":"","stick-header-meta":"","header-above-stick-meta":"","header-main-stick-meta":"","header-below-stick-meta":"","astra-migrate-meta-layouts":"set","ast-page-background-enabled":"default","ast-page-background-meta":{"desktop":{"background-color":"var(--ast-global-color-5)","background-image":"","background-repeat":"repeat","background-position":"center center","background-size":"auto","background-attachment":"scroll","background-type":"","background-media":"","overlay-type":"","overlay-color":"","overlay-opacity":"","overlay-gradient":""},"tablet":{"background-color":"","background-image":"","background-repeat":"repeat","background-position":"center center","background-size":"auto","background-attachment":"scroll","background-type":"","background-media":"","overlay-type":"","overlay-color":"","overlay-opacity":"","overlay-gradient":""},"mobile":{"background-color":"","background-image":"","background-repeat":"repeat","background-position":"center center","background-size":"auto","background-attachment":"scroll","background-type":"","background-media":"","overlay-type":"","overlay-color":"","overlay-opacity":"","overlay-gradient":""}},"ast-content-background-meta":{"desktop":{"background-color":"var(--ast-global-color-4)","background-image":"","background-repeat":"repeat","background-position":"center center","background-size":"auto","background-attachment":"scroll","background-type":"","background-media":"","overlay-type":"","overlay-color":"","overlay-opacity":"","overlay-gradient":""},"tablet":{"background-color":"var(--ast-global-color-4)","background-image":"","background-repeat":"repeat","background-position":"center center","background-size":"auto","background-attachment":"scroll","background-type":"","background-media":"","overlay-type":"","overlay-color":"","overlay-opacity":"","overlay-gradient":""},"mobile":{"background-color":"var(--ast-global-color-4)","background-image":"","background-repeat":"repeat","background-position":"center center","background-size":"auto","background-attachment":"scroll","background-type":"","background-media":"","overlay-type":"","overlay-color":"","overlay-opacity":"","overlay-gradient":""}}},"product_brand":[],"product_cat":[19],"product_tag":[],"class_list":{"0":"post-24754","1":"product","2":"type-product","3":"status-publish","4":"has-post-thumbnail","6":"product_cat-uncategorized","7":"pa_21426_de8am9ij-1-pakke","8":"pa_21426_de8am9ij-2-pakker","9":"pa_21426_de8am9ij-3-pakker","10":"desktop-align-left","11":"tablet-align-left","12":"mobile-align-left","14":"first","15":"instock","16":"shipping-taxable","17":"purchasable","18":"product-type-variable"},"_links":{"self":[{"href":"https:\/\/ecostera.com\/dk\/wp-json\/wp\/v2\/product\/24754","targetHints":{"allow":["GET"]}}],"collection":[{"href":"https:\/\/ecostera.com\/dk\/wp-json\/wp\/v2\/product"}],"about":[{"href":"https:\/\/ecostera.com\/dk\/wp-json\/wp\/v2\/types\/product"}],"replies":[{"embeddable":true,"href":"https:\/\/ecostera.com\/dk\/wp-json\/wp\/v2\/comments?post=24754"}],"wp:featuredmedia":[{"embeddable":true,"href":"https:\/\/ecostera.com\/dk\/wp-json\/wp\/v2\/media\/24750"}],"wp:attachment":[{"href":"https:\/\/ecostera.com\/dk\/wp-json\/wp\/v2\/media?parent=24754"}],"wp:term":[{"taxonomy":"product_brand","embeddable":true,"href":"https:\/\/ecostera.com\/dk\/wp-json\/wp\/v2\/product_brand?post=24754"},{"taxonomy":"product_cat","embeddable":true,"href":"https:\/\/ecostera.com\/dk\/wp-json\/wp\/v2\/product_cat?post=24754"},{"taxonomy":"product_tag","embeddable":true,"href":"https:\/\/ecostera.com\/dk\/wp-json\/wp\/v2\/product_tag?post=24754"}],"curies":[{"name":"wp","href":"https:\/\/api.w.org\/{rel}","templated":true}]}}