{"id":2480,"date":"2025-07-15T13:09:28","date_gmt":"2025-07-15T13:09:28","guid":{"rendered":"https:\/\/ecostera.com\/dk\/product\/elektrisk-nakkeventilator\/"},"modified":"2025-09-12T14:57:55","modified_gmt":"2025-09-12T11:57:55","slug":"elektrisk-nakkeventilator","status":"publish","type":"product","link":"https:\/\/ecostera.com\/dk\/product\/elektrisk-nakkeventilator\/","title":{"rendered":"Elektrisk nakkeventilator"},"content":{"rendered":"<h2 style=\"text-align: center\"><strong>H\u00e5ndfri Nakkeventilator<\/strong><\/h2>\n<p style=\"text-align: center\">Den elektriske nakkeventilator er designet til h\u00e5ndfri brug, s\u00e5 du kan holde dig afk\u00f8let, mens du har h\u00e6nderne fri til andre aktiviteter. Dens lette og behagelige nakkeb\u00e5nd g\u00f8r den perfekt til udend\u00f8rs sport, rejser eller kontorbrug.<\/p>\n<p><img decoding=\"async\" class=\"alignnone size-medium wp-image-8505 aligncenter\" src=\"https:\/\/keluvo.com\/template\/wp-content\/uploads\/sites\/5\/2025\/01\/b56a5b77-3e83-46a0-820d-fe35fd8e0580.webp\" alt=\"\" \/><\/p>\n<h2 style=\"text-align: center\"><strong>Sikkert Og St\u00f8jsvagt Design<\/strong><\/h2>\n<p style=\"text-align: center\">Med et bladl\u00f8st design sikrer den elektriske nakkeventilator sikkerhed ved at forhindre h\u00e5r i at blive fanget. Den er st\u00f8jsvag, hvilket g\u00f8r den velegnet til b\u00e5de voksne og b\u00f8rn, og den giver en diskret k\u00f8leoplevelse.<\/p>\n<p><img decoding=\"async\" class=\"alignnone size-medium wp-image-8506 aligncenter\" src=\"https:\/\/keluvo.com\/template\/wp-content\/uploads\/sites\/5\/2025\/01\/31a382f0-bcb6-4b82-a284-9cb2f70661ad.webp\" alt=\"\" \/><\/p>\n","protected":false},"excerpt":{"rendered":"<p>H\u00e5ndfri Nakkeventilator Den elektriske nakkeventilator er designet til h\u00e5ndfri brug, s\u00e5 du kan holde dig afk\u00f8let, mens du har h\u00e6nderne [&hellip;]<\/p>\n","protected":false},"featured_media":2476,"comment_status":"open","ping_status":"closed","template":"","meta":{"site-sidebar-layout":"default","site-content-layout":"","ast-site-content-layout":"default","site-content-style":"default","site-sidebar-style":"default","ast-global-header-display":"","ast-banner-title-visibility":"","ast-main-header-display":"","ast-hfb-above-header-display":"","ast-hfb-below-header-display":"","ast-hfb-mobile-header-display":"","site-post-title":"","ast-breadcrumbs-content":"","ast-featured-img":"","footer-sml-layout":"","theme-transparent-header-meta":"default","adv-header-id-meta":"","stick-header-meta":"","header-above-stick-meta":"","header-main-stick-meta":"","header-below-stick-meta":"","astra-migrate-meta-layouts":"set","ast-page-background-enabled":"default","ast-page-background-meta":{"desktop":{"background-color":"var(--ast-global-color-5)","background-image":"","background-repeat":"repeat","background-position":"center center","background-size":"auto","background-attachment":"scroll","background-type":"","background-media":"","overlay-type":"","overlay-color":"","overlay-opacity":"","overlay-gradient":""},"tablet":{"background-color":"","background-image":"","background-repeat":"repeat","background-position":"center center","background-size":"auto","background-attachment":"scroll","background-type":"","background-media":"","overlay-type":"","overlay-color":"","overlay-opacity":"","overlay-gradient":""},"mobile":{"background-color":"","background-image":"","background-repeat":"repeat","background-position":"center center","background-size":"auto","background-attachment":"scroll","background-type":"","background-media":"","overlay-type":"","overlay-color":"","overlay-opacity":"","overlay-gradient":""}},"ast-content-background-meta":{"desktop":{"background-color":"var(--ast-global-color-4)","background-image":"","background-repeat":"repeat","background-position":"center center","background-size":"auto","background-attachment":"scroll","background-type":"","background-media":"","overlay-type":"","overlay-color":"","overlay-opacity":"","overlay-gradient":""},"tablet":{"background-color":"var(--ast-global-color-4)","background-image":"","background-repeat":"repeat","background-position":"center center","background-size":"auto","background-attachment":"scroll","background-type":"","background-media":"","overlay-type":"","overlay-color":"","overlay-opacity":"","overlay-gradient":""},"mobile":{"background-color":"var(--ast-global-color-4)","background-image":"","background-repeat":"repeat","background-position":"center center","background-size":"auto","background-attachment":"scroll","background-type":"","background-media":"","overlay-type":"","overlay-color":"","overlay-opacity":"","overlay-gradient":""}}},"product_brand":[],"product_cat":[19],"product_tag":[],"class_list":{"0":"post-2480","1":"product","2":"type-product","3":"status-publish","4":"has-post-thumbnail","6":"product_cat-uncategorized","7":"pa_41918_62gwm649-blaa","8":"pa_41918_62gwm649-groen","9":"pa_41918_62gwm649-hvid","10":"pa_41918_62gwm649-lyseroed","11":"desktop-align-left","12":"tablet-align-left","13":"mobile-align-left","15":"first","16":"instock","17":"shipping-taxable","18":"purchasable","19":"product-type-variable"},"_links":{"self":[{"href":"https:\/\/ecostera.com\/dk\/wp-json\/wp\/v2\/product\/2480","targetHints":{"allow":["GET"]}}],"collection":[{"href":"https:\/\/ecostera.com\/dk\/wp-json\/wp\/v2\/product"}],"about":[{"href":"https:\/\/ecostera.com\/dk\/wp-json\/wp\/v2\/types\/product"}],"replies":[{"embeddable":true,"href":"https:\/\/ecostera.com\/dk\/wp-json\/wp\/v2\/comments?post=2480"}],"wp:featuredmedia":[{"embeddable":true,"href":"https:\/\/ecostera.com\/dk\/wp-json\/wp\/v2\/media\/2476"}],"wp:attachment":[{"href":"https:\/\/ecostera.com\/dk\/wp-json\/wp\/v2\/media?parent=2480"}],"wp:term":[{"taxonomy":"product_brand","embeddable":true,"href":"https:\/\/ecostera.com\/dk\/wp-json\/wp\/v2\/product_brand?post=2480"},{"taxonomy":"product_cat","embeddable":true,"href":"https:\/\/ecostera.com\/dk\/wp-json\/wp\/v2\/product_cat?post=2480"},{"taxonomy":"product_tag","embeddable":true,"href":"https:\/\/ecostera.com\/dk\/wp-json\/wp\/v2\/product_tag?post=2480"}],"curies":[{"name":"wp","href":"https:\/\/api.w.org\/{rel}","templated":true}]}}