{"id":24892,"date":"2025-09-22T10:42:37","date_gmt":"2025-09-22T07:42:37","guid":{"rendered":"https:\/\/ecostera.com\/dk\/product\/tandpasta-holder\/"},"modified":"2025-09-22T10:43:08","modified_gmt":"2025-09-22T07:43:08","slug":"tandpasta-holder","status":"publish","type":"product","link":"https:\/\/ecostera.com\/dk\/product\/tandpasta-holder\/","title":{"rendered":"Tandpasta-holder"},"content":{"rendered":"<p style=\"text-align: center\" data-start=\"0\" data-end=\"68\"><strong data-start=\"0\" data-end=\"66\">Easy-squeeze tandpastaholder &#8211; ikke mere spild af tandpasta! \ud83d\ude01<\/strong><\/p>\n<p style=\"text-align: center\" data-start=\"70\" data-end=\"341\">F\u00e5 hver eneste dr\u00e5be ud af din tandpasta (eller andre tuber) med denne smarte easy-squeeze tandpastaholder. Du skal bare rulle og klemme &#8211; intet rod, intet besv\u00e6r og intet spildt produkt. Det kompakte design sparer plads p\u00e5 badev\u00e6relset, og den skridsikre base holder den stabil, mens du bruger den.<\/p>\n<p data-start=\"70\" data-end=\"341\"><img decoding=\"async\" class=\"size-full wp-image-32037 aligncenter\" src=\"https:\/\/keluvo.com\/template\/wp-content\/uploads\/sites\/5\/2025\/08\/07212-ezgif.com-video-to-webp-converter-2.webp\" alt=\"\" \/><\/p>\n<h2 style=\"text-align: center\" data-start=\"348\" data-end=\"370\"><strong>Main Benefits<\/strong><\/h2>\n<p data-start=\"373\" data-end=\"433\">\u267b\ufe0f Eliminerer spild &#8211; klemmer hver eneste smule tandpasta ud<\/p>\n<p data-start=\"436\" data-end=\"483\">\ud83d\ude4c Nem at bruge &#8211; bare rul, klem, og f\u00e6rdig<\/p>\n<p data-start=\"486\" data-end=\"551\">\ud83d\udec1 Pladsbesparende &#8211; kompakt st\u00f8rrelse for bedre organisering af badev\u00e6relset<\/p>\n<p data-start=\"554\" data-end=\"609\">\ud83d\udee1 Skridsikker base &#8211; forbliver p\u00e5 plads under brug<\/p>\n<p data-start=\"612\" data-end=\"684\">\ud83c\udf0d Alsidig &#8211; fungerer med tandpasta, h\u00e5ndcreme, ansigtscreme og meget mere<\/p>\n<p data-start=\"612\" data-end=\"684\"><img decoding=\"async\" class=\"size-full wp-image-32039 aligncenter\" src=\"https:\/\/keluvo.com\/template\/wp-content\/uploads\/sites\/5\/2025\/08\/S968a2ae6535842c69701c173eb997b47p.jpg_960x960q75.jpg_.avif\" alt=\"\" \/><\/p>\n<h2 style=\"text-align: center\" data-start=\"691\" data-end=\"712\"><strong>How To Use<\/strong><\/h2>\n<ol data-start=\"713\" data-end=\"891\">\n<li data-start=\"713\" data-end=\"762\">\n<p data-start=\"716\" data-end=\"762\">S\u00e6t tuben ind i \u00e5bningen p\u00e5 holderen.<\/p>\n<\/li>\n<li data-start=\"763\" data-end=\"820\">\n<p data-start=\"766\" data-end=\"820\">Brug produktet til sidste dr\u00e5be &#8211; helt uden spild.<\/p>\n<\/li>\n<li data-start=\"821\" data-end=\"891\">\n<p data-start=\"824\" data-end=\"891\">Use the product until the very last drop \u2013 completely waste-free.<\/p>\n<\/li>\n<\/ol>\n<h2 style=\"text-align: center\" data-start=\"898\" data-end=\"922\"><strong>Product Details<\/strong><\/h2>\n<ul data-start=\"923\" data-end=\"1013\">\n<li data-start=\"923\" data-end=\"948\">\n<p data-start=\"925\" data-end=\"948\">Materiale: ABS-plast<\/p>\n<\/li>\n<li data-start=\"949\" data-end=\"989\">\n<p data-start=\"951\" data-end=\"989\">St\u00f8rrelse: ca. 4,6 x 5,2 x 3,9 mm<\/p>\n<\/li>\n<li data-start=\"990\" data-end=\"1013\">\n<p data-start=\"992\" data-end=\"1013\">Farver: R\u00f8d og hvid<\/p>\n<\/li>\n<\/ul>\n<h2 style=\"text-align: center\" data-start=\"1020\" data-end=\"1045\"><strong>Package Includes<\/strong><\/h2>\n<ul data-start=\"1046\" data-end=\"1084\">\n<li data-start=\"1046\" data-end=\"1084\">\n<p data-start=\"1048\" data-end=\"1084\">1, 2, 3x tandpastaholder.<\/p>\n<\/li>\n<\/ul>\n","protected":false},"excerpt":{"rendered":"<p>Easy-squeeze tandpastaholder &#8211; ikke mere spild af tandpasta! \ud83d\ude01 F\u00e5 hver eneste dr\u00e5be ud af din tandpasta (eller andre tuber) [&hellip;]<\/p>\n","protected":false},"featured_media":24888,"comment_status":"open","ping_status":"closed","template":"","meta":{"site-sidebar-layout":"default","site-content-layout":"","ast-site-content-layout":"default","site-content-style":"default","site-sidebar-style":"default","ast-global-header-display":"","ast-banner-title-visibility":"","ast-main-header-display":"","ast-hfb-above-header-display":"","ast-hfb-below-header-display":"","ast-hfb-mobile-header-display":"","site-post-title":"","ast-breadcrumbs-content":"","ast-featured-img":"","footer-sml-layout":"","theme-transparent-header-meta":"default","adv-header-id-meta":"","stick-header-meta":"","header-above-stick-meta":"","header-main-stick-meta":"","header-below-stick-meta":"","astra-migrate-meta-layouts":"set","ast-page-background-enabled":"default","ast-page-background-meta":{"desktop":{"background-color":"var(--ast-global-color-5)","background-image":"","background-repeat":"repeat","background-position":"center center","background-size":"auto","background-attachment":"scroll","background-type":"","background-media":"","overlay-type":"","overlay-color":"","overlay-opacity":"","overlay-gradient":""},"tablet":{"background-color":"","background-image":"","background-repeat":"repeat","background-position":"center center","background-size":"auto","background-attachment":"scroll","background-type":"","background-media":"","overlay-type":"","overlay-color":"","overlay-opacity":"","overlay-gradient":""},"mobile":{"background-color":"","background-image":"","background-repeat":"repeat","background-position":"center center","background-size":"auto","background-attachment":"scroll","background-type":"","background-media":"","overlay-type":"","overlay-color":"","overlay-opacity":"","overlay-gradient":""}},"ast-content-background-meta":{"desktop":{"background-color":"var(--ast-global-color-4)","background-image":"","background-repeat":"repeat","background-position":"center center","background-size":"auto","background-attachment":"scroll","background-type":"","background-media":"","overlay-type":"","overlay-color":"","overlay-opacity":"","overlay-gradient":""},"tablet":{"background-color":"var(--ast-global-color-4)","background-image":"","background-repeat":"repeat","background-position":"center center","background-size":"auto","background-attachment":"scroll","background-type":"","background-media":"","overlay-type":"","overlay-color":"","overlay-opacity":"","overlay-gradient":""},"mobile":{"background-color":"var(--ast-global-color-4)","background-image":"","background-repeat":"repeat","background-position":"center center","background-size":"auto","background-attachment":"scroll","background-type":"","background-media":"","overlay-type":"","overlay-color":"","overlay-opacity":"","overlay-gradient":""}}},"product_brand":[],"product_cat":[19],"product_tag":[],"class_list":{"0":"post-24892","1":"product","2":"type-product","3":"status-publish","4":"has-post-thumbnail","6":"product_cat-uncategorized","7":"pa_30122_q2p5b5jo-hvid","8":"pa_30122_q2p5b5jo-roed","9":"pa_30122_wwv8lm23-1-stk","10":"pa_30122_wwv8lm23-2-stk","11":"pa_30122_wwv8lm23-3-stk","12":"desktop-align-left","13":"tablet-align-left","14":"mobile-align-left","16":"first","17":"instock","18":"shipping-taxable","19":"purchasable","20":"product-type-variable","21":"has-default-attributes"},"_links":{"self":[{"href":"https:\/\/ecostera.com\/dk\/wp-json\/wp\/v2\/product\/24892","targetHints":{"allow":["GET"]}}],"collection":[{"href":"https:\/\/ecostera.com\/dk\/wp-json\/wp\/v2\/product"}],"about":[{"href":"https:\/\/ecostera.com\/dk\/wp-json\/wp\/v2\/types\/product"}],"replies":[{"embeddable":true,"href":"https:\/\/ecostera.com\/dk\/wp-json\/wp\/v2\/comments?post=24892"}],"wp:featuredmedia":[{"embeddable":true,"href":"https:\/\/ecostera.com\/dk\/wp-json\/wp\/v2\/media\/24888"}],"wp:attachment":[{"href":"https:\/\/ecostera.com\/dk\/wp-json\/wp\/v2\/media?parent=24892"}],"wp:term":[{"taxonomy":"product_brand","embeddable":true,"href":"https:\/\/ecostera.com\/dk\/wp-json\/wp\/v2\/product_brand?post=24892"},{"taxonomy":"product_cat","embeddable":true,"href":"https:\/\/ecostera.com\/dk\/wp-json\/wp\/v2\/product_cat?post=24892"},{"taxonomy":"product_tag","embeddable":true,"href":"https:\/\/ecostera.com\/dk\/wp-json\/wp\/v2\/product_tag?post=24892"}],"curies":[{"name":"wp","href":"https:\/\/api.w.org\/{rel}","templated":true}]}}