{"id":24913,"date":"2025-09-22T10:44:28","date_gmt":"2025-09-22T07:44:28","guid":{"rendered":"https:\/\/ecostera.com\/dk\/product\/genanvendeligt-kattegrusfilter\/"},"modified":"2025-09-30T11:05:33","modified_gmt":"2025-09-30T08:05:33","slug":"genanvendeligt-kattegrusfilter","status":"publish","type":"product","link":"https:\/\/ecostera.com\/dk\/product\/genanvendeligt-kattegrusfilter\/","title":{"rendered":"Genanvendeligt kattegrusfilter (10 stk.)"},"content":{"rendered":"<p style=\"text-align: center\" data-start=\"0\" data-end=\"81\"><strong data-start=\"0\" data-end=\"81\">G\u00f8r oprydningen af kattegrus hurtig og problemfri med disse genanvendelige filterposer! \ud83d\udc31<\/strong><\/p>\n<p style=\"text-align: center\" data-start=\"83\" data-end=\"396\">Disse genanvendelige filterposer til kattegrus er designet til at spare tid og kr\u00e6fter. Med et indbygget filternet og en nem sn\u00f8relukning kan du hurtigt l\u00f8fte, filtrere og smide det brugte kattegrus ud uden at r\u00f8re ved noget. De er lavet af slidst\u00e6rkt PE-nylon, er st\u00e6rke, vandt\u00e6tte og hj\u00e6lper med at holde dit hjem rent og lugtfrit.<\/p>\n<p data-start=\"83\" data-end=\"396\"><img decoding=\"async\" class=\"size-full wp-image-32057 aligncenter\" src=\"https:\/\/keluvo.com\/template\/wp-content\/uploads\/sites\/5\/2025\/08\/07213-ezgif.com-video-to-webp-converter-2.webp\" alt=\"\" \/><\/p>\n<h2 style=\"text-align: center\" data-start=\"403\" data-end=\"425\"><strong>Vigtigste Fordele<\/strong><\/h2>\n<p data-start=\"428\" data-end=\"500\">\ud83e\uddfa Filternetdesign &#8211; adskiller straks rent kattegrus fra affald<\/p>\n<p data-start=\"503\" data-end=\"567\">\ud83d\udc31 Genanvendelig og vandt\u00e6t &#8211; fremstillet af PE-nylon af h\u00f8j kvalitet<\/p>\n<p data-start=\"570\" data-end=\"628\">\ud83c\udf92 Nem sn\u00f8relukning &#8211; l\u00f8ft og bind p\u00e5 f\u00e5 sekunder<\/p>\n<p data-start=\"631\" data-end=\"682\">\ud83e\uddfc Holder dit hjem rent &#8211; intet spild, intet rod<\/p>\n<p data-start=\"685\" data-end=\"749\">\ud83c\udf81 Fantastisk gave til k\u00e6ledyrsejere &#8211; perfekt til travle katteelskere<\/p>\n<p data-start=\"685\" data-end=\"749\"><img decoding=\"async\" class=\"size-full wp-image-32060 aligncenter\" src=\"https:\/\/keluvo.com\/template\/wp-content\/uploads\/sites\/5\/2025\/08\/Sc7bef4844ae24906a2c5ca85c1c7c5d07.webp\" alt=\"\" \/><\/p>\n<h2 style=\"text-align: center\" data-start=\"756\" data-end=\"775\"><strong>S\u00e5dan Bruges<\/strong><\/h2>\n<ol data-start=\"776\" data-end=\"1109\">\n<li data-start=\"776\" data-end=\"844\">\n<p data-start=\"779\" data-end=\"844\">Placer en linerpose i kattebakken, f\u00f8r du tilf\u00f8jer kattegrus.<\/p>\n<\/li>\n<li data-start=\"845\" data-end=\"905\">\n<p data-start=\"848\" data-end=\"905\">L\u00e6g dit foretrukne kattegrus oven p\u00e5 filternettet.<\/p>\n<\/li>\n<li data-start=\"906\" data-end=\"973\">\n<p data-start=\"909\" data-end=\"973\">N\u00e5r det er tid til at g\u00f8re rent, tager du fat i snoren og l\u00f8fter posen.<\/p>\n<\/li>\n<li data-start=\"974\" data-end=\"1036\">\n<p data-start=\"977\" data-end=\"1036\">Nettet filtrerer rent kattegrus ned, mens det opsamler affald.<\/p>\n<\/li>\n<li data-start=\"1037\" data-end=\"1109\">\n<p data-start=\"1040\" data-end=\"1109\">Bind posen og smid den ud &#8211; eller udskift den efter behov hver 2.-3. uge.<\/p>\n<\/li>\n<\/ol>\n<h2 style=\"text-align: center\" data-start=\"1116\" data-end=\"1140\"><strong>Produktdetaljer<\/strong><\/h2>\n<ul data-start=\"1141\" data-end=\"1406\">\n<li data-start=\"1141\" data-end=\"1202\">\n<p data-start=\"1143\" data-end=\"1202\">Materiale: Slidst\u00e6rk PE-nylon (lugtfri, punkteringsresistent)<\/p>\n<\/li>\n<li data-start=\"1203\" data-end=\"1271\">\n<p data-start=\"1205\" data-end=\"1213\">St\u00f8rrelser: <span style=\"font-size: 16px\">\u00a037 x 26 x 13 cm og<\/span><span style=\"font-size: 16px\">\u00a047 x 36 x 17 cm<\/span><\/p>\n<\/li>\n<li data-start=\"1272\" data-end=\"1327\">\n<p data-start=\"1274\" data-end=\"1291\">Produktv\u00e6gt: <span style=\"font-size: 16px\">150g og<\/span><span style=\"font-size: 16px\">\u00a0190g<\/span><\/p>\n<\/li>\n<li data-start=\"1328\" data-end=\"1362\">\n<p data-start=\"1330\" data-end=\"1362\">Emballagest\u00f8rrelse: 18 x 20 x 3 cm<\/p>\n<\/li>\n<li data-start=\"1363\" data-end=\"1406\">\n<p data-start=\"1365\" data-end=\"1406\">Anvendelse: Genanvendelig i 2-3 uger pr. liner<\/p>\n<\/li>\n<\/ul>\n<h2 style=\"text-align: center\" data-start=\"1413\" data-end=\"1438\"><strong>Pakken Indeholder<\/strong><\/h2>\n<ul data-start=\"1439\" data-end=\"1480\">\n<li data-start=\"1439\" data-end=\"1480\">\n<p data-start=\"1441\" data-end=\"1480\">10x genanvendeligt kattegrusfilter.<\/p>\n<\/li>\n<\/ul>\n","protected":false},"excerpt":{"rendered":"<p>G\u00f8r oprydningen af kattegrus hurtig og problemfri med disse genanvendelige filterposer! \ud83d\udc31 Disse genanvendelige filterposer til kattegrus er designet til [&hellip;]<\/p>\n","protected":false},"featured_media":24909,"comment_status":"open","ping_status":"closed","template":"","meta":{"site-sidebar-layout":"default","site-content-layout":"","ast-site-content-layout":"default","site-content-style":"default","site-sidebar-style":"default","ast-global-header-display":"","ast-banner-title-visibility":"","ast-main-header-display":"","ast-hfb-above-header-display":"","ast-hfb-below-header-display":"","ast-hfb-mobile-header-display":"","site-post-title":"","ast-breadcrumbs-content":"","ast-featured-img":"","footer-sml-layout":"","theme-transparent-header-meta":"default","adv-header-id-meta":"","stick-header-meta":"","header-above-stick-meta":"","header-main-stick-meta":"","header-below-stick-meta":"","astra-migrate-meta-layouts":"set","ast-page-background-enabled":"default","ast-page-background-meta":{"desktop":{"background-color":"var(--ast-global-color-5)","background-image":"","background-repeat":"repeat","background-position":"center center","background-size":"auto","background-attachment":"scroll","background-type":"","background-media":"","overlay-type":"","overlay-color":"","overlay-opacity":"","overlay-gradient":""},"tablet":{"background-color":"","background-image":"","background-repeat":"repeat","background-position":"center center","background-size":"auto","background-attachment":"scroll","background-type":"","background-media":"","overlay-type":"","overlay-color":"","overlay-opacity":"","overlay-gradient":""},"mobile":{"background-color":"","background-image":"","background-repeat":"repeat","background-position":"center center","background-size":"auto","background-attachment":"scroll","background-type":"","background-media":"","overlay-type":"","overlay-color":"","overlay-opacity":"","overlay-gradient":""}},"ast-content-background-meta":{"desktop":{"background-color":"var(--ast-global-color-4)","background-image":"","background-repeat":"repeat","background-position":"center center","background-size":"auto","background-attachment":"scroll","background-type":"","background-media":"","overlay-type":"","overlay-color":"","overlay-opacity":"","overlay-gradient":""},"tablet":{"background-color":"var(--ast-global-color-4)","background-image":"","background-repeat":"repeat","background-position":"center center","background-size":"auto","background-attachment":"scroll","background-type":"","background-media":"","overlay-type":"","overlay-color":"","overlay-opacity":"","overlay-gradient":""},"mobile":{"background-color":"var(--ast-global-color-4)","background-image":"","background-repeat":"repeat","background-position":"center center","background-size":"auto","background-attachment":"scroll","background-type":"","background-media":"","overlay-type":"","overlay-color":"","overlay-opacity":"","overlay-gradient":""}}},"product_brand":[],"product_cat":[19],"product_tag":[],"class_list":{"0":"post-24913","1":"product","2":"type-product","3":"status-publish","4":"has-post-thumbnail","6":"product_cat-uncategorized","7":"pa_18528_90jt2lqa-37-x-26-x-13-cm","8":"pa_18528_90jt2lqa-47-x-36-x-17-cm","9":"desktop-align-left","10":"tablet-align-left","11":"mobile-align-left","13":"first","14":"instock","15":"shipping-taxable","16":"purchasable","17":"product-type-variable"},"_links":{"self":[{"href":"https:\/\/ecostera.com\/dk\/wp-json\/wp\/v2\/product\/24913","targetHints":{"allow":["GET"]}}],"collection":[{"href":"https:\/\/ecostera.com\/dk\/wp-json\/wp\/v2\/product"}],"about":[{"href":"https:\/\/ecostera.com\/dk\/wp-json\/wp\/v2\/types\/product"}],"replies":[{"embeddable":true,"href":"https:\/\/ecostera.com\/dk\/wp-json\/wp\/v2\/comments?post=24913"}],"wp:featuredmedia":[{"embeddable":true,"href":"https:\/\/ecostera.com\/dk\/wp-json\/wp\/v2\/media\/24909"}],"wp:attachment":[{"href":"https:\/\/ecostera.com\/dk\/wp-json\/wp\/v2\/media?parent=24913"}],"wp:term":[{"taxonomy":"product_brand","embeddable":true,"href":"https:\/\/ecostera.com\/dk\/wp-json\/wp\/v2\/product_brand?post=24913"},{"taxonomy":"product_cat","embeddable":true,"href":"https:\/\/ecostera.com\/dk\/wp-json\/wp\/v2\/product_cat?post=24913"},{"taxonomy":"product_tag","embeddable":true,"href":"https:\/\/ecostera.com\/dk\/wp-json\/wp\/v2\/product_tag?post=24913"}],"curies":[{"name":"wp","href":"https:\/\/api.w.org\/{rel}","templated":true}]}}