{"id":2493,"date":"2025-07-15T13:09:52","date_gmt":"2025-07-15T13:09:52","guid":{"rendered":"https:\/\/ecostera.com\/dk\/product\/dispenser-til-drikkevarer\/"},"modified":"2025-07-15T13:09:52","modified_gmt":"2025-07-15T13:09:52","slug":"dispenser-til-drikkevarer","status":"publish","type":"product","link":"https:\/\/ecostera.com\/dk\/product\/dispenser-til-drikkevarer\/","title":{"rendered":"Dispenser til drikkevarer"},"content":{"rendered":"<h2 style=\"text-align: center\" data-start=\"0\" data-end=\"27\"><strong>Nem Udsk\u00e6nkning Af Drikkevarer<\/strong><\/h2>\n<p class=\"\" style=\"text-align: center\" data-start=\"28\" data-end=\"273\">Drikkevaredispenseren giver dig mulighed for at sk\u00e6nke drikkevarer ubesv\u00e6ret med et enkelt tryk. Den fungerer godt med b\u00e5de kulsyreholdige og ikke-kulsyreholdige drikkevarer, hvilket g\u00f8r den perfekt til familiesammenkomster eller fester. Ingen grund til at l\u00f8fte tunge flasker &#8211; bare tryk og nyd!<\/p>\n<p data-start=\"28\" data-end=\"273\"><img decoding=\"async\" class=\"alignnone size-medium wp-image-13395 aligncenter\" src=\"https:\/\/keluvo.com\/template\/wp-content\/uploads\/sites\/5\/2025\/04\/Sb6eeec70552546fba00104b5e3fa5fa0n.jpg_960x960q75.jpg_.jpeg\" alt=\"\" \/><\/p>\n<h2 style=\"text-align: center\" data-start=\"275\" data-end=\"299\"><strong>Holder Drikkevarerne Friske<\/strong><\/h2>\n<p class=\"\" style=\"text-align: center\" data-start=\"300\" data-end=\"532\">Denne drikkevaredispenser er designet til at holde dine drikkevarer brusende og friske og forhindrer spild og affald. Den forsegler t\u00e6t for at bevare kulsyreindholdet, s\u00e5 din sodavand forbliver boblende l\u00e6ngere. Perfekt til at reducere rod og holde drikkevarerne bedst muligt.<\/p>\n<p data-start=\"300\" data-end=\"532\"><img decoding=\"async\" class=\"alignnone size-medium wp-image-13392 aligncenter\" src=\"https:\/\/keluvo.com\/template\/wp-content\/uploads\/sites\/5\/2025\/04\/S62dfeb2204d24735bb4ee3f1b17e5dbfz.jpg_960x960q75.jpg_.jpeg\" alt=\"\" \/><\/p>\n","protected":false},"excerpt":{"rendered":"<p>Nem Udsk\u00e6nkning Af Drikkevarer Drikkevaredispenseren giver dig mulighed for at sk\u00e6nke drikkevarer ubesv\u00e6ret med et enkelt tryk. Den fungerer godt [&hellip;]<\/p>\n","protected":false},"featured_media":2489,"comment_status":"open","ping_status":"closed","template":"","meta":{"site-sidebar-layout":"default","site-content-layout":"","ast-site-content-layout":"default","site-content-style":"default","site-sidebar-style":"default","ast-global-header-display":"","ast-banner-title-visibility":"","ast-main-header-display":"","ast-hfb-above-header-display":"","ast-hfb-below-header-display":"","ast-hfb-mobile-header-display":"","site-post-title":"","ast-breadcrumbs-content":"","ast-featured-img":"","footer-sml-layout":"","theme-transparent-header-meta":"default","adv-header-id-meta":"","stick-header-meta":"","header-above-stick-meta":"","header-main-stick-meta":"","header-below-stick-meta":"","astra-migrate-meta-layouts":"set","ast-page-background-enabled":"default","ast-page-background-meta":{"desktop":{"background-color":"var(--ast-global-color-5)","background-image":"","background-repeat":"repeat","background-position":"center center","background-size":"auto","background-attachment":"scroll","background-type":"","background-media":"","overlay-type":"","overlay-color":"","overlay-opacity":"","overlay-gradient":""},"tablet":{"background-color":"","background-image":"","background-repeat":"repeat","background-position":"center center","background-size":"auto","background-attachment":"scroll","background-type":"","background-media":"","overlay-type":"","overlay-color":"","overlay-opacity":"","overlay-gradient":""},"mobile":{"background-color":"","background-image":"","background-repeat":"repeat","background-position":"center center","background-size":"auto","background-attachment":"scroll","background-type":"","background-media":"","overlay-type":"","overlay-color":"","overlay-opacity":"","overlay-gradient":""}},"ast-content-background-meta":{"desktop":{"background-color":"var(--ast-global-color-4)","background-image":"","background-repeat":"repeat","background-position":"center center","background-size":"auto","background-attachment":"scroll","background-type":"","background-media":"","overlay-type":"","overlay-color":"","overlay-opacity":"","overlay-gradient":""},"tablet":{"background-color":"var(--ast-global-color-4)","background-image":"","background-repeat":"repeat","background-position":"center center","background-size":"auto","background-attachment":"scroll","background-type":"","background-media":"","overlay-type":"","overlay-color":"","overlay-opacity":"","overlay-gradient":""},"mobile":{"background-color":"var(--ast-global-color-4)","background-image":"","background-repeat":"repeat","background-position":"center center","background-size":"auto","background-attachment":"scroll","background-type":"","background-media":"","overlay-type":"","overlay-color":"","overlay-opacity":"","overlay-gradient":""}}},"product_brand":[],"product_cat":[19],"product_tag":[],"class_list":{"0":"post-2493","1":"product","2":"type-product","3":"status-publish","4":"has-post-thumbnail","6":"product_cat-uncategorized","7":"desktop-align-left","8":"tablet-align-left","9":"mobile-align-left","11":"first","12":"instock","13":"shipping-taxable","14":"purchasable","15":"product-type-simple"},"_links":{"self":[{"href":"https:\/\/ecostera.com\/dk\/wp-json\/wp\/v2\/product\/2493","targetHints":{"allow":["GET"]}}],"collection":[{"href":"https:\/\/ecostera.com\/dk\/wp-json\/wp\/v2\/product"}],"about":[{"href":"https:\/\/ecostera.com\/dk\/wp-json\/wp\/v2\/types\/product"}],"replies":[{"embeddable":true,"href":"https:\/\/ecostera.com\/dk\/wp-json\/wp\/v2\/comments?post=2493"}],"wp:featuredmedia":[{"embeddable":true,"href":"https:\/\/ecostera.com\/dk\/wp-json\/wp\/v2\/media\/2489"}],"wp:attachment":[{"href":"https:\/\/ecostera.com\/dk\/wp-json\/wp\/v2\/media?parent=2493"}],"wp:term":[{"taxonomy":"product_brand","embeddable":true,"href":"https:\/\/ecostera.com\/dk\/wp-json\/wp\/v2\/product_brand?post=2493"},{"taxonomy":"product_cat","embeddable":true,"href":"https:\/\/ecostera.com\/dk\/wp-json\/wp\/v2\/product_cat?post=2493"},{"taxonomy":"product_tag","embeddable":true,"href":"https:\/\/ecostera.com\/dk\/wp-json\/wp\/v2\/product_tag?post=2493"}],"curies":[{"name":"wp","href":"https:\/\/api.w.org\/{rel}","templated":true}]}}