{"id":2498,"date":"2025-07-15T13:10:29","date_gmt":"2025-07-15T13:10:29","guid":{"rendered":"https:\/\/ecostera.com\/dk\/product\/taske-til-kvinder\/"},"modified":"2025-07-15T13:10:40","modified_gmt":"2025-07-15T13:10:40","slug":"taske-til-kvinder","status":"publish","type":"product","link":"https:\/\/ecostera.com\/dk\/product\/taske-til-kvinder\/","title":{"rendered":"Taske til kvinder"},"content":{"rendered":"<h2 style=\"text-align: center\" data-start=\"0\" data-end=\"28\"><strong>Rummelig Og Praktisk<\/strong><\/h2>\n<p class=\"\" style=\"text-align: center\" data-start=\"29\" data-end=\"276\">Tasken til kvinder har masser af plads til alle dine daglige forn\u00f8denheder. Den har et stort hovedrum til opbevaring af pung, telefon, n\u00f8gler og meget mere. Denne taske er perfekt til arbejde, shopping eller rejser og holder alt organiseret og let tilg\u00e6ngeligt.<\/p>\n<p data-start=\"29\" data-end=\"276\"><img decoding=\"async\" class=\"alignnone size-medium wp-image-13401 aligncenter\" src=\"https:\/\/keluvo.com\/template\/wp-content\/uploads\/sites\/5\/2025\/04\/S9629c5b209d24478af4d9ac0f18d15f3t.jpg_960x960q75.jpg_.jpeg\" alt=\"\" \/><\/p>\n<h2 style=\"text-align: center\" data-start=\"278\" data-end=\"304\"><strong>Behagelig At B\u00e6re<\/strong><\/h2>\n<p class=\"\" style=\"text-align: center\" data-start=\"305\" data-end=\"540\">Denne dametaske er designet til at v\u00e6re praktisk og har robuste h\u00e5ndtag og en justerbar skulderrem. Brug den som h\u00e5ndtaske eller crossbody for h\u00e5ndfri komfort. Det lette design g\u00f8r det nemt at b\u00e6re den hele dagen uden at anstrenge sig.<\/p>\n<p data-start=\"305\" data-end=\"540\"><img decoding=\"async\" class=\"alignnone size-medium wp-image-13406 aligncenter\" src=\"https:\/\/keluvo.com\/template\/wp-content\/uploads\/sites\/5\/2025\/04\/Sdefd18ede9d1414c8eed9b45720eb686Q.jpeg\" alt=\"\" \/><\/p>\n","protected":false},"excerpt":{"rendered":"<p>Rummelig Og Praktisk Tasken til kvinder har masser af plads til alle dine daglige forn\u00f8denheder. Den har et stort hovedrum [&hellip;]<\/p>\n","protected":false},"featured_media":2494,"comment_status":"open","ping_status":"closed","template":"","meta":{"site-sidebar-layout":"default","site-content-layout":"","ast-site-content-layout":"default","site-content-style":"default","site-sidebar-style":"default","ast-global-header-display":"","ast-banner-title-visibility":"","ast-main-header-display":"","ast-hfb-above-header-display":"","ast-hfb-below-header-display":"","ast-hfb-mobile-header-display":"","site-post-title":"","ast-breadcrumbs-content":"","ast-featured-img":"","footer-sml-layout":"","theme-transparent-header-meta":"default","adv-header-id-meta":"","stick-header-meta":"","header-above-stick-meta":"","header-main-stick-meta":"","header-below-stick-meta":"","astra-migrate-meta-layouts":"set","ast-page-background-enabled":"default","ast-page-background-meta":{"desktop":{"background-color":"var(--ast-global-color-5)","background-image":"","background-repeat":"repeat","background-position":"center center","background-size":"auto","background-attachment":"scroll","background-type":"","background-media":"","overlay-type":"","overlay-color":"","overlay-opacity":"","overlay-gradient":""},"tablet":{"background-color":"","background-image":"","background-repeat":"repeat","background-position":"center center","background-size":"auto","background-attachment":"scroll","background-type":"","background-media":"","overlay-type":"","overlay-color":"","overlay-opacity":"","overlay-gradient":""},"mobile":{"background-color":"","background-image":"","background-repeat":"repeat","background-position":"center center","background-size":"auto","background-attachment":"scroll","background-type":"","background-media":"","overlay-type":"","overlay-color":"","overlay-opacity":"","overlay-gradient":""}},"ast-content-background-meta":{"desktop":{"background-color":"var(--ast-global-color-4)","background-image":"","background-repeat":"repeat","background-position":"center center","background-size":"auto","background-attachment":"scroll","background-type":"","background-media":"","overlay-type":"","overlay-color":"","overlay-opacity":"","overlay-gradient":""},"tablet":{"background-color":"var(--ast-global-color-4)","background-image":"","background-repeat":"repeat","background-position":"center center","background-size":"auto","background-attachment":"scroll","background-type":"","background-media":"","overlay-type":"","overlay-color":"","overlay-opacity":"","overlay-gradient":""},"mobile":{"background-color":"var(--ast-global-color-4)","background-image":"","background-repeat":"repeat","background-position":"center center","background-size":"auto","background-attachment":"scroll","background-type":"","background-media":"","overlay-type":"","overlay-color":"","overlay-opacity":"","overlay-gradient":""}}},"product_brand":[],"product_cat":[19],"product_tag":[],"class_list":{"0":"post-2498","1":"product","2":"type-product","3":"status-publish","4":"has-post-thumbnail","6":"product_cat-uncategorized","7":"pa_36401_v8ee2rwj-brun","8":"pa_36401_v8ee2rwj-groen","9":"pa_36401_v8ee2rwj-roed","10":"pa_36401_v8ee2rwj-sort","11":"desktop-align-left","12":"tablet-align-left","13":"mobile-align-left","15":"first","16":"instock","17":"shipping-taxable","18":"purchasable","19":"product-type-variable"},"_links":{"self":[{"href":"https:\/\/ecostera.com\/dk\/wp-json\/wp\/v2\/product\/2498","targetHints":{"allow":["GET"]}}],"collection":[{"href":"https:\/\/ecostera.com\/dk\/wp-json\/wp\/v2\/product"}],"about":[{"href":"https:\/\/ecostera.com\/dk\/wp-json\/wp\/v2\/types\/product"}],"replies":[{"embeddable":true,"href":"https:\/\/ecostera.com\/dk\/wp-json\/wp\/v2\/comments?post=2498"}],"wp:featuredmedia":[{"embeddable":true,"href":"https:\/\/ecostera.com\/dk\/wp-json\/wp\/v2\/media\/2494"}],"wp:attachment":[{"href":"https:\/\/ecostera.com\/dk\/wp-json\/wp\/v2\/media?parent=2498"}],"wp:term":[{"taxonomy":"product_brand","embeddable":true,"href":"https:\/\/ecostera.com\/dk\/wp-json\/wp\/v2\/product_brand?post=2498"},{"taxonomy":"product_cat","embeddable":true,"href":"https:\/\/ecostera.com\/dk\/wp-json\/wp\/v2\/product_cat?post=2498"},{"taxonomy":"product_tag","embeddable":true,"href":"https:\/\/ecostera.com\/dk\/wp-json\/wp\/v2\/product_tag?post=2498"}],"curies":[{"name":"wp","href":"https:\/\/api.w.org\/{rel}","templated":true}]}}