{"id":24984,"date":"2025-09-22T10:49:57","date_gmt":"2025-09-22T07:49:57","guid":{"rendered":"https:\/\/ecostera.com\/dk\/product\/vaerktoej-til-afisolering-af-ledninger-2\/"},"modified":"2025-09-22T10:49:57","modified_gmt":"2025-09-22T07:49:57","slug":"vaerktoej-til-afisolering-af-ledninger-2","status":"publish","type":"product","link":"https:\/\/ecostera.com\/dk\/product\/vaerktoej-til-afisolering-af-ledninger-2\/","title":{"rendered":"V\u00e6rkt\u00f8j til afisolering af ledninger"},"content":{"rendered":"<p style=\"text-align: center\" data-start=\"0\" data-end=\"66\"><strong data-start=\"0\" data-end=\"64\">Afisoleringsv\u00e6rkt\u00f8j &#8211; Hurtige, Rene Og Sikre Forbindelser \ud83d\udd27\u26a1<\/strong><\/p>\n<p style=\"text-align: center\" data-start=\"68\" data-end=\"355\">Spar tid og kr\u00e6fter p\u00e5 dine elektriske projekter med dette smarte afisoleringsv\u00e6rkt\u00f8j. Den er designet til hurtigt at sno flere ledninger sammen og sikrer p\u00e6ne, st\u00e6rke og p\u00e5lidelige forbindelser p\u00e5 f\u00e5 sekunder. Perfekt til elektrikere, g\u00f8r-det-selv-entusiaster og alle, der \u00f8nsker sikrere og hurtigere ledningsf\u00f8ring.<\/p>\n<p data-start=\"68\" data-end=\"355\"><img decoding=\"async\" class=\"size-full wp-image-32166 aligncenter\" src=\"https:\/\/keluvo.com\/template\/wp-content\/uploads\/sites\/5\/2025\/08\/S76521bbf8a6849a5880154bde761cf4cL.jpg_960x960q75.jpg_.avif\" alt=\"\" \/><\/p>\n<h2 style=\"text-align: center\" data-start=\"362\" data-end=\"384\">\ud83c\udf1f Vigtigste Fordele<\/h2>\n<p data-start=\"387\" data-end=\"440\">\u26a1 Sno flere ledninger sammen i \u00e9t enkelt trin<\/p>\n<p data-start=\"443\" data-end=\"493\">\ud83d\udee0 Giver st\u00e6rke, sikre og p\u00e6ne forbindelser<\/p>\n<p data-start=\"496\" data-end=\"538\">\u23f1 Sparer tid i forhold til manuel snoning<\/p>\n<p data-start=\"541\" data-end=\"590\">\ud83d\udd04 Passer til de fleste elektriske boremaskiner for ubesv\u00e6ret brug<\/p>\n<p data-start=\"593\" data-end=\"648\">\ud83d\udcaa Fremstillet af holdbart st\u00e5l for langvarig ydeevne<\/p>\n<p data-start=\"593\" data-end=\"648\"><img decoding=\"async\" class=\"size-full wp-image-32164 aligncenter\" src=\"https:\/\/keluvo.com\/template\/wp-content\/uploads\/sites\/5\/2025\/08\/Sbcad0a7b3850413792e36fd016d86a87m.jpg_960x960q75.jpg_.avif\" alt=\"\" \/><\/p>\n<h2 style=\"text-align: center\" data-start=\"655\" data-end=\"676\">\ud83d\udccc S\u00e5dan Bruges<\/h2>\n<ol data-start=\"677\" data-end=\"848\">\n<li data-start=\"677\" data-end=\"702\">\n<p data-start=\"680\" data-end=\"702\">Afisoler ledningsenderne.<\/p>\n<\/li>\n<li data-start=\"703\" data-end=\"743\">\n<p data-start=\"706\" data-end=\"743\">S\u00e6t dem ind i drejev\u00e6rkt\u00f8jet.<\/p>\n<\/li>\n<li data-start=\"744\" data-end=\"788\">\n<p data-start=\"747\" data-end=\"788\">s\u00e6t v\u00e6rkt\u00f8jet p\u00e5 din elektriske boremaskine.<\/p>\n<\/li>\n<li data-start=\"789\" data-end=\"848\">\n<p data-start=\"792\" data-end=\"848\">aktiver boremaskinen for at dreje ledninger p\u00e6nt og sikkert.<\/p>\n<\/li>\n<\/ol>\n<h2 style=\"text-align: center\" data-start=\"855\" data-end=\"879\">\ud83d\udccf Produktdetaljer<\/h2>\n<ul data-start=\"880\" data-end=\"1073\">\n<li data-start=\"880\" data-end=\"912\">\n<p data-start=\"882\" data-end=\"912\">Materiale: st\u00e5l af h\u00f8j kvalitet<\/p>\n<\/li>\n<li data-start=\"913\" data-end=\"957\">\n<p data-start=\"915\" data-end=\"957\">St\u00f8rrelse: ca. 59 mm x 30 mm x 6 mm.<\/p>\n<\/li>\n<li data-start=\"958\" data-end=\"1014\">\n<p data-start=\"960\" data-end=\"1014\">fungerer med: 2, 3, 4 eller 5 ledninger (afh\u00e6ngigt af model)<\/p>\n<\/li>\n<li data-start=\"1015\" data-end=\"1073\">\n<p data-start=\"1017\" data-end=\"1073\">Kompatibel med: de fleste elektriske boremaskiner og skruetr\u00e6kkere<\/p>\n<\/li>\n<\/ul>\n<h2 style=\"text-align: center\" data-start=\"1080\" data-end=\"1105\">\ud83d\udce6 Pakken Indeholder<\/h2>\n<ul data-start=\"1106\" data-end=\"1132\">\n<li data-start=\"1106\" data-end=\"1132\">\n<p data-start=\"1108\" data-end=\"1132\">1x afisoleringsv\u00e6rkt\u00f8j.<\/p>\n<\/li>\n<\/ul>\n","protected":false},"excerpt":{"rendered":"<p>Afisoleringsv\u00e6rkt\u00f8j &#8211; Hurtige, Rene Og Sikre Forbindelser \ud83d\udd27\u26a1 Spar tid og kr\u00e6fter p\u00e5 dine elektriske projekter med dette smarte afisoleringsv\u00e6rkt\u00f8j. [&hellip;]<\/p>\n","protected":false},"featured_media":24980,"comment_status":"open","ping_status":"closed","template":"","meta":{"site-sidebar-layout":"default","site-content-layout":"","ast-site-content-layout":"default","site-content-style":"default","site-sidebar-style":"default","ast-global-header-display":"","ast-banner-title-visibility":"","ast-main-header-display":"","ast-hfb-above-header-display":"","ast-hfb-below-header-display":"","ast-hfb-mobile-header-display":"","site-post-title":"","ast-breadcrumbs-content":"","ast-featured-img":"","footer-sml-layout":"","theme-transparent-header-meta":"default","adv-header-id-meta":"","stick-header-meta":"","header-above-stick-meta":"","header-main-stick-meta":"","header-below-stick-meta":"","astra-migrate-meta-layouts":"set","ast-page-background-enabled":"default","ast-page-background-meta":{"desktop":{"background-color":"var(--ast-global-color-5)","background-image":"","background-repeat":"repeat","background-position":"center center","background-size":"auto","background-attachment":"scroll","background-type":"","background-media":"","overlay-type":"","overlay-color":"","overlay-opacity":"","overlay-gradient":""},"tablet":{"background-color":"","background-image":"","background-repeat":"repeat","background-position":"center center","background-size":"auto","background-attachment":"scroll","background-type":"","background-media":"","overlay-type":"","overlay-color":"","overlay-opacity":"","overlay-gradient":""},"mobile":{"background-color":"","background-image":"","background-repeat":"repeat","background-position":"center center","background-size":"auto","background-attachment":"scroll","background-type":"","background-media":"","overlay-type":"","overlay-color":"","overlay-opacity":"","overlay-gradient":""}},"ast-content-background-meta":{"desktop":{"background-color":"var(--ast-global-color-4)","background-image":"","background-repeat":"repeat","background-position":"center center","background-size":"auto","background-attachment":"scroll","background-type":"","background-media":"","overlay-type":"","overlay-color":"","overlay-opacity":"","overlay-gradient":""},"tablet":{"background-color":"var(--ast-global-color-4)","background-image":"","background-repeat":"repeat","background-position":"center center","background-size":"auto","background-attachment":"scroll","background-type":"","background-media":"","overlay-type":"","overlay-color":"","overlay-opacity":"","overlay-gradient":""},"mobile":{"background-color":"var(--ast-global-color-4)","background-image":"","background-repeat":"repeat","background-position":"center center","background-size":"auto","background-attachment":"scroll","background-type":"","background-media":"","overlay-type":"","overlay-color":"","overlay-opacity":"","overlay-gradient":""}}},"product_brand":[],"product_cat":[19],"product_tag":[],"class_list":{"0":"post-24984","1":"product","2":"type-product","3":"status-publish","4":"has-post-thumbnail","6":"product_cat-uncategorized","7":"desktop-align-left","8":"tablet-align-left","9":"mobile-align-left","11":"first","12":"instock","13":"shipping-taxable","14":"purchasable","15":"product-type-simple"},"_links":{"self":[{"href":"https:\/\/ecostera.com\/dk\/wp-json\/wp\/v2\/product\/24984","targetHints":{"allow":["GET"]}}],"collection":[{"href":"https:\/\/ecostera.com\/dk\/wp-json\/wp\/v2\/product"}],"about":[{"href":"https:\/\/ecostera.com\/dk\/wp-json\/wp\/v2\/types\/product"}],"replies":[{"embeddable":true,"href":"https:\/\/ecostera.com\/dk\/wp-json\/wp\/v2\/comments?post=24984"}],"wp:featuredmedia":[{"embeddable":true,"href":"https:\/\/ecostera.com\/dk\/wp-json\/wp\/v2\/media\/24980"}],"wp:attachment":[{"href":"https:\/\/ecostera.com\/dk\/wp-json\/wp\/v2\/media?parent=24984"}],"wp:term":[{"taxonomy":"product_brand","embeddable":true,"href":"https:\/\/ecostera.com\/dk\/wp-json\/wp\/v2\/product_brand?post=24984"},{"taxonomy":"product_cat","embeddable":true,"href":"https:\/\/ecostera.com\/dk\/wp-json\/wp\/v2\/product_cat?post=24984"},{"taxonomy":"product_tag","embeddable":true,"href":"https:\/\/ecostera.com\/dk\/wp-json\/wp\/v2\/product_tag?post=24984"}],"curies":[{"name":"wp","href":"https:\/\/api.w.org\/{rel}","templated":true}]}}