{"id":24993,"date":"2025-09-22T10:51:33","date_gmt":"2025-09-22T07:51:33","guid":{"rendered":"https:\/\/ecostera.com\/dk\/product\/handsker-af-laeder\/"},"modified":"2025-09-22T10:52:42","modified_gmt":"2025-09-22T07:52:42","slug":"handsker-af-laeder","status":"publish","type":"product","link":"https:\/\/ecostera.com\/dk\/product\/handsker-af-laeder\/","title":{"rendered":"Handsker af l\u00e6der"},"content":{"rendered":"<p style=\"text-align: center\" data-start=\"0\" data-end=\"82\"><strong data-start=\"0\" data-end=\"80\">Motorcykelhandsker Med Touchscreen Til Mellems\u00e6sonen &#8211; K\u00f8r Sikkert Og Hold Forbindelsen \ud83c\udfcd\ud83e\udde4<\/strong><\/p>\n<p style=\"text-align: center\" data-start=\"84\" data-end=\"393\">Nyd b\u00e5de beskyttelse og komfort med disse l\u00e6derhandsker til mellems\u00e6sonen. De er bygget af slidst\u00e6rkt l\u00e6der og forst\u00e6rket beskyttelse og holder dine h\u00e6nder sikre, samtidig med at de sikrer fleksibilitet og greb. Desuden giver fingerspidserne med touchscreen dig mulighed for at bruge din telefon eller GPS uden at tage dem af &#8211; perfekt til moderne ryttere.<\/p>\n<p data-start=\"84\" data-end=\"393\"><img decoding=\"async\" class=\"size-full wp-image-32184 aligncenter\" src=\"https:\/\/keluvo.com\/template\/wp-content\/uploads\/sites\/5\/2025\/08\/gants-moto-mi-saison-tactile-le-pratique-du-motard-396052.webp\" alt=\"\" \/><\/p>\n<h2 style=\"text-align: center\" data-start=\"400\" data-end=\"422\">\ud83c\udf1f Vigtigste Fordele<\/h2>\n<p data-start=\"425\" data-end=\"474\">\ud83d\udee1 Forst\u00e6rket beskyttelse af knoer og h\u00e5ndflader<\/p>\n<p data-start=\"477\" data-end=\"537\">\ud83d\udcf1 Touchscreen-kompatible fingerspidser til brug af telefon og GPS<\/p>\n<p data-start=\"540\" data-end=\"600\">\ud83c\udf42 Ideel til k\u00f8rsel midt i s\u00e6sonen &#8211; \u00e5ndbar og alligevel beskyttende<\/p>\n<p data-start=\"603\" data-end=\"653\">\ud83e\udd32 Skridsikkert greb for bedre kontrol over cyklen<\/p>\n<p data-start=\"656\" data-end=\"709\">\ud83d\udc8e Stilfuldt design, der kombinerer sikkerhed med komfort<\/p>\n<p data-start=\"656\" data-end=\"709\"><img decoding=\"async\" class=\"size-full wp-image-32187 aligncenter\" src=\"https:\/\/keluvo.com\/template\/wp-content\/uploads\/sites\/5\/2025\/08\/Screenshot_1-1.png\" alt=\"\" \/><\/p>\n<h2 style=\"text-align: center\" data-start=\"716\" data-end=\"737\">\ud83d\udccc S\u00e5dan Bruges<\/h2>\n<ol data-start=\"738\" data-end=\"904\">\n<li data-start=\"738\" data-end=\"795\">\n<p data-start=\"741\" data-end=\"795\">Tag handskerne p\u00e5, og juster dem, s\u00e5 de sidder t\u00e6t og sikkert.<\/p>\n<\/li>\n<li data-start=\"796\" data-end=\"849\">\n<p data-start=\"799\" data-end=\"849\">Brug din smartphone eller GPS uden at tage dem af.<\/p>\n<\/li>\n<li data-start=\"850\" data-end=\"904\">\n<p data-start=\"853\" data-end=\"904\">Brug din smartphone eller GPS uden at tage dem af.<\/p>\n<\/li>\n<\/ol>\n<h2 style=\"text-align: center\" data-start=\"911\" data-end=\"935\">\ud83d\udccf Produktdetaljer<\/h2>\n<ul data-start=\"936\" data-end=\"1121\">\n<li data-start=\"936\" data-end=\"986\">\n<p data-start=\"938\" data-end=\"986\">Materiale: \u00e6gte l\u00e6der + forst\u00e6rket polstring<\/p>\n<\/li>\n<li data-start=\"987\" data-end=\"1029\">\n<p data-start=\"989\" data-end=\"1029\">S\u00e6son: mellems\u00e6son (for\u00e5r\/efter\u00e5r)<\/p>\n<\/li>\n<li data-start=\"1030\" data-end=\"1084\">\n<p data-start=\"1032\" data-end=\"1084\">Tilg\u00e6ngelige st\u00f8rrelser: S, M, L, XL (se st\u00f8rrelsesguide)<\/p>\n<\/li>\n<li data-start=\"1085\" data-end=\"1121\">\n<p data-start=\"1087\" data-end=\"1121\">Farver: flere stilfulde muligheder<\/p>\n<\/li>\n<\/ul>\n<h2 style=\"text-align: center\" data-start=\"1128\" data-end=\"1153\">\ud83d\udce6 Pakken Indeholder<\/h2>\n<ul data-start=\"1154\" data-end=\"1208\">\n<li data-start=\"1154\" data-end=\"1208\">\n<p data-start=\"1156\" data-end=\"1208\">1x par l\u00e6derhandsker.<\/p>\n<\/li>\n<\/ul>\n","protected":false},"excerpt":{"rendered":"<p>Motorcykelhandsker Med Touchscreen Til Mellems\u00e6sonen &#8211; K\u00f8r Sikkert Og Hold Forbindelsen \ud83c\udfcd\ud83e\udde4 Nyd b\u00e5de beskyttelse og komfort med disse l\u00e6derhandsker [&hellip;]<\/p>\n","protected":false},"featured_media":24989,"comment_status":"open","ping_status":"closed","template":"","meta":{"site-sidebar-layout":"default","site-content-layout":"","ast-site-content-layout":"default","site-content-style":"default","site-sidebar-style":"default","ast-global-header-display":"","ast-banner-title-visibility":"","ast-main-header-display":"","ast-hfb-above-header-display":"","ast-hfb-below-header-display":"","ast-hfb-mobile-header-display":"","site-post-title":"","ast-breadcrumbs-content":"","ast-featured-img":"","footer-sml-layout":"","theme-transparent-header-meta":"default","adv-header-id-meta":"","stick-header-meta":"","header-above-stick-meta":"","header-main-stick-meta":"","header-below-stick-meta":"","astra-migrate-meta-layouts":"set","ast-page-background-enabled":"default","ast-page-background-meta":{"desktop":{"background-color":"var(--ast-global-color-5)","background-image":"","background-repeat":"repeat","background-position":"center center","background-size":"auto","background-attachment":"scroll","background-type":"","background-media":"","overlay-type":"","overlay-color":"","overlay-opacity":"","overlay-gradient":""},"tablet":{"background-color":"","background-image":"","background-repeat":"repeat","background-position":"center center","background-size":"auto","background-attachment":"scroll","background-type":"","background-media":"","overlay-type":"","overlay-color":"","overlay-opacity":"","overlay-gradient":""},"mobile":{"background-color":"","background-image":"","background-repeat":"repeat","background-position":"center center","background-size":"auto","background-attachment":"scroll","background-type":"","background-media":"","overlay-type":"","overlay-color":"","overlay-opacity":"","overlay-gradient":""}},"ast-content-background-meta":{"desktop":{"background-color":"var(--ast-global-color-4)","background-image":"","background-repeat":"repeat","background-position":"center center","background-size":"auto","background-attachment":"scroll","background-type":"","background-media":"","overlay-type":"","overlay-color":"","overlay-opacity":"","overlay-gradient":""},"tablet":{"background-color":"var(--ast-global-color-4)","background-image":"","background-repeat":"repeat","background-position":"center center","background-size":"auto","background-attachment":"scroll","background-type":"","background-media":"","overlay-type":"","overlay-color":"","overlay-opacity":"","overlay-gradient":""},"mobile":{"background-color":"var(--ast-global-color-4)","background-image":"","background-repeat":"repeat","background-position":"center center","background-size":"auto","background-attachment":"scroll","background-type":"","background-media":"","overlay-type":"","overlay-color":"","overlay-opacity":"","overlay-gradient":""}}},"product_brand":[],"product_cat":[19],"product_tag":[],"class_list":{"0":"post-24993","1":"product","2":"type-product","3":"status-publish","4":"has-post-thumbnail","6":"product_cat-uncategorized","7":"pa_36856_cixgbvkg-armygroen","8":"pa_36856_cixgbvkg-brun","9":"pa_36856_cixgbvkg-sort","10":"pa_36856_p72rk1ux-l","11":"pa_36856_p72rk1ux-m","12":"pa_36856_p72rk1ux-s","13":"pa_36856_p72rk1ux-xl","14":"desktop-align-left","15":"tablet-align-left","16":"mobile-align-left","18":"first","19":"instock","20":"shipping-taxable","21":"purchasable","22":"product-type-variable","23":"has-default-attributes"},"_links":{"self":[{"href":"https:\/\/ecostera.com\/dk\/wp-json\/wp\/v2\/product\/24993","targetHints":{"allow":["GET"]}}],"collection":[{"href":"https:\/\/ecostera.com\/dk\/wp-json\/wp\/v2\/product"}],"about":[{"href":"https:\/\/ecostera.com\/dk\/wp-json\/wp\/v2\/types\/product"}],"replies":[{"embeddable":true,"href":"https:\/\/ecostera.com\/dk\/wp-json\/wp\/v2\/comments?post=24993"}],"wp:featuredmedia":[{"embeddable":true,"href":"https:\/\/ecostera.com\/dk\/wp-json\/wp\/v2\/media\/24989"}],"wp:attachment":[{"href":"https:\/\/ecostera.com\/dk\/wp-json\/wp\/v2\/media?parent=24993"}],"wp:term":[{"taxonomy":"product_brand","embeddable":true,"href":"https:\/\/ecostera.com\/dk\/wp-json\/wp\/v2\/product_brand?post=24993"},{"taxonomy":"product_cat","embeddable":true,"href":"https:\/\/ecostera.com\/dk\/wp-json\/wp\/v2\/product_cat?post=24993"},{"taxonomy":"product_tag","embeddable":true,"href":"https:\/\/ecostera.com\/dk\/wp-json\/wp\/v2\/product_tag?post=24993"}],"curies":[{"name":"wp","href":"https:\/\/api.w.org\/{rel}","templated":true}]}}