{"id":25026,"date":"2025-09-22T10:54:32","date_gmt":"2025-09-22T07:54:32","guid":{"rendered":"https:\/\/ecostera.com\/dk\/product\/solbriller-3\/"},"modified":"2025-09-22T10:55:04","modified_gmt":"2025-09-22T07:55:04","slug":"solbriller-3","status":"publish","type":"product","link":"https:\/\/ecostera.com\/dk\/product\/solbriller-3\/","title":{"rendered":"Solbriller"},"content":{"rendered":"<p style=\"text-align: center\" data-start=\"0\" data-end=\"81\"><strong data-start=\"0\" data-end=\"79\">Retro Runde Polariserede Solbriller \u2013 Klassisk Stil Med Moderne Beskyttelse \ud83d\udd76\u2728<\/strong><\/p>\n<p style=\"text-align: center\" data-start=\"83\" data-end=\"405\">G\u00e5 ud med stil med disse vintage-inspirerede runde solbriller. De er designet med polariserede glas, der reducerer bl\u00e6nding og beskytter dine \u00f8jne mod skadelige UV-str\u00e5ler, hvilket g\u00f8r dem perfekte til bilk\u00f8rsel, udend\u00f8rs eventyr eller hverdagsbrug. Deres lette metalstel giver dig komfort og samtidig et tidl\u00f8st, moderigtigt look.<\/p>\n<p data-start=\"83\" data-end=\"405\"><img decoding=\"async\" class=\"size-full wp-image-32214 aligncenter\" src=\"https:\/\/keluvo.com\/template\/wp-content\/uploads\/sites\/5\/2025\/08\/Sa011079609384354bb007926e37e475cV.jpg\" alt=\"\" \/><\/p>\n<h2 style=\"text-align: center\" data-start=\"412\" data-end=\"434\">\ud83c\udf1f Vigtigste Fordele<\/h2>\n<p data-start=\"437\" data-end=\"486\">\ud83d\udd76 Polariserede glas reducerer bl\u00e6nding og \u00f8jne strain<\/p>\n<p data-start=\"489\" data-end=\"533\">\u2600\ufe0f 100% UV-beskyttelse beskytter dine \u00f8jne<\/p>\n<p data-start=\"536\" data-end=\"587\">\ud83c\udfa9 Retro-rundt design giver en stilfuld, klassisk vibe<\/p>\n<p data-start=\"590\" data-end=\"639\">\ud83e\udeb6 Let og komfortabel til brug hele dagen<\/p>\n<p data-start=\"642\" data-end=\"680\">\ud83d\udc8e Slidst\u00e6rkt metalstel bygget til at holde<\/p>\n<p data-start=\"642\" data-end=\"680\"><img decoding=\"async\" class=\"size-full wp-image-32213 aligncenter\" src=\"https:\/\/keluvo.com\/template\/wp-content\/uploads\/sites\/5\/2025\/08\/S8e3ad273ad5747c0be3bb45888b1faf3O.jpg\" alt=\"\" \/><\/p>\n<h2 style=\"text-align: center\">\ud83d\udccc S\u00e5dan Bruges<\/h2>\n<ol data-start=\"709\" data-end=\"894\">\n<li data-start=\"709\" data-end=\"762\">\n<p data-start=\"712\" data-end=\"762\">Brug dem udend\u00f8rs for sol- og bl\u00e6ndingsbeskyttelse.<\/p>\n<\/li>\n<li data-start=\"763\" data-end=\"830\">\n<p data-start=\"766\" data-end=\"830\">S\u00e6t dem sammen med afslappet eller formelt t\u00f8j for \u00f8jeblikkelig stil.<\/p>\n<\/li>\n<li data-start=\"831\" data-end=\"894\">\n<p data-start=\"834\" data-end=\"894\">Pair them with casual or formal outfits for instant style.<\/p>\n<\/li>\n<\/ol>\n<h2 style=\"text-align: center\" data-start=\"901\" data-end=\"925\">\ud83d\udccf Produktdetaljer<\/h2>\n<ul data-start=\"926\" data-end=\"1097\">\n<li data-start=\"926\" data-end=\"951\">\n<p data-start=\"928\" data-end=\"951\">Stelmateriale: metal<\/p>\n<\/li>\n<li data-start=\"952\" data-end=\"986\">\n<p data-start=\"954\" data-end=\"986\">Linser: polariseret resin<\/p>\n<\/li>\n<li data-start=\"987\" data-end=\"1016\">\n<p data-start=\"989\" data-end=\"1016\">Linsebredde: ca. 48 mm<\/p>\n<\/li>\n<li data-start=\"1017\" data-end=\"1047\">\n<p data-start=\"1019\" data-end=\"1047\">Linseh\u00f8jde: ca. 45 mm<\/p>\n<\/li>\n<li data-start=\"1048\" data-end=\"1097\">\n<p data-start=\"1050\" data-end=\"1097\">Styles: flere farveindstillinger for stel og linser<\/p>\n<\/li>\n<\/ul>\n<h2 style=\"text-align: center\" data-start=\"1104\" data-end=\"1129\">\ud83d\udce6 Pakken Indeholder<\/h2>\n<ul data-start=\"1130\" data-end=\"1178\">\n<li data-start=\"1130\" data-end=\"1178\">\n<p data-start=\"1132\" data-end=\"1178\">1x par solbriller.<\/p>\n<\/li>\n<\/ul>\n","protected":false},"excerpt":{"rendered":"<p>Retro Runde Polariserede Solbriller \u2013 Klassisk Stil Med Moderne Beskyttelse \ud83d\udd76\u2728 G\u00e5 ud med stil med disse vintage-inspirerede runde solbriller. [&hellip;]<\/p>\n","protected":false},"featured_media":25022,"comment_status":"open","ping_status":"closed","template":"","meta":{"site-sidebar-layout":"default","site-content-layout":"","ast-site-content-layout":"default","site-content-style":"default","site-sidebar-style":"default","ast-global-header-display":"","ast-banner-title-visibility":"","ast-main-header-display":"","ast-hfb-above-header-display":"","ast-hfb-below-header-display":"","ast-hfb-mobile-header-display":"","site-post-title":"","ast-breadcrumbs-content":"","ast-featured-img":"","footer-sml-layout":"","theme-transparent-header-meta":"default","adv-header-id-meta":"","stick-header-meta":"","header-above-stick-meta":"","header-main-stick-meta":"","header-below-stick-meta":"","astra-migrate-meta-layouts":"set","ast-page-background-enabled":"default","ast-page-background-meta":{"desktop":{"background-color":"var(--ast-global-color-5)","background-image":"","background-repeat":"repeat","background-position":"center center","background-size":"auto","background-attachment":"scroll","background-type":"","background-media":"","overlay-type":"","overlay-color":"","overlay-opacity":"","overlay-gradient":""},"tablet":{"background-color":"","background-image":"","background-repeat":"repeat","background-position":"center center","background-size":"auto","background-attachment":"scroll","background-type":"","background-media":"","overlay-type":"","overlay-color":"","overlay-opacity":"","overlay-gradient":""},"mobile":{"background-color":"","background-image":"","background-repeat":"repeat","background-position":"center center","background-size":"auto","background-attachment":"scroll","background-type":"","background-media":"","overlay-type":"","overlay-color":"","overlay-opacity":"","overlay-gradient":""}},"ast-content-background-meta":{"desktop":{"background-color":"var(--ast-global-color-4)","background-image":"","background-repeat":"repeat","background-position":"center center","background-size":"auto","background-attachment":"scroll","background-type":"","background-media":"","overlay-type":"","overlay-color":"","overlay-opacity":"","overlay-gradient":""},"tablet":{"background-color":"var(--ast-global-color-4)","background-image":"","background-repeat":"repeat","background-position":"center center","background-size":"auto","background-attachment":"scroll","background-type":"","background-media":"","overlay-type":"","overlay-color":"","overlay-opacity":"","overlay-gradient":""},"mobile":{"background-color":"var(--ast-global-color-4)","background-image":"","background-repeat":"repeat","background-position":"center center","background-size":"auto","background-attachment":"scroll","background-type":"","background-media":"","overlay-type":"","overlay-color":"","overlay-opacity":"","overlay-gradient":""}}},"product_brand":[],"product_cat":[19],"product_tag":[],"class_list":{"0":"post-25026","1":"product","2":"type-product","3":"status-publish","4":"has-post-thumbnail","6":"product_cat-uncategorized","7":"pa_41672_v1x1yc31-a","8":"pa_41672_v1x1yc31-b","9":"pa_41672_v1x1yc31-c","10":"pa_41672_v1x1yc31-d","11":"pa_41672_v1x1yc31-e","12":"pa_41672_v1x1yc31-f","13":"pa_41672_v1x1yc31-g","14":"desktop-align-left","15":"tablet-align-left","16":"mobile-align-left","18":"first","19":"instock","20":"shipping-taxable","21":"purchasable","22":"product-type-variable"},"_links":{"self":[{"href":"https:\/\/ecostera.com\/dk\/wp-json\/wp\/v2\/product\/25026","targetHints":{"allow":["GET"]}}],"collection":[{"href":"https:\/\/ecostera.com\/dk\/wp-json\/wp\/v2\/product"}],"about":[{"href":"https:\/\/ecostera.com\/dk\/wp-json\/wp\/v2\/types\/product"}],"replies":[{"embeddable":true,"href":"https:\/\/ecostera.com\/dk\/wp-json\/wp\/v2\/comments?post=25026"}],"wp:featuredmedia":[{"embeddable":true,"href":"https:\/\/ecostera.com\/dk\/wp-json\/wp\/v2\/media\/25022"}],"wp:attachment":[{"href":"https:\/\/ecostera.com\/dk\/wp-json\/wp\/v2\/media?parent=25026"}],"wp:term":[{"taxonomy":"product_brand","embeddable":true,"href":"https:\/\/ecostera.com\/dk\/wp-json\/wp\/v2\/product_brand?post=25026"},{"taxonomy":"product_cat","embeddable":true,"href":"https:\/\/ecostera.com\/dk\/wp-json\/wp\/v2\/product_cat?post=25026"},{"taxonomy":"product_tag","embeddable":true,"href":"https:\/\/ecostera.com\/dk\/wp-json\/wp\/v2\/product_tag?post=25026"}],"curies":[{"name":"wp","href":"https:\/\/api.w.org\/{rel}","templated":true}]}}