{"id":25050,"date":"2025-09-22T10:56:45","date_gmt":"2025-09-22T07:56:45","guid":{"rendered":"https:\/\/ecostera.com\/dk\/product\/aerodynamisk-legetoejsballon\/"},"modified":"2025-09-22T10:57:35","modified_gmt":"2025-09-22T07:57:35","slug":"aerodynamisk-legetoejsballon","status":"publish","type":"product","link":"https:\/\/ecostera.com\/dk\/product\/aerodynamisk-legetoejsballon\/","title":{"rendered":"Aerodynamisk leget\u00f8jsballon"},"content":{"rendered":"<p style=\"text-align: center\" data-start=\"0\" data-end=\"68\"><strong data-start=\"0\" data-end=\"66\">Aerodynamisk ballonleget\u00f8j (XXL space edition) \ud83d\ude80\ud83c\udf88<\/strong><\/p>\n<p style=\"text-align: center\" data-start=\"70\" data-end=\"380\">Forvandl legen til et videnskabeligt eventyr med dette sjove og l\u00e6rerige aerodynamiske ballonleget\u00f8j! Ved at puste ballonen op og slippe den l\u00f8s l\u00e6rer b\u00f8rn det grundl\u00e6ggende om aerodynamik og fremdrift, mens de har det uendeligt sjovt med at k\u00f8re om kap med biler, raketter og meget mere. Det er en perfekt m\u00e5de at kombinere leg, l\u00e6ring og praktisk opdagelse p\u00e5.<\/p>\n<p data-start=\"70\" data-end=\"380\"><img decoding=\"async\" class=\"size-full wp-image-32235 aligncenter\" src=\"https:\/\/keluvo.com\/template\/wp-content\/uploads\/sites\/5\/2025\/08\/wkladanie.gif\" alt=\"\" \/><\/p>\n<h2 style=\"text-align: center\" data-start=\"387\" data-end=\"409\"><strong>Vigtigste Fordele<\/strong><\/h2>\n<p data-start=\"412\" data-end=\"472\">\ud83c\udf88 L\u00e6rer b\u00f8rn om aerodynamik og bev\u00e6gelse gennem leg<\/p>\n<p data-start=\"475\" data-end=\"537\">\ud83d\ude97 Opmuntrer til kreativitet, probleml\u00f8sning og STEM learning<\/p>\n<p data-start=\"540\" data-end=\"590\">\ud83d\udc69\u200d\ud83d\udc69\u200d\ud83d\udc66 Perfekt til gruppeleg og familiesammenhold<\/p>\n<p data-start=\"593\" data-end=\"642\">\ud83d\udca1 Let at bruge &#8211; pump, slip, og se den flyve<\/p>\n<p data-start=\"645\" data-end=\"701\">\ud83c\udf0d Fremstillet af sikker, milj\u00f8venlig ABS-plast (BPA-fri)<\/p>\n<p data-start=\"645\" data-end=\"701\"><img decoding=\"async\" class=\"size-full wp-image-32236 aligncenter\" src=\"https:\/\/keluvo.com\/template\/wp-content\/uploads\/sites\/5\/2025\/08\/gif-ok.gif\" alt=\"\" \/><\/p>\n<h2 style=\"text-align: center\" data-start=\"708\" data-end=\"729\"><strong>S\u00e5dan Bruges<\/strong><\/h2>\n<ol data-start=\"730\" data-end=\"917\">\n<li data-start=\"730\" data-end=\"780\">\n<p data-start=\"733\" data-end=\"780\">Placer ballonen p\u00e5 leget\u00f8jsbilen eller -raketten.<\/p>\n<\/li>\n<li data-start=\"781\" data-end=\"830\">\n<p data-start=\"784\" data-end=\"830\">Pump luft ind i ballonen ved hj\u00e6lp af stationen.<\/p>\n<\/li>\n<li data-start=\"831\" data-end=\"861\">\n<p data-start=\"834\" data-end=\"861\">tryk p\u00e5 udl\u00f8serknappen.<\/p>\n<\/li>\n<li data-start=\"862\" data-end=\"917\">\n<p data-start=\"865\" data-end=\"917\">se bilen zoome fremad ved hj\u00e6lp af luftens kraft!<\/p>\n<\/li>\n<\/ol>\n<h2 style=\"text-align: center\" data-start=\"924\" data-end=\"948\"><strong>Produktdetaljer<\/strong><\/h2>\n<ul data-start=\"949\" data-end=\"1124\">\n<li data-start=\"949\" data-end=\"987\">\n<p data-start=\"951\" data-end=\"987\">Materiale: milj\u00f8venlig ABS-plast<\/p>\n<\/li>\n<li data-start=\"988\" data-end=\"1026\">\n<p data-start=\"990\" data-end=\"1026\">Alder: egnet til b\u00f8rn i alderen 3+<\/p>\n<\/li>\n<li data-start=\"1058\" data-end=\"1124\">\n<p data-start=\"1060\" data-end=\"1124\">P\u00e6dagogisk fokus: STEM-l\u00e6ring, fysik og praktiske f\u00e6rdigheder<\/p>\n<\/li>\n<\/ul>\n<h2 style=\"text-align: center\" data-start=\"1131\" data-end=\"1156\"><strong>Pakken Indeholder<\/strong><\/h2>\n<ul data-start=\"1157\" data-end=\"1319\">\n<li data-start=\"1157\" data-end=\"1188\">\n<p data-start=\"1159\" data-end=\"1188\">Alternativ A: 1x ballonpumpestation, <span style=\"font-size: 16px\">2x biler og 6x balloner.<\/span><\/p>\n<\/li>\n<li data-start=\"1189\" data-end=\"1221\">\n<p data-start=\"1191\" data-end=\"1221\">Alternativ B: 1x ballonpumpestation, 1x ballonaffyringsstation, 3x biler og 12x balloner.<\/p>\n<\/li>\n<\/ul>\n","protected":false},"excerpt":{"rendered":"<p>Aerodynamisk ballonleget\u00f8j (XXL space edition) \ud83d\ude80\ud83c\udf88 Forvandl legen til et videnskabeligt eventyr med dette sjove og l\u00e6rerige aerodynamiske ballonleget\u00f8j! Ved [&hellip;]<\/p>\n","protected":false},"featured_media":25046,"comment_status":"open","ping_status":"closed","template":"","meta":{"site-sidebar-layout":"default","site-content-layout":"","ast-site-content-layout":"default","site-content-style":"default","site-sidebar-style":"default","ast-global-header-display":"","ast-banner-title-visibility":"","ast-main-header-display":"","ast-hfb-above-header-display":"","ast-hfb-below-header-display":"","ast-hfb-mobile-header-display":"","site-post-title":"","ast-breadcrumbs-content":"","ast-featured-img":"","footer-sml-layout":"","theme-transparent-header-meta":"default","adv-header-id-meta":"","stick-header-meta":"","header-above-stick-meta":"","header-main-stick-meta":"","header-below-stick-meta":"","astra-migrate-meta-layouts":"set","ast-page-background-enabled":"default","ast-page-background-meta":{"desktop":{"background-color":"var(--ast-global-color-5)","background-image":"","background-repeat":"repeat","background-position":"center center","background-size":"auto","background-attachment":"scroll","background-type":"","background-media":"","overlay-type":"","overlay-color":"","overlay-opacity":"","overlay-gradient":""},"tablet":{"background-color":"","background-image":"","background-repeat":"repeat","background-position":"center center","background-size":"auto","background-attachment":"scroll","background-type":"","background-media":"","overlay-type":"","overlay-color":"","overlay-opacity":"","overlay-gradient":""},"mobile":{"background-color":"","background-image":"","background-repeat":"repeat","background-position":"center center","background-size":"auto","background-attachment":"scroll","background-type":"","background-media":"","overlay-type":"","overlay-color":"","overlay-opacity":"","overlay-gradient":""}},"ast-content-background-meta":{"desktop":{"background-color":"var(--ast-global-color-4)","background-image":"","background-repeat":"repeat","background-position":"center center","background-size":"auto","background-attachment":"scroll","background-type":"","background-media":"","overlay-type":"","overlay-color":"","overlay-opacity":"","overlay-gradient":""},"tablet":{"background-color":"var(--ast-global-color-4)","background-image":"","background-repeat":"repeat","background-position":"center center","background-size":"auto","background-attachment":"scroll","background-type":"","background-media":"","overlay-type":"","overlay-color":"","overlay-opacity":"","overlay-gradient":""},"mobile":{"background-color":"var(--ast-global-color-4)","background-image":"","background-repeat":"repeat","background-position":"center center","background-size":"auto","background-attachment":"scroll","background-type":"","background-media":"","overlay-type":"","overlay-color":"","overlay-opacity":"","overlay-gradient":""}}},"product_brand":[],"product_cat":[19],"product_tag":[],"class_list":{"0":"post-25050","1":"product","2":"type-product","3":"status-publish","4":"has-post-thumbnail","6":"product_cat-uncategorized","7":"pa_18863_i5zh24o9-and","8":"pa_18863_i5zh24o9-froe","9":"pa_18863_i5zh24o9-monster","10":"pa_18863_i5zh24o9-solsort","11":"pa_18863_rr0rv9zm-a","12":"pa_18863_rr0rv9zm-b","13":"desktop-align-left","14":"tablet-align-left","15":"mobile-align-left","17":"first","18":"instock","19":"shipping-taxable","20":"purchasable","21":"product-type-variable","22":"has-default-attributes"},"_links":{"self":[{"href":"https:\/\/ecostera.com\/dk\/wp-json\/wp\/v2\/product\/25050","targetHints":{"allow":["GET"]}}],"collection":[{"href":"https:\/\/ecostera.com\/dk\/wp-json\/wp\/v2\/product"}],"about":[{"href":"https:\/\/ecostera.com\/dk\/wp-json\/wp\/v2\/types\/product"}],"replies":[{"embeddable":true,"href":"https:\/\/ecostera.com\/dk\/wp-json\/wp\/v2\/comments?post=25050"}],"wp:featuredmedia":[{"embeddable":true,"href":"https:\/\/ecostera.com\/dk\/wp-json\/wp\/v2\/media\/25046"}],"wp:attachment":[{"href":"https:\/\/ecostera.com\/dk\/wp-json\/wp\/v2\/media?parent=25050"}],"wp:term":[{"taxonomy":"product_brand","embeddable":true,"href":"https:\/\/ecostera.com\/dk\/wp-json\/wp\/v2\/product_brand?post=25050"},{"taxonomy":"product_cat","embeddable":true,"href":"https:\/\/ecostera.com\/dk\/wp-json\/wp\/v2\/product_cat?post=25050"},{"taxonomy":"product_tag","embeddable":true,"href":"https:\/\/ecostera.com\/dk\/wp-json\/wp\/v2\/product_tag?post=25050"}],"curies":[{"name":"wp","href":"https:\/\/api.w.org\/{rel}","templated":true}]}}