{"id":2511,"date":"2025-07-15T13:13:26","date_gmt":"2025-07-15T13:13:26","guid":{"rendered":"https:\/\/ecostera.com\/dk\/product\/afslappet-tote-bag\/"},"modified":"2025-07-15T13:13:26","modified_gmt":"2025-07-15T13:13:26","slug":"afslappet-tote-bag","status":"publish","type":"product","link":"https:\/\/ecostera.com\/dk\/product\/afslappet-tote-bag\/","title":{"rendered":"Afslappet tote bag"},"content":{"rendered":"<p style=\"text-align: center\"><b>\ud83d\udc5c Din hverdagstaske til enhver lejlighed! \ud83d\udc96<\/b><\/p>\n<p style=\"text-align: center\"><span style=\"font-weight: 400\">B\u00e6r mere, stress mindre.<\/span><span style=\"font-weight: 400\"><br \/>\n<\/span><span style=\"font-weight: 400\">Denne bl\u00f8de og rummelige taske hj\u00e6lper dig med at tage alt, hvad du har brug for, uanset om du er p\u00e5 vej p\u00e5 arbejde, p\u00e5 indk\u00f8b eller bare ude en dag.<\/span><\/p>\n<p><img decoding=\"async\" class=\"size-full wp-image-15338 aligncenter\" src=\"https:\/\/keluvo.com\/template\/wp-content\/uploads\/sites\/5\/2025\/04\/casualtotebag-ezgif.com-video-to-webp-converter.webp\" alt=\"\" \/><\/p>\n<p style=\"text-align: center\"><span style=\"font-weight: 400\">Denne afslappede taske giver dig komfort, stil og plads i \u00e9t. Du kan bruge den som skuldertaske eller crossbody-taske. Den har plads til din pung, telefon, notesbog, snacks og meget mere. Det ensfarvede design g\u00f8r den let at matche med ethvert outfit.<\/span><\/p>\n<h2 style=\"text-align: center\">Hovedfordele<\/h2>\n<p><span style=\"font-weight: 400\">\u2714 Har plads til alle dine vigtigste ting med et stort rummeligt rum<\/span><\/p>\n<p><span style=\"font-weight: 400\"> \u2714 Let at b\u00e6re med en justerbar skulderrem<\/span><\/p>\n<p><span style=\"font-weight: 400\"> \u2714 Perfekt til daglig brug, \u00e6rinder eller afslappede udflugter<\/span><\/p>\n<p><span style=\"font-weight: 400\"> \u2714 Bl\u00f8d og let, s\u00e5 den ikke g\u00f8r ondt p\u00e5 skulderen<\/span><\/p>\n<p><img decoding=\"async\" class=\"size-full wp-image-15336 aligncenter\" src=\"https:\/\/keluvo.com\/template\/wp-content\/uploads\/sites\/5\/2025\/04\/b30e8584-0883-4083-9262-44a7acb06007.webp\" alt=\"\" \/><\/p>\n<h2 style=\"text-align: center\">S\u00e5dan Bruger Du Den:<\/h2>\n<p style=\"text-align: center\"><b><\/b><span style=\"font-weight: 400\"> Juster skulderremmen, s\u00e5 den passer til din krop. L\u00e6g dine ting i hovedrummet. Luk og b\u00e6r den p\u00e5 skulderen eller over kroppen for h\u00e5ndfri komfort.<\/span><\/p>\n<h2 style=\"text-align: center\">Pakken Indeholder:<\/h2>\n<ul>\n<li><b><\/b><span style=\"font-weight: 400\">1 sort eller hvid casual tote bag (29,5x17x25cm)<\/span><\/li>\n<li><span style=\"font-weight: 400\">1 justerbar skulderrem<\/span><\/li>\n<\/ul>\n","protected":false},"excerpt":{"rendered":"<p>\ud83d\udc5c Din hverdagstaske til enhver lejlighed! \ud83d\udc96 B\u00e6r mere, stress mindre. Denne bl\u00f8de og rummelige taske hj\u00e6lper dig med at [&hellip;]<\/p>\n","protected":false},"featured_media":2507,"comment_status":"open","ping_status":"closed","template":"","meta":{"site-sidebar-layout":"default","site-content-layout":"","ast-site-content-layout":"default","site-content-style":"default","site-sidebar-style":"default","ast-global-header-display":"","ast-banner-title-visibility":"","ast-main-header-display":"","ast-hfb-above-header-display":"","ast-hfb-below-header-display":"","ast-hfb-mobile-header-display":"","site-post-title":"","ast-breadcrumbs-content":"","ast-featured-img":"","footer-sml-layout":"","theme-transparent-header-meta":"default","adv-header-id-meta":"","stick-header-meta":"","header-above-stick-meta":"","header-main-stick-meta":"","header-below-stick-meta":"","astra-migrate-meta-layouts":"set","ast-page-background-enabled":"default","ast-page-background-meta":{"desktop":{"background-color":"var(--ast-global-color-5)","background-image":"","background-repeat":"repeat","background-position":"center center","background-size":"auto","background-attachment":"scroll","background-type":"","background-media":"","overlay-type":"","overlay-color":"","overlay-opacity":"","overlay-gradient":""},"tablet":{"background-color":"","background-image":"","background-repeat":"repeat","background-position":"center center","background-size":"auto","background-attachment":"scroll","background-type":"","background-media":"","overlay-type":"","overlay-color":"","overlay-opacity":"","overlay-gradient":""},"mobile":{"background-color":"","background-image":"","background-repeat":"repeat","background-position":"center center","background-size":"auto","background-attachment":"scroll","background-type":"","background-media":"","overlay-type":"","overlay-color":"","overlay-opacity":"","overlay-gradient":""}},"ast-content-background-meta":{"desktop":{"background-color":"var(--ast-global-color-4)","background-image":"","background-repeat":"repeat","background-position":"center center","background-size":"auto","background-attachment":"scroll","background-type":"","background-media":"","overlay-type":"","overlay-color":"","overlay-opacity":"","overlay-gradient":""},"tablet":{"background-color":"var(--ast-global-color-4)","background-image":"","background-repeat":"repeat","background-position":"center center","background-size":"auto","background-attachment":"scroll","background-type":"","background-media":"","overlay-type":"","overlay-color":"","overlay-opacity":"","overlay-gradient":""},"mobile":{"background-color":"var(--ast-global-color-4)","background-image":"","background-repeat":"repeat","background-position":"center center","background-size":"auto","background-attachment":"scroll","background-type":"","background-media":"","overlay-type":"","overlay-color":"","overlay-opacity":"","overlay-gradient":""}}},"product_brand":[],"product_cat":[19],"product_tag":[],"class_list":{"0":"post-2511","1":"product","2":"type-product","3":"status-publish","4":"has-post-thumbnail","6":"product_cat-uncategorized","7":"desktop-align-left","8":"tablet-align-left","9":"mobile-align-left","11":"first","12":"instock","13":"shipping-taxable","14":"purchasable","15":"product-type-simple"},"_links":{"self":[{"href":"https:\/\/ecostera.com\/dk\/wp-json\/wp\/v2\/product\/2511","targetHints":{"allow":["GET"]}}],"collection":[{"href":"https:\/\/ecostera.com\/dk\/wp-json\/wp\/v2\/product"}],"about":[{"href":"https:\/\/ecostera.com\/dk\/wp-json\/wp\/v2\/types\/product"}],"replies":[{"embeddable":true,"href":"https:\/\/ecostera.com\/dk\/wp-json\/wp\/v2\/comments?post=2511"}],"wp:featuredmedia":[{"embeddable":true,"href":"https:\/\/ecostera.com\/dk\/wp-json\/wp\/v2\/media\/2507"}],"wp:attachment":[{"href":"https:\/\/ecostera.com\/dk\/wp-json\/wp\/v2\/media?parent=2511"}],"wp:term":[{"taxonomy":"product_brand","embeddable":true,"href":"https:\/\/ecostera.com\/dk\/wp-json\/wp\/v2\/product_brand?post=2511"},{"taxonomy":"product_cat","embeddable":true,"href":"https:\/\/ecostera.com\/dk\/wp-json\/wp\/v2\/product_cat?post=2511"},{"taxonomy":"product_tag","embeddable":true,"href":"https:\/\/ecostera.com\/dk\/wp-json\/wp\/v2\/product_tag?post=2511"}],"curies":[{"name":"wp","href":"https:\/\/api.w.org\/{rel}","templated":true}]}}