{"id":25171,"date":"2025-09-22T11:08:22","date_gmt":"2025-09-22T08:08:22","guid":{"rendered":"https:\/\/ecostera.com\/dk\/product\/stoette-til-skuldrene\/"},"modified":"2025-09-22T11:08:35","modified_gmt":"2025-09-22T08:08:35","slug":"stoette-til-skuldrene","status":"publish","type":"product","link":"https:\/\/ecostera.com\/dk\/product\/stoette-til-skuldrene\/","title":{"rendered":"St\u00f8tte til skuldrene"},"content":{"rendered":"<p style=\"text-align: center\" data-start=\"100\" data-end=\"148\"><strong>Beskyt Din Skulder, Og V\u00e6r Aktiv \ud83d\udcaa\ud83c\udffd\ud83d\udee1\ufe0f<\/strong><\/p>\n<p style=\"text-align: center\" data-start=\"150\" data-end=\"326\">This let, \u00e5ndbar skulderst\u00f8tte giver stabilitet, st\u00f8tte og kompression &#8211; og hj\u00e6lper dig med at komme dig efter skader eller forebygge dem under tr\u00e6ning og daglige aktiviteter.<\/p>\n<p data-start=\"150\" data-end=\"326\"><img decoding=\"async\" class=\"size-full wp-image-32759 aligncenter\" src=\"https:\/\/keluvo.com\/template\/wp-content\/uploads\/sites\/5\/2025\/08\/1_2048x2048.webp\" alt=\"\" \/><\/p>\n<h2 style=\"text-align: center\" data-start=\"328\" data-end=\"349\">Vigtigste Fordele \u2705<\/h2>\n<p data-start=\"352\" data-end=\"391\">\ud83d\udd12 St\u00f8tter svage eller skadede skuldre<\/p>\n<p data-start=\"394\" data-end=\"460\">\ud83c\udfaf Giver m\u00e5lrettet kompression for at reducere inflammation og pain<\/p>\n<p data-start=\"463\" data-end=\"513\">\ud83c\udf2c\ufe0f Fremstillet af \u00e5ndbart, svedafvisende stof<\/p>\n<p data-start=\"516\" data-end=\"559\">\ud83d\udd01 Justerbare stropper for en tilpasset pasform<\/p>\n<p data-start=\"562\" data-end=\"616\">\ud83e\udde5 Slankt design &#8211; kan b\u00e6res diskret under t\u00f8jet<\/p>\n<p data-start=\"562\" data-end=\"616\"><img decoding=\"async\" class=\"size-full wp-image-32758 aligncenter\" src=\"https:\/\/keluvo.com\/template\/wp-content\/uploads\/sites\/5\/2025\/08\/S6f178851a7ef472dbd1376fe443df42fq.jpg_960x960q75.jpg_.jpg\" alt=\"\" \/><\/p>\n<h2 style=\"text-align: center\" data-start=\"618\" data-end=\"640\">S\u00e5dan Bruges \u2699\ufe0f<\/h2>\n<ol data-start=\"641\" data-end=\"866\">\n<li data-start=\"641\" data-end=\"708\">\n<p data-start=\"644\" data-end=\"708\">Slip Armen gennem \u00e6rmet og vikl den rundt om skulderen.<\/p>\n<\/li>\n<li data-start=\"709\" data-end=\"754\">\n<p data-start=\"712\" data-end=\"754\">Juster stropperne, indtil de sidder behageligt.<\/p>\n<\/li>\n<li data-start=\"755\" data-end=\"820\">\n<p data-start=\"758\" data-end=\"820\">b\u00e6res under eller over din skjorte, mens du tr\u00e6ner eller restituerer.<\/p>\n<\/li>\n<li data-start=\"821\" data-end=\"866\">\n<p data-start=\"824\" data-end=\"866\">fjern efter brug og vask i h\u00e5nden, hvis det er n\u00f8dvendigt.<\/p>\n<\/li>\n<\/ol>\n<h2 style=\"text-align: center\" data-start=\"868\" data-end=\"892\">Produktoplysninger \ud83d\udccf<\/h2>\n<ul data-start=\"893\" data-end=\"1092\">\n<li data-start=\"893\" data-end=\"934\">\n<p data-start=\"895\" data-end=\"934\">Materiale: Neopren og elastisk stof<\/p>\n<\/li>\n<li data-start=\"935\" data-end=\"996\">\n<p data-start=\"937\" data-end=\"996\">Fit: Unisex, justerbar i \u00e9n st\u00f8rrelse (venstre eller h\u00f8jre skulder)<\/p>\n<\/li>\n<li data-start=\"997\" data-end=\"1092\">\n<p data-start=\"999\" data-end=\"1092\">Anvendelsesomr\u00e5der: Sportsbeskyttelse, rotatormanchetskade, st\u00f8tte efter operation, ledbet\u00e6ndelse<\/p>\n<\/li>\n<\/ul>\n<h2 style=\"text-align: center\" data-start=\"1094\" data-end=\"1119\">Pakken Indeholder \ud83d\udcec<\/h2>\n<ul data-start=\"1120\" data-end=\"1160\">\n<li data-start=\"1120\" data-end=\"1160\">\n<p data-start=\"1122\" data-end=\"1160\">1x justerbar skulderst\u00f8tte (venstre eller h\u00f8jre).<\/p>\n<\/li>\n<\/ul>\n","protected":false},"excerpt":{"rendered":"<p>Beskyt Din Skulder, Og V\u00e6r Aktiv \ud83d\udcaa\ud83c\udffd\ud83d\udee1\ufe0f This let, \u00e5ndbar skulderst\u00f8tte giver stabilitet, st\u00f8tte og kompression &#8211; og hj\u00e6lper dig [&hellip;]<\/p>\n","protected":false},"featured_media":25168,"comment_status":"open","ping_status":"closed","template":"","meta":{"site-sidebar-layout":"default","site-content-layout":"","ast-site-content-layout":"default","site-content-style":"default","site-sidebar-style":"default","ast-global-header-display":"","ast-banner-title-visibility":"","ast-main-header-display":"","ast-hfb-above-header-display":"","ast-hfb-below-header-display":"","ast-hfb-mobile-header-display":"","site-post-title":"","ast-breadcrumbs-content":"","ast-featured-img":"","footer-sml-layout":"","theme-transparent-header-meta":"default","adv-header-id-meta":"","stick-header-meta":"","header-above-stick-meta":"","header-main-stick-meta":"","header-below-stick-meta":"","astra-migrate-meta-layouts":"set","ast-page-background-enabled":"default","ast-page-background-meta":{"desktop":{"background-color":"var(--ast-global-color-5)","background-image":"","background-repeat":"repeat","background-position":"center center","background-size":"auto","background-attachment":"scroll","background-type":"","background-media":"","overlay-type":"","overlay-color":"","overlay-opacity":"","overlay-gradient":""},"tablet":{"background-color":"","background-image":"","background-repeat":"repeat","background-position":"center center","background-size":"auto","background-attachment":"scroll","background-type":"","background-media":"","overlay-type":"","overlay-color":"","overlay-opacity":"","overlay-gradient":""},"mobile":{"background-color":"","background-image":"","background-repeat":"repeat","background-position":"center center","background-size":"auto","background-attachment":"scroll","background-type":"","background-media":"","overlay-type":"","overlay-color":"","overlay-opacity":"","overlay-gradient":""}},"ast-content-background-meta":{"desktop":{"background-color":"var(--ast-global-color-4)","background-image":"","background-repeat":"repeat","background-position":"center center","background-size":"auto","background-attachment":"scroll","background-type":"","background-media":"","overlay-type":"","overlay-color":"","overlay-opacity":"","overlay-gradient":""},"tablet":{"background-color":"var(--ast-global-color-4)","background-image":"","background-repeat":"repeat","background-position":"center center","background-size":"auto","background-attachment":"scroll","background-type":"","background-media":"","overlay-type":"","overlay-color":"","overlay-opacity":"","overlay-gradient":""},"mobile":{"background-color":"var(--ast-global-color-4)","background-image":"","background-repeat":"repeat","background-position":"center center","background-size":"auto","background-attachment":"scroll","background-type":"","background-media":"","overlay-type":"","overlay-color":"","overlay-opacity":"","overlay-gradient":""}}},"product_brand":[],"product_cat":[19],"product_tag":[],"class_list":{"0":"post-25171","1":"product","2":"type-product","3":"status-publish","4":"has-post-thumbnail","6":"product_cat-uncategorized","7":"pa_31862_g68ttc5l-til-hoejre","8":"pa_31862_g68ttc5l-til-venstre","9":"desktop-align-left","10":"tablet-align-left","11":"mobile-align-left","13":"first","14":"instock","15":"shipping-taxable","16":"purchasable","17":"product-type-variable"},"_links":{"self":[{"href":"https:\/\/ecostera.com\/dk\/wp-json\/wp\/v2\/product\/25171","targetHints":{"allow":["GET"]}}],"collection":[{"href":"https:\/\/ecostera.com\/dk\/wp-json\/wp\/v2\/product"}],"about":[{"href":"https:\/\/ecostera.com\/dk\/wp-json\/wp\/v2\/types\/product"}],"replies":[{"embeddable":true,"href":"https:\/\/ecostera.com\/dk\/wp-json\/wp\/v2\/comments?post=25171"}],"wp:featuredmedia":[{"embeddable":true,"href":"https:\/\/ecostera.com\/dk\/wp-json\/wp\/v2\/media\/25168"}],"wp:attachment":[{"href":"https:\/\/ecostera.com\/dk\/wp-json\/wp\/v2\/media?parent=25171"}],"wp:term":[{"taxonomy":"product_brand","embeddable":true,"href":"https:\/\/ecostera.com\/dk\/wp-json\/wp\/v2\/product_brand?post=25171"},{"taxonomy":"product_cat","embeddable":true,"href":"https:\/\/ecostera.com\/dk\/wp-json\/wp\/v2\/product_cat?post=25171"},{"taxonomy":"product_tag","embeddable":true,"href":"https:\/\/ecostera.com\/dk\/wp-json\/wp\/v2\/product_tag?post=25171"}],"curies":[{"name":"wp","href":"https:\/\/api.w.org\/{rel}","templated":true}]}}