{"id":25184,"date":"2025-09-22T11:10:26","date_gmt":"2025-09-22T08:10:26","guid":{"rendered":"https:\/\/ecostera.com\/dk\/product\/strandtaeppe\/"},"modified":"2025-09-22T11:11:09","modified_gmt":"2025-09-22T08:11:09","slug":"strandtaeppe","status":"publish","type":"product","link":"https:\/\/ecostera.com\/dk\/product\/strandtaeppe\/","title":{"rendered":"Strandt\u00e6ppe"},"content":{"rendered":"<p style=\"text-align: center\" data-start=\"102\" data-end=\"145\"><strong>Din Perfekte Stranddag Starter Her \ud83c\udfd6\ufe0f\ud83e\uddfa<\/strong><\/p>\n<p style=\"text-align: center\" data-start=\"147\" data-end=\"335\">Dette ultralette, vandt\u00e6tte strandt\u00e6ppe holder sandet v\u00e6k fra din hud og kan foldes sammen til en kompakt pose, som du kan tage med overalt. Perfekt til strandture, picnics, vandreture, camping eller udend\u00f8rs festivaler!<\/p>\n<p data-start=\"147\" data-end=\"335\"><img decoding=\"async\" class=\"size-full wp-image-32766 aligncenter\" src=\"https:\/\/keluvo.com\/template\/wp-content\/uploads\/sites\/5\/2025\/08\/072117-ezgif.com-video-to-webp-converter-2.webp\" alt=\"\" \/><\/p>\n<h2 style=\"text-align: center\" data-start=\"337\" data-end=\"358\">Vigtigste Fordele \u2705<\/h2>\n<p data-start=\"361\" data-end=\"424\">\ud83c\udfd6\ufe0f Sand- og vandt\u00e6t overflade holder dig ren og t\u00f8r<\/p>\n<p data-start=\"427\" data-end=\"487\">\ud83c\udf92 Ultrakompakt og let &#8211; nem at have med i tasken<\/p>\n<p data-start=\"490\" data-end=\"546\">\ud83c\udf08 F\u00e5s i flere farver og store st\u00f8rrelser til grupper<\/p>\n<p data-start=\"549\" data-end=\"604\">\ud83d\udca8 Vindt\u00e6tte l\u00f8kker i hvert hj\u00f8rne til fastg\u00f8relse med pl\u00f8kker<\/p>\n<p data-start=\"607\" data-end=\"642\">\ud83e\uddfc Hurtigt\u00f8rrende og nem at reng\u00f8re<\/p>\n<p data-start=\"607\" data-end=\"642\"><img decoding=\"async\" class=\"size-full wp-image-32770 aligncenter\" src=\"https:\/\/keluvo.com\/template\/wp-content\/uploads\/sites\/5\/2025\/08\/272c8e6b2671807ec01b635b7effb88c85a38c5f-800.avif\" alt=\"\" \/><\/p>\n<h2 style=\"text-align: center\" data-start=\"644\" data-end=\"666\">S\u00e5dan Bruges \u26f1\ufe0f<\/h2>\n<ol data-start=\"667\" data-end=\"879\">\n<li data-start=\"667\" data-end=\"721\">\n<p data-start=\"670\" data-end=\"721\">Unfold M\u00e5tten p\u00e5 en hvilken som helst overflade (sand, gr\u00e6s osv.)<\/p>\n<\/li>\n<li data-start=\"722\" data-end=\"772\">\n<p data-start=\"725\" data-end=\"772\">Brug hj\u00f8rnesl\u00f8jferne til at s\u00e6tte fast med.<\/p>\n<\/li>\n<li data-start=\"773\" data-end=\"815\">\n<p data-start=\"776\" data-end=\"815\">L\u00e6n dig tilbage, slap af eller tag p\u00e5 picnic i komfort.<\/p>\n<\/li>\n<li data-start=\"816\" data-end=\"879\">\n<p data-start=\"819\" data-end=\"879\">Ryst sandet af, fold den sammen, og l\u00e6g den tilbage i posen.<\/p>\n<\/li>\n<\/ol>\n<h2 style=\"text-align: center\" data-start=\"881\" data-end=\"905\">Produktoplysninger \ud83d\udccf<\/h2>\n<ul data-start=\"906\" data-end=\"1097\">\n<li data-start=\"906\" data-end=\"937\">\n<p data-start=\"908\" data-end=\"937\">Materiale: Slidst\u00e6rk polyester<\/p>\n<\/li>\n<li data-start=\"938\" data-end=\"979\">\n<p data-start=\"940\" data-end=\"979\">Vandt\u00e6t og sandafvisende overflade<\/p>\n<\/li>\n<li data-start=\"980\" data-end=\"1037\">\n<p data-start=\"982\" data-end=\"1037\">St\u00f8rrelser: Medium (140 x 200 cm) og Large (200 x 210 cm)<\/p>\n<\/li>\n<li data-start=\"1038\" data-end=\"1097\">\n<p data-start=\"1040\" data-end=\"1097\">Farver: Bl\u00e5, gr\u00f8n, pink, orange, m\u00f8rkegr\u00f8n<\/p>\n<\/li>\n<\/ul>\n<h2 style=\"text-align: center\" data-start=\"1099\" data-end=\"1124\">Pakken Indeholder \ud83d\udcec<\/h2>\n<ul data-start=\"1125\" data-end=\"1171\">\n<li data-start=\"1125\" data-end=\"1152\">\n<p data-start=\"1127\" data-end=\"1152\">1x strandt\u00e6ppe<\/p>\n<\/li>\n<li data-start=\"1153\" data-end=\"1171\">\n<p data-start=\"1155\" data-end=\"1171\">1x b\u00e6repose.<\/p>\n<\/li>\n<\/ul>\n","protected":false},"excerpt":{"rendered":"<p>Din Perfekte Stranddag Starter Her \ud83c\udfd6\ufe0f\ud83e\uddfa Dette ultralette, vandt\u00e6tte strandt\u00e6ppe holder sandet v\u00e6k fra din hud og kan foldes sammen [&hellip;]<\/p>\n","protected":false},"featured_media":25180,"comment_status":"open","ping_status":"closed","template":"","meta":{"site-sidebar-layout":"default","site-content-layout":"","ast-site-content-layout":"default","site-content-style":"default","site-sidebar-style":"default","ast-global-header-display":"","ast-banner-title-visibility":"","ast-main-header-display":"","ast-hfb-above-header-display":"","ast-hfb-below-header-display":"","ast-hfb-mobile-header-display":"","site-post-title":"","ast-breadcrumbs-content":"","ast-featured-img":"","footer-sml-layout":"","theme-transparent-header-meta":"default","adv-header-id-meta":"","stick-header-meta":"","header-above-stick-meta":"","header-main-stick-meta":"","header-below-stick-meta":"","astra-migrate-meta-layouts":"set","ast-page-background-enabled":"default","ast-page-background-meta":{"desktop":{"background-color":"var(--ast-global-color-5)","background-image":"","background-repeat":"repeat","background-position":"center center","background-size":"auto","background-attachment":"scroll","background-type":"","background-media":"","overlay-type":"","overlay-color":"","overlay-opacity":"","overlay-gradient":""},"tablet":{"background-color":"","background-image":"","background-repeat":"repeat","background-position":"center center","background-size":"auto","background-attachment":"scroll","background-type":"","background-media":"","overlay-type":"","overlay-color":"","overlay-opacity":"","overlay-gradient":""},"mobile":{"background-color":"","background-image":"","background-repeat":"repeat","background-position":"center center","background-size":"auto","background-attachment":"scroll","background-type":"","background-media":"","overlay-type":"","overlay-color":"","overlay-opacity":"","overlay-gradient":""}},"ast-content-background-meta":{"desktop":{"background-color":"var(--ast-global-color-4)","background-image":"","background-repeat":"repeat","background-position":"center center","background-size":"auto","background-attachment":"scroll","background-type":"","background-media":"","overlay-type":"","overlay-color":"","overlay-opacity":"","overlay-gradient":""},"tablet":{"background-color":"var(--ast-global-color-4)","background-image":"","background-repeat":"repeat","background-position":"center center","background-size":"auto","background-attachment":"scroll","background-type":"","background-media":"","overlay-type":"","overlay-color":"","overlay-opacity":"","overlay-gradient":""},"mobile":{"background-color":"var(--ast-global-color-4)","background-image":"","background-repeat":"repeat","background-position":"center center","background-size":"auto","background-attachment":"scroll","background-type":"","background-media":"","overlay-type":"","overlay-color":"","overlay-opacity":"","overlay-gradient":""}}},"product_brand":[],"product_cat":[19],"product_tag":[],"class_list":{"0":"post-25184","1":"product","2":"type-product","3":"status-publish","4":"has-post-thumbnail","6":"product_cat-uncategorized","7":"pa_37882_dzay64d3-blaa","8":"pa_37882_dzay64d3-groen","9":"pa_37882_dzay64d3-lyseroed","10":"pa_37882_dzay64d3-moerkegroen","11":"pa_37882_dzay64d3-orange","12":"pa_37882_e70zkmzt-medium","13":"pa_37882_e70zkmzt-stor","14":"desktop-align-left","15":"tablet-align-left","16":"mobile-align-left","18":"first","19":"instock","20":"shipping-taxable","21":"purchasable","22":"product-type-variable","23":"has-default-attributes"},"_links":{"self":[{"href":"https:\/\/ecostera.com\/dk\/wp-json\/wp\/v2\/product\/25184","targetHints":{"allow":["GET"]}}],"collection":[{"href":"https:\/\/ecostera.com\/dk\/wp-json\/wp\/v2\/product"}],"about":[{"href":"https:\/\/ecostera.com\/dk\/wp-json\/wp\/v2\/types\/product"}],"replies":[{"embeddable":true,"href":"https:\/\/ecostera.com\/dk\/wp-json\/wp\/v2\/comments?post=25184"}],"wp:featuredmedia":[{"embeddable":true,"href":"https:\/\/ecostera.com\/dk\/wp-json\/wp\/v2\/media\/25180"}],"wp:attachment":[{"href":"https:\/\/ecostera.com\/dk\/wp-json\/wp\/v2\/media?parent=25184"}],"wp:term":[{"taxonomy":"product_brand","embeddable":true,"href":"https:\/\/ecostera.com\/dk\/wp-json\/wp\/v2\/product_brand?post=25184"},{"taxonomy":"product_cat","embeddable":true,"href":"https:\/\/ecostera.com\/dk\/wp-json\/wp\/v2\/product_cat?post=25184"},{"taxonomy":"product_tag","embeddable":true,"href":"https:\/\/ecostera.com\/dk\/wp-json\/wp\/v2\/product_tag?post=25184"}],"curies":[{"name":"wp","href":"https:\/\/api.w.org\/{rel}","templated":true}]}}