{"id":25213,"date":"2025-09-22T11:11:55","date_gmt":"2025-09-22T08:11:55","guid":{"rendered":"https:\/\/ecostera.com\/dk\/product\/formning-af-stier\/"},"modified":"2025-09-30T11:13:04","modified_gmt":"2025-09-30T08:13:04","slug":"formning-af-stier","status":"publish","type":"product","link":"https:\/\/ecostera.com\/dk\/product\/formning-af-stier\/","title":{"rendered":"Formning af stier"},"content":{"rendered":"<p style=\"text-align: center\" data-start=\"91\" data-end=\"137\"><strong>Byg Fantastiske Havestier P\u00e5 F\u00e5 Minutter \ud83c\udfe1\ud83e\uddf1<\/strong><\/p>\n<p style=\"text-align: center\" data-start=\"139\" data-end=\"305\">Med denne stiformer kan du nemt skabe professionelt udseende stenstier lige i din egen baghave. Bare h\u00e6ld, glat og l\u00f8ft &#8211; ingen s\u00e6rlige f\u00e6rdigheder er n\u00f8dvendige!<\/p>\n<p data-start=\"139\" data-end=\"305\"><img decoding=\"async\" class=\"size-full wp-image-32805 aligncenter\" src=\"https:\/\/keluvo.com\/template\/wp-content\/uploads\/sites\/5\/2025\/08\/mc-unnamed_c4b53d27-1c49-4006-a29e-b26163df755d_480x480.webp\" alt=\"\" \/><\/p>\n<h2 style=\"text-align: center\" data-start=\"307\" data-end=\"328\"><strong>Hovedfordele \u2705<\/strong><\/h2>\n<p data-start=\"331\" data-end=\"393\">\ud83e\udde9 Skab smukke gangstier med et ensartet, rent design<\/p>\n<p data-start=\"396\" data-end=\"458\">\ud83e\udea8 Brug med cement, grus eller sand til at forme stier med lethed<\/p>\n<p data-start=\"461\" data-end=\"519\">\ud83d\udcaa Lavet af holdbar, genanvendelig plast til langvarig brug<\/p>\n<p data-start=\"522\" data-end=\"558\">\u270b Enkel at bruge &#8211; selv for begyndere<\/p>\n<p data-start=\"561\" data-end=\"611\">\ud83e\uddfc Hj\u00e6lper med at forhindre tilv\u00e6kst og holder stierne p\u00e6ne<\/p>\n<p data-start=\"561\" data-end=\"611\"><img decoding=\"async\" class=\"size-full wp-image-32804 aligncenter\" src=\"https:\/\/keluvo.com\/template\/wp-content\/uploads\/sites\/5\/2025\/08\/mc-unnamed_1_623946f5-e1d3-4d20-a6a8-9983349c73e7_480x480.webp\" alt=\"\" \/><\/p>\n<h2 style=\"text-align: center\" data-start=\"613\" data-end=\"636\"><strong>S\u00e5dan Bruges \ud83d\udee0\ufe0f<\/strong><\/h2>\n<ol data-start=\"637\" data-end=\"802\">\n<li data-start=\"637\" data-end=\"674\">\n<p data-start=\"640\" data-end=\"674\">Mix din cement eller dit sti-materiale.<\/p>\n<\/li>\n<li data-start=\"675\" data-end=\"708\">\n<p data-start=\"678\" data-end=\"708\">Placer formen p\u00e5 jorden.<\/p>\n<\/li>\n<li data-start=\"709\" data-end=\"753\">\n<p data-start=\"712\" data-end=\"753\">Fyld hvert hulrum og glat overfladen.<\/p>\n<\/li>\n<li data-start=\"754\" data-end=\"802\">\n<p data-start=\"757\" data-end=\"802\">L\u00f8ft formen og gentag for at forl\u00e6nge stien.<\/p>\n<\/li>\n<\/ol>\n<h2 style=\"text-align: center\" data-start=\"804\" data-end=\"828\"><strong>Produktoplysninger \ud83d\udccf<\/strong><\/h2>\n<ul data-start=\"829\" data-end=\"992\">\n<li data-start=\"829\" data-end=\"861\">\n<p data-start=\"831\" data-end=\"861\">Materiale: Kraftig plast<\/p>\n<\/li>\n<li data-start=\"862\" data-end=\"901\">\n<p data-start=\"864\" data-end=\"901\">Form: Geometrisk stenm\u00f8nster<\/p>\n<\/li>\n<li data-start=\"902\" data-end=\"943\">\n<p data-start=\"904\" data-end=\"943\">Anvendelig: Ja, bygget til gentagen brug<\/p>\n<\/li>\n<li data-start=\"944\" data-end=\"992\">\n<p data-start=\"946\" data-end=\"992\">Velegnet til: Cement, beton, sand, grus<\/p>\n<\/li>\n<\/ul>\n<h2 style=\"text-align: center\" data-start=\"994\" data-end=\"1019\"><strong>Pakken Indeholder \ud83d\udcec<\/strong><\/h2>\n<ul data-start=\"1020\" data-end=\"1056\">\n<li data-start=\"1020\" data-end=\"1056\">\n<p data-start=\"1022\" data-end=\"1056\">1x stiform.<\/p>\n<\/li>\n<\/ul>\n","protected":false},"excerpt":{"rendered":"<p>Byg Fantastiske Havestier P\u00e5 F\u00e5 Minutter \ud83c\udfe1\ud83e\uddf1 Med denne stiformer kan du nemt skabe professionelt udseende stenstier lige i din [&hellip;]<\/p>\n","protected":false},"featured_media":25209,"comment_status":"open","ping_status":"closed","template":"","meta":{"site-sidebar-layout":"default","site-content-layout":"","ast-site-content-layout":"default","site-content-style":"default","site-sidebar-style":"default","ast-global-header-display":"","ast-banner-title-visibility":"","ast-main-header-display":"","ast-hfb-above-header-display":"","ast-hfb-below-header-display":"","ast-hfb-mobile-header-display":"","site-post-title":"","ast-breadcrumbs-content":"","ast-featured-img":"","footer-sml-layout":"","theme-transparent-header-meta":"default","adv-header-id-meta":"","stick-header-meta":"","header-above-stick-meta":"","header-main-stick-meta":"","header-below-stick-meta":"","astra-migrate-meta-layouts":"set","ast-page-background-enabled":"default","ast-page-background-meta":{"desktop":{"background-color":"var(--ast-global-color-5)","background-image":"","background-repeat":"repeat","background-position":"center center","background-size":"auto","background-attachment":"scroll","background-type":"","background-media":"","overlay-type":"","overlay-color":"","overlay-opacity":"","overlay-gradient":""},"tablet":{"background-color":"","background-image":"","background-repeat":"repeat","background-position":"center center","background-size":"auto","background-attachment":"scroll","background-type":"","background-media":"","overlay-type":"","overlay-color":"","overlay-opacity":"","overlay-gradient":""},"mobile":{"background-color":"","background-image":"","background-repeat":"repeat","background-position":"center center","background-size":"auto","background-attachment":"scroll","background-type":"","background-media":"","overlay-type":"","overlay-color":"","overlay-opacity":"","overlay-gradient":""}},"ast-content-background-meta":{"desktop":{"background-color":"var(--ast-global-color-4)","background-image":"","background-repeat":"repeat","background-position":"center center","background-size":"auto","background-attachment":"scroll","background-type":"","background-media":"","overlay-type":"","overlay-color":"","overlay-opacity":"","overlay-gradient":""},"tablet":{"background-color":"var(--ast-global-color-4)","background-image":"","background-repeat":"repeat","background-position":"center center","background-size":"auto","background-attachment":"scroll","background-type":"","background-media":"","overlay-type":"","overlay-color":"","overlay-opacity":"","overlay-gradient":""},"mobile":{"background-color":"var(--ast-global-color-4)","background-image":"","background-repeat":"repeat","background-position":"center center","background-size":"auto","background-attachment":"scroll","background-type":"","background-media":"","overlay-type":"","overlay-color":"","overlay-opacity":"","overlay-gradient":""}}},"product_brand":[],"product_cat":[19],"product_tag":[],"class_list":{"0":"post-25213","1":"product","2":"type-product","3":"status-publish","4":"has-post-thumbnail","6":"product_cat-uncategorized","7":"desktop-align-left","8":"tablet-align-left","9":"mobile-align-left","11":"first","12":"instock","13":"shipping-taxable","14":"purchasable","15":"product-type-simple"},"_links":{"self":[{"href":"https:\/\/ecostera.com\/dk\/wp-json\/wp\/v2\/product\/25213","targetHints":{"allow":["GET"]}}],"collection":[{"href":"https:\/\/ecostera.com\/dk\/wp-json\/wp\/v2\/product"}],"about":[{"href":"https:\/\/ecostera.com\/dk\/wp-json\/wp\/v2\/types\/product"}],"replies":[{"embeddable":true,"href":"https:\/\/ecostera.com\/dk\/wp-json\/wp\/v2\/comments?post=25213"}],"wp:featuredmedia":[{"embeddable":true,"href":"https:\/\/ecostera.com\/dk\/wp-json\/wp\/v2\/media\/25209"}],"wp:attachment":[{"href":"https:\/\/ecostera.com\/dk\/wp-json\/wp\/v2\/media?parent=25213"}],"wp:term":[{"taxonomy":"product_brand","embeddable":true,"href":"https:\/\/ecostera.com\/dk\/wp-json\/wp\/v2\/product_brand?post=25213"},{"taxonomy":"product_cat","embeddable":true,"href":"https:\/\/ecostera.com\/dk\/wp-json\/wp\/v2\/product_cat?post=25213"},{"taxonomy":"product_tag","embeddable":true,"href":"https:\/\/ecostera.com\/dk\/wp-json\/wp\/v2\/product_tag?post=25213"}],"curies":[{"name":"wp","href":"https:\/\/api.w.org\/{rel}","templated":true}]}}