{"id":25222,"date":"2025-09-22T11:12:46","date_gmt":"2025-09-22T08:12:46","guid":{"rendered":"https:\/\/ecostera.com\/dk\/product\/haarfjerner-2\/"},"modified":"2025-09-22T11:12:46","modified_gmt":"2025-09-22T08:12:46","slug":"haarfjerner-2","status":"publish","type":"product","link":"https:\/\/ecostera.com\/dk\/product\/haarfjerner-2\/","title":{"rendered":"H\u00e5rfjerner"},"content":{"rendered":"<p style=\"text-align: center\" data-start=\"109\" data-end=\"147\"><strong>Glat, Fejlfri Hud Gjort Let \ud83c\udf38\u2728<\/strong><\/p>\n<p style=\"text-align: center\" data-start=\"149\" data-end=\"428\">Denne h\u00e5rfjerner er designet til at fjerne u\u00f8nsket h\u00e5r hurtigt, sk\u00e5nsomt og effektivt &#8211; og giver dig silkebl\u00f8d hud uden irritation. Den er kompakt, nem at h\u00e5ndtere og sikker til daglig brug og er det perfekte v\u00e6rkt\u00f8j til at holde din krop glat og h\u00e5rfri fra top til t\u00e5.<\/p>\n<p data-start=\"149\" data-end=\"428\"><img decoding=\"async\" class=\"size-full wp-image-32816 aligncenter\" src=\"https:\/\/keluvo.com\/template\/wp-content\/uploads\/sites\/5\/2025\/08\/072118-ezgif.com-video-to-webp-converter-1.webp\" alt=\"\" \/><\/p>\n<h2 style=\"text-align: center\" data-start=\"430\" data-end=\"451\">Vigtigste Fordele \u2705<\/h2>\n<p data-start=\"454\" data-end=\"509\">\ud83c\udf3f Sk\u00e5nsom mod huden &#8211; ingen snits\u00e5r, r\u00f8dme eller irritation<\/p>\n<p data-start=\"512\" data-end=\"552\">\u26a1 Fjerner h\u00e5r hurtigt og effektivt<\/p>\n<p data-start=\"555\" data-end=\"638\">\ud83d\udc59 Fungerer p\u00e5 flere omr\u00e5der: arme, ben, armhuler, bikinilinje og endda ryggen<\/p>\n<p data-start=\"641\" data-end=\"701\">\ud83d\udcbc Let og b\u00e6rbar &#8211; perfekt til hjemmebrug eller rejser<\/p>\n<p data-start=\"704\" data-end=\"766\">\ud83d\udd0b Langtidsholdbart batteri til flere anvendelser p\u00e5 en enkelt opladning<\/p>\n<p data-start=\"769\" data-end=\"838\">\ud83c\udfaf Ergonomisk design giver et behageligt greb og pr\u00e6cis h\u00e5rfjerning<\/p>\n<p data-start=\"769\" data-end=\"838\"><img decoding=\"async\" class=\"size-full wp-image-32811 aligncenter\" src=\"https:\/\/keluvo.com\/template\/wp-content\/uploads\/sites\/5\/2025\/08\/Sd72c30a3262a4e7e9cff325321734946U.jpg_960x960q75.jpg_.jpg\" alt=\"\" \/><\/p>\n<h2 style=\"text-align: center\" data-start=\"840\" data-end=\"862\">S\u00e5dan Bruges Den \ud83e\uddf4<\/h2>\n<ol data-start=\"863\" data-end=\"1194\">\n<li data-start=\"863\" data-end=\"917\">\n<p data-start=\"866\" data-end=\"917\">S\u00f8rg for, at din hud er ren og t\u00f8r, f\u00f8r du starter.<\/p>\n<\/li>\n<li data-start=\"918\" data-end=\"995\">\n<p data-start=\"921\" data-end=\"995\">T\u00e6nd for h\u00e5rfjerneren, og bev\u00e6g den forsigtigt hen over omr\u00e5det med u\u00f8nsket h\u00e5r.<\/p>\n<\/li>\n<li data-start=\"996\" data-end=\"1046\">\n<p data-start=\"999\" data-end=\"1046\">Brug langsomme, rolige bev\u00e6gelser for at opn\u00e5 de bedste resultater.<\/p>\n<\/li>\n<li data-start=\"1047\" data-end=\"1133\">\n<p data-start=\"1050\" data-end=\"1133\">N\u00e5r du er f\u00e6rdig, skal du reng\u00f8re enhedens hoved med den medf\u00f8lgende b\u00f8rste for hygiejnisk genbrug.<\/p>\n<\/li>\n<li data-start=\"1134\" data-end=\"1194\">\n<p data-start=\"1137\" data-end=\"1194\">Fugt din hud for ekstra glathed og hydrering.<\/p>\n<\/li>\n<\/ol>\n<h2 style=\"text-align: center\" data-start=\"1196\" data-end=\"1220\">Produktdetaljer \ud83d\udccf<\/h2>\n<ul data-start=\"1221\" data-end=\"1465\">\n<li data-start=\"1258\" data-end=\"1302\">\n<p data-start=\"1260\" data-end=\"1302\">Power: Langvarigt genopladeligt batteri<\/p>\n<\/li>\n<li data-start=\"1303\" data-end=\"1365\">\n<p data-start=\"1305\" data-end=\"1365\">Velegnet til: Arme, ben, underarme, bikinilinje og ryg<\/p>\n<\/li>\n<li data-start=\"1366\" data-end=\"1419\">\n<p data-start=\"1368\" data-end=\"1419\">Design: Kompakt, let og rejsevenlig<\/p>\n<\/li>\n<li data-start=\"1420\" data-end=\"1465\">\n<p data-start=\"1422\" data-end=\"1465\">Farve: Elegant hvid og rosaguld<\/p>\n<\/li>\n<\/ul>\n<h2 style=\"text-align: center\" data-start=\"1829\" data-end=\"1854\">Pakken Indeholder \ud83d\udcec<\/h2>\n<ul data-start=\"1855\" data-end=\"1969\">\n<li data-start=\"1855\" data-end=\"1902\">\n<p data-start=\"1857\" data-end=\"1902\">1x h\u00e5rfjerner<\/p>\n<\/li>\n<li data-start=\"1903\" data-end=\"1924\">\n<p data-start=\"1905\" data-end=\"1924\">1x reng\u00f8ringsb\u00f8rste<\/p>\n<\/li>\n<li data-start=\"1903\" data-end=\"1924\">\n<p data-start=\"1905\" data-end=\"1924\">1x tilbeh\u00f8r til sikker barbering<\/p>\n<\/li>\n<li data-start=\"1903\" data-end=\"1924\">\n<p data-start=\"1905\" data-end=\"1924\">2x trimmekam (3 mm, 5 mm)<\/p>\n<\/li>\n<li data-start=\"1925\" data-end=\"1950\">\n<p data-start=\"1927\" data-end=\"1950\">1x USB-opladerkabel<\/p>\n<\/li>\n<li data-start=\"1951\" data-end=\"1969\">\n<p data-start=\"1953\" data-end=\"1969\">1x brugervejledning.<\/p>\n<\/li>\n<\/ul>\n","protected":false},"excerpt":{"rendered":"<p>Glat, Fejlfri Hud Gjort Let \ud83c\udf38\u2728 Denne h\u00e5rfjerner er designet til at fjerne u\u00f8nsket h\u00e5r hurtigt, sk\u00e5nsomt og effektivt &#8211; [&hellip;]<\/p>\n","protected":false},"featured_media":25218,"comment_status":"open","ping_status":"closed","template":"","meta":{"site-sidebar-layout":"default","site-content-layout":"","ast-site-content-layout":"default","site-content-style":"default","site-sidebar-style":"default","ast-global-header-display":"","ast-banner-title-visibility":"","ast-main-header-display":"","ast-hfb-above-header-display":"","ast-hfb-below-header-display":"","ast-hfb-mobile-header-display":"","site-post-title":"","ast-breadcrumbs-content":"","ast-featured-img":"","footer-sml-layout":"","theme-transparent-header-meta":"default","adv-header-id-meta":"","stick-header-meta":"","header-above-stick-meta":"","header-main-stick-meta":"","header-below-stick-meta":"","astra-migrate-meta-layouts":"set","ast-page-background-enabled":"default","ast-page-background-meta":{"desktop":{"background-color":"var(--ast-global-color-5)","background-image":"","background-repeat":"repeat","background-position":"center center","background-size":"auto","background-attachment":"scroll","background-type":"","background-media":"","overlay-type":"","overlay-color":"","overlay-opacity":"","overlay-gradient":""},"tablet":{"background-color":"","background-image":"","background-repeat":"repeat","background-position":"center center","background-size":"auto","background-attachment":"scroll","background-type":"","background-media":"","overlay-type":"","overlay-color":"","overlay-opacity":"","overlay-gradient":""},"mobile":{"background-color":"","background-image":"","background-repeat":"repeat","background-position":"center center","background-size":"auto","background-attachment":"scroll","background-type":"","background-media":"","overlay-type":"","overlay-color":"","overlay-opacity":"","overlay-gradient":""}},"ast-content-background-meta":{"desktop":{"background-color":"var(--ast-global-color-4)","background-image":"","background-repeat":"repeat","background-position":"center center","background-size":"auto","background-attachment":"scroll","background-type":"","background-media":"","overlay-type":"","overlay-color":"","overlay-opacity":"","overlay-gradient":""},"tablet":{"background-color":"var(--ast-global-color-4)","background-image":"","background-repeat":"repeat","background-position":"center center","background-size":"auto","background-attachment":"scroll","background-type":"","background-media":"","overlay-type":"","overlay-color":"","overlay-opacity":"","overlay-gradient":""},"mobile":{"background-color":"var(--ast-global-color-4)","background-image":"","background-repeat":"repeat","background-position":"center center","background-size":"auto","background-attachment":"scroll","background-type":"","background-media":"","overlay-type":"","overlay-color":"","overlay-opacity":"","overlay-gradient":""}}},"product_brand":[],"product_cat":[19],"product_tag":[],"class_list":{"0":"post-25222","1":"product","2":"type-product","3":"status-publish","4":"has-post-thumbnail","6":"product_cat-uncategorized","7":"desktop-align-left","8":"tablet-align-left","9":"mobile-align-left","11":"first","12":"instock","13":"shipping-taxable","14":"purchasable","15":"product-type-simple"},"_links":{"self":[{"href":"https:\/\/ecostera.com\/dk\/wp-json\/wp\/v2\/product\/25222","targetHints":{"allow":["GET"]}}],"collection":[{"href":"https:\/\/ecostera.com\/dk\/wp-json\/wp\/v2\/product"}],"about":[{"href":"https:\/\/ecostera.com\/dk\/wp-json\/wp\/v2\/types\/product"}],"replies":[{"embeddable":true,"href":"https:\/\/ecostera.com\/dk\/wp-json\/wp\/v2\/comments?post=25222"}],"wp:featuredmedia":[{"embeddable":true,"href":"https:\/\/ecostera.com\/dk\/wp-json\/wp\/v2\/media\/25218"}],"wp:attachment":[{"href":"https:\/\/ecostera.com\/dk\/wp-json\/wp\/v2\/media?parent=25222"}],"wp:term":[{"taxonomy":"product_brand","embeddable":true,"href":"https:\/\/ecostera.com\/dk\/wp-json\/wp\/v2\/product_brand?post=25222"},{"taxonomy":"product_cat","embeddable":true,"href":"https:\/\/ecostera.com\/dk\/wp-json\/wp\/v2\/product_cat?post=25222"},{"taxonomy":"product_tag","embeddable":true,"href":"https:\/\/ecostera.com\/dk\/wp-json\/wp\/v2\/product_tag?post=25222"}],"curies":[{"name":"wp","href":"https:\/\/api.w.org\/{rel}","templated":true}]}}