{"id":25232,"date":"2025-09-22T11:14:00","date_gmt":"2025-09-22T08:14:00","guid":{"rendered":"https:\/\/ecostera.com\/dk\/product\/dobbeltklaebende-tape\/"},"modified":"2025-09-22T11:14:19","modified_gmt":"2025-09-22T08:14:19","slug":"dobbeltklaebende-tape","status":"publish","type":"product","link":"https:\/\/ecostera.com\/dk\/product\/dobbeltklaebende-tape\/","title":{"rendered":"Dobbeltkl\u00e6bende tape"},"content":{"rendered":"<p style=\"text-align: center\" data-start=\"92\" data-end=\"147\"><strong data-start=\"92\" data-end=\"147\">S\u00e6t Alt Fast, Hvor Som Helst &#8211; Hurtigt, Rent Og Genanvendeligt! \ud83d\udd04<\/strong><\/p>\n<p style=\"text-align: center\" data-start=\"149\" data-end=\"389\">Denne kraftige dobbeltsidede tape er den perfekte l\u00f8sning til at montere og organisere hvad som helst derhjemme, p\u00e5 kontoret eller i indretningen. Den kl\u00e6ber \u00f8jeblikkeligt p\u00e5 glatte overflader, efterlader ingen rester og er fuldt genanvendelig &#8211; bare vask og p\u00e5f\u00f8r igen!<\/p>\n<p data-start=\"149\" data-end=\"389\"><img decoding=\"async\" class=\"size-full wp-image-32824 aligncenter\" src=\"https:\/\/keluvo.com\/template\/wp-content\/uploads\/sites\/5\/2025\/08\/072119-ezgif.com-video-to-webp-converter-1.webp\" alt=\"\" \/><\/p>\n<h2 style=\"text-align: center\" data-start=\"396\" data-end=\"416\">\u2b50 Hovedfordele<\/h2>\n<p data-start=\"419\" data-end=\"481\">\ud83e\uddf2 St\u00e6rkt hold &#8211; Holder ting p\u00e5 plads med sikker adhesion<\/p>\n<p data-start=\"484\" data-end=\"538\">\u2702\ufe0f Brugerdefineret st\u00f8rrelse &#8211; Sk\u00e6res nemt til den l\u00e6ngde, du har brug for<\/p>\n<p data-start=\"541\" data-end=\"613\">\ud83e\uddfc Resterfri &#8211; Fjernes rent uden at beskadige v\u00e6gge eller overflader<\/p>\n<p data-start=\"616\" data-end=\"665\">\ud83d\udd04 Genanvendelig &#8211; Bare vask, t\u00f8r og brug igen<\/p>\n<p data-start=\"668\" data-end=\"732\">\ud83e\ude84 Multi-brug &#8211; Ideel til montering, dekoration eller organisering<\/p>\n<p data-start=\"668\" data-end=\"732\"><img decoding=\"async\" class=\"size-full wp-image-32821 aligncenter\" src=\"https:\/\/keluvo.com\/template\/wp-content\/uploads\/sites\/5\/2025\/08\/S09e3033189854ecf8886a894825d8a98G.jpeg_960x960q75.jpeg_.avif\" alt=\"\" \/><\/p>\n<h2 style=\"text-align: center\" data-start=\"739\" data-end=\"757\">\ud83d\udccc S\u00e5dan Bruges<\/h2>\n<ol data-start=\"758\" data-end=\"966\">\n<li data-start=\"758\" data-end=\"793\">\n<p data-start=\"761\" data-end=\"793\">Tr\u00e6k tapen af rullen.<\/p>\n<\/li>\n<li data-start=\"794\" data-end=\"831\">\n<p data-start=\"797\" data-end=\"831\">Klip eller riv til den \u00f8nskede l\u00e6ngde.<\/p>\n<\/li>\n<li data-start=\"832\" data-end=\"905\">\n<p data-start=\"835\" data-end=\"905\">kl\u00e6b den ene side p\u00e5 dit objekt, og tryk derefter fast p\u00e5 en ren overflade.<\/p>\n<\/li>\n<li data-start=\"906\" data-end=\"966\">\n<p data-start=\"909\" data-end=\"966\">for at genbruge, tr\u00e6k forsigtigt af, vask med vand, t\u00f8r og p\u00e5f\u00f8r igen.<\/p>\n<\/li>\n<\/ol>\n<h2 style=\"text-align: center\" data-start=\"973\" data-end=\"996\">\ud83d\udcd0 Produktdetaljer<\/h2>\n<ul data-start=\"997\" data-end=\"1173\">\n<li data-start=\"997\" data-end=\"1033\">\n<p data-start=\"999\" data-end=\"1033\">Materiale: Akryl af h\u00f8j kvalitet<\/p>\n<\/li>\n<li data-start=\"1034\" data-end=\"1058\">\n<p data-start=\"1036\" data-end=\"1058\">Farve: Transparent<\/p>\n<\/li>\n<li data-start=\"1059\" data-end=\"1084\">\n<p data-start=\"1061\" data-end=\"1084\">V\u00e6gt: Ca. 30g<\/p>\n<\/li>\n<li data-start=\"1085\" data-end=\"1129\">\n<p data-start=\"1087\" data-end=\"1129\">Tape-st\u00f8rrelse: 18mm x 50mm<\/p>\n<\/li>\n<li data-start=\"1130\" data-end=\"1173\">\n<p data-start=\"1132\" data-end=\"1173\">Boks-st\u00f8rrelse: 65mm x 65mm<\/p>\n<\/li>\n<li data-start=\"1130\" data-end=\"1173\">1 boks: 60 stk<\/li>\n<\/ul>\n<h2 style=\"text-align: center\" data-start=\"1180\" data-end=\"1204\">\ud83d\udce6 Pakken Indeholder<\/h2>\n<ul data-start=\"1205\" data-end=\"1272\">\n<li data-start=\"1205\" data-end=\"1272\">\n<p data-start=\"1207\" data-end=\"1272\">1, 2, 3x \u00e6sker med dobbeltsidet tape (60, 120, 180 stk).<\/p>\n<\/li>\n<\/ul>\n","protected":false},"excerpt":{"rendered":"<p>S\u00e6t Alt Fast, Hvor Som Helst &#8211; Hurtigt, Rent Og Genanvendeligt! \ud83d\udd04 Denne kraftige dobbeltsidede tape er den perfekte l\u00f8sning [&hellip;]<\/p>\n","protected":false},"featured_media":25228,"comment_status":"open","ping_status":"closed","template":"","meta":{"site-sidebar-layout":"default","site-content-layout":"","ast-site-content-layout":"default","site-content-style":"default","site-sidebar-style":"default","ast-global-header-display":"","ast-banner-title-visibility":"","ast-main-header-display":"","ast-hfb-above-header-display":"","ast-hfb-below-header-display":"","ast-hfb-mobile-header-display":"","site-post-title":"","ast-breadcrumbs-content":"","ast-featured-img":"","footer-sml-layout":"","theme-transparent-header-meta":"default","adv-header-id-meta":"","stick-header-meta":"","header-above-stick-meta":"","header-main-stick-meta":"","header-below-stick-meta":"","astra-migrate-meta-layouts":"set","ast-page-background-enabled":"default","ast-page-background-meta":{"desktop":{"background-color":"var(--ast-global-color-5)","background-image":"","background-repeat":"repeat","background-position":"center center","background-size":"auto","background-attachment":"scroll","background-type":"","background-media":"","overlay-type":"","overlay-color":"","overlay-opacity":"","overlay-gradient":""},"tablet":{"background-color":"","background-image":"","background-repeat":"repeat","background-position":"center center","background-size":"auto","background-attachment":"scroll","background-type":"","background-media":"","overlay-type":"","overlay-color":"","overlay-opacity":"","overlay-gradient":""},"mobile":{"background-color":"","background-image":"","background-repeat":"repeat","background-position":"center center","background-size":"auto","background-attachment":"scroll","background-type":"","background-media":"","overlay-type":"","overlay-color":"","overlay-opacity":"","overlay-gradient":""}},"ast-content-background-meta":{"desktop":{"background-color":"var(--ast-global-color-4)","background-image":"","background-repeat":"repeat","background-position":"center center","background-size":"auto","background-attachment":"scroll","background-type":"","background-media":"","overlay-type":"","overlay-color":"","overlay-opacity":"","overlay-gradient":""},"tablet":{"background-color":"var(--ast-global-color-4)","background-image":"","background-repeat":"repeat","background-position":"center center","background-size":"auto","background-attachment":"scroll","background-type":"","background-media":"","overlay-type":"","overlay-color":"","overlay-opacity":"","overlay-gradient":""},"mobile":{"background-color":"var(--ast-global-color-4)","background-image":"","background-repeat":"repeat","background-position":"center center","background-size":"auto","background-attachment":"scroll","background-type":"","background-media":"","overlay-type":"","overlay-color":"","overlay-opacity":"","overlay-gradient":""}}},"product_brand":[],"product_cat":[19],"product_tag":[],"class_list":{"0":"post-25232","1":"product","2":"type-product","3":"status-publish","4":"has-post-thumbnail","6":"product_cat-uncategorized","7":"pa_42855_r57icyny-1-kasse","8":"pa_42855_r57icyny-2-kasser","9":"pa_42855_r57icyny-3-kasser","10":"desktop-align-left","11":"tablet-align-left","12":"mobile-align-left","14":"first","15":"instock","16":"shipping-taxable","17":"purchasable","18":"product-type-variable"},"_links":{"self":[{"href":"https:\/\/ecostera.com\/dk\/wp-json\/wp\/v2\/product\/25232","targetHints":{"allow":["GET"]}}],"collection":[{"href":"https:\/\/ecostera.com\/dk\/wp-json\/wp\/v2\/product"}],"about":[{"href":"https:\/\/ecostera.com\/dk\/wp-json\/wp\/v2\/types\/product"}],"replies":[{"embeddable":true,"href":"https:\/\/ecostera.com\/dk\/wp-json\/wp\/v2\/comments?post=25232"}],"wp:featuredmedia":[{"embeddable":true,"href":"https:\/\/ecostera.com\/dk\/wp-json\/wp\/v2\/media\/25228"}],"wp:attachment":[{"href":"https:\/\/ecostera.com\/dk\/wp-json\/wp\/v2\/media?parent=25232"}],"wp:term":[{"taxonomy":"product_brand","embeddable":true,"href":"https:\/\/ecostera.com\/dk\/wp-json\/wp\/v2\/product_brand?post=25232"},{"taxonomy":"product_cat","embeddable":true,"href":"https:\/\/ecostera.com\/dk\/wp-json\/wp\/v2\/product_cat?post=25232"},{"taxonomy":"product_tag","embeddable":true,"href":"https:\/\/ecostera.com\/dk\/wp-json\/wp\/v2\/product_tag?post=25232"}],"curies":[{"name":"wp","href":"https:\/\/api.w.org\/{rel}","templated":true}]}}