{"id":2587,"date":"2025-07-15T13:18:49","date_gmt":"2025-07-15T13:18:49","guid":{"rendered":"https:\/\/ecostera.com\/dk\/product\/gloedende-sten-2-stk\/"},"modified":"2025-07-16T08:53:12","modified_gmt":"2025-07-16T08:53:12","slug":"gloedende-sten-2-stk","status":"publish","type":"product","link":"https:\/\/ecostera.com\/dk\/product\/gloedende-sten-2-stk\/","title":{"rendered":"Gl\u00f8dende sten (2 stk)"},"content":{"rendered":"<p style=\"text-align: center\"><b>\ud83c\udf1f En gl\u00f8dende sten, der lyser op i ethvert rum. \ud83c\udfe1<\/b><\/p>\n<p style=\"text-align: center\"><span style=\"font-weight: 400\">Denne smukke brostenslampe giver farve og charme til dit hjem. Den oplades i solen og lyser om natten med bl\u00f8de, farverige lys.<\/span><\/p>\n<p><img decoding=\"async\" class=\"size-full wp-image-15382 aligncenter\" src=\"https:\/\/keluvo.com\/template\/wp-content\/uploads\/sites\/5\/2025\/04\/glowingstones-ezgif.com-video-to-webp-converter.webp\" alt=\"\" \/><\/p>\n<h2 style=\"text-align: center\">Lys din have, dit rum eller din begivenhed op!<\/h2>\n<p><span style=\"font-weight: 400\">\u2714 Skifter til 16 smukke farver<\/span><\/p>\n<p><span style=\"font-weight: 400\"> \u2714 Sol- og usb-opladningsmuligheder<\/span><\/p>\n<p><span style=\"font-weight: 400\"> \u2714 T\u00e6nder om natten og slukker om morgenen<\/span><\/p>\n<p><span style=\"font-weight: 400\"> \u2714 Vejrbestandig og sikker til udend\u00f8rs eller indend\u00f8rs brug<\/span><\/p>\n<p><span style=\"font-weight: 400\"> \u2714 Holder 8-10 timer efter opladning<\/span><\/p>\n<p><img decoding=\"async\" class=\"size-full wp-image-15383 aligncenter\" src=\"https:\/\/keluvo.com\/template\/wp-content\/uploads\/sites\/5\/2025\/04\/S3e24c6ffd5334a7caa6cd7dec8cd2608x.jpg_960x960q75.jpg_.png\" alt=\"\" \/><\/p>\n<h2 style=\"text-align: center\">Vandt\u00e6t Og Holdbar.<\/h2>\n<p style=\"text-align: center\"><span style=\"font-weight: 400\">Denne havelampe ligner en gl\u00f8dende sten og tilf\u00f8jer magi til ethvert rum. Brug den i din have, til fester eller i dit hjem. Den er vandt\u00e6t, holdbar og nem at bruge. Oplad den bare i solen eller med usb-kablet. Den er perfekt til f\u00f8dselsdage, bryllupper, ferier eller afslappende n\u00e6tter udenfor.<\/span><\/p>\n<h2 style=\"text-align: center\">S\u00e5dan Bruger Du Den Lysende Sten:<\/h2>\n<p style=\"text-align: center\"><b><\/b><span style=\"font-weight: 400\">Placer lyset, hvor det f\u00e5r sollys, eller oplad det med USB-kablet. Tryk p\u00e5 knappen, eller brug fjernbetjeningen til at t\u00e6nde den. Den vil lyse om natten og slukke om morgenen. V\u00e6lg mellem 16 farver, der passer til dit hum\u00f8r eller din begivenhed.<\/span><\/p>\n<h2 style=\"text-align: center\">Pakken Indeholder:<\/h2>\n<ul>\n<li><b><\/b><span style=\"font-weight: 400\">2 solcellelamper til haven (8 cm x 14,5 cm x 13 cm)<\/span><\/li>\n<li><span style=\"font-weight: 400\"> 1 fjernbetjening<\/span><\/li>\n<li><span style=\"font-weight: 400\"> 1 brugervejledning<\/span><\/li>\n<li><span style=\"font-weight: 400\"> 1 usb-dc-opladerkabel.<\/span><\/li>\n<\/ul>\n","protected":false},"excerpt":{"rendered":"<p>\ud83c\udf1f En gl\u00f8dende sten, der lyser op i ethvert rum. \ud83c\udfe1 Denne smukke brostenslampe giver farve og charme til dit [&hellip;]<\/p>\n","protected":false},"featured_media":2583,"comment_status":"open","ping_status":"closed","template":"","meta":{"site-sidebar-layout":"default","site-content-layout":"","ast-site-content-layout":"default","site-content-style":"default","site-sidebar-style":"default","ast-global-header-display":"","ast-banner-title-visibility":"","ast-main-header-display":"","ast-hfb-above-header-display":"","ast-hfb-below-header-display":"","ast-hfb-mobile-header-display":"","site-post-title":"","ast-breadcrumbs-content":"","ast-featured-img":"","footer-sml-layout":"","theme-transparent-header-meta":"default","adv-header-id-meta":"","stick-header-meta":"","header-above-stick-meta":"","header-main-stick-meta":"","header-below-stick-meta":"","astra-migrate-meta-layouts":"set","ast-page-background-enabled":"default","ast-page-background-meta":{"desktop":{"background-color":"var(--ast-global-color-5)","background-image":"","background-repeat":"repeat","background-position":"center center","background-size":"auto","background-attachment":"scroll","background-type":"","background-media":"","overlay-type":"","overlay-color":"","overlay-opacity":"","overlay-gradient":""},"tablet":{"background-color":"","background-image":"","background-repeat":"repeat","background-position":"center center","background-size":"auto","background-attachment":"scroll","background-type":"","background-media":"","overlay-type":"","overlay-color":"","overlay-opacity":"","overlay-gradient":""},"mobile":{"background-color":"","background-image":"","background-repeat":"repeat","background-position":"center center","background-size":"auto","background-attachment":"scroll","background-type":"","background-media":"","overlay-type":"","overlay-color":"","overlay-opacity":"","overlay-gradient":""}},"ast-content-background-meta":{"desktop":{"background-color":"var(--ast-global-color-4)","background-image":"","background-repeat":"repeat","background-position":"center center","background-size":"auto","background-attachment":"scroll","background-type":"","background-media":"","overlay-type":"","overlay-color":"","overlay-opacity":"","overlay-gradient":""},"tablet":{"background-color":"var(--ast-global-color-4)","background-image":"","background-repeat":"repeat","background-position":"center center","background-size":"auto","background-attachment":"scroll","background-type":"","background-media":"","overlay-type":"","overlay-color":"","overlay-opacity":"","overlay-gradient":""},"mobile":{"background-color":"var(--ast-global-color-4)","background-image":"","background-repeat":"repeat","background-position":"center center","background-size":"auto","background-attachment":"scroll","background-type":"","background-media":"","overlay-type":"","overlay-color":"","overlay-opacity":"","overlay-gradient":""}}},"product_brand":[],"product_cat":[19],"product_tag":[],"class_list":{"0":"post-2587","1":"product","2":"type-product","3":"status-publish","4":"has-post-thumbnail","6":"product_cat-uncategorized","7":"desktop-align-left","8":"tablet-align-left","9":"mobile-align-left","11":"first","12":"instock","13":"shipping-taxable","14":"purchasable","15":"product-type-simple"},"_links":{"self":[{"href":"https:\/\/ecostera.com\/dk\/wp-json\/wp\/v2\/product\/2587","targetHints":{"allow":["GET"]}}],"collection":[{"href":"https:\/\/ecostera.com\/dk\/wp-json\/wp\/v2\/product"}],"about":[{"href":"https:\/\/ecostera.com\/dk\/wp-json\/wp\/v2\/types\/product"}],"replies":[{"embeddable":true,"href":"https:\/\/ecostera.com\/dk\/wp-json\/wp\/v2\/comments?post=2587"}],"wp:featuredmedia":[{"embeddable":true,"href":"https:\/\/ecostera.com\/dk\/wp-json\/wp\/v2\/media\/2583"}],"wp:attachment":[{"href":"https:\/\/ecostera.com\/dk\/wp-json\/wp\/v2\/media?parent=2587"}],"wp:term":[{"taxonomy":"product_brand","embeddable":true,"href":"https:\/\/ecostera.com\/dk\/wp-json\/wp\/v2\/product_brand?post=2587"},{"taxonomy":"product_cat","embeddable":true,"href":"https:\/\/ecostera.com\/dk\/wp-json\/wp\/v2\/product_cat?post=2587"},{"taxonomy":"product_tag","embeddable":true,"href":"https:\/\/ecostera.com\/dk\/wp-json\/wp\/v2\/product_tag?post=2587"}],"curies":[{"name":"wp","href":"https:\/\/api.w.org\/{rel}","templated":true}]}}