{"id":2604,"date":"2025-07-15T13:20:35","date_gmt":"2025-07-15T13:20:35","guid":{"rendered":"https:\/\/ecostera.com\/dk\/product\/smart-robotstoevsuger\/"},"modified":"2025-09-12T14:39:26","modified_gmt":"2025-09-12T11:39:26","slug":"smart-robotstoevsuger","status":"publish","type":"product","link":"https:\/\/ecostera.com\/dk\/product\/smart-robotstoevsuger\/","title":{"rendered":"Smart robotst\u00f8vsuger"},"content":{"rendered":"<p style=\"text-align: center\"><b>\ud83e\udd16 En smart lille hj\u00e6lper til et rent hjem hver dag \ud83e\uddf9<\/b><\/p>\n<p style=\"text-align: center\"><span style=\"font-weight: 400\">Denne robotst\u00f8vsuger bev\u00e6ger sig af sig selv for at samle snavs, h\u00e5r og st\u00f8v op. Den passer under senge og sofaer og holder dit hjem friskt og sikkert.<\/span><\/p>\n<p><img decoding=\"async\" class=\"size-full wp-image-15410 aligncenter\" src=\"https:\/\/keluvo.com\/template\/wp-content\/uploads\/sites\/5\/2025\/04\/robotvacuum-ezgif.com-video-to-webp-converter.webp\" alt=\"\" \/><\/p>\n<h2 style=\"text-align: center\">Fungerer P\u00e5 Alle Slags Gulve!<span style=\"font-weight: 400\"><br \/>\n<\/span><\/h2>\n<p><span style=\"font-weight: 400\">\u2714 St\u00e6rkt sug samler hurtigt h\u00e5r og st\u00f8v op<\/span><\/p>\n<p><span style=\"font-weight: 400\">\u2714 Reng\u00f8r sv\u00e6rt tilg\u00e6ngelige steder under senge og sofaer<\/span><\/p>\n<p><span style=\"font-weight: 400\"> \u2714 Planl\u00e6gger sin egen vej til reng\u00f8ring af hele rummet<\/span><\/p>\n<p><span style=\"font-weight: 400\"> \u2714 Stille lyd, s\u00e5 den ikke generer dig<\/span><\/p>\n<p><span style=\"font-weight: 400\"> \u2714 Lille og let, nem at flytte og opbevare<\/span><\/p>\n<p><img decoding=\"async\" class=\"size-full wp-image-15411 aligncenter\" src=\"https:\/\/keluvo.com\/template\/wp-content\/uploads\/sites\/5\/2025\/04\/S5437179fea5345ce9428e33c540967e1m.jpg_960x960q75.jpg_.png\" alt=\"\" \/><\/p>\n<h2 style=\"text-align: center\">Godt Til Travle Familier Og K\u00e6ledyrsejere.<\/h2>\n<p style=\"text-align: center\"><span style=\"font-weight: 400\">Denne smarte st\u00f8vsuger hj\u00e6lper dig med at g\u00f8re rent uden at l\u00f8fte en finger. bare t\u00e6nd for den, s\u00e5 begynder den at g\u00f8re rent med det samme. Den bev\u00e6ger sig rundt om m\u00f8bler og ind i hj\u00f8rner for at sikre, at intet bliver overset. Perfekt til travle familier, k\u00e6ledyrsejere eller alle, der vil have et renere hjem med mindre arbejde.<\/span><\/p>\n<h2 style=\"text-align: center\">Hvordan Bruger Man Den?<\/h2>\n<p style=\"text-align: center\"><b><\/b><span style=\"font-weight: 400\"> Oplad st\u00f8vsugeren i 100 til 200 minutter. Tryk p\u00e5 t\u00e6nd\/sluk-knappen for at starte. Lad den k\u00f8re i 20 minutter, mens den reng\u00f8r dit gulv. N\u00e5r den er f\u00e6rdig, skal du oplade den igen til n\u00e6ste gang.<\/span><\/p>\n<h2 style=\"text-align: center\">Pakken Indeholder:<\/h2>\n<ul>\n<li><b><\/b><span style=\"font-weight: 400\">1 robotst\u00f8vsuger (180x180x54mm, 250g)<\/span><\/li>\n<li><span style=\"font-weight: 400\"> 1 indbygget genopladeligt batteri (3,7V\/300mAh).<\/span><\/li>\n<\/ul>\n","protected":false},"excerpt":{"rendered":"<p>\ud83e\udd16 En smart lille hj\u00e6lper til et rent hjem hver dag \ud83e\uddf9 Denne robotst\u00f8vsuger bev\u00e6ger sig af sig selv for [&hellip;]<\/p>\n","protected":false},"featured_media":2600,"comment_status":"open","ping_status":"closed","template":"","meta":{"site-sidebar-layout":"default","site-content-layout":"","ast-site-content-layout":"default","site-content-style":"default","site-sidebar-style":"default","ast-global-header-display":"","ast-banner-title-visibility":"","ast-main-header-display":"","ast-hfb-above-header-display":"","ast-hfb-below-header-display":"","ast-hfb-mobile-header-display":"","site-post-title":"","ast-breadcrumbs-content":"","ast-featured-img":"","footer-sml-layout":"","theme-transparent-header-meta":"default","adv-header-id-meta":"","stick-header-meta":"","header-above-stick-meta":"","header-main-stick-meta":"","header-below-stick-meta":"","astra-migrate-meta-layouts":"set","ast-page-background-enabled":"default","ast-page-background-meta":{"desktop":{"background-color":"var(--ast-global-color-5)","background-image":"","background-repeat":"repeat","background-position":"center center","background-size":"auto","background-attachment":"scroll","background-type":"","background-media":"","overlay-type":"","overlay-color":"","overlay-opacity":"","overlay-gradient":""},"tablet":{"background-color":"","background-image":"","background-repeat":"repeat","background-position":"center center","background-size":"auto","background-attachment":"scroll","background-type":"","background-media":"","overlay-type":"","overlay-color":"","overlay-opacity":"","overlay-gradient":""},"mobile":{"background-color":"","background-image":"","background-repeat":"repeat","background-position":"center center","background-size":"auto","background-attachment":"scroll","background-type":"","background-media":"","overlay-type":"","overlay-color":"","overlay-opacity":"","overlay-gradient":""}},"ast-content-background-meta":{"desktop":{"background-color":"var(--ast-global-color-4)","background-image":"","background-repeat":"repeat","background-position":"center center","background-size":"auto","background-attachment":"scroll","background-type":"","background-media":"","overlay-type":"","overlay-color":"","overlay-opacity":"","overlay-gradient":""},"tablet":{"background-color":"var(--ast-global-color-4)","background-image":"","background-repeat":"repeat","background-position":"center center","background-size":"auto","background-attachment":"scroll","background-type":"","background-media":"","overlay-type":"","overlay-color":"","overlay-opacity":"","overlay-gradient":""},"mobile":{"background-color":"var(--ast-global-color-4)","background-image":"","background-repeat":"repeat","background-position":"center center","background-size":"auto","background-attachment":"scroll","background-type":"","background-media":"","overlay-type":"","overlay-color":"","overlay-opacity":"","overlay-gradient":""}}},"product_brand":[],"product_cat":[19],"product_tag":[],"class_list":{"0":"post-2604","1":"product","2":"type-product","3":"status-publish","4":"has-post-thumbnail","6":"product_cat-uncategorized","7":"pa_29566_qoo2ooea-hvid","8":"pa_29566_qoo2ooea-sort","9":"desktop-align-left","10":"tablet-align-left","11":"mobile-align-left","13":"first","14":"instock","15":"shipping-taxable","16":"purchasable","17":"product-type-variable"},"_links":{"self":[{"href":"https:\/\/ecostera.com\/dk\/wp-json\/wp\/v2\/product\/2604","targetHints":{"allow":["GET"]}}],"collection":[{"href":"https:\/\/ecostera.com\/dk\/wp-json\/wp\/v2\/product"}],"about":[{"href":"https:\/\/ecostera.com\/dk\/wp-json\/wp\/v2\/types\/product"}],"replies":[{"embeddable":true,"href":"https:\/\/ecostera.com\/dk\/wp-json\/wp\/v2\/comments?post=2604"}],"wp:featuredmedia":[{"embeddable":true,"href":"https:\/\/ecostera.com\/dk\/wp-json\/wp\/v2\/media\/2600"}],"wp:attachment":[{"href":"https:\/\/ecostera.com\/dk\/wp-json\/wp\/v2\/media?parent=2604"}],"wp:term":[{"taxonomy":"product_brand","embeddable":true,"href":"https:\/\/ecostera.com\/dk\/wp-json\/wp\/v2\/product_brand?post=2604"},{"taxonomy":"product_cat","embeddable":true,"href":"https:\/\/ecostera.com\/dk\/wp-json\/wp\/v2\/product_cat?post=2604"},{"taxonomy":"product_tag","embeddable":true,"href":"https:\/\/ecostera.com\/dk\/wp-json\/wp\/v2\/product_tag?post=2604"}],"curies":[{"name":"wp","href":"https:\/\/api.w.org\/{rel}","templated":true}]}}