{"id":26201,"date":"2025-09-29T17:59:46","date_gmt":"2025-09-29T14:59:46","guid":{"rendered":"https:\/\/ecostera.com\/dk\/product\/elastiske-snoerebaand-4-stk\/"},"modified":"2025-10-13T11:18:30","modified_gmt":"2025-10-13T08:18:30","slug":"elastiske-snoerebaand-4-stk","status":"publish","type":"product","link":"https:\/\/ecostera.com\/dk\/product\/elastiske-snoerebaand-4-stk\/","title":{"rendered":"Elastiske sn\u00f8reb\u00e5nd (4 stk.)"},"content":{"rendered":"<p style=\"text-align: center\" data-start=\"149\" data-end=\"214\"><strong>G\u00f8r alle sko til slip-ons med elastiske sn\u00f8reb\u00e5nd. \ud83d\udc5f<\/strong><\/p>\n<p style=\"text-align: center\">Disse elastiske sn\u00f8reb\u00e5nd g\u00f8r det hurtigere, nemmere og mere behageligt at g\u00e5 i sko. Med et enkelt slip-on\/slip-off-design beh\u00f8ver du aldrig at binde eller l\u00f8sne dine sn\u00f8reb\u00e5nd igen. Perfekt til b\u00f8rn, voksne, sportsfolk eller andre, der \u00f8nsker bekvemmelighed uden at g\u00e5 p\u00e5 kompromis med stilen.<\/p>\n<p data-start=\"216\" data-end=\"484\"><img decoding=\"async\" class=\"size-full wp-image-35014 aligncenter\" src=\"https:\/\/keluvo.com\/template\/wp-content\/uploads\/sites\/5\/2025\/09\/Hcc315962a29244babd9ba8c869415c2aF.jpg\" alt=\"\" \/><\/p>\n<h2 style=\"text-align: center\" data-start=\"491\" data-end=\"513\">Vigtigste fordele<\/h2>\n<p data-start=\"516\" data-end=\"556\">\u23f1\ufe0f Spar tid \u2013 slut med at binde sn\u00f8reb\u00e5nd.<\/p>\n<p data-start=\"516\" data-end=\"556\">\ud83d\udc5f Slip-on\/slip-off-design g\u00f8r skoene lettere at have p\u00e5.<\/p>\n<p data-start=\"516\" data-end=\"556\">\ud83e\uddd2 Perfekt til b\u00f8rn, seniorer og folk med begr\u00e6nset mobilitet.<\/p>\n<p data-start=\"516\" data-end=\"556\">\ud83c\udfc3 Ideel til l\u00f8bere og atleter, der har brug for hurtige overgange.<\/p>\n<p data-start=\"516\" data-end=\"556\">\ud83c\udfa8 F\u00e5s i 19 farver, s\u00e5 de passer til alle sko.<\/p>\n<p data-start=\"516\" data-end=\"556\">\ud83d\udd12 Sikker pasform med holdbare metalsp\u00e6nder.<\/p>\n<p data-start=\"796\" data-end=\"838\"><img decoding=\"async\" class=\"size-full wp-image-35018 aligncenter\" src=\"https:\/\/keluvo.com\/template\/wp-content\/uploads\/sites\/5\/2025\/09\/a83acfaf-3537-485e-ba1b-d9deb268c148.webp\" alt=\"\" \/><\/p>\n<h2 style=\"text-align: center\" data-start=\"845\" data-end=\"864\">S\u00e5dan bruges de<\/h2>\n<ol data-start=\"865\" data-end=\"1122\">\n<li data-start=\"865\" data-end=\"942\">S\u00e6t de elastiske sn\u00f8reb\u00e5nd i dine sko, som du ville g\u00f8re med normale sn\u00f8reb\u00e5nd.<\/li>\n<li data-start=\"865\" data-end=\"942\">Fastg\u00f8r de medf\u00f8lgende metalsp\u00e6nder for at l\u00e5se sn\u00f8reb\u00e5ndene p\u00e5 plads.<\/li>\n<li data-start=\"865\" data-end=\"942\">Juster stramheden til dit komfortniveau.<\/li>\n<li data-start=\"865\" data-end=\"942\">Tag dine sko af og p\u00e5 uden nogensinde at binde sn\u00f8reb\u00e5nd igen.<\/li>\n<\/ol>\n<h2 style=\"text-align: center\" data-start=\"1129\" data-end=\"1153\">Produktdetaljer<\/h2>\n<ul data-start=\"1154\" data-end=\"1323\">\n<li data-start=\"1154\" data-end=\"1208\">Materiale: Elastisk reb + metalsp\u00e6nde af h\u00f8j kvalitet<\/li>\n<li data-start=\"1154\" data-end=\"1208\">L\u00e6ngde: 103 cm<\/li>\n<li data-start=\"1154\" data-end=\"1208\">Bredde: 0,7 cm<\/li>\n<li data-start=\"1154\" data-end=\"1208\">Pasform: One-size passer til alle (b\u00f8rn og voksne)<\/li>\n<\/ul>\n<h2 style=\"text-align: center\" data-start=\"1330\" data-end=\"1355\">Pakken indeholder<\/h2>\n<ul data-start=\"1356\" data-end=\"1412\">\n<li data-start=\"1356\" data-end=\"1390\">4 par elastiske sn\u00f8reb\u00e5nd<\/li>\n<li data-start=\"1356\" data-end=\"1390\">16 metalsp\u00e6nder.<\/li>\n<\/ul>\n","protected":false},"excerpt":{"rendered":"<p>G\u00f8r alle sko til slip-ons med elastiske sn\u00f8reb\u00e5nd. \ud83d\udc5f Disse elastiske sn\u00f8reb\u00e5nd g\u00f8r det hurtigere, nemmere og mere behageligt at [&hellip;]<\/p>\n","protected":false},"featured_media":26197,"comment_status":"open","ping_status":"closed","template":"","meta":{"site-sidebar-layout":"default","site-content-layout":"","ast-site-content-layout":"default","site-content-style":"default","site-sidebar-style":"default","ast-global-header-display":"","ast-banner-title-visibility":"","ast-main-header-display":"","ast-hfb-above-header-display":"","ast-hfb-below-header-display":"","ast-hfb-mobile-header-display":"","site-post-title":"","ast-breadcrumbs-content":"","ast-featured-img":"","footer-sml-layout":"","theme-transparent-header-meta":"default","adv-header-id-meta":"","stick-header-meta":"","header-above-stick-meta":"","header-main-stick-meta":"","header-below-stick-meta":"","astra-migrate-meta-layouts":"set","ast-page-background-enabled":"default","ast-page-background-meta":{"desktop":{"background-color":"var(--ast-global-color-5)","background-image":"","background-repeat":"repeat","background-position":"center center","background-size":"auto","background-attachment":"scroll","background-type":"","background-media":"","overlay-type":"","overlay-color":"","overlay-opacity":"","overlay-gradient":""},"tablet":{"background-color":"","background-image":"","background-repeat":"repeat","background-position":"center center","background-size":"auto","background-attachment":"scroll","background-type":"","background-media":"","overlay-type":"","overlay-color":"","overlay-opacity":"","overlay-gradient":""},"mobile":{"background-color":"","background-image":"","background-repeat":"repeat","background-position":"center center","background-size":"auto","background-attachment":"scroll","background-type":"","background-media":"","overlay-type":"","overlay-color":"","overlay-opacity":"","overlay-gradient":""}},"ast-content-background-meta":{"desktop":{"background-color":"var(--ast-global-color-4)","background-image":"","background-repeat":"repeat","background-position":"center center","background-size":"auto","background-attachment":"scroll","background-type":"","background-media":"","overlay-type":"","overlay-color":"","overlay-opacity":"","overlay-gradient":""},"tablet":{"background-color":"var(--ast-global-color-4)","background-image":"","background-repeat":"repeat","background-position":"center center","background-size":"auto","background-attachment":"scroll","background-type":"","background-media":"","overlay-type":"","overlay-color":"","overlay-opacity":"","overlay-gradient":""},"mobile":{"background-color":"var(--ast-global-color-4)","background-image":"","background-repeat":"repeat","background-position":"center center","background-size":"auto","background-attachment":"scroll","background-type":"","background-media":"","overlay-type":"","overlay-color":"","overlay-opacity":"","overlay-gradient":""}}},"product_brand":[],"product_cat":[19],"product_tag":[],"class_list":{"0":"post-26201","1":"product","2":"type-product","3":"status-publish","4":"has-post-thumbnail","6":"product_cat-uncategorized","7":"pa_16320_213pcuj7-beige","8":"pa_16320_213pcuj7-brun","9":"pa_16320_213pcuj7-groen","10":"pa_16320_213pcuj7-gul","11":"pa_16320_213pcuj7-hvid","12":"pa_16320_213pcuj7-khaki","13":"pa_16320_213pcuj7-lilla","14":"pa_16320_213pcuj7-lyseblaa","15":"pa_16320_213pcuj7-lysegraa","16":"pa_16320_213pcuj7-lyseroed","17":"pa_16320_213pcuj7-marineblaa","18":"pa_16320_213pcuj7-moerkeblaa","19":"pa_16320_213pcuj7-moerkegraa","20":"pa_16320_213pcuj7-moerkeroed","21":"pa_16320_213pcuj7-orange","22":"pa_16320_213pcuj7-roed","23":"pa_16320_213pcuj7-rosenroed","24":"pa_16320_213pcuj7-sort","25":"desktop-align-left","26":"tablet-align-left","27":"mobile-align-left","29":"first","30":"instock","31":"shipping-taxable","32":"purchasable","33":"product-type-variable"},"_links":{"self":[{"href":"https:\/\/ecostera.com\/dk\/wp-json\/wp\/v2\/product\/26201","targetHints":{"allow":["GET"]}}],"collection":[{"href":"https:\/\/ecostera.com\/dk\/wp-json\/wp\/v2\/product"}],"about":[{"href":"https:\/\/ecostera.com\/dk\/wp-json\/wp\/v2\/types\/product"}],"replies":[{"embeddable":true,"href":"https:\/\/ecostera.com\/dk\/wp-json\/wp\/v2\/comments?post=26201"}],"wp:featuredmedia":[{"embeddable":true,"href":"https:\/\/ecostera.com\/dk\/wp-json\/wp\/v2\/media\/26197"}],"wp:attachment":[{"href":"https:\/\/ecostera.com\/dk\/wp-json\/wp\/v2\/media?parent=26201"}],"wp:term":[{"taxonomy":"product_brand","embeddable":true,"href":"https:\/\/ecostera.com\/dk\/wp-json\/wp\/v2\/product_brand?post=26201"},{"taxonomy":"product_cat","embeddable":true,"href":"https:\/\/ecostera.com\/dk\/wp-json\/wp\/v2\/product_cat?post=26201"},{"taxonomy":"product_tag","embeddable":true,"href":"https:\/\/ecostera.com\/dk\/wp-json\/wp\/v2\/product_tag?post=26201"}],"curies":[{"name":"wp","href":"https:\/\/api.w.org\/{rel}","templated":true}]}}