{"id":26328,"date":"2025-09-29T18:10:26","date_gmt":"2025-09-29T15:10:26","guid":{"rendered":"https:\/\/ecostera.com\/dk\/product\/sten-til-at-skjule-noegler\/"},"modified":"2025-10-13T11:17:58","modified_gmt":"2025-10-13T08:17:58","slug":"sten-til-at-skjule-noegler","status":"publish","type":"product","link":"https:\/\/ecostera.com\/dk\/product\/sten-til-at-skjule-noegler\/","title":{"rendered":"Sten til n\u00f8gleopbevaring"},"content":{"rendered":"<p style=\"text-align: center\" data-start=\"123\" data-end=\"180\"><strong>Hold din ekstran\u00f8gle sikker og skjult i det fri. \ud83d\udddd\ufe0f<\/strong><\/p>\n<p style=\"text-align: center\" data-start=\"182\" data-end=\"451\">Denne realistiske n\u00f8glesten ligner en almindelig havesten, men er designet til sikker opbevaring af din reserven\u00f8gle. Den er vejrbestandig, holdbar og kompakt og er den perfekte l\u00f8sning til at gemme n\u00f8gler p\u00e5 terrassen, i haven eller i blomsterbedet uden at tiltr\u00e6kke opm\u00e6rksomhed.<\/p>\n<p data-start=\"182\" data-end=\"451\"><img decoding=\"async\" class=\"size-full wp-image-35191 aligncenter\" src=\"https:\/\/keluvo.com\/template\/wp-content\/uploads\/sites\/5\/2025\/09\/09226-ezgif.com-video-to-webp-converter.webp\" alt=\"\" \/><\/p>\n<h2 style=\"text-align: center\" data-start=\"458\" data-end=\"480\">\ud83c\udf1f Vigtigste fordele<\/h2>\n<p data-start=\"483\" data-end=\"538\">\ud83d\udddd\ufe0f Sikker opbevaring: Beskytter din ekstran\u00f8gle mod tyveri og tab.<\/p>\n<p data-start=\"483\" data-end=\"538\">\ud83c\udf3f Realistisk design: Det naturtro stendesign blender perfekt ind i haven.<\/p>\n<p data-start=\"483\" data-end=\"538\">\u2614 Vejrbestandig: Er designet til at modst\u00e5 al slags vejr og er ideel til udend\u00f8rs brug.<\/p>\n<p data-start=\"483\" data-end=\"538\">\ud83e\uddf1 Holdbare materialer: Sikrer en robust og langvarig l\u00f8sning.<\/p>\n<p data-start=\"483\" data-end=\"538\">\ud83d\udd0d Diskret og kompakt: Den lille st\u00f8rrelse g\u00f8r den let at skjule.<\/p>\n<p data-start=\"706\" data-end=\"747\"><img decoding=\"async\" class=\"size-full wp-image-35192 aligncenter\" src=\"https:\/\/keluvo.com\/template\/wp-content\/uploads\/sites\/5\/2025\/09\/Se49bdf7b11fb4385bed0d5ba6aa2a871J.jpg_960x960q75.jpg_.avif\" alt=\"\" \/><\/p>\n<h2 style=\"text-align: center\" data-start=\"754\" data-end=\"773\">\ud83d\udccc S\u00e5dan g\u00f8r du<\/h2>\n<ol data-start=\"774\" data-end=\"1028\">\n<li data-start=\"774\" data-end=\"842\">\n<p data-start=\"777\" data-end=\"842\">Find et diskret sted i din have, p\u00e5 terrassen eller i et blomsterbed.<\/p>\n<\/li>\n<li data-start=\"774\" data-end=\"842\">\n<p data-start=\"777\" data-end=\"842\">Tr\u00e6k den lille bakke ud i bunden af stenen.<\/p>\n<\/li>\n<li data-start=\"774\" data-end=\"842\">\n<p data-start=\"777\" data-end=\"842\">L\u00e6g din ekstran\u00f8gle i rummet.<\/p>\n<\/li>\n<li data-start=\"774\" data-end=\"842\">\n<p data-start=\"777\" data-end=\"842\">Skub bakken helt ind igen, og plac\u00e9r stenen.<\/p>\n<\/li>\n<\/ol>\n<h3 style=\"text-align: center\" data-start=\"1035\" data-end=\"1059\">\ud83d\udccf Produktdetaljer<\/h3>\n<ul data-start=\"1060\" data-end=\"1256\">\n<li data-start=\"1100\" data-end=\"1124\">\n<p data-start=\"1102\" data-end=\"1124\">Materiale: PP og resin.<\/p>\n<\/li>\n<li data-start=\"1100\" data-end=\"1124\">\n<p data-start=\"1102\" data-end=\"1124\">St\u00f8rrelse: 8,3 x 5,7 x 4,5 cm.<\/p>\n<\/li>\n<li data-start=\"1100\" data-end=\"1124\">\n<p data-start=\"1102\" data-end=\"1124\">Design: Naturtro sten-look.<\/p>\n<\/li>\n<li data-start=\"1100\" data-end=\"1124\">\n<p data-start=\"1102\" data-end=\"1124\">Egenskaber: Holdbar, vejrbestandig og kompakt.<\/p>\n<\/li>\n<\/ul>\n<h3 style=\"text-align: center\" data-start=\"1263\" data-end=\"1288\">\ud83d\udce6 Pakken indeholder<\/h3>\n<ul data-start=\"1289\" data-end=\"1342\">\n<li data-start=\"1289\" data-end=\"1342\">\n<p data-start=\"1291\" data-end=\"1342\">1x Sten til n\u00f8gleopbevaring.<\/p>\n<\/li>\n<\/ul>\n","protected":false},"excerpt":{"rendered":"<p>Hold din ekstran\u00f8gle sikker og skjult i det fri. \ud83d\udddd\ufe0f Denne realistiske n\u00f8glesten ligner en almindelig havesten, men er designet [&hellip;]<\/p>\n","protected":false},"featured_media":26324,"comment_status":"open","ping_status":"closed","template":"","meta":{"site-sidebar-layout":"default","site-content-layout":"","ast-site-content-layout":"default","site-content-style":"default","site-sidebar-style":"default","ast-global-header-display":"","ast-banner-title-visibility":"","ast-main-header-display":"","ast-hfb-above-header-display":"","ast-hfb-below-header-display":"","ast-hfb-mobile-header-display":"","site-post-title":"","ast-breadcrumbs-content":"","ast-featured-img":"","footer-sml-layout":"","theme-transparent-header-meta":"default","adv-header-id-meta":"","stick-header-meta":"","header-above-stick-meta":"","header-main-stick-meta":"","header-below-stick-meta":"","astra-migrate-meta-layouts":"set","ast-page-background-enabled":"default","ast-page-background-meta":{"desktop":{"background-color":"var(--ast-global-color-5)","background-image":"","background-repeat":"repeat","background-position":"center center","background-size":"auto","background-attachment":"scroll","background-type":"","background-media":"","overlay-type":"","overlay-color":"","overlay-opacity":"","overlay-gradient":""},"tablet":{"background-color":"","background-image":"","background-repeat":"repeat","background-position":"center center","background-size":"auto","background-attachment":"scroll","background-type":"","background-media":"","overlay-type":"","overlay-color":"","overlay-opacity":"","overlay-gradient":""},"mobile":{"background-color":"","background-image":"","background-repeat":"repeat","background-position":"center center","background-size":"auto","background-attachment":"scroll","background-type":"","background-media":"","overlay-type":"","overlay-color":"","overlay-opacity":"","overlay-gradient":""}},"ast-content-background-meta":{"desktop":{"background-color":"var(--ast-global-color-4)","background-image":"","background-repeat":"repeat","background-position":"center center","background-size":"auto","background-attachment":"scroll","background-type":"","background-media":"","overlay-type":"","overlay-color":"","overlay-opacity":"","overlay-gradient":""},"tablet":{"background-color":"var(--ast-global-color-4)","background-image":"","background-repeat":"repeat","background-position":"center center","background-size":"auto","background-attachment":"scroll","background-type":"","background-media":"","overlay-type":"","overlay-color":"","overlay-opacity":"","overlay-gradient":""},"mobile":{"background-color":"var(--ast-global-color-4)","background-image":"","background-repeat":"repeat","background-position":"center center","background-size":"auto","background-attachment":"scroll","background-type":"","background-media":"","overlay-type":"","overlay-color":"","overlay-opacity":"","overlay-gradient":""}}},"product_brand":[],"product_cat":[19],"product_tag":[],"class_list":{"0":"post-26328","1":"product","2":"type-product","3":"status-publish","4":"has-post-thumbnail","6":"product_cat-uncategorized","7":"desktop-align-left","8":"tablet-align-left","9":"mobile-align-left","11":"first","12":"instock","13":"shipping-taxable","14":"purchasable","15":"product-type-simple"},"_links":{"self":[{"href":"https:\/\/ecostera.com\/dk\/wp-json\/wp\/v2\/product\/26328","targetHints":{"allow":["GET"]}}],"collection":[{"href":"https:\/\/ecostera.com\/dk\/wp-json\/wp\/v2\/product"}],"about":[{"href":"https:\/\/ecostera.com\/dk\/wp-json\/wp\/v2\/types\/product"}],"replies":[{"embeddable":true,"href":"https:\/\/ecostera.com\/dk\/wp-json\/wp\/v2\/comments?post=26328"}],"wp:featuredmedia":[{"embeddable":true,"href":"https:\/\/ecostera.com\/dk\/wp-json\/wp\/v2\/media\/26324"}],"wp:attachment":[{"href":"https:\/\/ecostera.com\/dk\/wp-json\/wp\/v2\/media?parent=26328"}],"wp:term":[{"taxonomy":"product_brand","embeddable":true,"href":"https:\/\/ecostera.com\/dk\/wp-json\/wp\/v2\/product_brand?post=26328"},{"taxonomy":"product_cat","embeddable":true,"href":"https:\/\/ecostera.com\/dk\/wp-json\/wp\/v2\/product_cat?post=26328"},{"taxonomy":"product_tag","embeddable":true,"href":"https:\/\/ecostera.com\/dk\/wp-json\/wp\/v2\/product_tag?post=26328"}],"curies":[{"name":"wp","href":"https:\/\/api.w.org\/{rel}","templated":true}]}}