{"id":2644,"date":"2025-07-15T13:24:30","date_gmt":"2025-07-15T13:24:30","guid":{"rendered":"https:\/\/ecostera.com\/dk\/product\/solcelle-fontaene\/"},"modified":"2025-07-15T13:24:35","modified_gmt":"2025-07-15T13:24:35","slug":"solcelle-fontaene","status":"publish","type":"product","link":"https:\/\/ecostera.com\/dk\/product\/solcelle-fontaene\/","title":{"rendered":"Solcelle-font\u00e6ne"},"content":{"rendered":"<p style=\"text-align: center\"><b>\ud83c\udf0a Et flydende vandshow drevet af solen \u2600<\/b><\/p>\n<p style=\"text-align: center\"><span style=\"font-weight: 400\">Denne solfont\u00e6ne giver liv til dit fuglebad, din dam eller din pool. Det k\u00f8rer p\u00e5 sollys og tilf\u00f8jer en sjov, bev\u00e6gelig vandeffekt, som alle vil elske.<\/span><\/p>\n<p><img decoding=\"async\" class=\"size-full wp-image-15485 aligncenter\" src=\"https:\/\/keluvo.com\/template\/wp-content\/uploads\/sites\/5\/2025\/01\/fountaint-ezgif.com-video-to-webp-converter.webp\" alt=\"\" \/><\/p>\n<h2 style=\"text-align: center\"><strong>K\u00f8rer Uden Elektricitet \u2013 Bare Sollys<\/strong><\/h2>\n<p><span style=\"font-weight: 400\">\u2714 Begynder at arbejde p\u00e5 f\u00e5 sekunder, n\u00e5r solen rammer<\/span><\/p>\n<p><span style=\"font-weight: 400\"> \u2714 Flyder p\u00e5 vand \u2013 ingen ledninger, intet besv\u00e6r<\/span><\/p>\n<p><span style=\"font-weight: 400\"> \u2714 Tilf\u00f8jer sk\u00f8nhed og bev\u00e6gelse til fuglebade, damme og haver<\/span><\/p>\n<p><span style=\"font-weight: 400\"> \u2714 Tiltr\u00e6kker fugle og tilf\u00f8jer ilt til dit vand<\/span><\/p>\n<p><span style=\"font-weight: 400\"> \u2714 Let at bruge og installere<\/span><\/p>\n<p><img decoding=\"async\" class=\"alignnone size-medium wp-image-8645 aligncenter\" src=\"https:\/\/keluvo.com\/template\/wp-content\/uploads\/sites\/5\/2025\/01\/S94960f747ce443969cbcaceaa8b2a93bE.jpg_960x960q75.jpg_.jpeg\" alt=\"\" \/><\/p>\n<h2 style=\"text-align: center\"><strong>Intet Rod Eller Ledninger<\/strong><\/h2>\n<p style=\"text-align: center\"><span style=\"font-weight: 400\">Dette flydende solfont\u00e6ne er fantastisk til alle, der \u00f8nsker en smuk vandfunktion uden rod eller ledninger. Placer den i solen, og den begynder at spr\u00f8jte vand p\u00e5 f\u00e5 sekunder. Den er perfekt til haver, fuglebade, akvarier eller sm\u00e5 damme i baghaven. Dit uderum vil se mere levende og fredfyldt ud.<\/span><\/p>\n<h2 style=\"text-align: center\"><strong>S\u00e5dan Bruger Du Den:<\/strong><\/h2>\n<p style=\"text-align: center\"><b><\/b><span style=\"font-weight: 400\">Fyld dit fuglebad eller din dam med vand. Placer springvandet oven p\u00e5 vandet. S\u00f8rg for, at det st\u00e5r i fuld sol. Den vil begynde at spr\u00f8jte af sig selv efter et par sekunder. Brug de medf\u00f8lgende holdere til at holde den p\u00e5 plads, hvis det er n\u00f8dvendigt.<\/span><\/p>\n<h2 style=\"text-align: center\"><strong>Pakken Indeholder:<\/strong><\/h2>\n<ul>\n<li><b><\/b><span style=\"font-weight: 400\">1 flydende solfont\u00e6nepumpe<\/span><\/li>\n<li><span style=\"font-weight: 400\"> 4 plastikholdere til at holde den p\u00e5 plads<\/span><\/li>\n<\/ul>\n","protected":false},"excerpt":{"rendered":"<p>\ud83c\udf0a Et flydende vandshow drevet af solen \u2600 Denne solfont\u00e6ne giver liv til dit fuglebad, din dam eller din pool. [&hellip;]<\/p>\n","protected":false},"featured_media":2640,"comment_status":"open","ping_status":"closed","template":"","meta":{"site-sidebar-layout":"default","site-content-layout":"","ast-site-content-layout":"default","site-content-style":"default","site-sidebar-style":"default","ast-global-header-display":"","ast-banner-title-visibility":"","ast-main-header-display":"","ast-hfb-above-header-display":"","ast-hfb-below-header-display":"","ast-hfb-mobile-header-display":"","site-post-title":"","ast-breadcrumbs-content":"","ast-featured-img":"","footer-sml-layout":"","theme-transparent-header-meta":"default","adv-header-id-meta":"","stick-header-meta":"","header-above-stick-meta":"","header-main-stick-meta":"","header-below-stick-meta":"","astra-migrate-meta-layouts":"set","ast-page-background-enabled":"default","ast-page-background-meta":{"desktop":{"background-color":"var(--ast-global-color-5)","background-image":"","background-repeat":"repeat","background-position":"center center","background-size":"auto","background-attachment":"scroll","background-type":"","background-media":"","overlay-type":"","overlay-color":"","overlay-opacity":"","overlay-gradient":""},"tablet":{"background-color":"","background-image":"","background-repeat":"repeat","background-position":"center center","background-size":"auto","background-attachment":"scroll","background-type":"","background-media":"","overlay-type":"","overlay-color":"","overlay-opacity":"","overlay-gradient":""},"mobile":{"background-color":"","background-image":"","background-repeat":"repeat","background-position":"center center","background-size":"auto","background-attachment":"scroll","background-type":"","background-media":"","overlay-type":"","overlay-color":"","overlay-opacity":"","overlay-gradient":""}},"ast-content-background-meta":{"desktop":{"background-color":"var(--ast-global-color-4)","background-image":"","background-repeat":"repeat","background-position":"center center","background-size":"auto","background-attachment":"scroll","background-type":"","background-media":"","overlay-type":"","overlay-color":"","overlay-opacity":"","overlay-gradient":""},"tablet":{"background-color":"var(--ast-global-color-4)","background-image":"","background-repeat":"repeat","background-position":"center center","background-size":"auto","background-attachment":"scroll","background-type":"","background-media":"","overlay-type":"","overlay-color":"","overlay-opacity":"","overlay-gradient":""},"mobile":{"background-color":"var(--ast-global-color-4)","background-image":"","background-repeat":"repeat","background-position":"center center","background-size":"auto","background-attachment":"scroll","background-type":"","background-media":"","overlay-type":"","overlay-color":"","overlay-opacity":"","overlay-gradient":""}}},"product_brand":[],"product_cat":[19],"product_tag":[],"class_list":{"0":"post-2644","1":"product","2":"type-product","3":"status-publish","4":"has-post-thumbnail","6":"product_cat-uncategorized","7":"pa_39717_01cex5nd-13-cm","8":"pa_39717_01cex5nd-16-cm","9":"desktop-align-left","10":"tablet-align-left","11":"mobile-align-left","13":"first","14":"instock","15":"shipping-taxable","16":"purchasable","17":"product-type-variable"},"_links":{"self":[{"href":"https:\/\/ecostera.com\/dk\/wp-json\/wp\/v2\/product\/2644","targetHints":{"allow":["GET"]}}],"collection":[{"href":"https:\/\/ecostera.com\/dk\/wp-json\/wp\/v2\/product"}],"about":[{"href":"https:\/\/ecostera.com\/dk\/wp-json\/wp\/v2\/types\/product"}],"replies":[{"embeddable":true,"href":"https:\/\/ecostera.com\/dk\/wp-json\/wp\/v2\/comments?post=2644"}],"wp:featuredmedia":[{"embeddable":true,"href":"https:\/\/ecostera.com\/dk\/wp-json\/wp\/v2\/media\/2640"}],"wp:attachment":[{"href":"https:\/\/ecostera.com\/dk\/wp-json\/wp\/v2\/media?parent=2644"}],"wp:term":[{"taxonomy":"product_brand","embeddable":true,"href":"https:\/\/ecostera.com\/dk\/wp-json\/wp\/v2\/product_brand?post=2644"},{"taxonomy":"product_cat","embeddable":true,"href":"https:\/\/ecostera.com\/dk\/wp-json\/wp\/v2\/product_cat?post=2644"},{"taxonomy":"product_tag","embeddable":true,"href":"https:\/\/ecostera.com\/dk\/wp-json\/wp\/v2\/product_tag?post=2644"}],"curies":[{"name":"wp","href":"https:\/\/api.w.org\/{rel}","templated":true}]}}