{"id":2664,"date":"2025-07-15T13:26:17","date_gmt":"2025-07-15T13:26:17","guid":{"rendered":"https:\/\/ecostera.com\/dk\/product\/vaadt-haandklaede-til-haaret\/"},"modified":"2025-07-15T13:26:30","modified_gmt":"2025-07-15T13:26:30","slug":"vaadt-haandklaede-til-haaret","status":"publish","type":"product","link":"https:\/\/ecostera.com\/dk\/product\/vaadt-haandklaede-til-haaret\/","title":{"rendered":"V\u00e5dt h\u00e5ndkl\u00e6de til h\u00e5ret"},"content":{"rendered":"<p style=\"text-align: center\"><b>\ud83d\udc87\u200d\u2640\ufe0f En bl\u00f8d og s\u00f8d m\u00e5de at t\u00f8rre h\u00e5ret hurtigt og nemt p\u00e5 \ud83d\udebf<\/b><\/p>\n<p style=\"text-align: center\"><span style=\"font-weight: 400\">Dette h\u00e5ndkl\u00e6de t\u00f8rrer dit h\u00e5r hurtigt, mens det holder det bl\u00f8dt og glat. Det hj\u00e6lper med at reducere krus og brud ved hver brug.<\/span><\/p>\n<p><img decoding=\"async\" class=\"size-full wp-image-15457 aligncenter\" src=\"https:\/\/keluvo.com\/template\/wp-content\/uploads\/sites\/5\/2025\/04\/towel-ezgif.com-video-to-webp-converter.webp\" alt=\"\" \/><\/p>\n<h2 style=\"text-align: center\">Dobbelt Vandabsorption<\/h2>\n<p><span style=\"font-weight: 400\">\u2714 Holder h\u00e5ret bl\u00f8dt og hj\u00e6lper med at reducere krus<\/span><\/p>\n<p><span style=\"font-weight: 400\"> \u2714 Lavet af bl\u00f8d koralfleece, der er sk\u00e5nsom mod din hovedbund<\/span><\/p>\n<p><span style=\"font-weight: 400\"> \u2714 S\u00f8dt broderet dyredesign g\u00f8r din rutine sjovere<\/span><\/p>\n<p><span style=\"font-weight: 400\"> \u2714 Let og behageligt &#8211; nemt at have p\u00e5, mens du laver andre ting<\/span><\/p>\n<p><span style=\"font-weight: 400\"> \u2714 Perfekt til kr\u00f8llet, glat, tykt eller tyndt h\u00e5r<\/span><\/p>\n<p><img decoding=\"async\" class=\"size-full wp-image-15459 aligncenter\" src=\"https:\/\/keluvo.com\/template\/wp-content\/uploads\/sites\/5\/2025\/04\/51adda68-859e-45d3-8c9d-6c5dd56cabf5.webp\" alt=\"\" \/><\/p>\n<h2 style=\"text-align: center\">Sikkert Og Nemt<\/h2>\n<p style=\"text-align: center\"><span style=\"font-weight: 400\">Dette h\u00e5ndkl\u00e6de g\u00f8r det nemt og sjovt at t\u00f8rre dit h\u00e5r. Det er bl\u00f8dt, st\u00e6rkt og passer nemt p\u00e5 dit hoved. Det broderede dyr giver et legende touch. Brug det efter badet for hurtigt at opsuge vand og beskytte h\u00e5ret mod varme og skader. Det er et must-have til hverdagens h\u00e5rpleje.<\/span><\/p>\n<h2 style=\"text-align: center\">S\u00e5dan Bruger Du Det?<\/h2>\n<p style=\"text-align: left\"><span style=\"font-weight: 400\">Vikl h\u00e5ndkl\u00e6det rundt om dit v\u00e5de h\u00e5r. Sno og stik enden ind for at holde det p\u00e5 plads. Lad det sidde, indtil dit h\u00e5r f\u00f8les n\u00e6sten t\u00f8rt. Tag det derefter ud, og style det, som du vil.<\/span><\/p>\n<h2 style=\"text-align: center\">Pakken Indeholder<\/h2>\n<ul>\n<li><b><\/b><span style=\"font-weight: 400\">1 koralfarvet fleece-h\u00e5rh\u00e5ndkl\u00e6de (25&#215;65 cm) med broderet dyrem\u00f8nster<\/span><\/li>\n<\/ul>\n","protected":false},"excerpt":{"rendered":"<p>\ud83d\udc87\u200d\u2640\ufe0f En bl\u00f8d og s\u00f8d m\u00e5de at t\u00f8rre h\u00e5ret hurtigt og nemt p\u00e5 \ud83d\udebf Dette h\u00e5ndkl\u00e6de t\u00f8rrer dit h\u00e5r hurtigt, [&hellip;]<\/p>\n","protected":false},"featured_media":2660,"comment_status":"open","ping_status":"closed","template":"","meta":{"site-sidebar-layout":"default","site-content-layout":"","ast-site-content-layout":"default","site-content-style":"default","site-sidebar-style":"default","ast-global-header-display":"","ast-banner-title-visibility":"","ast-main-header-display":"","ast-hfb-above-header-display":"","ast-hfb-below-header-display":"","ast-hfb-mobile-header-display":"","site-post-title":"","ast-breadcrumbs-content":"","ast-featured-img":"","footer-sml-layout":"","theme-transparent-header-meta":"default","adv-header-id-meta":"","stick-header-meta":"","header-above-stick-meta":"","header-main-stick-meta":"","header-below-stick-meta":"","astra-migrate-meta-layouts":"set","ast-page-background-enabled":"default","ast-page-background-meta":{"desktop":{"background-color":"var(--ast-global-color-5)","background-image":"","background-repeat":"repeat","background-position":"center center","background-size":"auto","background-attachment":"scroll","background-type":"","background-media":"","overlay-type":"","overlay-color":"","overlay-opacity":"","overlay-gradient":""},"tablet":{"background-color":"","background-image":"","background-repeat":"repeat","background-position":"center center","background-size":"auto","background-attachment":"scroll","background-type":"","background-media":"","overlay-type":"","overlay-color":"","overlay-opacity":"","overlay-gradient":""},"mobile":{"background-color":"","background-image":"","background-repeat":"repeat","background-position":"center center","background-size":"auto","background-attachment":"scroll","background-type":"","background-media":"","overlay-type":"","overlay-color":"","overlay-opacity":"","overlay-gradient":""}},"ast-content-background-meta":{"desktop":{"background-color":"var(--ast-global-color-4)","background-image":"","background-repeat":"repeat","background-position":"center center","background-size":"auto","background-attachment":"scroll","background-type":"","background-media":"","overlay-type":"","overlay-color":"","overlay-opacity":"","overlay-gradient":""},"tablet":{"background-color":"var(--ast-global-color-4)","background-image":"","background-repeat":"repeat","background-position":"center center","background-size":"auto","background-attachment":"scroll","background-type":"","background-media":"","overlay-type":"","overlay-color":"","overlay-opacity":"","overlay-gradient":""},"mobile":{"background-color":"var(--ast-global-color-4)","background-image":"","background-repeat":"repeat","background-position":"center center","background-size":"auto","background-attachment":"scroll","background-type":"","background-media":"","overlay-type":"","overlay-color":"","overlay-opacity":"","overlay-gradient":""}}},"product_brand":[],"product_cat":[19],"product_tag":[],"class_list":{"0":"post-2664","1":"product","2":"type-product","3":"status-publish","4":"has-post-thumbnail","6":"product_cat-uncategorized","7":"pa_21881_vzppxvv3-blaa","8":"pa_21881_vzppxvv3-gul","9":"pa_21881_vzppxvv3-lilla","10":"pa_21881_vzppxvv3-lyseroed","11":"desktop-align-left","12":"tablet-align-left","13":"mobile-align-left","15":"first","16":"instock","17":"shipping-taxable","18":"purchasable","19":"product-type-variable"},"_links":{"self":[{"href":"https:\/\/ecostera.com\/dk\/wp-json\/wp\/v2\/product\/2664","targetHints":{"allow":["GET"]}}],"collection":[{"href":"https:\/\/ecostera.com\/dk\/wp-json\/wp\/v2\/product"}],"about":[{"href":"https:\/\/ecostera.com\/dk\/wp-json\/wp\/v2\/types\/product"}],"replies":[{"embeddable":true,"href":"https:\/\/ecostera.com\/dk\/wp-json\/wp\/v2\/comments?post=2664"}],"wp:featuredmedia":[{"embeddable":true,"href":"https:\/\/ecostera.com\/dk\/wp-json\/wp\/v2\/media\/2660"}],"wp:attachment":[{"href":"https:\/\/ecostera.com\/dk\/wp-json\/wp\/v2\/media?parent=2664"}],"wp:term":[{"taxonomy":"product_brand","embeddable":true,"href":"https:\/\/ecostera.com\/dk\/wp-json\/wp\/v2\/product_brand?post=2664"},{"taxonomy":"product_cat","embeddable":true,"href":"https:\/\/ecostera.com\/dk\/wp-json\/wp\/v2\/product_cat?post=2664"},{"taxonomy":"product_tag","embeddable":true,"href":"https:\/\/ecostera.com\/dk\/wp-json\/wp\/v2\/product_tag?post=2664"}],"curies":[{"name":"wp","href":"https:\/\/api.w.org\/{rel}","templated":true}]}}