{"id":2677,"date":"2025-07-15T13:27:04","date_gmt":"2025-07-15T13:27:04","guid":{"rendered":"https:\/\/ecostera.com\/dk\/product\/baelte\/"},"modified":"2025-07-15T13:27:11","modified_gmt":"2025-07-15T13:27:11","slug":"baelte","status":"publish","type":"product","link":"https:\/\/ecostera.com\/dk\/product\/baelte\/","title":{"rendered":"B\u00e6lte"},"content":{"rendered":"<p style=\"text-align: center\"><b>\ud83d\udc57 En stilfuld m\u00e5de at forme din talje p\u00e5 og opgradere dit outfit \ud83d\udd25<\/b><\/p>\n<p style=\"text-align: center\"><span style=\"font-weight: 400\">Dette v\u00e6vede b\u00e6lte passer til alle taljest\u00f8rrelser og tilf\u00f8jer charme til ethvert look. Det er st\u00e6rkt, bl\u00f8dt og nemt at have p\u00e5<\/span><\/p>\n<p><img decoding=\"async\" class=\"size-full wp-image-15472 aligncenter\" src=\"https:\/\/keluvo.com\/template\/wp-content\/uploads\/sites\/5\/2025\/04\/925fbd1c-e7d8-42e3-a900-6154b6eb2605.webp\" alt=\"\" \/><\/p>\n<h2 style=\"text-align: center\">Lavet Af St\u00e6rkt Bomuld Og H\u00f8r Til Lang Brug<\/h2>\n<p><span style=\"font-weight: 400\"> \u2714 Kan nemt justeres, s\u00e5 det passer til din talje<\/span><\/p>\n<p><span style=\"font-weight: 400\"> \u2714 V\u00e6vet design tilf\u00f8jer tekstur og mode<\/span><\/p>\n<p><span style=\"font-weight: 400\"> \u2714 Passer til b\u00e5de afslappede og formelle outfits<\/span><\/p>\n<p><span style=\"font-weight: 400\"> \u2714 Hj\u00e6lper med at forme din talje for et slankt look<\/span><\/p>\n<p><span style=\"font-weight: 400\"> \u2714 Komfortabelt og let til brug hele dagen<\/span><\/p>\n<p><img decoding=\"async\" class=\"size-full wp-image-15475 aligncenter\" src=\"https:\/\/keluvo.com\/template\/wp-content\/uploads\/sites\/5\/2025\/04\/dca0e81e-6a8d-4604-bac4-09abe8049833.webp\" alt=\"\" \/><\/p>\n<h2 style=\"text-align: center\">Brug Det Til Alt<\/h2>\n<p style=\"text-align: center\"><span style=\"font-weight: 400\">Dette b\u00e6lte er b\u00e5de nyttigt og smukt. Det er lavet med omhu i en fin v\u00e6vning, som giver din stil et s\u00e6rligt touch. Brug det til kjoler, bukser eller skjorter for at fremh\u00e6ve dine former og tilf\u00f8je ekstra charme. Perfekt til hverdagsbrug eller s\u00e6rlige begivenheder.<\/span><\/p>\n<h2 style=\"text-align: center\">Pakken Indeholder<\/h2>\n<ul>\n<li><b><\/b><span style=\"font-weight: 400\">1 v\u00e6vet b\u00e6lte i bomuld og h\u00f8r (105&#215;4 cm) i din valgte farve<\/span><\/li>\n<\/ul>\n","protected":false},"excerpt":{"rendered":"<p>\ud83d\udc57 En stilfuld m\u00e5de at forme din talje p\u00e5 og opgradere dit outfit \ud83d\udd25 Dette v\u00e6vede b\u00e6lte passer til alle [&hellip;]<\/p>\n","protected":false},"featured_media":2673,"comment_status":"open","ping_status":"closed","template":"","meta":{"site-sidebar-layout":"default","site-content-layout":"","ast-site-content-layout":"default","site-content-style":"default","site-sidebar-style":"default","ast-global-header-display":"","ast-banner-title-visibility":"","ast-main-header-display":"","ast-hfb-above-header-display":"","ast-hfb-below-header-display":"","ast-hfb-mobile-header-display":"","site-post-title":"","ast-breadcrumbs-content":"","ast-featured-img":"","footer-sml-layout":"","theme-transparent-header-meta":"default","adv-header-id-meta":"","stick-header-meta":"","header-above-stick-meta":"","header-main-stick-meta":"","header-below-stick-meta":"","astra-migrate-meta-layouts":"set","ast-page-background-enabled":"default","ast-page-background-meta":{"desktop":{"background-color":"var(--ast-global-color-5)","background-image":"","background-repeat":"repeat","background-position":"center center","background-size":"auto","background-attachment":"scroll","background-type":"","background-media":"","overlay-type":"","overlay-color":"","overlay-opacity":"","overlay-gradient":""},"tablet":{"background-color":"","background-image":"","background-repeat":"repeat","background-position":"center center","background-size":"auto","background-attachment":"scroll","background-type":"","background-media":"","overlay-type":"","overlay-color":"","overlay-opacity":"","overlay-gradient":""},"mobile":{"background-color":"","background-image":"","background-repeat":"repeat","background-position":"center center","background-size":"auto","background-attachment":"scroll","background-type":"","background-media":"","overlay-type":"","overlay-color":"","overlay-opacity":"","overlay-gradient":""}},"ast-content-background-meta":{"desktop":{"background-color":"var(--ast-global-color-4)","background-image":"","background-repeat":"repeat","background-position":"center center","background-size":"auto","background-attachment":"scroll","background-type":"","background-media":"","overlay-type":"","overlay-color":"","overlay-opacity":"","overlay-gradient":""},"tablet":{"background-color":"var(--ast-global-color-4)","background-image":"","background-repeat":"repeat","background-position":"center center","background-size":"auto","background-attachment":"scroll","background-type":"","background-media":"","overlay-type":"","overlay-color":"","overlay-opacity":"","overlay-gradient":""},"mobile":{"background-color":"var(--ast-global-color-4)","background-image":"","background-repeat":"repeat","background-position":"center center","background-size":"auto","background-attachment":"scroll","background-type":"","background-media":"","overlay-type":"","overlay-color":"","overlay-opacity":"","overlay-gradient":""}}},"product_brand":[],"product_cat":[19],"product_tag":[],"class_list":{"0":"post-2677","1":"product","2":"type-product","3":"status-publish","4":"has-post-thumbnail","6":"product_cat-uncategorized","7":"pa_16642_le2llhop-guld","8":"pa_16642_le2llhop-hvid","9":"pa_16642_le2llhop-kamel","10":"desktop-align-left","11":"tablet-align-left","12":"mobile-align-left","14":"first","15":"instock","16":"shipping-taxable","17":"purchasable","18":"product-type-variable"},"_links":{"self":[{"href":"https:\/\/ecostera.com\/dk\/wp-json\/wp\/v2\/product\/2677","targetHints":{"allow":["GET"]}}],"collection":[{"href":"https:\/\/ecostera.com\/dk\/wp-json\/wp\/v2\/product"}],"about":[{"href":"https:\/\/ecostera.com\/dk\/wp-json\/wp\/v2\/types\/product"}],"replies":[{"embeddable":true,"href":"https:\/\/ecostera.com\/dk\/wp-json\/wp\/v2\/comments?post=2677"}],"wp:featuredmedia":[{"embeddable":true,"href":"https:\/\/ecostera.com\/dk\/wp-json\/wp\/v2\/media\/2673"}],"wp:attachment":[{"href":"https:\/\/ecostera.com\/dk\/wp-json\/wp\/v2\/media?parent=2677"}],"wp:term":[{"taxonomy":"product_brand","embeddable":true,"href":"https:\/\/ecostera.com\/dk\/wp-json\/wp\/v2\/product_brand?post=2677"},{"taxonomy":"product_cat","embeddable":true,"href":"https:\/\/ecostera.com\/dk\/wp-json\/wp\/v2\/product_cat?post=2677"},{"taxonomy":"product_tag","embeddable":true,"href":"https:\/\/ecostera.com\/dk\/wp-json\/wp\/v2\/product_tag?post=2677"}],"curies":[{"name":"wp","href":"https:\/\/api.w.org\/{rel}","templated":true}]}}