{"id":2688,"date":"2025-07-15T13:27:32","date_gmt":"2025-07-15T13:27:32","guid":{"rendered":"https:\/\/ecostera.com\/dk\/product\/toerrestativ-til-opvaskemaskiner\/"},"modified":"2025-07-15T13:27:32","modified_gmt":"2025-07-15T13:27:32","slug":"toerrestativ-til-opvaskemaskiner","status":"publish","type":"product","link":"https:\/\/ecostera.com\/dk\/product\/toerrestativ-til-opvaskemaskiner\/","title":{"rendered":"T\u00f8rrestativ til opvaskemaskiner"},"content":{"rendered":"<p style=\"text-align: center\"><b>\ud83c\udf7d En sammenklappelig hj\u00e6lper til hurtig og nem k\u00f8kkenoprydning! \ud83e\uddfc<\/b><\/p>\n<p style=\"text-align: center\"><span style=\"font-weight: 400\">Dette smarte t\u00f8rrestativ holder dine tallerkener, kopper og redskaber og kan foldes fladt sammen, n\u00e5r det ikke er i brug, s\u00e5 du sparer plads.<\/span><\/p>\n<p><img decoding=\"async\" class=\"size-full wp-image-15529 aligncenter\" src=\"https:\/\/keluvo.com\/template\/wp-content\/uploads\/sites\/5\/2025\/04\/dishrack-ezgif.com-video-to-webp-converter.webp\" alt=\"\" \/><\/p>\n<h2 style=\"text-align: center\">Foldes Og \u00c5bnes Nemt For At Spare Plads<\/h2>\n<p><span style=\"font-weight: 400\">\u2714 Lavet af sikkert, giftfrit materiale<\/span><\/p>\n<p><span style=\"font-weight: 400\"> \u2714 Stort nok til at holde mange tallerkener<\/span><\/p>\n<p><span style=\"font-weight: 400\"> \u2714 Har et s\u00e6rligt sted til skeer og gafler<\/span><\/p>\n<p><span style=\"font-weight: 400\"> \u2714 Let og nem at b\u00e6re<\/span><\/p>\n<p><span style=\"font-weight: 400\"> \u2714 Holder dit bord rent og t\u00f8rt<\/span><\/p>\n<p><img decoding=\"async\" class=\"size-full wp-image-15534 aligncenter\" src=\"https:\/\/keluvo.com\/template\/wp-content\/uploads\/sites\/5\/2025\/04\/8ef9e0bc-bec6-48f7-b781-cd2d4b1ad048.webp\" alt=\"\" \/><\/p>\n<h2 style=\"text-align: center\">Godt Til Sm\u00e5 K\u00f8kkener Eller Store Familier.<\/h2>\n<p style=\"text-align: center\"><span style=\"font-weight: 400\">Dette t\u00f8rrestativ er perfekt til ethvert k\u00f8kken. Det er st\u00e6rkt, fleksibelt og kan foldes fladt sammen, n\u00e5r du er f\u00e6rdig med at bruge det. De indbyggede sektioner holder alt p\u00e5 plads, s\u00e5 opvasken t\u00f8rrer hurtigere og forbliver organiseret. Brug det sammen med en t\u00f8rrem\u00e5tte eller et afl\u00f8bsbr\u00e6t for at f\u00e5 endnu bedre resultater.\u00a0<\/span><\/p>\n<h2 style=\"text-align: center\">S\u00e5dan Bruger Du Det:<\/h2>\n<p style=\"text-align: center\"><b><\/b><span style=\"font-weight: 400\">\u00c5bn stativet, og placer det p\u00e5 k\u00f8kkenbordet eller t\u00f8rrem\u00e5tten. S\u00e6t tallerkener, kopper og redskaber p\u00e5 de rigtige steder. Lad dem luftt\u00f8rre. N\u00e5r du er f\u00e6rdig, kan du folde det fladt sammen og gemme det v\u00e6k.<\/span><\/p>\n<h2 style=\"text-align: center\">Pakken Indeholder:<\/h2>\n<ul>\n<li><b><\/b><span style=\"font-weight: 400\">1 sammenklappeligt opvaskestativ (36,5&#215;31,5&#215;13 cm udstrakt, 5,5 cm sammenfoldet).<\/span><\/li>\n<\/ul>\n","protected":false},"excerpt":{"rendered":"<p>\ud83c\udf7d En sammenklappelig hj\u00e6lper til hurtig og nem k\u00f8kkenoprydning! \ud83e\uddfc Dette smarte t\u00f8rrestativ holder dine tallerkener, kopper og redskaber og [&hellip;]<\/p>\n","protected":false},"featured_media":2684,"comment_status":"open","ping_status":"closed","template":"","meta":{"site-sidebar-layout":"default","site-content-layout":"","ast-site-content-layout":"default","site-content-style":"default","site-sidebar-style":"default","ast-global-header-display":"","ast-banner-title-visibility":"","ast-main-header-display":"","ast-hfb-above-header-display":"","ast-hfb-below-header-display":"","ast-hfb-mobile-header-display":"","site-post-title":"","ast-breadcrumbs-content":"","ast-featured-img":"","footer-sml-layout":"","theme-transparent-header-meta":"default","adv-header-id-meta":"","stick-header-meta":"","header-above-stick-meta":"","header-main-stick-meta":"","header-below-stick-meta":"","astra-migrate-meta-layouts":"set","ast-page-background-enabled":"default","ast-page-background-meta":{"desktop":{"background-color":"var(--ast-global-color-5)","background-image":"","background-repeat":"repeat","background-position":"center center","background-size":"auto","background-attachment":"scroll","background-type":"","background-media":"","overlay-type":"","overlay-color":"","overlay-opacity":"","overlay-gradient":""},"tablet":{"background-color":"","background-image":"","background-repeat":"repeat","background-position":"center center","background-size":"auto","background-attachment":"scroll","background-type":"","background-media":"","overlay-type":"","overlay-color":"","overlay-opacity":"","overlay-gradient":""},"mobile":{"background-color":"","background-image":"","background-repeat":"repeat","background-position":"center center","background-size":"auto","background-attachment":"scroll","background-type":"","background-media":"","overlay-type":"","overlay-color":"","overlay-opacity":"","overlay-gradient":""}},"ast-content-background-meta":{"desktop":{"background-color":"var(--ast-global-color-4)","background-image":"","background-repeat":"repeat","background-position":"center center","background-size":"auto","background-attachment":"scroll","background-type":"","background-media":"","overlay-type":"","overlay-color":"","overlay-opacity":"","overlay-gradient":""},"tablet":{"background-color":"var(--ast-global-color-4)","background-image":"","background-repeat":"repeat","background-position":"center center","background-size":"auto","background-attachment":"scroll","background-type":"","background-media":"","overlay-type":"","overlay-color":"","overlay-opacity":"","overlay-gradient":""},"mobile":{"background-color":"var(--ast-global-color-4)","background-image":"","background-repeat":"repeat","background-position":"center center","background-size":"auto","background-attachment":"scroll","background-type":"","background-media":"","overlay-type":"","overlay-color":"","overlay-opacity":"","overlay-gradient":""}}},"product_brand":[],"product_cat":[19],"product_tag":[],"class_list":{"0":"post-2688","1":"product","2":"type-product","3":"status-publish","4":"has-post-thumbnail","6":"product_cat-uncategorized","7":"desktop-align-left","8":"tablet-align-left","9":"mobile-align-left","11":"first","12":"instock","13":"shipping-taxable","14":"purchasable","15":"product-type-simple"},"_links":{"self":[{"href":"https:\/\/ecostera.com\/dk\/wp-json\/wp\/v2\/product\/2688","targetHints":{"allow":["GET"]}}],"collection":[{"href":"https:\/\/ecostera.com\/dk\/wp-json\/wp\/v2\/product"}],"about":[{"href":"https:\/\/ecostera.com\/dk\/wp-json\/wp\/v2\/types\/product"}],"replies":[{"embeddable":true,"href":"https:\/\/ecostera.com\/dk\/wp-json\/wp\/v2\/comments?post=2688"}],"wp:featuredmedia":[{"embeddable":true,"href":"https:\/\/ecostera.com\/dk\/wp-json\/wp\/v2\/media\/2684"}],"wp:attachment":[{"href":"https:\/\/ecostera.com\/dk\/wp-json\/wp\/v2\/media?parent=2688"}],"wp:term":[{"taxonomy":"product_brand","embeddable":true,"href":"https:\/\/ecostera.com\/dk\/wp-json\/wp\/v2\/product_brand?post=2688"},{"taxonomy":"product_cat","embeddable":true,"href":"https:\/\/ecostera.com\/dk\/wp-json\/wp\/v2\/product_cat?post=2688"},{"taxonomy":"product_tag","embeddable":true,"href":"https:\/\/ecostera.com\/dk\/wp-json\/wp\/v2\/product_tag?post=2688"}],"curies":[{"name":"wp","href":"https:\/\/api.w.org\/{rel}","templated":true}]}}